{"id":8525,"date":"2025-06-17T01:53:04","date_gmt":"2025-06-17T01:53:04","guid":{"rendered":"https:\/\/sinoextrud.com\/product\/extruded-aluminium-housing\/"},"modified":"2025-06-24T06:24:08","modified_gmt":"2025-06-24T06:24:08","slug":"behuizing-van-geextrudeerd-aluminium-3","status":"publish","type":"product","link":"https:\/\/sinoextrud.com\/nl\/product\/extruded-aluminium-housing\/","title":{"rendered":"Ge\u00ebxtrudeerde aluminium behuizing"},"content":{"rendered":"<h2>Producten Details<\/h2>\n<table class=\"custom-table\">\n<tbody>\n<tr>\n<td> Productnaam<\/td>\n<td> Ge\u00ebxtrudeerde aluminium behuizing<\/td>\n<\/tr>\n<tr>\n<td> Materiaal<\/td>\n<td> 6063,6061 enz.<\/td>\n<\/tr>\n<tr>\n<td> Vorm<\/td>\n<td> Vierkante of andere aangepaste vormen<\/td>\n<\/tr>\n<tr>\n<td> Dikte<\/td>\n<td> 0,7 mm-10 mm<\/td>\n<\/tr>\n<tr>\n<td> Maat<\/td>\n<td> Volgens het verzoek van de klant<\/td>\n<\/tr>\n<tr>\n<td> Tolerantie van precisiesnijwerk<\/td>\n<td> \u22641m: \u00b10,25mm<br \/>\n1m&lt; : \u22642m, \u00b10,35mm<br \/>\n\u22652m: \u00b10,50mm<\/td>\n<\/tr>\n<tr>\n<td> Tolerantie van boren<\/td>\n<td> \u00b10,15~0,20mm<\/td>\n<\/tr>\n<tr>\n<td> Tolerantie van gewoon snijden<\/td>\n<td> \u00b110 ~ 0mm<\/td>\n<\/tr>\n<tr>\n<td> Typische toepassingen<\/td>\n<td> Industrie, Elektronica, Auto's enz.<\/td>\n<\/tr>\n<tr>\n<td> Diep proces<\/td>\n<td> CNC frezen, boren, ponsen, boren, tappen, buigen<\/td>\n<\/tr>\n<tr>\n<td> Merk<\/td>\n<td> Sinoextrud, Sinoextrud,, douane beschikbare handelsmerk<\/td>\n<\/tr>\n<tr>\n<td> Oppervlaktebehandeling<\/td>\n<td> Afgewerkt in de fabriek, geanodiseerd, met poedercoating enz.<\/td>\n<\/tr>\n<tr>\n<td> MOQ<\/td>\n<td> 200 kg<\/td>\n<\/tr>\n<tr>\n<td> Kwaliteitsgarantie<\/td>\n<td> 100% inspectie om hoge kwaliteit te garanderen<\/td>\n<\/tr>\n<tr>\n<td> Certificaten<\/td>\n<td> ISO9001, ISO4001, CQM, SGS, CE, BV enz.<\/td>\n<\/tr>\n<tr>\n<td> Plaats van herkomst<\/td>\n<td> Guangdong, China<\/td>\n<\/tr>\n<\/tbody>\n<\/table>\n<h2>Onze productiebasis<\/h2>\n<h3>Fabriek Panorama<\/h3>\n<p><img decoding=\"async\" src=\"\/wp-content\/uploads\/factory-01.webp\"\/><\/p>\n<h3>Aluminium staaf productie werkplaats<\/h3>\n<p><img decoding=\"async\" src=\"\/wp-content\/uploads\/factory-02.webp\"\/><\/p>\n<\/p>\n<p><img decoding=\"async\" src=\"\/wp-content\/uploads\/factory-03.webp\"\/><\/p>\n<h3>Magazijn voor schimmelopslag<\/h3>\n<p><img decoding=\"async\" src=\"\/wp-content\/uploads\/factory-04.webp\"\/><\/p>\n<h3>43 lijnen voor aluminiumextrusie (500-5500 ton)<\/h3>\n<p><img decoding=\"async\" src=\"\/wp-content\/uploads\/factory-05.webp\"\/><\/p>\n<p><img decoding=\"async\" src=\"\/wp-content\/uploads\/factory-06.webp\"\/><\/p>\n<p><img decoding=\"async\" src=\"\/wp-content\/uploads\/factory-07.webp\"\/><\/p>\n<h3>Poedercoating Werkplaats<\/h3>\n<p><img decoding=\"async\" src=\"\/wp-content\/uploads\/factory-09.webp\"\/><\/p>\n<h3>Anodiseren Werkplaats<\/h3>\n<p><img decoding=\"async\" src=\"\/wp-content\/uploads\/factory-10.webp\"\/><\/p>\n<h3>Workshop Diepe Verwerking<\/h3>\n<p><img decoding=\"async\" src=\"\/wp-content\/uploads\/factory-11.webp\"\/><\/p>\n<h3>CNC precisiemachinewerkplaats<\/h3>\n<p><img decoding=\"async\" src=\"\/wp-content\/uploads\/factory-11.5.webp\"\/><\/p>\n<h3>Eindproduct &amp; Export Magazijn<\/h3>\n<p><img decoding=\"async\" src=\"\/wp-content\/uploads\/factory-12.webp\"\/><\/p>\n<p><img decoding=\"async\" src=\"\/wp-content\/uploads\/factory-13.webp\"\/><\/p>\n<p><img decoding=\"async\" src=\"\/wp-content\/uploads\/factory-14.webp\"\/><\/p>\n<h2>FAQ<\/h2>\n<p><b>1. Wat is ge\u00ebxtrudeerde aluminium behuizing?<\/b><\/p>\n<p>Ge\u00ebxtrudeerde aluminium behuizing is een type behuizing gemaakt van aluminium dat wordt gevormd door middel van een extrusieproces. Het biedt duurzaamheid, lichtgewicht eigenschappen en uitstekende warmteafvoer voor verschillende toepassingen.\n<\/p>\n<p><\/p>\n<p><b>2. Waarom wordt een behuizing van ge\u00ebxtrudeerd aluminium gebruikt in elektronica?<\/b><\/p>\n<p>Behuizingen van ge\u00ebxtrudeerd aluminium zijn ideaal voor elektronica omdat ze een effectieve warmteafvoer, corrosiebestendigheid en bescherming voor gevoelige onderdelen bieden, waardoor ze lang meegaan en betrouwbaar zijn.\n<\/p>\n<p><\/p>\n<p><b>3. Hoe duurzaam is de behuizing van ge\u00ebxtrudeerd aluminium?<\/b><\/p>\n<p>De behuizing van ge\u00ebxtrudeerd aluminium is zeer duurzaam en biedt langdurige prestaties met weerstand tegen corrosie, slijtage en omgevingsfactoren, waardoor deze perfect is voor zware omstandigheden.\n<\/p>\n<p><\/p>\n<p><b>4.Kan de Ge\u00ebxtrudeerde Aluminiumbehuizing worden aangepast?<\/b><\/p>\n<p>Ja, ge\u00ebxtrudeerde aluminium behuizing kan worden aangepast in termen van grootte, vorm en ontwerp om te voldoen aan de specifieke behoeften van verschillende industrie\u00ebn en toepassingen.\n<\/p>\n<p><\/p>\n<p><b>5. Welke industrie\u00ebn profiteren van ge\u00ebxtrudeerde aluminium behuizing?<\/b><\/p>\n<p>Industrie\u00ebn zoals elektronica, telecommunicatie, industri\u00eble apparatuur en de auto-industrie profiteren van ge\u00ebxtrudeerde aluminium behuizing vanwege de sterkte, het lage gewicht en het vermogen om componenten te beschermen.\n<\/p>\n<p><\/p>\n<p><b>6.Hoe snel kan een ge\u00ebxtrudeerde aluminium behuizing geproduceerd worden?<\/b><\/p>\n<p>Behuizingen van ge\u00ebxtrudeerd aluminium kunnen snel worden geproduceerd, met snelle levertijden dankzij het effici\u00ebnte extrusieproces, waardoor een tijdige levering voor projecten met krappe deadlines gegarandeerd is.\n<\/p>\n<p><\/p>\n<p><b>7. Is de behuizing van ge\u00ebxtrudeerd aluminium rendabel?<\/b><\/p>\n<p>Ja, ge\u00ebxtrudeerde aluminium behuizingen bieden een kosteneffectieve oplossing voor aangepaste behuizingen en combineren betaalbaarheid met hoge prestaties en duurzaamheid voor verschillende toepassingen.\n<\/p>\n<p><\/p>","protected":false},"featured_media":8524,"template":"","categories":[68],"class_list":["post-8525","product","type-product","status-publish","has-post-thumbnail","hentry","category-cnc-machining-aluminum-profile"],"meta_box":{"hilight_text_group":{"product_hilight_text":"<li>Durable and lightweight extruded aluminum housing<\/li>\r\r\n<li>Excellent heat dissipation properties for electronic components<\/li>\r\r\n<li>Customizable sizes and designs to fit specific applications<\/li>\r\r\n<li>Corrosion-resistant and long-lasting material<\/li>\r\r\n<li>Ideal for use in electronics, telecommunications, and industrial equipment<\/li>\r\r\n<li>Cost-effective manufacturing with quick lead times<\/li>","product_chanpin_blog":"<ul>\r\r\n<li><a href=\"https:\/\/sinoextrud.com\/t-slot-v-slot-differences\/\" target=\"_blank\">t slot vs v slot<\/a><\/li>\r\r\n<li><a href=\"https:\/\/sinoextrud.com\/what-is-4040-aluminium-extrud\/\" target=\"_blank\">4040 aluminium extrusion<\/a><\/li>\r\r\n<li><a href=\"https:\/\/sinoextrud.com\/what-is-4040-aluminium-extrud\/\" target=\"_blank\">aluminum extrusions for industrial racks<\/a><\/li>\r\r\n<li><a href=\"https:\/\/sinoextrud.com\/powder-coating-aluminium-process\/\" target=\"_blank\">powder coating aluminium<\/a><\/li>\r\r\n<li><a href=\"https:\/\/sinoextrud.com\/what-is-an-aluminium-strip-ceiling\/\" target=\"_blank\">aluminium strip ceiling<\/a><\/li>\r\r\n<li><a href=\"https:\/\/sinoextrud.com\/what-is-a-heat-sink\/\" target=\"_blank\">what is a heat sink<\/a><\/li>\r\r\n<\/ul>","product_chanpin_chanpin":"<li><a href=\"https:\/\/sinoextrud.com\/product\/extruded-aluminium-case\/\" target=\"_blank\">Extruded Aluminium Case<\/a><\/li>\r\n<li><a href=\"https:\/\/sinoextrud.com\/product\/aluminium-extrusion-enclosure\/\" target=\"_blank\">Aluminium Extrusion Enclosure<\/a><\/li>\r\n<li><a href=\"https:\/\/sinoextrud.com\/product\/aluminum-cnc-punching-parts\/\" target=\"_blank\">Aluminum CNC Punching Parts<\/a><\/li>\r\n<li><a href=\"https:\/\/sinoextrud.com\/product\/factory-cnc-precision-aluminum-parts\/\" target=\"_blank\">Factory Cnc Precision Aluminum Parts<\/a><\/li>\r\n<li><a href=\"https:\/\/sinoextrud.com\/product\/extruded-aluminium-housing\/\" target=\"_blank\">Extruded Aluminium Housing<\/a><\/li>\r\n<li><a href=\"https:\/\/sinoextrud.com\/product\/aluminum-panel-outlet-socket\/\" target=\"_blank\">Aluminum Panel Outlet Socket<\/a><\/li>\r\n<li><a href=\"https:\/\/sinoextrud.com\/product\/anodized-small-machining-aluminum-parts\/\" target=\"_blank\">Anodized Small Machining Aluminum Parts<\/a><\/li>\r\n<li><a href=\"https:\/\/sinoextrud.com\/product\/extruded-aluminum-heatsink-led-alloy-a6063-t5-extrusion-profiles-cutting-cnc-precision\/\" target=\"_blank\">extruded aluminum heatsink LED alloy a6063 t5 extrusion profiles cutting CNC precision<\/a><\/li>\r\n<li><a href=\"https:\/\/sinoextrud.com\/product\/aluminum-anodized-gold-ashtray\/\" target=\"_blank\">Aluminum Anodized Gold Ashtray<\/a><\/li>\r\n<li><a href=\"https:\/\/sinoextrud.com\/product\/cnc-machine-for-aluminum-profiles\/\" target=\"_blank\">CNC Machine For Aluminum Profiles<\/a><\/li>\r\n<li><a href=\"https:\/\/sinoextrud.com\/product\/modular-extruded-aluminum-framing\/\" target=\"_blank\">Modular Extruded Aluminum Framing<\/a><\/li>"},"feature_list":[]},"_links":{"self":[{"href":"https:\/\/sinoextrud.com\/nl\/wp-json\/wp\/v2\/product\/8525","targetHints":{"allow":["GET"]}}],"collection":[{"href":"https:\/\/sinoextrud.com\/nl\/wp-json\/wp\/v2\/product"}],"about":[{"href":"https:\/\/sinoextrud.com\/nl\/wp-json\/wp\/v2\/types\/product"}],"wp:featuredmedia":[{"embeddable":true,"href":"https:\/\/sinoextrud.com\/nl\/wp-json\/wp\/v2\/media\/8524"}],"wp:attachment":[{"href":"https:\/\/sinoextrud.com\/nl\/wp-json\/wp\/v2\/media?parent=8525"}],"wp:term":[{"taxonomy":"category","embeddable":true,"href":"https:\/\/sinoextrud.com\/nl\/wp-json\/wp\/v2\/categories?post=8525"}],"curies":[{"name":"wp","href":"https:\/\/api.w.org\/{rel}","templated":true}]}}