{"id":8505,"date":"2025-06-17T01:27:39","date_gmt":"2025-06-17T01:27:39","guid":{"rendered":"https:\/\/sinoextrud.com\/product\/custom-3003-aluminum-tube-bending-coolant-tubes\/"},"modified":"2025-06-24T06:24:04","modified_gmt":"2025-06-24T06:24:04","slug":"aangepaste-3003-aluminium-buis-buigen-koelvloeistof-buizen","status":"publish","type":"product","link":"https:\/\/sinoextrud.com\/nl\/product\/custom-3003-aluminum-tube-bending-coolant-tubes\/","title":{"rendered":"Aangepaste 3003 aluminium buis buigen koelvloeistof buizen"},"content":{"rendered":"<h2>Producten Details<\/h2>\n<table class=\"custom-table\">\n<tr>\n<td class=\"label\">Productnaam<\/td>\n<td>Aangepaste 3003 aluminium buis buigen koelvloeistof buizen<\/td>\n<\/tr>\n<tr>\n<td class=\"label\">Assortiment<\/td>\n<td>aluminium extrusies voor aluminium buis, aluminium buigbuis, aluminium koelvloeistof buis, aluminium koelbuis, gebogen aluminium buis, slang-vormige aluminium profiel, enz.<\/td>\n<\/tr>\n<tr>\n<td class=\"label\">Toepassing<\/td>\n<td>elektronische apparaten, automotoren, vliegtuigonderdelen, industri\u00eble machines, enz.<\/td>\n<\/tr>\n<tr>\n<td class=\"label\">Aluminiumlegering<\/td>\n<td>3000 serie, 3003<\/td>\n<\/tr>\n<tr>\n<td class=\"label\">Temper<\/td>\n<td>T3-T8<\/td>\n<\/tr>\n<tr>\n<td class=\"label\">Vorm<\/td>\n<td>Buigen, krommen of aanpassen<\/td>\n<\/tr>\n<tr>\n<td class=\"label\">Kleur<\/td>\n<td>maatwerk<\/td>\n<\/tr>\n<tr>\n<td class=\"label\">Oppervlaktebehandeling<\/td>\n<td>afgewerkt, geanodiseerd, houtnerf, power coating, zandstralen, elektroforese, geborsteld, polijsten, enz.<\/td>\n<\/tr>\n<tr>\n<td class=\"label\">CNC Diepe Bewerking<\/td>\n<td>snijden, boren, machinaal bewerken, ponsen, buigen, tappen enzovoort<\/td>\n<\/tr>\n<tr>\n<td class=\"label\">Certificeringen<\/td>\n<td>CE, ISO, SGS, TUV, ROHS<\/td>\n<\/tr>\n<tr>\n<td class=\"label\">Monsters<\/td>\n<td>gratis monster. 1-3 dagen aan u geleverd.<\/td>\n<\/tr>\n<tr>\n<td class=\"label\">MOQ<\/td>\n<td>200KG voor elk profiel<\/td>\n<\/tr>\n<tr>\n<td class=\"label\">Verpakking<\/td>\n<td>Binnenverpakking: beschermende folie op het oppervlak zonder logo voor elk stuk.<br \/>\nBuitenverpakking: waterdicht ambachtelijk papier, dat ongeveer 3%-5% van het brutogewicht in beslag neemt.<br \/>\nBinnenverpakking: beschermende polybag voor elk stuk.<br \/>\nBuitenverpakking: houten pallets + ijzeren trolley.<\/td>\n<\/tr>\n<tr>\n<td class=\"label\">Levertijd<\/td>\n<td>Vorm het ontwikkelen en steekproefbevestiging is 12-15 dagen, dan is de productieduur 15-25 dagen na ontvangstbewijs van storting van koper.<\/td>\n<\/tr>\n<tr>\n<td class=\"label\">Betalingsvoorwaarden<\/td>\n<td>30% aanbetaling v\u00f3\u00f3r productie en saldo v\u00f3\u00f3r verzending.<\/td>\n<\/tr>\n<tr>\n<td class=\"label\">Haven<\/td>\n<td>Foshan, Shenzhen, Guangzhou<\/td>\n<\/tr>\n<tr>\n<td class=\"label\">Verzending<\/td>\n<td>Per 20GP-, 40GP- of 40HQ-container of bulkschip<\/td>\n<\/tr>\n<\/table>\n<h2>Onze productiebasis<\/h2>\n<h3>Fabriek Panorama<\/h3>\n<p><img decoding=\"async\" src=\"\/wp-content\/uploads\/factory-01.webp\"\/><\/p>\n<h3>Aluminium staaf productie werkplaats<\/h3>\n<p><img decoding=\"async\" src=\"\/wp-content\/uploads\/factory-02.webp\"\/><\/p>\n<\/p>\n<p><img decoding=\"async\" src=\"\/wp-content\/uploads\/factory-03.webp\"\/><\/p>\n<h3>Magazijn voor schimmelopslag<\/h3>\n<p><img decoding=\"async\" src=\"\/wp-content\/uploads\/factory-04.webp\"\/><\/p>\n<h3>43 lijnen voor aluminiumextrusie (500\u00e2\u20ac\"5500 ton)<\/h3>\n<p><img decoding=\"async\" src=\"\/wp-content\/uploads\/factory-05.webp\"\/><\/p>\n<p><img decoding=\"async\" src=\"\/wp-content\/uploads\/factory-06.webp\"\/><\/p>\n<p><img decoding=\"async\" src=\"\/wp-content\/uploads\/factory-07.webp\"\/><\/p>\n<h3>Poedercoating Werkplaats<\/h3>\n<p><img decoding=\"async\" src=\"\/wp-content\/uploads\/factory-09.webp\"\/><\/p>\n<h3>Anodiseren Werkplaats<\/h3>\n<p><img decoding=\"async\" src=\"\/wp-content\/uploads\/factory-10.webp\"\/><\/p>\n<h3>Workshop Diepe Verwerking<\/h3>\n<p><img decoding=\"async\" src=\"\/wp-content\/uploads\/factory-11.webp\"\/><\/p>\n<h3>CNC precisiemachinewerkplaats<\/h3>\n<p><img decoding=\"async\" src=\"\/wp-content\/uploads\/factory-11.5.webp\"\/><\/p>\n<h3>Eindproduct &amp; Export Magazijn<\/h3>\n<p><img decoding=\"async\" src=\"\/wp-content\/uploads\/factory-12.webp\"\/><\/p>\n<p><img decoding=\"async\" src=\"\/wp-content\/uploads\/factory-13.webp\"\/><\/p>\n<p><img decoding=\"async\" src=\"\/wp-content\/uploads\/factory-14.webp\"\/><\/p>\n<h2>FAQ<\/h2>\n<p><b>1.Wat zijn aangepaste 3003 aluminium buis buigen koelvloeistof buizen gebruikt voor?<\/b><\/p>\n<p>Aangepaste 3003 aluminium buis buigen koelvloeistof buizen zijn ontworpen voor gebruik in koelsystemen, het aanbieden van een effici\u00ebnte vloeistofstroom en warmteafvoer in verschillende industri\u00eble toepassingen.\n<\/p>\n<p><\/p>\n<p><b>2. Waarom is 3003 aluminium ideaal voor koelbuizen?<\/b><\/p>\n<p>3003 aluminium is licht van gewicht, corrosiebestendig en biedt een uitstekende thermische geleiding, waardoor het perfect is voor toepassingen met koelbuizen.\n<\/p>\n<p><\/p>\n<p><b>3. Kan het buigen van de aluminium buis worden aangepast?<\/b><\/p>\n<p>Ja, de aluminium buis kan op maat worden gebogen om te voldoen aan specifieke ontwerp- en functionaliteitsbehoeften, zodat het koelsysteem perfect past.\n<\/p>\n<p><\/p>\n<p><b>4. Hoe verbetert de custom 3003 aluminium buis de doorstroming van koelvloeistof?<\/b><\/p>\n<p>Het hoogwaardige 3003 aluminium materiaal zorgt voor een soepele vloeistofdoorvoer en optimale warmteoverdracht, waardoor de algehele koeleffici\u00ebntie wordt verbeterd.\n<\/p>\n<p><\/p>\n<p><b>5. Is 3003 aluminium duurzaam?<\/b><\/p>\n<p>Ja, 3003 aluminium is zeer duurzaam, corrosiebestendig en heeft een lange levensduur, waardoor het ideaal is voor ruwe omgevingen.\n<\/p>\n<p><\/p>\n<p><b>6.What de industrie\u00ebn gebruiken het Buigen van de Aluminiumbuis van douane3003 Koelmiddelbuizen?<\/b><\/p>\n<p>Industrie\u00ebn zoals de auto-industrie, HVAC en productie vertrouwen op de 3003 aluminiumbuizen voor het buigen van koelvloeistofbuizen op maat voor oplossingen voor koeling en vloeistofbeheer.\n<\/p>\n<p><\/p>\n<p><b>7. Zijn de Buigzame Koelvloeistofbuizen van het Aluminium 3003 van de Douane rendabel?<\/b><\/p>\n<p>Ja, deze buizen zijn rendabel voor zowel kleine als grote productieruns en bieden hoge prestaties tegen concurrerende prijzen.\n<\/p>\n<p><\/p>","protected":false},"featured_media":8504,"template":"","categories":[68],"class_list":["post-8505","product","type-product","status-publish","has-post-thumbnail","hentry","category-cnc-machining-aluminum-profile"],"meta_box":{"hilight_text_group":{"product_hilight_text":"<li>Made from durable 3003 aluminum, ideal for coolant tube applications.<\/li>\r\r\n<li>Custom bending options for precise fit and superior functionality.<\/li>\r\r\n<li>Lightweight and corrosion-resistant, ensuring long-lasting performance.<\/li>\r\r\n<li>Excellent heat conductivity, ideal for efficient coolant flow.<\/li>\r\r\n<li>Tailored designs to meet specific cooling system requirements.<\/li>\r\r\n<li>Cost-effective solution for both prototype and large-scale production.<\/li>\r\r\n<li>High-quality surface finish for a professional and durable look.<\/li>","product_chanpin_blog":"<ul>\r\r\n<li><a href=\"https:\/\/sinoextrud.com\/t-slot-v-slot-differences\/\" target=\"_blank\">t slot vs v slot<\/a><\/li>\r\r\n<li><a href=\"https:\/\/sinoextrud.com\/what-is-4040-aluminium-extrud\/\" target=\"_blank\">4040 aluminium extrusion<\/a><\/li>\r\r\n<li><a href=\"https:\/\/sinoextrud.com\/what-is-4040-aluminium-extrud\/\" target=\"_blank\">aluminum extrusions for industrial racks<\/a><\/li>\r\r\n<li><a href=\"https:\/\/sinoextrud.com\/powder-coating-aluminium-process\/\" target=\"_blank\">powder coating aluminium<\/a><\/li>\r\r\n<li><a href=\"https:\/\/sinoextrud.com\/what-is-an-aluminium-strip-ceiling\/\" target=\"_blank\">aluminium strip ceiling<\/a><\/li>\r\r\n<li><a href=\"https:\/\/sinoextrud.com\/what-is-a-heat-sink\/\" target=\"_blank\">what is a heat sink<\/a><\/li>\r\r\n<\/ul>","product_chanpin_chanpin":"<li><a href=\"https:\/\/sinoextrud.com\/product\/aluminium-cnc-factory-punching-extrusion-profile-tubing-sizes-oem\/\" target=\"_blank\">aluminium cnc factory punching extrusion profile tubing sizes OEM<\/a><\/li>\r\n<li><a href=\"https:\/\/sinoextrud.com\/product\/cnc-machining-anodized-item-extruded-aluminum\/\" target=\"_blank\">CNC Machining Anodized Item Extruded Aluminum<\/a><\/li>\r\n<li><a href=\"https:\/\/sinoextrud.com\/product\/cnc-aluminum-curved-profiles-tubes\/\" target=\"_blank\">CNC Aluminum Curved Profiles Tubes<\/a><\/li>\r\n<li><a href=\"https:\/\/sinoextrud.com\/product\/custom-aluminum-extrusion-cnc-machining-aluminum-profile\/\" target=\"_blank\">Custom Aluminum Extrusion CNC Machining Aluminum Profile<\/a><\/li>\r\n<li><a href=\"https:\/\/sinoextrud.com\/product\/custom-3003-aluminum-tube-bending-coolant-tubes\/\" target=\"_blank\">Custom 3003 Aluminum Tube Bending Coolant Tubes<\/a><\/li>\r\n<li><a href=\"https:\/\/sinoextrud.com\/product\/aluminum-extrusion-curtain-wall\/\" target=\"_blank\">Aluminum Extrusion Curtain Wall<\/a><\/li>\r\n<li><a href=\"https:\/\/sinoextrud.com\/product\/aluminum-profile-for-cnc\/\" target=\"_blank\">Aluminum Profile For CNC<\/a><\/li>\r\n<li><a href=\"https:\/\/sinoextrud.com\/product\/aluminium-profile-bending\/\" target=\"_blank\">Aluminium Profile Bending<\/a><\/li>\r\n<li><a href=\"https:\/\/sinoextrud.com\/product\/aluminum-extruded-handles\/\" target=\"_blank\">Aluminum Extruded Handles<\/a><\/li>\r\n<li><a href=\"https:\/\/sinoextrud.com\/product\/cnc-aluminium-extrusion\/\" target=\"_blank\">CNC Aluminium Extrusion<\/a><\/li>\r\n<li><a href=\"https:\/\/sinoextrud.com\/product\/extruded-aluminum-wood-grain-tube-profile\/\" target=\"_blank\">Extruded Aluminum Wood Grain Tube Profile<\/a><\/li>"},"feature_list":[]},"_links":{"self":[{"href":"https:\/\/sinoextrud.com\/nl\/wp-json\/wp\/v2\/product\/8505","targetHints":{"allow":["GET"]}}],"collection":[{"href":"https:\/\/sinoextrud.com\/nl\/wp-json\/wp\/v2\/product"}],"about":[{"href":"https:\/\/sinoextrud.com\/nl\/wp-json\/wp\/v2\/types\/product"}],"wp:featuredmedia":[{"embeddable":true,"href":"https:\/\/sinoextrud.com\/nl\/wp-json\/wp\/v2\/media\/8504"}],"wp:attachment":[{"href":"https:\/\/sinoextrud.com\/nl\/wp-json\/wp\/v2\/media?parent=8505"}],"wp:term":[{"taxonomy":"category","embeddable":true,"href":"https:\/\/sinoextrud.com\/nl\/wp-json\/wp\/v2\/categories?post=8505"}],"curies":[{"name":"wp","href":"https:\/\/api.w.org\/{rel}","templated":true}]}}