{"id":8210,"date":"2025-06-13T07:47:51","date_gmt":"2025-06-13T07:47:51","guid":{"rendered":"https:\/\/sinoextrud.com\/product\/extruded-aluminum-h-channel\/"},"modified":"2025-06-24T06:23:23","modified_gmt":"2025-06-24T06:23:23","slug":"geextrudeerd-aluminium-h-kanaal","status":"publish","type":"product","link":"https:\/\/sinoextrud.com\/nl\/product\/extruded-aluminum-h-channel\/","title":{"rendered":"Uitgedreven Aluminium H-Kanaal"},"content":{"rendered":"<h2>Producten Details<\/h2>\n<table class=\"custom-table\">\n<tbody>\n<tr>\n<td> Item<\/td>\n<td> Ge\u00ebxtrudeerd aluminium h-kanaal<\/td>\n<\/tr>\n<tr>\n<td> Vorm<\/td>\n<td> vierkant, rond, aangepast<\/td>\n<\/tr>\n<tr>\n<td> Toepassing<\/td>\n<td> decoraties, industrie, bouw enzovoort<\/td>\n<\/tr>\n<tr>\n<td> Kleuren<\/td>\n<td> Houtnerf<\/td>\n<\/tr>\n<tr>\n<td> Diep proces<\/td>\n<td> CNC, boren, frezen, snijden, lassen, buigen, assembleren<\/td>\n<\/tr>\n<tr>\n<td> MOQ<\/td>\n<td> 200KGs voor elk item<\/td>\n<\/tr>\n<tr>\n<td> Details verpakking<\/td>\n<td> (1) Binnenkant: verpakt met plastic beschermfolie om elk stuk te beschermen<\/td>\n<\/tr>\n<tr>\n<td><\/td>\n<td> (2) Buiten: Wikkel te bundelen door waterdichte ambachtelijke papier<\/td>\n<\/tr>\n<tr>\n<td> OEM<\/td>\n<td> Ja<\/td>\n<\/tr>\n<tr>\n<td> Catalogus<\/td>\n<td> beschikbaar<\/td>\n<\/tr>\n<tr>\n<td> Garantie<\/td>\n<td> De oppervlaktekleur kan 10~20 jaar binnen stabiel zijn.<\/td>\n<\/tr>\n<\/tbody>\n<\/table>\n<h2>Onze productiebasis<\/h2>\n<h3>Fabriek Panorama<\/h3>\n<p><img decoding=\"async\" src=\"\/wp-content\/uploads\/factory-01.webp\"\/><\/p>\n<h3>Aluminium staaf productie werkplaats<\/h3>\n<p><img decoding=\"async\" src=\"\/wp-content\/uploads\/factory-02.webp\"\/><\/p>\n<\/p>\n<p><img decoding=\"async\" src=\"\/wp-content\/uploads\/factory-03.webp\"\/><\/p>\n<h3>Magazijn voor schimmelopslag<\/h3>\n<p><img decoding=\"async\" src=\"\/wp-content\/uploads\/factory-04.webp\"\/><\/p>\n<h3>43 lijnen voor aluminiumextrusie (500\u00e2\u20ac\"5500 ton)<\/h3>\n<p><img decoding=\"async\" src=\"\/wp-content\/uploads\/factory-05.webp\"\/><\/p>\n<p><img decoding=\"async\" src=\"\/wp-content\/uploads\/factory-06.webp\"\/><\/p>\n<p><img decoding=\"async\" src=\"\/wp-content\/uploads\/factory-07.webp\"\/><\/p>\n<h3>Poedercoating Werkplaats<\/h3>\n<p><img decoding=\"async\" src=\"\/wp-content\/uploads\/factory-09.webp\"\/><\/p>\n<h3>Anodiseren Werkplaats<\/h3>\n<p><img decoding=\"async\" src=\"\/wp-content\/uploads\/factory-10.webp\"\/><\/p>\n<h3>Workshop Diepe Verwerking<\/h3>\n<p><img decoding=\"async\" src=\"\/wp-content\/uploads\/factory-11.webp\"\/><\/p>\n<h3>CNC precisiemachinewerkplaats<\/h3>\n<p><img decoding=\"async\" src=\"\/wp-content\/uploads\/factory-11.5.webp\"\/><\/p>\n<h3>Eindproduct &amp; Export Magazijn<\/h3>\n<p><img decoding=\"async\" src=\"\/wp-content\/uploads\/factory-12.webp\"\/><\/p>\n<p><img decoding=\"async\" src=\"\/wp-content\/uploads\/factory-13.webp\"\/><\/p>\n<p><img decoding=\"async\" src=\"\/wp-content\/uploads\/factory-14.webp\"\/><\/p>\n<h2>FAQ<\/h2>\n<p><b>1. Waarvoor worden ge\u00ebxtrudeerde aluminium H-kanalen gebruikt?<\/b><\/p>\n<p>Ge\u00ebxtrudeerde aluminium H-kanalen worden gebruikt voor het maken van structurele kaders en ondersteuningssystemen, die sterkte en stabiliteit bieden in verschillende industri\u00eble en commerci\u00eble toepassingen.\n<\/p>\n<p><\/p>\n<p><b>2.Waarom is aluminium ideaal voor H Channel extrusies?<\/b><\/p>\n<p>Aluminium is licht, sterk en bestand tegen corrosie, waardoor het een perfect materiaal is voor H Channel extrusies die goed moeten presteren in ruwe omgevingen.\n<\/p>\n<p><\/p>\n<p><b>3. Kan Afgedreven Aluminium H Kanalen worden aangepast?<\/b><\/p>\n<p>Ja, deze extrusies kunnen worden aangepast aan specifieke afmetingen, vormen en ontwerpvereisten, waardoor ze flexibele oplossingen bieden voor verschillende toepassingen.\n<\/p>\n<p><\/p>\n<p><b>4. Hoe komt de corrosieweerstand ten goede aan ge\u00ebxtrudeerde aluminium H-kanalen?<\/b><\/p>\n<p>De corrosiebestendige eigenschappen van aluminium zorgen ervoor dat de H-kanalen hun structurele integriteit en uiterlijk behouden, zelfs in blootgestelde of ruwe omgevingen.\n<\/p>\n<p><\/p>\n<p><b>5. Zijn de ge\u00ebxtrudeerde aluminium H-kanalen geschikt voor zwaar gebruik?<\/b><\/p>\n<p>Ja, ge\u00ebxtrudeerde aluminium H-kanalen zijn ontworpen om zware ladingen te ondersteunen, waardoor ze ideaal zijn voor veeleisende industri\u00eble en structurele toepassingen.\n<\/p>\n<p><\/p>\n<p><b>6. Hoe gemakkelijk is het om ge\u00ebxtrudeerde aluminium H-kanalen te installeren?<\/b><\/p>\n<p>Deze extrusies zijn ontworpen voor eenvoudige integratie met andere componenten, waardoor de installatietijd wordt verkort en de arbeidskosten tot een minimum worden beperkt.\n<\/p>\n<p><\/p>\n<p><b>7. Welke industrie\u00ebn profiteren van ge\u00ebxtrudeerde aluminium H Kanalen?<\/b><\/p>\n<p>Industrie\u00ebn zoals de bouw, productie, automobielindustrie en robotica profiteren van de kracht, veelzijdigheid en effici\u00ebntie van ge\u00ebxtrudeerde aluminium H-kanalen voor hun structurele en ondersteunende behoeften.\n<\/p>\n<p><\/p>","protected":false},"featured_media":8209,"template":"","categories":[54],"class_list":["post-8210","product","type-product","status-publish","has-post-thumbnail","hentry","category-industrial-aluminum-profiles"],"meta_box":{"hilight_text_group":{"product_hilight_text":"<li>High-strength aluminum design offering excellent support for structural applications.<\/li>\r\r\n<li>Corrosion-resistant properties ensure durability and longevity in outdoor and industrial environments.<\/li>\r\r\n<li>Efficient design that provides superior load-bearing capacity for heavy-duty applications.<\/li>\r\r\n<li>Customizable sizes and profiles to fit specific project requirements and installation needs.<\/li>\r\r\n<li>Easy to integrate with other aluminum profiles, streamlining the assembly process.<\/li>","product_chanpin_blog":"<ul>\r\r\n<li><a href=\"https:\/\/sinoextrud.com\/t-slot-v-slot-differences\/\" target=\"_blank\">t slot vs v slot<\/a><\/li>\r\r\n<li><a href=\"https:\/\/sinoextrud.com\/what-is-4040-aluminium-extrud\/\" target=\"_blank\">4040 aluminium extrusion<\/a><\/li>\r\r\n<li><a href=\"https:\/\/sinoextrud.com\/what-is-4040-aluminium-extrud\/\" target=\"_blank\">aluminum extrusions for industrial racks<\/a><\/li>\r\r\n<li><a href=\"https:\/\/sinoextrud.com\/powder-coating-aluminium-process\/\" target=\"_blank\">powder coating aluminium<\/a><\/li>\r\r\n<li><a href=\"https:\/\/sinoextrud.com\/what-is-an-aluminium-strip-ceiling\/\" target=\"_blank\">aluminium strip ceiling<\/a><\/li>\r\r\n<li><a href=\"https:\/\/sinoextrud.com\/what-is-a-heat-sink\/\" target=\"_blank\">what is a heat sink<\/a><\/li>\r\r\n<\/ul>","product_chanpin_chanpin":"<li><a href=\"https:\/\/sinoextrud.com\/product\/industrial-aluminium-profiles\/\" target=\"_blank\">Industrial Aluminium Profiles<\/a><\/li>\r\n<li><a href=\"https:\/\/sinoextrud.com\/product\/extruded-aluminum-case\/\" target=\"_blank\">Extruded Aluminum Case<\/a><\/li>\r\n<li><a href=\"https:\/\/sinoextrud.com\/product\/industrial-aluminum-profile-cad-drawing-uses-in-industry-customized-extrusion-press-manufacturers\/\" target=\"_blank\">industrial aluminum profile cad drawing uses in industry customized extrusion press manufacturers<\/a><\/li>\r\n<li><a href=\"https:\/\/sinoextrud.com\/product\/extruded-aluminum-framing-systems\/\" target=\"_blank\">Extruded Aluminum Framing Systems<\/a><\/li>\r\n<li><a href=\"https:\/\/sinoextrud.com\/product\/extruded-aluminum-h-channel\/\" target=\"_blank\">Extruded Aluminum H Channel<\/a><\/li>\r\n<li><a href=\"https:\/\/sinoextrud.com\/product\/polished-aluminum-profile-bending-cnc-industrial-aluminium\/\" target=\"_blank\">Polished Aluminum Profile Bending CNC Industrial Aluminium<\/a><\/li>\r\n<li><a href=\"https:\/\/sinoextrud.com\/product\/customized-led-aluminium-profile-led-aluminum-extrusion\/\" target=\"_blank\">Customized LED Aluminium Profile  LED Aluminum Extrusion<\/a><\/li>\r\n<li><a href=\"https:\/\/sinoextrud.com\/product\/manufacturer-price-of-customized-oem-matt-anodized-aluminium-profile-for-hospital-pharmaceutical-clean-room\/\" target=\"_blank\">Manufacturer Price Of Customized OEM Matt Anodized Aluminium Profile For Hospital Pharmaceutical Clean Room<\/a><\/li>\r\n<li><a href=\"https:\/\/sinoextrud.com\/product\/large-aluminium-pipe-aluminium-pole\/\" target=\"_blank\">Large Aluminium Pipe Aluminium Pole<\/a><\/li>\r\n<li><a href=\"https:\/\/sinoextrud.com\/product\/aluminium-extrusion-case\/\" target=\"_blank\">Aluminium Extrusion Case<\/a><\/li>\r\n<li><a href=\"https:\/\/sinoextrud.com\/product\/anodised-aluminium\/\" target=\"_blank\">Anodised Aluminium<\/a><\/li>"},"feature_list":[]},"_links":{"self":[{"href":"https:\/\/sinoextrud.com\/nl\/wp-json\/wp\/v2\/product\/8210","targetHints":{"allow":["GET"]}}],"collection":[{"href":"https:\/\/sinoextrud.com\/nl\/wp-json\/wp\/v2\/product"}],"about":[{"href":"https:\/\/sinoextrud.com\/nl\/wp-json\/wp\/v2\/types\/product"}],"wp:featuredmedia":[{"embeddable":true,"href":"https:\/\/sinoextrud.com\/nl\/wp-json\/wp\/v2\/media\/8209"}],"wp:attachment":[{"href":"https:\/\/sinoextrud.com\/nl\/wp-json\/wp\/v2\/media?parent=8210"}],"wp:term":[{"taxonomy":"category","embeddable":true,"href":"https:\/\/sinoextrud.com\/nl\/wp-json\/wp\/v2\/categories?post=8210"}],"curies":[{"name":"wp","href":"https:\/\/api.w.org\/{rel}","templated":true}]}}