{"id":7835,"date":"2025-06-11T02:32:57","date_gmt":"2025-06-11T02:32:57","guid":{"rendered":"https:\/\/sinoextrud.com\/product\/sandblasted-aluminum-finish-profile\/"},"modified":"2025-06-24T06:13:46","modified_gmt":"2025-06-24T06:13:46","slug":"gezandstraald-aluminium-afwerkingsprofiel","status":"publish","type":"product","link":"https:\/\/sinoextrud.com\/nl\/product\/sandblasted-aluminum-finish-profile\/","title":{"rendered":"Profiel met gezandstraalde aluminium afwerking"},"content":{"rendered":"<h2>Producten Details<\/h2>\n<table class=\"custom-table\">\n<tbody>\n<tr>\n<td> Item:<\/td>\n<td> Profiel met gezandstraalde aluminium afwerking<\/td>\n<\/tr>\n<tr>\n<td> Vorm:<\/td>\n<td> We kunnen ge\u00ebxtrudeerd volgens uw ontwerpen<\/td>\n<\/tr>\n<tr>\n<td> Gematigd:<\/td>\n<td> T3-T8<\/td>\n<\/tr>\n<tr>\n<td> Legering:<\/td>\n<td> Alloy<\/td>\n<\/tr>\n<tr>\n<td> Legeringsingredi\u00ebnt:<\/td>\n<td> 6063<\/td>\n<\/tr>\n<tr>\n<td> Oppervlaktebehandeling:<\/td>\n<td> Molenafwerking, geanodiseerd, gepoedercoat, elektroforese, zandstralen enz.<\/td>\n<\/tr>\n<tr>\n<td> Materiaal:<\/td>\n<td> Aluminiumlegering 6000 Series<\/td>\n<\/tr>\n<tr>\n<td> Lengte:<\/td>\n<td> 1m-9m<\/td>\n<\/tr>\n<tr>\n<td> Levertijd:<\/td>\n<td> 20-25 dagen<\/td>\n<\/tr>\n<tr>\n<td> Kleur:<\/td>\n<td> Zilver,Wit,Zwart,Champange,Bruin<\/td>\n<\/tr>\n<tr>\n<td> Transportpakket:<\/td>\n<td> Standaard exportverpakking van Factory\u2032s<\/td>\n<\/tr>\n<tr>\n<td> Oorsprong:<\/td>\n<td> China<\/td>\n<\/tr>\n<tr>\n<td> Type:<\/td>\n<td> Venster &amp; deur aluminium profiel, decoratie aluminium profiel, koellichaam aluminium profiel, glazen wand aluminium profiel, transport aluminium profiel, meubels<\/td>\n<\/tr>\n<tr>\n<td> Rang:<\/td>\n<td> 6000 Serie<\/td>\n<\/tr>\n<tr>\n<td> Grootte:<\/td>\n<td> Aangepast<\/td>\n<\/tr>\n<tr>\n<td> Oppervlak:<\/td>\n<td> Aangepast<\/td>\n<\/tr>\n<tr>\n<td> Volgorde van het proces:<\/td>\n<td> Geaccepteerd<\/td>\n<\/tr>\n<tr>\n<td> Handelsmerk:<\/td>\n<td> OEM<\/td>\n<\/tr>\n<tr>\n<td> Specificatie:<\/td>\n<td> SGS<\/td>\n<\/tr>\n<tr>\n<td> Kleur beschikbaar:<\/td>\n<td> Zilver, champagne enzovoort, afhankelijk van je vraag<\/td>\n<\/tr>\n<tr>\n<td> Verpakkingsgegevens:<\/td>\n<td> Krimpfolie, op uw verzoek<\/td>\n<\/tr>\n<tr>\n<td> Monsters:<\/td>\n<td> 10-15 dagen na ontvangst van de gegoten vergoeding8. Levering: 25 dagen na storting<\/td>\n<\/tr>\n<tr>\n<td> Productiecapaciteit:<\/td>\n<td> 15.000MT\/Maand<\/td>\n<\/tr>\n<tr>\n<td> MOQ:<\/td>\n<td> 200KG<\/td>\n<\/tr>\n<tr>\n<td> Betalingsvoorwaarden:<\/td>\n<td> T\/T<\/td>\n<\/tr>\n<tr>\n<td> Haven:<\/td>\n<td> Foshan, Guangzhou, Shenzhen<\/td>\n<\/tr>\n<\/tbody>\n<\/table>\n<h2>Onze productiebasis<\/h2>\n<h3>Fabriek Panorama<\/h3>\n<p><img decoding=\"async\" src=\"\/wp-content\/uploads\/factory-01.webp\"\/><\/p>\n<h3>Aluminium staaf productie werkplaats<\/h3>\n<p><img decoding=\"async\" src=\"\/wp-content\/uploads\/factory-02.webp\"\/><\/p>\n<\/p>\n<p><img decoding=\"async\" src=\"\/wp-content\/uploads\/factory-03.webp\"\/><\/p>\n<h3>Magazijn voor schimmelopslag<\/h3>\n<p><img decoding=\"async\" src=\"\/wp-content\/uploads\/factory-04.webp\"\/><\/p>\n<h3>43 lijnen voor aluminiumextrusie (500-5500 ton)<\/h3>\n<p><img decoding=\"async\" src=\"\/wp-content\/uploads\/factory-05.webp\"\/><\/p>\n<p><img decoding=\"async\" src=\"\/wp-content\/uploads\/factory-06.webp\"\/><\/p>\n<p><img decoding=\"async\" src=\"\/wp-content\/uploads\/factory-07.webp\"\/><\/p>\n<h3>Poedercoating Werkplaats<\/h3>\n<p><img decoding=\"async\" src=\"\/wp-content\/uploads\/factory-09.webp\"\/><\/p>\n<h3>Anodiseren Werkplaats<\/h3>\n<p><img decoding=\"async\" src=\"\/wp-content\/uploads\/factory-10.webp\"\/><\/p>\n<h3>Workshop Diepe Verwerking<\/h3>\n<p><img decoding=\"async\" src=\"\/wp-content\/uploads\/factory-11.webp\"\/><\/p>\n<h3>CNC precisiemachinewerkplaats<\/h3>\n<p><img decoding=\"async\" src=\"\/wp-content\/uploads\/factory-11.5.webp\"\/><\/p>\n<h3>Eindproduct &amp; Export Magazijn<\/h3>\n<p><img decoding=\"async\" src=\"\/wp-content\/uploads\/factory-12.webp\"\/><\/p>\n<p><img decoding=\"async\" src=\"\/wp-content\/uploads\/factory-13.webp\"\/><\/p>\n<p><img decoding=\"async\" src=\"\/wp-content\/uploads\/factory-14.webp\"\/><\/p>\n<h2>FAQ<\/h2>\n<p><b>1. Wat is een gezandstraald aluminium afwerkingsprofiel?<\/b><\/p>\n<p>Het is een aluminium extrusie die gezandstraald is om een mat, getextureerd oppervlak te cre\u00ebren voor een betere esthetiek en oppervlakteprestatie.\n<\/p>\n<p><\/p>\n<p><b>2. Waarom kiezen voor gezandstraalde aluminium profielen?<\/b><\/p>\n<p>Gezandstraald aluminium biedt een slanke, moderne look met extra grip, krasbestendigheid en minder schittering of zichtbaarheid van vingerafdrukken.\n<\/p>\n<p><\/p>\n<p><b>3. Kunnen gezandstraalde aluminium profielen op maat gemaakt worden?<\/b><\/p>\n<p>Ja, ze kunnen worden aangepast in afmetingen, doorsnedevorm en legeringstype, waarbij het zandstraalproces voor of na verdere afwerking wordt toegepast.\n<\/p>\n<p><\/p>\n<p><b>4.Wat zijn de meest voorkomende toepassingen voor gezandstraalde aluminium afwerkingsprofielen?<\/b><\/p>\n<p>Ze worden gebruikt in architectuur, meubels, elektronica, decoratieve versieringen, bewegwijzering en hoogwaardige productbehuizingen.\n<\/p>\n<p><\/p>\n<p><b>5.Is het gezandstraalde oppervlak compatibel met anodiseren?<\/b><\/p>\n<p>Absoluut, zandstralen wordt vaak gebruikt v\u00f3\u00f3r het anodiseren om de kleurstofabsorptie te verbeteren en een uniform mat uiterlijk te cre\u00ebren.\n<\/p>\n<p><\/p>\n<p><b>6.Heeft zandstralen invloed op de corrosiebestendigheid?<\/b><\/p>\n<p>Nee, in combinatie met anodiseren of poedercoaten biedt gezandstraald aluminium een uitstekende weerstand tegen corrosie voor buiten en in vochtige omgevingen.\n<\/p>\n<p><\/p>\n<p><b>7.Zijn gezandstraalde aluminium profielen geschikt voor high-end ontwerpprojecten?<\/b><\/p>\n<p>Ja, de gladde matte textuur en aanpasbare afwerking maken ze perfect voor hoogwaardige architectuur, consumentenelektronica en interieurtoepassingen.\n<\/p>\n<p><\/p>","protected":false},"featured_media":7834,"template":"","categories":[67],"class_list":["post-7835","product","type-product","status-publish","has-post-thumbnail","hentry","category-architectural-aluminium-profile"],"meta_box":{"hilight_text_group":{"product_hilight_text":"<li>Sandblasted finish creates a refined, matte texture with anti-fingerprint properties<\/li>\r\r\n<li>High-strength aluminum ensures long-term structural reliability<\/li>\r\r\n<li>Corrosion-resistant surface ideal for indoor and outdoor applications<\/li>\r\r\n<li>Customizable in size, shape, and alloy to suit specific design needs<\/li>\r\r\n<li>Enhances visual appeal for decorative, architectural, and industrial use<\/li>\r\r\n<li>Compatible with anodizing and other post-processing treatments<\/li>","product_chanpin_blog":"<ul>\r\r\n<li><a href=\"https:\/\/sinoextrud.com\/t-slot-v-slot-differences\/\" target=\"_blank\">t slot vs v slot<\/a><\/li>\r\r\n<li><a href=\"https:\/\/sinoextrud.com\/what-is-4040-aluminium-extrud\/\" target=\"_blank\">4040 aluminium extrusion<\/a><\/li>\r\r\n<li><a href=\"https:\/\/sinoextrud.com\/what-is-4040-aluminium-extrud\/\" target=\"_blank\">aluminum extrusions for industrial racks<\/a><\/li>\r\r\n<li><a href=\"https:\/\/sinoextrud.com\/powder-coating-aluminium-process\/\" target=\"_blank\">powder coating aluminium<\/a><\/li>\r\r\n<li><a href=\"https:\/\/sinoextrud.com\/what-is-an-aluminium-strip-ceiling\/\" target=\"_blank\">aluminium strip ceiling<\/a><\/li>\r\r\n<li><a href=\"https:\/\/sinoextrud.com\/what-is-a-heat-sink\/\" target=\"_blank\">what is a heat sink<\/a><\/li>\r\r\n<\/ul>","product_chanpin_chanpin":"<li><a href=\"https:\/\/sinoextrud.com\/product\/80-x-80-aluminum-extrusion\/\" target=\"_blank\">80 X 80 Aluminum Extrusion<\/a><\/li>\r\n<li><a href=\"https:\/\/sinoextrud.com\/product\/aluminum-profile-price-of-aluminium-partition-wall-studs-aluminum-manufacturer\/\" target=\"_blank\">aluminum profile price of aluminium partition wall studs aluminum manufacturer<\/a><\/li>\r\n<li><a href=\"https:\/\/sinoextrud.com\/product\/extrusions-aluminum-structural-framing-kitchen-cabinet-doors-oem-anodized-champagne-selling-in-pakistan\/\" target=\"_blank\">extrusions aluminum structural framing kitchen cabinet doors OEM Anodized champagne selling in pakistan<\/a><\/li>\r\n<li><a href=\"https:\/\/sinoextrud.com\/product\/aluminum-door-jamb-extrusion\/\" target=\"_blank\">Aluminum Door Jamb Extrusion<\/a><\/li>\r\n<li><a href=\"https:\/\/sinoextrud.com\/product\/sandblasted-aluminum-finish-profile\/\" target=\"_blank\">Sandblasted Aluminum Finish Profile<\/a><\/li>\r\n<li><a href=\"https:\/\/sinoextrud.com\/product\/aluminum-handrail-systems\/\" target=\"_blank\">Aluminum Handrail Systems<\/a><\/li>\r\n<li><a href=\"https:\/\/sinoextrud.com\/product\/curtain-aluminum-profile-extrusion-for-window\/\" target=\"_blank\">Curtain Aluminum Profile Extrusion For Window<\/a><\/li>\r\n<li><a href=\"https:\/\/sinoextrud.com\/product\/extrusion-of-aluminium-alloys-celing-aluminum-tube-wood-grain\/\" target=\"_blank\">Extrusion Of Aluminium Alloys Celing Aluminum Tube Wood Grain<\/a><\/li>\r\n<li><a href=\"https:\/\/sinoextrud.com\/product\/wardrobe-cabinet-sliding-aluminum-profile\/\" target=\"_blank\">Wardrobe Cabinet Sliding Aluminum Profile<\/a><\/li>\r\n<li><a href=\"https:\/\/sinoextrud.com\/product\/aluminum-sliding-door-frames-extrusion-profile-with-custom-shape-alloy-6063-for-furnitures-decoration\/\" target=\"_blank\">Aluminum Sliding Door Frames Extrusion Profile With Custom Shape Alloy 6063 For Furnitures Decoration<\/a><\/li>\r\n<li><a href=\"https:\/\/sinoextrud.com\/product\/aluminium-t-track-extrusions\/\" target=\"_blank\">Aluminium T Track Extrusions<\/a><\/li>"},"feature_list":[]},"_links":{"self":[{"href":"https:\/\/sinoextrud.com\/nl\/wp-json\/wp\/v2\/product\/7835","targetHints":{"allow":["GET"]}}],"collection":[{"href":"https:\/\/sinoextrud.com\/nl\/wp-json\/wp\/v2\/product"}],"about":[{"href":"https:\/\/sinoextrud.com\/nl\/wp-json\/wp\/v2\/types\/product"}],"wp:featuredmedia":[{"embeddable":true,"href":"https:\/\/sinoextrud.com\/nl\/wp-json\/wp\/v2\/media\/7834"}],"wp:attachment":[{"href":"https:\/\/sinoextrud.com\/nl\/wp-json\/wp\/v2\/media?parent=7835"}],"wp:term":[{"taxonomy":"category","embeddable":true,"href":"https:\/\/sinoextrud.com\/nl\/wp-json\/wp\/v2\/categories?post=7835"}],"curies":[{"name":"wp","href":"https:\/\/api.w.org\/{rel}","templated":true}]}}