{"id":7777,"date":"2025-06-10T07:10:47","date_gmt":"2025-06-10T07:10:47","guid":{"rendered":"https:\/\/sinoextrud.com\/product\/aluminum-profile-slider-for-window-curtain\/"},"modified":"2025-06-24T06:13:40","modified_gmt":"2025-06-24T06:13:40","slug":"aluminium-profielglijder-voor-venstergordijn","status":"publish","type":"product","link":"https:\/\/sinoextrud.com\/nl\/product\/aluminum-profile-slider-for-window-curtain\/","title":{"rendered":"Aluminiumprofielschuif voor Venstergordijn"},"content":{"rendered":"<h2>Producten Details<\/h2>\n<table class=\"custom-table\">\n<tbody>\n<tr>\n<td> Productnaam<\/td>\n<td> Aluminium profielglijder voor venstergordijn<\/td>\n<\/tr>\n<tr>\n<td> Materiaal legering<\/td>\n<td> 6063-T5, 6061-T5, of maatwerk<\/td>\n<\/tr>\n<tr>\n<td> Maat<\/td>\n<td> 1-9m, of maatwerk<\/td>\n<\/tr>\n<tr>\n<td> Oppervlaktebehandeling<\/td>\n<td> Poedercoating of maatwerk<\/td>\n<\/tr>\n<tr>\n<td> Kleur<\/td>\n<td> wit, of maatwerk<\/td>\n<\/tr>\n<tr>\n<td> Toepassing<\/td>\n<td> Schuifdeur en -raam, raamgordijn, raamglijrail, douchedeurglijder enz.<\/td>\n<\/tr>\n<tr>\n<td> Merk<\/td>\n<td> Sinoextrud \/ Sinoextrud \/ Sinoextrud Aluminium<\/td>\n<\/tr>\n<tr>\n<td> Soort bedrijf<\/td>\n<td> Fabriek<\/td>\n<\/tr>\n<tr>\n<td> Product<\/td>\n<td> Aluminiumprofielschuif voor Venstergordijn<\/td>\n<\/tr>\n<tr>\n<td> Materiaalklasse<\/td>\n<td> 6061, 6063, 6005A, 6005, 6082, 6463<\/td>\n<\/tr>\n<tr>\n<td> Standaard<\/td>\n<td> GB 5237-2008, ASTM B221, EN755-9, EN12020, JIS, enz.<\/td>\n<\/tr>\n<tr>\n<td> Oppervlaktebehandeling<\/td>\n<td> Molenafwerking, Anodiseren, Houten korrelcoating, Poedercoating, Eletroforese, PVDF, Zandstralen, Polijsten, enz.<\/td>\n<\/tr>\n<tr>\n<td> Verder proces<\/td>\n<td> Boren, buigen, lassen, nauwkeurig snijden, ponsen, fabricage van afgewerkte producten, enz.<\/td>\n<\/tr>\n<tr>\n<td> Mallen \/ Matrijzen<\/td>\n<td> Mallen maken volgens de tekening van de klant. De mal vergoeding zal worden terugbetaald wanneer de hoeveelheid van de geleverde goederen te bereiken requirment binnen 1 jaar.<\/td>\n<\/tr>\n<tr>\n<td> MOQ<\/td>\n<td> 200KG voor elk item \/ kleur<\/td>\n<\/tr>\n<tr>\n<td> Verpakking<\/td>\n<td> Binnenkant met beschermfolie of plastic krimp of parelmoerwol, buitenkant met vlotpapier of doos of houten frame enz, of maatwerk<\/td>\n<\/tr>\n<tr>\n<td> Levertijd<\/td>\n<td> Productie van nieuwe matrijzen: 10-15 dagen. Bulkproductie: 25-30 dagen.<\/td>\n<\/tr>\n<\/tbody>\n<\/table>\n<h2>Onze productiebasis<\/h2>\n<h3>Fabriek Panorama<\/h3>\n<p><img decoding=\"async\" src=\"\/wp-content\/uploads\/factory-01.webp\"\/><\/p>\n<h3>Aluminium staaf productie werkplaats<\/h3>\n<p><img decoding=\"async\" src=\"\/wp-content\/uploads\/factory-02.webp\"\/><\/p>\n<p><img decoding=\"async\" src=\"\/wp-content\/uploads\/factory-03.webp\"\/><\/p>\n<h3>Magazijn voor schimmelopslag<\/h3>\n<p><img decoding=\"async\" src=\"\/wp-content\/uploads\/factory-04.webp\"\/><\/p>\n<h3>43 lijnen voor aluminiumextrusie (500-5500 ton)<\/h3>\n<p><img decoding=\"async\" src=\"\/wp-content\/uploads\/factory-05.webp\"\/><\/p>\n<p><img decoding=\"async\" src=\"\/wp-content\/uploads\/factory-06.webp\"\/><\/p>\n<p><img decoding=\"async\" src=\"\/wp-content\/uploads\/factory-07.webp\"\/><\/p>\n<h3>Poedercoating Werkplaats<\/h3>\n<p><img decoding=\"async\" src=\"\/wp-content\/uploads\/factory-09.webp\"\/><\/p>\n<h3>Anodiseren Werkplaats<\/h3>\n<p><img decoding=\"async\" src=\"\/wp-content\/uploads\/factory-10.webp\"\/><\/p>\n<h3>Workshop Diepe Verwerking<\/h3>\n<p><img decoding=\"async\" src=\"\/wp-content\/uploads\/factory-11.webp\"\/><\/p>\n<h3>CNC precisiemachinewerkplaats<\/h3>\n<p><img decoding=\"async\" src=\"\/wp-content\/uploads\/factory-11.5.webp\"\/><\/p>\n<h3>Eindproduct &amp; Export Magazijn<\/h3>\n<p><img decoding=\"async\" src=\"\/wp-content\/uploads\/factory-12.webp\"\/><\/p>\n<p><img decoding=\"async\" src=\"\/wp-content\/uploads\/factory-13.webp\"\/><\/p>\n<p><img decoding=\"async\" src=\"\/wp-content\/uploads\/factory-14.webp\"\/><\/p>\n<h2>FAQ<\/h2>\n<p><p><b>1. Wat is een schuifregelaar voor aluminiumprofielen voor venstergordijnen? <\/b><\/p>\n<p> Het is een railsysteem van ge\u00ebxtrudeerd aluminium dat ontworpen is om gordijnen soepel te laten glijden in residenti\u00eble of commerci\u00eble raamtoepassingen.<br \/>\n<\/p><br \/>\n<br \/>\n<p><b>2. Waarom aluminium voor gordijnschuifjes? <\/b><\/p>\n<p> Aluminium is licht, corrosiebestendig en sterk, wat zorgt voor betrouwbare prestaties en minimaal onderhoud na verloop van tijd.<br \/>\n<\/p><br \/>\n<br \/>\n<p><b>3. Kan het aluminium profiel worden aangepast? <\/b><\/p>\n<p> Ja, het kan worden aangepast in lengte, kleur, ontwerp van de sleuven en bevestigingsopties om te passen bij specifieke gordijnen en kameropstellingen.<br \/>\n<\/p><br \/>\n<br \/>\n<p><b>4.Is deze gordijnglijder gemakkelijk te installeren? <\/b><\/p>\n<p> Absoluut, het lichtgewicht aluminium profiel is eenvoudig te snijden, uit te lijnen en te monteren op plafonds of muren met standaard hardware.<br \/>\n<\/p><br \/>\n<br \/>\n<p><b>5.Welke afwerkingen zijn beschikbaar voor de aluminium glijder? <\/b><\/p>\n<p> Opties zijn geanodiseerd, matzwart, witte poedercoating en geborsteld aluminium om te passen bij verschillende inrichtingsstijlen.<br \/>\n<\/p><br \/>\n<br \/>\n<p><b>6.Is het compatibel met alle gordijntypes? <\/b><\/p>\n<p> Ja, het profiel is compatibel met de meeste gordijnroedes, glijders en haken voor stoffen, verduisterende of transparante gordijnen.<br \/>\n<\/p><br \/>\n<br \/>\n<p><b>7.Ondersteunt het een soepele en stille werking? <\/b><\/p>\n<p> Ja, de precisiege\u00ebxtrudeerde rails in combinatie met kwaliteitsrollers zorgen voor een soepele, stille en stabiele beweging van het gordijn.<br \/>\n<\/p><br \/>\n<br \/>\n<p><b>8.Waar wordt dit product vaak gebruikt? <\/b><\/p>\n<p> Ideaal voor woonkamers, kantoren, hotels, ziekenhuizen en commerci\u00eble ruimtes waar betrouwbare en stijlvolle gordijnsystemen nodig zijn.<br \/>\n<\/p><br \/><\/p>","protected":false},"featured_media":7776,"template":"","categories":[67],"class_list":["post-7777","product","type-product","status-publish","has-post-thumbnail","hentry","category-architectural-aluminium-profile"],"meta_box":{"hilight_text_group":{"product_hilight_text":"<li>High-strength aluminum profile ensures smooth and stable curtain sliding.<\/li>\r\r\n<li>Lightweight design allows for easy installation and ceiling or wall mounting.<\/li>\r\r\n<li>Corrosion-resistant finish ideal for long-term indoor use.<\/li>\r\r\n<li>Compatible with various curtain hook and runner systems.<\/li>\r\r\n<li>Customizable lengths, finishes, and slot designs to fit different interiors.<\/li>\r\r\n<li>Modern, minimalist appearance suits residential and commercial environments.<\/li>","product_chanpin_blog":"<ul>\r\r\n<li><a href=\"https:\/\/sinoextrud.com\/t-slot-v-slot-differences\/\" target=\"_blank\">t slot vs v slot<\/a><\/li>\r\r\n<li><a href=\"https:\/\/sinoextrud.com\/what-is-4040-aluminium-extrud\/\" target=\"_blank\">4040 aluminium extrusion<\/a><\/li>\r\r\n<li><a href=\"https:\/\/sinoextrud.com\/what-is-4040-aluminium-extrud\/\" target=\"_blank\">aluminum extrusions for industrial racks<\/a><\/li>\r\r\n<li><a href=\"https:\/\/sinoextrud.com\/powder-coating-aluminium-process\/\" target=\"_blank\">powder coating aluminium<\/a><\/li>\r\r\n<li><a href=\"https:\/\/sinoextrud.com\/what-is-an-aluminium-strip-ceiling\/\" target=\"_blank\">aluminium strip ceiling<\/a><\/li>\r\r\n<li><a href=\"https:\/\/sinoextrud.com\/what-is-a-heat-sink\/\" target=\"_blank\">what is a heat sink<\/a><\/li>\r\r\n<\/ul>","product_chanpin_chanpin":"<li><a href=\"https:\/\/sinoextrud.com\/product\/aluminum-profile-for-glass-railings\/\" target=\"_blank\">Aluminum Profile For Glass Railings<\/a><\/li>\r\n<li><a href=\"https:\/\/sinoextrud.com\/product\/extruded-aluminum-slide\/\" target=\"_blank\">Extruded Aluminum Slide<\/a><\/li>\r\n<li><a href=\"https:\/\/sinoextrud.com\/product\/aluminum-profile-for-advertising-photo-frame\/\" target=\"_blank\">Aluminum Profile For Advertising Photo Frame<\/a><\/li>\r\n<li><a href=\"https:\/\/sinoextrud.com\/product\/aluminum-profile-for-curtain\/\" target=\"_blank\">Aluminum Profile for Curtain<\/a><\/li>\r\n<li><a href=\"https:\/\/sinoextrud.com\/product\/aluminum-profile-slider-for-window-curtain\/\" target=\"_blank\">Aluminum Profile Slider For Window Curtain<\/a><\/li>\r\n<li><a href=\"https:\/\/sinoextrud.com\/product\/aluminum-profile-wardrobe-hanging-rail\/\" target=\"_blank\">Aluminum Profile Wardrobe Hanging Rail<\/a><\/li>\r\n<li><a href=\"https:\/\/sinoextrud.com\/product\/anodizing-aluminium-alloy-wire-slot\/\" target=\"_blank\">Anodizing Aluminium Alloy Wire Slot<\/a><\/li>\r\n<li><a href=\"https:\/\/sinoextrud.com\/product\/window-extrusion-profiles\/\" target=\"_blank\">Window Extrusion Profiles<\/a><\/li>\r\n<li><a href=\"https:\/\/sinoextrud.com\/product\/aluminum-outdoor-louver\/\" target=\"_blank\">Aluminum Outdoor Louver<\/a><\/li>\r\n<li><a href=\"https:\/\/sinoextrud.com\/product\/china-industrial-extruded-aluminium-heatsink-profile\/\" target=\"_blank\">China Industrial Extruded Aluminium Heatsink Profile<\/a><\/li>\r\n<li><a href=\"https:\/\/sinoextrud.com\/product\/aluminum-light-box-extrusion\/\" target=\"_blank\">Aluminum Light Box Extrusion<\/a><\/li>"},"feature_list":[]},"_links":{"self":[{"href":"https:\/\/sinoextrud.com\/nl\/wp-json\/wp\/v2\/product\/7777","targetHints":{"allow":["GET"]}}],"collection":[{"href":"https:\/\/sinoextrud.com\/nl\/wp-json\/wp\/v2\/product"}],"about":[{"href":"https:\/\/sinoextrud.com\/nl\/wp-json\/wp\/v2\/types\/product"}],"wp:featuredmedia":[{"embeddable":true,"href":"https:\/\/sinoextrud.com\/nl\/wp-json\/wp\/v2\/media\/7776"}],"wp:attachment":[{"href":"https:\/\/sinoextrud.com\/nl\/wp-json\/wp\/v2\/media?parent=7777"}],"wp:term":[{"taxonomy":"category","embeddable":true,"href":"https:\/\/sinoextrud.com\/nl\/wp-json\/wp\/v2\/categories?post=7777"}],"curies":[{"name":"wp","href":"https:\/\/api.w.org\/{rel}","templated":true}]}}