{"id":7298,"date":"2025-06-07T02:29:16","date_gmt":"2025-06-07T02:29:16","guid":{"rendered":"https:\/\/sinoextrud.com\/product\/aluminium-glass-fitting-channel\/"},"modified":"2025-06-24T06:12:28","modified_gmt":"2025-06-24T06:12:28","slug":"aluminium-montagegoot-voor-glas","status":"publish","type":"product","link":"https:\/\/sinoextrud.com\/nl\/product\/aluminium-glass-fitting-channel\/","title":{"rendered":"Aluminium Montagekanaal"},"content":{"rendered":"<h2>Producten Details<\/h2>\n<table class=\"custom-table\">\n<tbody>\n<tr>\n<td> Productnaam<\/td>\n<td> Aluminium Montagekanaal<\/td>\n<\/tr>\n<tr>\n<td> Assortiment<\/td>\n<td> aluminiumextrusies voor glasreling u-kanaal, u-kanaal glasreling, glasreling hulpstukken, aluminium u-kanaal glasreling, enz.<\/td>\n<\/tr>\n<tr>\n<td> Type product<\/td>\n<td> glazen douche vast paneel diepe u-goot aluminium, aluminium douche u-goot glas voor 10-12mm, glazen vast paneel diepe aluminium u-goot, aluminium u-goot glazen reling voor frameless, u-goot aluminium profiel voor glazen reling, aluminium goot voor glas, aluminium u-goot glazen reling, aluminium glazen goot, aluminium u-vormige goot voor glas omheind, enz.<\/td>\n<\/tr>\n<tr>\n<td> Aluminiumlegering<\/td>\n<td> 1000 serie, 200 serie, 3000 serie, 5000 serie, 6000 serie, 7000 serie<\/td>\n<\/tr>\n<tr>\n<td> Temper<\/td>\n<td> T3-T8<\/td>\n<\/tr>\n<tr>\n<td> Vorm<\/td>\n<td> maatwerk<\/td>\n<\/tr>\n<tr>\n<td> Kleur<\/td>\n<td> maatwerk<\/td>\n<\/tr>\n<tr>\n<td> Oppervlaktebehandeling<\/td>\n<td> afgewerkt, geanodiseerd, houtnerf, power coating, zandstralen, elektroforese, geborsteld, polijsten, enz.<\/td>\n<\/tr>\n<tr>\n<td> CNC Diepe Bewerking<\/td>\n<td> snijden, boren, machinaal bewerken, ponsen, buigen, tappen enzovoort<\/td>\n<\/tr>\n<tr>\n<td> Certificeringen<\/td>\n<td> CE, ISO, SGS, TUV, ROHS<\/td>\n<\/tr>\n<tr>\n<td> Monsters<\/td>\n<td> gratis monster. 1-3 dagen aan u geleverd.<\/td>\n<\/tr>\n<tr>\n<td> MOQ<\/td>\n<td> 200KG voor elk profiel<\/td>\n<\/tr>\n<tr>\n<td> Levertijd<\/td>\n<td> Vorm het ontwikkelen en steekproefbevestiging is 12-15 dagen, dan is de productieduur 15-25 dagen na ontvangstbewijs van storting van koper.<\/td>\n<\/tr>\n<tr>\n<td> Betalingsvoorwaarden<\/td>\n<td> 30% aanbetaling v\u00f3\u00f3r productie en saldo v\u00f3\u00f3r verzending.<\/td>\n<\/tr>\n<tr>\n<td> Haven<\/td>\n<td> Shenzhen, Guangzhou<\/td>\n<\/tr>\n<\/tbody>\n<\/table>\n<h2>Onze productiebasis<\/h2>\n<h3>Fabriek Panorama<\/h3>\n<p><img decoding=\"async\" src=\"\/wp-content\/uploads\/factory-01.webp\"\/><\/p>\n<h3>Aluminium staaf productie werkplaats<\/h3>\n<p><img decoding=\"async\" src=\"\/wp-content\/uploads\/factory-02.webp\"\/><\/p>\n<p><img decoding=\"async\" src=\"\/wp-content\/uploads\/factory-03.webp\"\/><\/p>\n<h3>Magazijn voor schimmelopslag<\/h3>\n<p><img decoding=\"async\" src=\"\/wp-content\/uploads\/factory-04.webp\"\/><\/p>\n<h3>43 lijnen voor aluminiumextrusie (500\u00e2\u20ac\"5500 ton)<\/h3>\n<p><img decoding=\"async\" src=\"\/wp-content\/uploads\/factory-05.webp\"\/><\/p>\n<p><img decoding=\"async\" src=\"\/wp-content\/uploads\/factory-06.webp\"\/><\/p>\n<p><img decoding=\"async\" src=\"\/wp-content\/uploads\/factory-07.webp\"\/><\/p>\n<h3>Poedercoating Werkplaats<\/h3>\n<p><img decoding=\"async\" src=\"\/wp-content\/uploads\/factory-09.webp\"\/><\/p>\n<h3>Anodiseren Werkplaats<\/h3>\n<p><img decoding=\"async\" src=\"\/wp-content\/uploads\/factory-10.webp\"\/><\/p>\n<h3>Workshop Diepe Verwerking<\/h3>\n<p><img decoding=\"async\" src=\"\/wp-content\/uploads\/factory-11.webp\"\/><\/p>\n<h3>CNC precisiemachinewerkplaats<\/h3>\n<p><img decoding=\"async\" src=\"\/wp-content\/uploads\/factory-11.5.webp\"\/><\/p>\n<h3>Eindproduct &amp; Export Magazijn<\/h3>\n<p><img decoding=\"async\" src=\"\/wp-content\/uploads\/factory-12.webp\"\/><\/p>\n<p><img decoding=\"async\" src=\"\/wp-content\/uploads\/factory-13.webp\"\/><\/p>\n<p><img decoding=\"async\" src=\"\/wp-content\/uploads\/factory-14.webp\"\/><\/p>\n<h2>FAQ<\/h2>\n<p><p><b>1.Wat is een aluminium montagekanaal?<\/b><\/p>\n<p>Een aluminium montagegoot voor glas is een precisie ontworpen aluminium profiel dat wordt gebruikt om glaspanelen stevig vast te zetten in architecturale en interieurinstallaties.<br \/>\n<\/p><br \/>\n<br \/>\n<p><b>2.Wat zijn de voordelen van het gebruik van aluminium glazen goten?<\/b><\/p>\n<p>Ze bieden een sterke structurele ondersteuning, corrosiebestendigheid, een strakke look en compatibiliteit met verschillende glasdiktes.<br \/>\n<\/p><br \/>\n<br \/>\n<p><b>3.Is dit kanaal geschikt voor buitentoepassingen?<\/b><\/p>\n<p>Ja, de corrosiebestendige afwerking maakt het ideaal voor zowel binnen- als buitengebruik, inclusief balustrades en gevels.<br \/>\n<\/p><br \/>\n<br \/>\n<p><b>4.Is het kanaal geschikt voor verschillende glasdiktes?<\/b><\/p>\n<p>Ja, we bieden meerdere kanaalmaten die geschikt zijn voor gangbare glasdiktes zoals 8mm, 10mm en 12mm.<br \/>\n<\/p><br \/>\n<br \/>\n<p><b>5.Waar worden aluminium montagegoten voor glas vaak gebruikt?<\/b><\/p>\n<p>Ze worden veel gebruikt in douchewanden, glazen scheidingswanden, leuningen, balustrades en glazen gevelsystemen.<br \/>\n<\/p><br \/>\n<br \/>\n<p><b>6.Zijn deze kanalen gemakkelijk te installeren?<\/b><\/p>\n<p>Ja, ze zijn ontworpen voor een snelle installatie met standaard bevestigingsmiddelen en afdichtmiddelen, waardoor de arbeidstijd tot een minimum wordt beperkt.<br \/>\n<\/p><br \/>\n<br \/>\n<p><b>7.Kan ik aangepaste lengtes of afwerkingen krijgen?<\/b><\/p>\n<p>Ja, aangepaste lengtes, geanodiseerde kleuren en poedergecoate afwerkingen zijn beschikbaar om te voldoen aan de eisen van het project.<br \/>\n<\/p><br \/>\n<br \/>\n<p><b>8.Zorgen aluminium glazen goten voor een waterdichte afdichting?<\/b><\/p>\n<p>Wanneer ze worden ge\u00efnstalleerd met compatibele pakkingen en afdichtmiddelen, bieden ze een uitstekende afdichting voor natte ruimtes zoals badkamers en balkons.<br \/>\n<\/p><br \/><\/p>","protected":false},"featured_media":7297,"template":"","categories":[67],"class_list":["post-7298","product","type-product","status-publish","has-post-thumbnail","hentry","category-architectural-aluminium-profile"],"meta_box":{"hilight_text_group":{"product_hilight_text":"<li>High-strength aluminum ensures secure and stable glass installation<\/li>\r\r\n<li>Corrosion-resistant surface ideal for interior and exterior applications<\/li>\r\r\n<li>Precision-extruded for tight fit and clean finish<\/li>\r\r\n<li>Supports various glass thicknesses for versatile use<\/li>\r\r\n<li>Easy to install with standard mounting hardware<\/li>\r\r\n<li>Available in multiple finishes and custom lengths<\/li>\r\r\n<li>Ideal for partitions, balustrades, shower enclosures, and shopfronts<\/li>","product_chanpin_blog":"<ul>\r\r\n<li><a href=\"https:\/\/sinoextrud.com\/t-slot-v-slot-differences\/\" target=\"_blank\">t slot vs v slot<\/a><\/li>\r\r\n<li><a href=\"https:\/\/sinoextrud.com\/what-is-4040-aluminium-extrud\/\" target=\"_blank\">4040 aluminium extrusion<\/a><\/li>\r\r\n<li><a href=\"https:\/\/sinoextrud.com\/what-is-4040-aluminium-extrud\/\" target=\"_blank\">aluminum extrusions for industrial racks<\/a><\/li>\r\r\n<li><a href=\"https:\/\/sinoextrud.com\/powder-coating-aluminium-process\/\" target=\"_blank\">powder coating aluminium<\/a><\/li>\r\r\n<li><a href=\"https:\/\/sinoextrud.com\/what-is-an-aluminium-strip-ceiling\/\" target=\"_blank\">aluminium strip ceiling<\/a><\/li>\r\r\n<li><a href=\"https:\/\/sinoextrud.com\/what-is-a-heat-sink\/\" target=\"_blank\">what is a heat sink<\/a><\/li>\r\r\n<\/ul>","product_chanpin_chanpin":"<li><a href=\"https:\/\/sinoextrud.com\/product\/aluminium-fabrication\/\" target=\"_blank\">Aluminium Fabrication<\/a><\/li>\r\n<li><a href=\"https:\/\/sinoextrud.com\/product\/aluminium-profile-for-window\/\" target=\"_blank\">Aluminium Profile For Window<\/a><\/li>\r\n<li><a href=\"https:\/\/sinoextrud.com\/product\/powder-coating-aluminium-roller-shutter-profile\/\" target=\"_blank\">Powder Coating Aluminium Roller shutter Profile<\/a><\/li>\r\n<li><a href=\"https:\/\/sinoextrud.com\/product\/aluminium-furniture\/\" target=\"_blank\">Aluminium Furniture<\/a><\/li>\r\n<li><a href=\"https:\/\/sinoextrud.com\/product\/aluminium-glass-fitting-channel\/\" target=\"_blank\">Aluminium Glass Fitting Channel<\/a><\/li>\r\n<li><a href=\"https:\/\/sinoextrud.com\/product\/aluminum-price-per-pound\/\" target=\"_blank\">Aluminum Price Per Pound<\/a><\/li>\r\n<li><a href=\"https:\/\/sinoextrud.com\/product\/aluminum-profile-extrusion-of-heatsink-sections-for-sale\/\" target=\"_blank\">Aluminum Profile Extrusion Of Heatsink Sections For Sale<\/a><\/li>\r\n<li><a href=\"https:\/\/sinoextrud.com\/product\/customized-ome-aluminium-profile-extruded-with-the-anodized-black-champage-silver-white-and-blasted-treatment\/\" target=\"_blank\">Customized OME Aluminium Profile Extruded With The Anodized Black Champage Silver White And Blasted Treatment<\/a><\/li>\r\n<li><a href=\"https:\/\/sinoextrud.com\/product\/aluminum-profile-windows-and-door-powder-coated-sliding-way\/\" target=\"_blank\">aluminum profile windows and door powder coated sliding way<\/a><\/li>\r\n<li><a href=\"https:\/\/sinoextrud.com\/product\/item-structural-aluminum-extrusions\/\" target=\"_blank\">Item Structural Aluminum Extrusions<\/a><\/li>\r\n<li><a href=\"https:\/\/sinoextrud.com\/product\/aluminum-extrusion-accessories\/\" target=\"_blank\">Aluminum Extrusion Accessories<\/a><\/li>"},"feature_list":[]},"_links":{"self":[{"href":"https:\/\/sinoextrud.com\/nl\/wp-json\/wp\/v2\/product\/7298","targetHints":{"allow":["GET"]}}],"collection":[{"href":"https:\/\/sinoextrud.com\/nl\/wp-json\/wp\/v2\/product"}],"about":[{"href":"https:\/\/sinoextrud.com\/nl\/wp-json\/wp\/v2\/types\/product"}],"wp:featuredmedia":[{"embeddable":true,"href":"https:\/\/sinoextrud.com\/nl\/wp-json\/wp\/v2\/media\/7297"}],"wp:attachment":[{"href":"https:\/\/sinoextrud.com\/nl\/wp-json\/wp\/v2\/media?parent=7298"}],"wp:term":[{"taxonomy":"category","embeddable":true,"href":"https:\/\/sinoextrud.com\/nl\/wp-json\/wp\/v2\/categories?post=7298"}],"curies":[{"name":"wp","href":"https:\/\/api.w.org\/{rel}","templated":true}]}}