{"id":6675,"date":"2025-05-30T08:09:46","date_gmt":"2025-05-30T08:09:46","guid":{"rendered":"https:\/\/sinoextrud.com\/product\/aluminum-extrusion-6063-powder-coating-aluminum-tile-roof-profile\/"},"modified":"2025-06-24T06:11:29","modified_gmt":"2025-06-24T06:11:29","slug":"aluminium-extrusie-6063-poedercoating-aluminium-dakpanprofiel","status":"publish","type":"product","link":"https:\/\/sinoextrud.com\/nl\/product\/aluminum-extrusion-6063-powder-coating-aluminum-tile-roof-profile\/","title":{"rendered":"Aluminium extrusie 6063 poeder coating aluminium dak profiel tegels"},"content":{"rendered":"<h2>Producten Details<\/h2>\n<table class=\"custom-table\">\n<tr>\n<td class=\"label\">Productnaam<\/td>\n<td>Aluminium extrusie 6063 poeder coating aluminium dak profiel tegels<\/td>\n<\/tr>\n<tr>\n<td class=\"label\">Assortiment<\/td>\n<td>Aluminiumextrusie voor extrusies voor aluminium dakpannen, dakbedekkingsprofielen, lichtgewicht dakbedekkingsmaterialen, duurzame dakbedekkingsopties, weerbestendige dakbedekking 7. Duurzame dakbedekkingsoplossingen Duurzame dakbedekkingsoplossingen 8. Aanpasbare dakbedekkingsprofielen 9. Energie-effici\u00ebnte dakbedekkingsmaterialen 10. Milieuvriendelijke dakbedekkingsopties, enz.<\/td>\n<\/tr>\n<tr>\n<td class=\"label\">Toepassing<\/td>\n<td>woonhuizen, commerci\u00eble gebouwen en industri\u00eble faciliteiten, enz.<\/td>\n<\/tr>\n<tr>\n<td class=\"label\">Aluminiumlegering<\/td>\n<td>6000 serie, 6063<\/td>\n<\/tr>\n<tr>\n<td class=\"label\">Temper<\/td>\n<td>T5-T8<\/td>\n<\/tr>\n<tr>\n<td class=\"label\">Vorm<\/td>\n<td>maatwerk<\/td>\n<\/tr>\n<tr>\n<td class=\"label\">Dikte<\/td>\n<td>0,65 mm, 0,8 mm, 1,0 mm<\/td>\n<\/tr>\n<tr>\n<td class=\"label\">Lengte<\/td>\n<td>1-9m<\/td>\n<\/tr>\n<tr>\n<td class=\"label\">Oppervlaktebehandeling<\/td>\n<td>stroomcoating of maatwerk<\/td>\n<\/tr>\n<tr>\n<td class=\"label\">CNC Diepe Bewerking<\/td>\n<td>snijden, boren, machinaal bewerken, ponsen, buigen, tappen enzovoort<\/td>\n<\/tr>\n<tr>\n<td class=\"label\">Certificeringen<\/td>\n<td>CE, ISO, SGS, TUV, ROHS<\/td>\n<\/tr>\n<tr>\n<td class=\"label\">Monsters<\/td>\n<td>gratis monster. 1-3 dagen aan u geleverd.<\/td>\n<\/tr>\n<tr>\n<td class=\"label\">MOQ<\/td>\n<td>200KG voor elk profiel<\/td>\n<\/tr>\n<tr>\n<td class=\"label\">Levertijd<\/td>\n<td>Vorm het ontwikkelen en steekproefbevestiging is 12-15 dagen, dan is de productieduur 15-25 dagen na ontvangstbewijs van storting van koper.<\/td>\n<\/tr>\n<tr>\n<td class=\"label\">Betalingsvoorwaarden<\/td>\n<td>30% aanbetaling v\u00f3\u00f3r productie en saldo v\u00f3\u00f3r verzending.<\/td>\n<\/tr>\n<\/table>\n<h2>Onze productiebasis<\/h2>\n<h3>Fabriek Panorama<\/h3>\n<p><img decoding=\"async\" src=\"\/wp-content\/uploads\/factory-01.webp\"\/><\/p>\n<h3>Aluminium staaf productie werkplaats<\/h3>\n<p><img decoding=\"async\" src=\"\/wp-content\/uploads\/factory-02.webp\"\/><\/p>\n<p><img decoding=\"async\" src=\"\/wp-content\/uploads\/factory-03.webp\"\/><\/p>\n<h3>Magazijn voor schimmelopslag<\/h3>\n<p><img decoding=\"async\" src=\"\/wp-content\/uploads\/factory-04.webp\"\/><\/p>\n<h3>43 lijnen voor aluminiumextrusie (500\u00e2\u20ac\"5500 ton)<\/h3>\n<p><img decoding=\"async\" src=\"\/wp-content\/uploads\/factory-05.webp\"\/><\/p>\n<p><img decoding=\"async\" src=\"\/wp-content\/uploads\/factory-06.webp\"\/><\/p>\n<p><img decoding=\"async\" src=\"\/wp-content\/uploads\/factory-07.webp\"\/><\/p>\n<h3>Poedercoating Werkplaats<\/h3>\n<p><img decoding=\"async\" src=\"\/wp-content\/uploads\/factory-09.webp\"\/><\/p>\n<h3>Anodiseren Werkplaats<\/h3>\n<p><img decoding=\"async\" src=\"\/wp-content\/uploads\/factory-10.webp\"\/><\/p>\n<h3>Workshop Diepe Verwerking<\/h3>\n<p><img decoding=\"async\" src=\"\/wp-content\/uploads\/factory-11.webp\"\/><\/p>\n<h3>CNC precisiemachinewerkplaats<\/h3>\n<p><img decoding=\"async\" src=\"\/wp-content\/uploads\/factory-11.5.webp\"\/><\/p>\n<h3>Eindproduct &amp; Export Magazijn<\/h3>\n<p><img decoding=\"async\" src=\"\/wp-content\/uploads\/factory-12.webp\"\/><\/p>\n<p><img decoding=\"async\" src=\"\/wp-content\/uploads\/factory-13.webp\"\/><\/p>\n<p><img decoding=\"async\" src=\"\/wp-content\/uploads\/factory-14.webp\"\/><\/p>\n<h2>FAQ<\/h2>\n<p><p><b>1.Wat is een aluminium extrusie 6063 poedercoating aluminium dakpanprofiel?<\/b><\/p>\n<p>Het is een aluminium profiel gemaakt van een legering 6063 met een poedergecoate afwerking, ontworpen voor gebruik in dakpannen om duurzaamheid en esthetische aantrekkingskracht te bieden.<br \/>\n<\/p><br \/>\n<br \/>\n<p><b>2. Wat zijn de belangrijkste voordelen van 6063 poedercoating aluminium dakpanprofielen?<\/b><\/p>\n<p>Ze bieden een uitstekende corrosiebestendigheid, lichtgewicht sterkte, UV-bescherming, weerbestendigheid en een gladde, duurzame afwerking.<br \/>\n<\/p><br \/>\n<br \/>\n<p><b>3. Waarom kiezen 6063 aluminiumlegering voor dakpanprofielen?<\/b><\/p>\n<p>Legering 6063 biedt goede mechanische eigenschappen, uitstekende mogelijkheden voor oppervlakteafwerking en is ideaal voor architecturale toepassingen buitenshuis, zoals dakbedekking.<br \/>\n<\/p><br \/>\n<br \/>\n<p><b>4.Can 6063 het dakprofielen van de poederdeklaagaluminiumtegel worden aangepast?<\/b><\/p>\n<p>Ja, ze kunnen worden aangepast in vorm, grootte, kleur van de poedercoating, textuur en lengte om te voldoen aan specifieke ontwerp- en prestatievereisten voor daken.<br \/>\n<\/p><br \/>\n<br \/>\n<p><b>5.Hoe verbetert poedercoating de prestaties van aluminium dakpanprofielen?<\/b><\/p>\n<p>Poedercoating cre\u00ebert een sterke, uniforme beschermlaag die bestand is tegen verbleken, afschilferen, krassen en milieuschade.<br \/>\n<\/p><br \/>\n<br \/>\n<p><b>6.Zijn 6063 aluminium dakpanprofielen met poedercoating geschikt voor alle klimaten?<\/b><\/p>\n<p>Ja, ze zijn bestand tegen barre weersomstandigheden, blootstelling aan UV-straling, vocht en temperatuurschommelingen en garanderen duurzame dakbedekkingsoplossingen.<br \/>\n<\/p><br \/>\n<br \/>\n<p><b>7.Welke industrie\u00ebn gebruiken vaak 6063 aluminium dakpanprofielen met poedercoating?<\/b><\/p>\n<p>Bouw-, architectuur- en dakbedekkingsbedrijven gebruiken deze profielen voor duurzame en aantrekkelijke dakbedekkingssystemen.<br \/>\n<\/p><br \/>\n<br \/>\n<p><b>8.Hoe ondersteunen 6063 aluminium dakpanprofielen met poedercoating duurzaam bouwen?<\/b><\/p>\n<p>Aluminium is volledig recyclebaar en poedercoating is een milieuvriendelijke afwerking die de levensduur van het product verlengt, waardoor er minder onderhoud en vervanging nodig is.<br \/>\n<\/p><br \/><\/p>","protected":false},"featured_media":6674,"template":"","categories":[64],"class_list":["post-6675","product","type-product","status-publish","has-post-thumbnail","hentry","category-new-trend-aluminium-products"],"meta_box":{"hilight_text_group":{"product_hilight_text":"<li>Made from durable 6063 aluminum alloy with excellent corrosion resistance<\/li>\r\r\n<li>Powder coating provides vibrant, long-lasting color and weather protection<\/li>\r\r\n<li>Precision extrusion ensures consistent dimensions for easy installation<\/li>\r\r\n<li>Lightweight design reduces structural load on roofing systems<\/li>\r\r\n<li>Supports custom profiles and bulk orders for diverse roofing projects<\/li>","product_chanpin_blog":"<ul>\r\r\n<li><a href=\"https:\/\/sinoextrud.com\/t-slot-v-slot-differences\/\" target=\"_blank\">t slot vs v slot<\/a><\/li>\r\r\n<li><a href=\"https:\/\/sinoextrud.com\/what-is-4040-aluminium-extrud\/\" target=\"_blank\">4040 aluminium extrusion<\/a><\/li>\r\r\n<li><a href=\"https:\/\/sinoextrud.com\/what-is-4040-aluminium-extrud\/\" target=\"_blank\">aluminum extrusions for industrial racks<\/a><\/li>\r\r\n<li><a href=\"https:\/\/sinoextrud.com\/powder-coating-aluminium-process\/\" target=\"_blank\">powder coating aluminium<\/a><\/li>\r\r\n<li><a href=\"https:\/\/sinoextrud.com\/what-is-an-aluminium-strip-ceiling\/\" target=\"_blank\">aluminium strip ceiling<\/a><\/li>\r\r\n<li><a href=\"https:\/\/sinoextrud.com\/what-is-a-heat-sink\/\" target=\"_blank\">what is a heat sink<\/a><\/li>\r\r\n<\/ul>","product_chanpin_chanpin":"<li><a href=\"https:\/\/sinoextrud.com\/product\/aluminum-extrusion-6063-anodized-wardrobe-clothes-rod-aluminum-profile\/\" target=\"_blank\">Aluminum Extrusion 6063 Anodized Wardrobe Clothes Rod Aluminum Profile<\/a><\/li>\r\n<li><a href=\"https:\/\/sinoextrud.com\/product\/aluminum-extrusion-6063-anodized-clothes-drive-airer-aluminum-rack-profile\/\" target=\"_blank\">Aluminum Extrusion 6063 Anodized Clothes Drive Airer Aluminum Rack Profile<\/a><\/li>\r\n<li><a href=\"https:\/\/sinoextrud.com\/product\/aluminum-extrusion-baseboard-aluminum-skirting-profile\/\" target=\"_blank\">Aluminum Extrusion Baseboard Aluminum Skirting Profile<\/a><\/li>\r\n<li><a href=\"https:\/\/sinoextrud.com\/product\/aluminum-extrusion-aluminum-edge-trim-for-truck-body-cabins-profiles\/\" target=\"_blank\">Aluminum Extrusion Aluminum Edge Trim For Truck Body Cabins Profiles<\/a><\/li>\r\n<li><a href=\"https:\/\/sinoextrud.com\/product\/aluminum-extrusion-6063-powder-coating-aluminum-tile-roof-profile\/\" target=\"_blank\">Aluminum Extrusion 6063 Powder Coating Aluminum Tile Roof Profile<\/a><\/li>\r\n<li><a href=\"https:\/\/sinoextrud.com\/product\/brushed-aluminum-profiles\/\" target=\"_blank\">Brushed Aluminum Profiles<\/a><\/li>\r\n<li><a href=\"https:\/\/sinoextrud.com\/product\/aluminum-photo-frame-profile\/\" target=\"_blank\">Aluminum Photo Frame Profile<\/a><\/li>\r\n<li><a href=\"https:\/\/sinoextrud.com\/product\/f-channel-aluminum-extrusion\/\" target=\"_blank\">F Channel Aluminum Extrusion<\/a><\/li>\r\n<li><a href=\"https:\/\/sinoextrud.com\/product\/aluminum-glazing-extrusions\/\" target=\"_blank\">Aluminum Glazing Extrusions<\/a><\/li>\r\n<li><a href=\"https:\/\/sinoextrud.com\/product\/aluminium-extrusion-enclosure\/\" target=\"_blank\">Aluminium Extrusion Enclosure<\/a><\/li>\r\n<li><a href=\"https:\/\/sinoextrud.com\/product\/aluminium-profile-corner-joint\/\" target=\"_blank\">Aluminium Profile Corner Joint<\/a><\/li>"},"feature_list":[]},"_links":{"self":[{"href":"https:\/\/sinoextrud.com\/nl\/wp-json\/wp\/v2\/product\/6675","targetHints":{"allow":["GET"]}}],"collection":[{"href":"https:\/\/sinoextrud.com\/nl\/wp-json\/wp\/v2\/product"}],"about":[{"href":"https:\/\/sinoextrud.com\/nl\/wp-json\/wp\/v2\/types\/product"}],"wp:featuredmedia":[{"embeddable":true,"href":"https:\/\/sinoextrud.com\/nl\/wp-json\/wp\/v2\/media\/6674"}],"wp:attachment":[{"href":"https:\/\/sinoextrud.com\/nl\/wp-json\/wp\/v2\/media?parent=6675"}],"wp:term":[{"taxonomy":"category","embeddable":true,"href":"https:\/\/sinoextrud.com\/nl\/wp-json\/wp\/v2\/categories?post=6675"}],"curies":[{"name":"wp","href":"https:\/\/api.w.org\/{rel}","templated":true}]}}