{"id":6662,"date":"2025-05-30T07:54:04","date_gmt":"2025-05-30T07:54:04","guid":{"rendered":"https:\/\/sinoextrud.com\/product\/custom-high-quality-6063-powder-coating-aluminum-pergola-profile\/"},"modified":"2025-06-24T06:11:26","modified_gmt":"2025-06-24T06:11:26","slug":"aangepaste-hoge-kwaliteit-6063-poeder-coating-aluminium-pergola-profiel","status":"publish","type":"product","link":"https:\/\/sinoextrud.com\/nl\/product\/custom-high-quality-6063-powder-coating-aluminum-pergola-profile\/","title":{"rendered":"Aangepaste hoge kwaliteit 6063 poeder coating aluminium pergola profiel"},"content":{"rendered":"<h2>Producten Details<\/h2>\n<table class=\"custom-table\">\n<tr>\n<td class=\"label\">Productnaam<\/td>\n<td>Aangepaste hoge kwaliteit 6063 poeder coating aluminium pergola profiel<\/td>\n<\/tr>\n<tr>\n<td class=\"label\">Assortiment<\/td>\n<td>aluminium profielen voor Aluminium pergola, Moderne aluminium pergola, Aluminium pergola kits, Aluminium pergola ontwerpen, Aluminium pergola met verstelbare lamellen, Aluminium pergola met intrekbare luifel, Aluminium pergola voor het buitenleven, Aluminium pergola voor achtertuin, Aluminium pergola met polycarbonaat dak, Aluminium pergola met ge\u00efntegreerde verlichting, enz.<\/td>\n<\/tr>\n<tr>\n<td class=\"label\">Toepassing<\/td>\n<td>parken, tuinen, patio's en veranda's<\/td>\n<\/tr>\n<tr>\n<td class=\"label\">Aluminiumlegering<\/td>\n<td>6000 serie, 6063<\/td>\n<\/tr>\n<tr>\n<td class=\"label\">Temper<\/td>\n<td>T5-T8<\/td>\n<\/tr>\n<tr>\n<td class=\"label\">Vorm<\/td>\n<td>maatwerk<\/td>\n<\/tr>\n<tr>\n<td class=\"label\">Dikte<\/td>\n<td>0,8 mm-Aangepast<\/td>\n<\/tr>\n<tr>\n<td class=\"label\">Oppervlaktebehandeling<\/td>\n<td>Oppervlaktebehandeling op maat<\/td>\n<\/tr>\n<tr>\n<td class=\"label\">CNC Diepe Bewerking<\/td>\n<td>snijden, boren, machinaal bewerken, ponsen, buigen, tappen enzovoort<\/td>\n<\/tr>\n<tr>\n<td class=\"label\">Certificeringen<\/td>\n<td>CE, ISO, SGS, TUV, ROHS<\/td>\n<\/tr>\n<tr>\n<td class=\"label\">Standaard<\/td>\n<td>GB5237.1-2017<\/td>\n<\/tr>\n<tr>\n<td class=\"label\">MOQ<\/td>\n<td>200KG voor elk profiel<\/td>\n<\/tr>\n<tr>\n<td class=\"label\">Levertijd<\/td>\n<td>Vorm het ontwikkelen en steekproefbevestiging is 12-15 dagen, dan is de productieduur 15-25 dagen na ontvangstbewijs van storting van koper.<\/td>\n<\/tr>\n<tr>\n<td class=\"label\">Betalingsvoorwaarden<\/td>\n<td>30% aanbetaling v\u00f3\u00f3r productie en saldo v\u00f3\u00f3r verzending.<\/td>\n<\/tr>\n<\/table>\n<h2>Onze productiebasis<\/h2>\n<h3>Fabriek Panorama<\/h3>\n<p><img decoding=\"async\" src=\"\/wp-content\/uploads\/factory-01.webp\"\/><\/p>\n<h3>Aluminium staaf productie werkplaats<\/h3>\n<p><img decoding=\"async\" src=\"\/wp-content\/uploads\/factory-02.webp\"\/><\/p>\n<p><img decoding=\"async\" src=\"\/wp-content\/uploads\/factory-03.webp\"\/><\/p>\n<h3>Magazijn voor schimmelopslag<\/h3>\n<p><img decoding=\"async\" src=\"\/wp-content\/uploads\/factory-04.webp\"\/><\/p>\n<h3>43 lijnen voor aluminiumextrusie (500\u00e2\u20ac\"5500 ton)<\/h3>\n<p><img decoding=\"async\" src=\"\/wp-content\/uploads\/factory-05.webp\"\/><\/p>\n<p><img decoding=\"async\" src=\"\/wp-content\/uploads\/factory-06.webp\"\/><\/p>\n<p><img decoding=\"async\" src=\"\/wp-content\/uploads\/factory-07.webp\"\/><\/p>\n<h3>Poedercoating Werkplaats<\/h3>\n<p><img decoding=\"async\" src=\"\/wp-content\/uploads\/factory-09.webp\"\/><\/p>\n<h3>Anodiseren Werkplaats<\/h3>\n<p><img decoding=\"async\" src=\"\/wp-content\/uploads\/factory-10.webp\"\/><\/p>\n<h3>Workshop Diepe Verwerking<\/h3>\n<p><img decoding=\"async\" src=\"\/wp-content\/uploads\/factory-11.webp\"\/><\/p>\n<h3>CNC precisiemachinewerkplaats<\/h3>\n<p><img decoding=\"async\" src=\"\/wp-content\/uploads\/factory-11.5.webp\"\/><\/p>\n<h3>Eindproduct &amp; Export Magazijn<\/h3>\n<p><img decoding=\"async\" src=\"\/wp-content\/uploads\/factory-12.webp\"\/><\/p>\n<p><img decoding=\"async\" src=\"\/wp-content\/uploads\/factory-13.webp\"\/><\/p>\n<p><img decoding=\"async\" src=\"\/wp-content\/uploads\/factory-14.webp\"\/><\/p>\n<h2>FAQ<\/h2>\n<p><p><b>1.Wat is een aangepaste hoge kwaliteit 6063 poedercoating aluminium pergola profiel?<\/b><\/p>\n<p>Het is een speciaal ontworpen aluminium extrusie van een legering 6063 met een poedergecoate afwerking, gebruikt voor een duurzame en aantrekkelijke pergolaconstructie.<br \/>\n<\/p><br \/>\n<br \/>\n<p><b>2. Wat zijn de belangrijkste voordelen van 6063 poedercoating aluminium pergola profielen?<\/b><\/p>\n<p>Ze bieden een uitstekende corrosiebestendigheid, lichtgewicht sterkte, UV-bescherming, weerbestendigheid en een gladde, duurzame afwerking.<br \/>\n<\/p><br \/>\n<br \/>\n<p><b>3.Waarom kiezen 6063 aluminiumlegering voor pergola profielen?<\/b><\/p>\n<p>Legering 6063 biedt goede mechanische eigenschappen en uitstekende prestaties bij anodiseren en poedercoaten, waardoor het ideaal is voor architecturale constructies buitenshuis.<br \/>\n<\/p><br \/>\n<br \/>\n<p><b>4.Kunnen aluminium pergolaprofielen op maat gemaakt worden voor specifieke ontwerpen?<\/b><\/p>\n<p>Ja, ze kunnen worden aangepast in vorm, grootte, kleur van de poedercoating, textuur en lengte om te voldoen aan unieke architecturale en landschapswensen.<br \/>\n<\/p><br \/>\n<br \/>\n<p><b>5.Hoe verbetert poedercoating de prestaties van aluminium pergolaprofielen?<\/b><\/p>\n<p>Poedercoating cre\u00ebert een sterke, uniforme beschermlaag die bestand is tegen verbleken, afschilferen, krassen en milieuschade.<br \/>\n<\/p><br \/>\n<br \/>\n<p><b>6.Zijn 6063 aluminium pergolaprofielen met poedercoating geschikt voor buitengebruik?<\/b><\/p>\n<p>Ja, ze zijn bestand tegen barre weersomstandigheden, blootstelling aan UV-straling en vocht, en garanderen een langdurige structurele integriteit en esthetische aantrekkingskracht.<br \/>\n<\/p><br \/>\n<br \/>\n<p><b>7.Welke industrie\u00ebn gebruiken pergolaprofielen van aluminium met poedercoating 6063 op maat?<\/b><\/p>\n<p>Landschapsarchitecten, bouwbedrijven, fabrikanten van buitenmeubilair en woningbouwers gebruiken deze profielen.<br \/>\n<\/p><br \/>\n<br \/>\n<p><b>8.Hoe ondersteunen op maat gemaakte aluminium pergolaprofielen met 6063 poedercoating van hoge kwaliteit duurzaam bouwen?<\/b><\/p>\n<p>Aluminium is volledig recyclebaar en poedercoating is een milieuvriendelijke afwerking die de levensduur van het product verlengt en het onderhoud en de vervangingsfrequentie vermindert.<br \/>\n<\/p><br \/><\/p>","protected":false},"featured_media":6661,"template":"","categories":[64],"class_list":["post-6662","product","type-product","status-publish","has-post-thumbnail","hentry","category-new-trend-aluminium-products"],"meta_box":{"hilight_text_group":{"product_hilight_text":"<li>Made from high-quality 6063 aluminum alloy with excellent strength and durability<\/li>\r\r\n<li>Powder coating provides superior corrosion resistance and vibrant finish<\/li>\r\r\n<li>Customizable profiles tailored to specific pergola design requirements<\/li>\r\r\n<li>Lightweight and easy to install, ideal for outdoor architectural applications<\/li>\r\r\n<li>Supports bulk orders with consistent quality and timely delivery<\/li>","product_chanpin_blog":"<ul>\r\r\n<li><a href=\"https:\/\/sinoextrud.com\/t-slot-v-slot-differences\/\" target=\"_blank\">t slot vs v slot<\/a><\/li>\r\r\n<li><a href=\"https:\/\/sinoextrud.com\/what-is-4040-aluminium-extrud\/\" target=\"_blank\">4040 aluminium extrusion<\/a><\/li>\r\r\n<li><a href=\"https:\/\/sinoextrud.com\/what-is-4040-aluminium-extrud\/\" target=\"_blank\">aluminum extrusions for industrial racks<\/a><\/li>\r\r\n<li><a href=\"https:\/\/sinoextrud.com\/powder-coating-aluminium-process\/\" target=\"_blank\">powder coating aluminium<\/a><\/li>\r\r\n<li><a href=\"https:\/\/sinoextrud.com\/what-is-an-aluminium-strip-ceiling\/\" target=\"_blank\">aluminium strip ceiling<\/a><\/li>\r\r\n<li><a href=\"https:\/\/sinoextrud.com\/what-is-a-heat-sink\/\" target=\"_blank\">what is a heat sink<\/a><\/li>\r\r\n<\/ul>","product_chanpin_chanpin":"<li><a href=\"https:\/\/sinoextrud.com\/product\/aluminum-h-shaped-connected-panels-profile-for-safe-non-slip-walkway-panel-temporary-ground-road\/\" target=\"_blank\">Aluminum H-shaped Connected Panels Profile For Safe Non-slip Walkway Panel Temporary Ground Road<\/a><\/li>\r\n<li><a href=\"https:\/\/sinoextrud.com\/product\/customizable-minimalist-office-aluminum-partition-profiles\/\" target=\"_blank\">Customizable Minimalist Office Aluminum Partition Profiles<\/a><\/li>\r\n<li><a href=\"https:\/\/sinoextrud.com\/product\/cnc-bending-aluminum-frame-profile-for-suitcase-luggage\/\" target=\"_blank\">CNC Bending Aluminum Frame Profile For Suitcase Luggage<\/a><\/li>\r\n<li><a href=\"https:\/\/sinoextrud.com\/product\/custom-high-quality-reinforced-aluminum-flood-planks-aluminum-flood-barrier-profiles\/\" target=\"_blank\">Custom High-quality Reinforced Aluminum Flood Planks Aluminum Flood Barrier Profiles<\/a><\/li>\r\n<li><a href=\"https:\/\/sinoextrud.com\/product\/custom-high-quality-6063-powder-coating-aluminum-pergola-profile\/\" target=\"_blank\">Custom High-quality 6063 Powder Coating Aluminum Pergola Profile<\/a><\/li>\r\n<li><a href=\"https:\/\/sinoextrud.com\/product\/china-high-quality-polishing-shower-enclosure-aluminum-extrusion-profile\/\" target=\"_blank\">China High-quality Polishing Shower Enclosure Aluminum Extrusion Profile<\/a><\/li>\r\n<li><a href=\"https:\/\/sinoextrud.com\/product\/aluminum-extrusion-6063-anodized-wardrobe-clothes-rod-aluminum-profile\/\" target=\"_blank\">Aluminum Extrusion 6063 Anodized Wardrobe Clothes Rod Aluminum Profile<\/a><\/li>\r\n<li><a href=\"https:\/\/sinoextrud.com\/product\/aluminum-extrusion-6063-anodized-clothes-drive-airer-aluminum-rack-profile\/\" target=\"_blank\">Aluminum Extrusion 6063 Anodized Clothes Drive Airer Aluminum Rack Profile<\/a><\/li>\r\n<li><a href=\"https:\/\/sinoextrud.com\/product\/aluminum-extrusion-baseboard-aluminum-skirting-profile\/\" target=\"_blank\">Aluminum Extrusion Baseboard Aluminum Skirting Profile<\/a><\/li>\r\n<li><a href=\"https:\/\/sinoextrud.com\/product\/aluminum-cnc\/\" target=\"_blank\">Aluminum CNC<\/a><\/li>\r\n<li><a href=\"https:\/\/sinoextrud.com\/product\/extruded-aluminum-hex-tube\/\" target=\"_blank\">Extruded Aluminum Hex Tube<\/a><\/li>"},"feature_list":[]},"_links":{"self":[{"href":"https:\/\/sinoextrud.com\/nl\/wp-json\/wp\/v2\/product\/6662","targetHints":{"allow":["GET"]}}],"collection":[{"href":"https:\/\/sinoextrud.com\/nl\/wp-json\/wp\/v2\/product"}],"about":[{"href":"https:\/\/sinoextrud.com\/nl\/wp-json\/wp\/v2\/types\/product"}],"wp:featuredmedia":[{"embeddable":true,"href":"https:\/\/sinoextrud.com\/nl\/wp-json\/wp\/v2\/media\/6661"}],"wp:attachment":[{"href":"https:\/\/sinoextrud.com\/nl\/wp-json\/wp\/v2\/media?parent=6662"}],"wp:term":[{"taxonomy":"category","embeddable":true,"href":"https:\/\/sinoextrud.com\/nl\/wp-json\/wp\/v2\/categories?post=6662"}],"curies":[{"name":"wp","href":"https:\/\/api.w.org\/{rel}","templated":true}]}}