{"id":6655,"date":"2025-05-30T07:22:36","date_gmt":"2025-05-30T07:22:36","guid":{"rendered":"https:\/\/sinoextrud.com\/product\/cnc-bending-aluminum-frame-profile-for-suitcase-luggage\/"},"modified":"2025-06-24T06:11:26","modified_gmt":"2025-06-24T06:11:26","slug":"cnc-buigen-aluminium-frameprofiel-voor-koffer-bagage","status":"publish","type":"product","link":"https:\/\/sinoextrud.com\/nl\/product\/cnc-bending-aluminum-frame-profile-for-suitcase-luggage\/","title":{"rendered":"CNC buigen aluminium frame profiel voor koffer Bagage"},"content":{"rendered":"<h2>Producten Details<\/h2>\n<table class=\"custom-table\">\n<tr>\n<td class=\"label\">Productnaam<\/td>\n<td>CNC buigen aluminium frame profiel voor koffer Bagage<\/td>\n<\/tr>\n<tr>\n<td class=\"label\">Materiaal<\/td>\n<td>6000 serie<\/td>\n<\/tr>\n<tr>\n<td class=\"label\">Toepassing<\/td>\n<td>Aluminium Reisbagage<\/td>\n<\/tr>\n<tr>\n<td class=\"label\">Aluminium Soorten<\/td>\n<td>Aluminium frameprofiel, aluminium buigprofiel, aangepast aluminium profiel<\/td>\n<\/tr>\n<tr>\n<td class=\"label\">Oppervlaktebehandeling<\/td>\n<td>afgewerkt, geanodiseerd, houtnerf, poedercoating, zandstralen, elektroforese, geborsteld, polijsten, enz.<\/td>\n<\/tr>\n<tr>\n<td class=\"label\">CNC Diepe Bewerking<\/td>\n<td>snijden, boren, machinaal bewerken, ponsen, buigen, tappen enzovoort<\/td>\n<\/tr>\n<tr>\n<td class=\"label\">Certificeringen<\/td>\n<td>CE, ISO, SGS, TUV, ROHS<\/td>\n<\/tr>\n<tr>\n<td class=\"label\">Monsters<\/td>\n<td>gratis monster. 1-3 dagen aan u geleverd.<\/td>\n<\/tr>\n<tr>\n<td class=\"label\">MOQ<\/td>\n<td>Lager MOQ<\/td>\n<\/tr>\n<tr>\n<td class=\"label\">Levertijd<\/td>\n<td>15-25 dagen<\/td>\n<\/tr>\n<tr>\n<td class=\"label\">Betalingsvoorwaarden<\/td>\n<td>30% aanbetaling v\u00f3\u00f3r productie en saldo v\u00f3\u00f3r verzending.<\/td>\n<\/tr>\n<\/table>\n<h2>Onze productiebasis<\/h2>\n<h3>Fabriek Panorama<\/h3>\n<p><img decoding=\"async\" src=\"\/wp-content\/uploads\/factory-01.webp\"\/><\/p>\n<h3>Aluminium staaf productie werkplaats<\/h3>\n<p><img decoding=\"async\" src=\"\/wp-content\/uploads\/factory-02.webp\"\/><\/p>\n<p><img decoding=\"async\" src=\"\/wp-content\/uploads\/factory-03.webp\"\/><\/p>\n<h3>Magazijn voor schimmelopslag<\/h3>\n<p><img decoding=\"async\" src=\"\/wp-content\/uploads\/factory-04.webp\"\/><\/p>\n<h3>43 lijnen voor aluminiumextrusie (500\u00e2\u20ac\"5500 ton)<\/h3>\n<p><img decoding=\"async\" src=\"\/wp-content\/uploads\/factory-05.webp\"\/><\/p>\n<p><img decoding=\"async\" src=\"\/wp-content\/uploads\/factory-06.webp\"\/><\/p>\n<p><img decoding=\"async\" src=\"\/wp-content\/uploads\/factory-07.webp\"\/><\/p>\n<h3>Poedercoating Werkplaats<\/h3>\n<p><img decoding=\"async\" src=\"\/wp-content\/uploads\/factory-09.webp\"\/><\/p>\n<h3>Anodiseren Werkplaats<\/h3>\n<p><img decoding=\"async\" src=\"\/wp-content\/uploads\/factory-10.webp\"\/><\/p>\n<h3>Workshop Diepe Verwerking<\/h3>\n<p><img decoding=\"async\" src=\"\/wp-content\/uploads\/factory-11.webp\"\/><\/p>\n<h3>CNC precisiemachinewerkplaats<\/h3>\n<p><img decoding=\"async\" src=\"\/wp-content\/uploads\/factory-11.5.webp\"\/><\/p>\n<h3>Eindproduct &amp; Export Magazijn<\/h3>\n<p><img decoding=\"async\" src=\"\/wp-content\/uploads\/factory-12.webp\"\/><\/p>\n<p><img decoding=\"async\" src=\"\/wp-content\/uploads\/factory-13.webp\"\/><\/p>\n<p><img decoding=\"async\" src=\"\/wp-content\/uploads\/factory-14.webp\"\/><\/p>\n<h2>FAQ<\/h2>\n<p><p><b>1.Wat is een CNC buigen aluminium frameprofiel voor koffer bagage?<\/b><\/p>\n<p>Het is een aluminium extrusie gevormd met behulp van CNC buigtechnologie om duurzame, lichtgewicht frames te vormen voor koffers en bagage.<br \/>\n<\/p><br \/>\n<br \/>\n<p><b>2.Wat zijn de belangrijkste voordelen van CNC buigen van aluminium frameprofielen bij de productie van bagage?<\/b><\/p>\n<p>Ze bieden een hoge sterkte-gewichtsverhouding, precisiebuigingen, corrosiebestendigheid, slagvastheid en een verbeterde esthetische aantrekkingskracht.<br \/>\n<\/p><br \/>\n<br \/>\n<p><b>3.Waarom kiezen voor CNC buigen voor aluminium frameprofielen in de kofferproductie?<\/b><\/p>\n<p>CNC buigen zorgt voor een nauwkeurige, consistente vormgeving met minimaal afval, waardoor complexe ontwerpen en een verbeterde structurele integriteit mogelijk zijn.<br \/>\n<\/p><br \/>\n<br \/>\n<p><b>4.Kan CNC gebogen aluminium frameprofielen worden aangepast voor bagage?<\/b><\/p>\n<p>Ja, ze kunnen worden aangepast in legeringstype, afmetingen, buighoeken, oppervlakteafwerking en ontwerp om te voldoen aan specifieke vereisten voor koffers.<br \/>\n<\/p><br \/>\n<br \/>\n<p><b>5.Hoe verbetert het aluminium frame de duurzaamheid van de koffer?<\/b><\/p>\n<p>Aluminium frames bieden een sterke structurele ondersteuning, zijn bestand tegen vervorming en beschermen de inhoud terwijl de bagage licht blijft.<br \/>\n<\/p><br \/>\n<br \/>\n<p><b>6.Zijn CNC gebogen aluminium frameprofielen geschikt voor alle soorten bagage?<\/b><\/p>\n<p>Ja, ze worden gebruikt in hardschalige, softschalige en hybride bagageontwerpen om de duurzaamheid en stijl te verbeteren.<br \/>\n<\/p><br \/>\n<br \/>\n<p><b>7.Welke industrie\u00ebn gebruiken vaak CNC buigen van aluminium frameprofielen?<\/b><\/p>\n<p>Bagagefabrikanten, reisartikelenbedrijven en luxe accessoiremerken gebruiken deze profielen voor duurzame producten van hoge kwaliteit.<br \/>\n<\/p><br \/>\n<br \/>\n<p><b>8.Hoe ondersteunen CNC buigbare aluminium frameprofielen duurzame bagageproductie?<\/b><\/p>\n<p>Aluminium is volledig recyclebaar en CNC buigen vermindert materiaalafval, waardoor milieuvriendelijke en effici\u00ebnte productiemethoden worden bevorderd.<br \/>\n<\/p><br \/><\/p>","protected":false},"featured_media":6654,"template":"","categories":[64],"class_list":["post-6655","product","type-product","status-publish","has-post-thumbnail","hentry","category-new-trend-aluminium-products"],"meta_box":{"hilight_text_group":{"product_hilight_text":"<li>Precision CNC bending ensures accurate and consistent frame profiles<\/li>\r\r\n<li>High-strength aluminum provides durable and lightweight suitcase frames<\/li>\r\r\n<li>Corrosion-resistant finish enhances longevity and aesthetic appeal<\/li>\r\r\n<li>Customizable designs to fit various luggage sizes and styles<\/li>\r\r\n<li>Supports bulk production with reliable quality and timely delivery<\/li>","product_chanpin_blog":"<ul>\r\r\n<li><a href=\"https:\/\/sinoextrud.com\/t-slot-v-slot-differences\/\" target=\"_blank\">t slot vs v slot<\/a><\/li>\r\r\n<li><a href=\"https:\/\/sinoextrud.com\/what-is-4040-aluminium-extrud\/\" target=\"_blank\">4040 aluminium extrusion<\/a><\/li>\r\r\n<li><a href=\"https:\/\/sinoextrud.com\/what-is-4040-aluminium-extrud\/\" target=\"_blank\">aluminum extrusions for industrial racks<\/a><\/li>\r\r\n<li><a href=\"https:\/\/sinoextrud.com\/powder-coating-aluminium-process\/\" target=\"_blank\">powder coating aluminium<\/a><\/li>\r\r\n<li><a href=\"https:\/\/sinoextrud.com\/what-is-an-aluminium-strip-ceiling\/\" target=\"_blank\">aluminium strip ceiling<\/a><\/li>\r\r\n<li><a href=\"https:\/\/sinoextrud.com\/what-is-a-heat-sink\/\" target=\"_blank\">what is a heat sink<\/a><\/li>\r\r\n<\/ul>","product_chanpin_chanpin":"<li><a href=\"https:\/\/sinoextrud.com\/product\/custom-high-quality-aluminum-shower-room-mirror-frame-aluminum-profile\/\" target=\"_blank\">Custom High-quality Aluminum Shower Room Mirror Frame Aluminum Profile<\/a><\/li>\r\n<li><a href=\"https:\/\/sinoextrud.com\/product\/20-year-warranty-6061-6063-aluminum-wood-grain-look-aluminum-extruded-square-rectangular-tube\/\" target=\"_blank\">20-Year Warranty 6061 6063 Aluminum Wood Grain Look Aluminum Extruded Square Rectangular Tube<\/a><\/li>\r\n<li><a href=\"https:\/\/sinoextrud.com\/product\/aluminum-h-shaped-connected-panels-profile-for-safe-non-slip-walkway-panel-temporary-ground-road\/\" target=\"_blank\">Aluminum H-shaped Connected Panels Profile For Safe Non-slip Walkway Panel Temporary Ground Road<\/a><\/li>\r\n<li><a href=\"https:\/\/sinoextrud.com\/product\/customizable-minimalist-office-aluminum-partition-profiles\/\" target=\"_blank\">Customizable Minimalist Office Aluminum Partition Profiles<\/a><\/li>\r\n<li><a href=\"https:\/\/sinoextrud.com\/product\/cnc-bending-aluminum-frame-profile-for-suitcase-luggage\/\" target=\"_blank\">CNC Bending Aluminum Frame Profile For Suitcase Luggage<\/a><\/li>\r\n<li><a href=\"https:\/\/sinoextrud.com\/product\/custom-high-quality-reinforced-aluminum-flood-planks-aluminum-flood-barrier-profiles\/\" target=\"_blank\">Custom High-quality Reinforced Aluminum Flood Planks Aluminum Flood Barrier Profiles<\/a><\/li>\r\n<li><a href=\"https:\/\/sinoextrud.com\/product\/custom-high-quality-6063-powder-coating-aluminum-pergola-profile\/\" target=\"_blank\">Custom High-quality 6063 Powder Coating Aluminum Pergola Profile<\/a><\/li>\r\n<li><a href=\"https:\/\/sinoextrud.com\/product\/china-high-quality-polishing-shower-enclosure-aluminum-extrusion-profile\/\" target=\"_blank\">China High-quality Polishing Shower Enclosure Aluminum Extrusion Profile<\/a><\/li>\r\n<li><a href=\"https:\/\/sinoextrud.com\/product\/aluminum-extrusion-6063-anodized-wardrobe-clothes-rod-aluminum-profile\/\" target=\"_blank\">Aluminum Extrusion 6063 Anodized Wardrobe Clothes Rod Aluminum Profile<\/a><\/li>\r\n<li><a href=\"https:\/\/sinoextrud.com\/product\/l-shaped-aluminum-trim\/\" target=\"_blank\">L Shaped Aluminum Trim<\/a><\/li>\r\n<li><a href=\"https:\/\/sinoextrud.com\/product\/commercial-handrail-systems\/\" target=\"_blank\">Commercial Handrail Systems<\/a><\/li>"},"feature_list":[]},"_links":{"self":[{"href":"https:\/\/sinoextrud.com\/nl\/wp-json\/wp\/v2\/product\/6655","targetHints":{"allow":["GET"]}}],"collection":[{"href":"https:\/\/sinoextrud.com\/nl\/wp-json\/wp\/v2\/product"}],"about":[{"href":"https:\/\/sinoextrud.com\/nl\/wp-json\/wp\/v2\/types\/product"}],"wp:featuredmedia":[{"embeddable":true,"href":"https:\/\/sinoextrud.com\/nl\/wp-json\/wp\/v2\/media\/6654"}],"wp:attachment":[{"href":"https:\/\/sinoextrud.com\/nl\/wp-json\/wp\/v2\/media?parent=6655"}],"wp:term":[{"taxonomy":"category","embeddable":true,"href":"https:\/\/sinoextrud.com\/nl\/wp-json\/wp\/v2\/categories?post=6655"}],"curies":[{"name":"wp","href":"https:\/\/api.w.org\/{rel}","templated":true}]}}