{"id":6624,"date":"2025-05-30T02:14:03","date_gmt":"2025-05-30T02:14:03","guid":{"rendered":"https:\/\/sinoextrud.com\/product\/aluminum-t-shape-transition-tile-trim\/"},"modified":"2025-06-24T06:11:19","modified_gmt":"2025-06-24T06:11:19","slug":"aluminium-t-vorm-overgang-tegelbekleding","status":"publish","type":"product","link":"https:\/\/sinoextrud.com\/nl\/product\/aluminum-t-shape-transition-tile-trim\/","title":{"rendered":"Aluminium T Vorm Overgang Tegel Trim"},"content":{"rendered":"<h2>Producten Details<\/h2>\n<table class=\"custom-table\">\n<tr>\n<td class=\"label\">Productnaam<\/td>\n<td>Aluminium T-vorm overgang tegelbekleding<\/td>\n<\/tr>\n<tr>\n<td class=\"label\">Assortiment<\/td>\n<td>Aluminium extrusie voor vloer en muur aluminium overgang, Aluminium t trim<\/td>\n<\/tr>\n<tr>\n<td class=\"label\">Temper<\/td>\n<td>T3-T8<\/td>\n<\/tr>\n<tr>\n<td class=\"label\">Lengte<\/td>\n<td>2,5 meter\/stuk, of aangepast<\/td>\n<\/tr>\n<tr>\n<td class=\"label\">Kleur<\/td>\n<td>zilver, goud, zwart, brons, wit enz.<\/td>\n<\/tr>\n<tr>\n<td class=\"label\">Dikte<\/td>\n<td>0,5-2mm (aangepast)<\/td>\n<\/tr>\n<tr>\n<td class=\"label\">Functie<\/td>\n<td>om de ruimte tussen de tegels te bedekken<\/td>\n<\/tr>\n<tr>\n<td class=\"label\">Oppervlaktebehandeling<\/td>\n<td>afgewerkt, geanodiseerd, houtnerf, power coating, zandstralen, elektroforese, geborsteld, polijsten, enz.<\/td>\n<\/tr>\n<tr>\n<td class=\"label\">CNC Diepe Bewerking<\/td>\n<td>snijden, boren, machinaal bewerken, ponsen, buigen, tappen enzovoort<\/td>\n<\/tr>\n<tr>\n<td class=\"label\">Certificeringen<\/td>\n<td>CE, ISO, SGS, TUV, ROHS<\/td>\n<\/tr>\n<tr>\n<td class=\"label\">Monsters<\/td>\n<td>gratis monster. 1-3 dagen aan u geleverd.<\/td>\n<\/tr>\n<tr>\n<td class=\"label\">MOQ<\/td>\n<td>200KG voor elk profiel<\/td>\n<\/tr>\n<tr>\n<td class=\"label\">Levertijd<\/td>\n<td>Vorm het ontwikkelen en steekproefbevestiging is 12-15 dagen, dan is de productieduur 15-25 dagen na ontvangstbewijs van storting van koper.<\/td>\n<\/tr>\n<tr>\n<td class=\"label\">Betalingsvoorwaarden<\/td>\n<td>30% aanbetaling v\u00f3\u00f3r productie en saldo v\u00f3\u00f3r verzending.<br \/>enz.<\/td>\n<\/tr>\n<\/table>\n<h2>Onze productiebasis<\/h2>\n<h3>Fabriek Panorama<\/h3>\n<p><img decoding=\"async\" src=\"\/wp-content\/uploads\/factory-01.webp\"\/><\/p>\n<h3>Aluminium staaf productie werkplaats<\/h3>\n<p><img decoding=\"async\" src=\"\/wp-content\/uploads\/factory-02.webp\"\/><\/p>\n<p><img decoding=\"async\" src=\"\/wp-content\/uploads\/factory-03.webp\"\/><\/p>\n<h3>Magazijn voor schimmelopslag<\/h3>\n<p><img decoding=\"async\" src=\"\/wp-content\/uploads\/factory-04.webp\"\/><\/p>\n<h3>43 lijnen voor aluminiumextrusie (500\u00e2\u20ac\"5500 ton)<\/h3>\n<p><img decoding=\"async\" src=\"\/wp-content\/uploads\/factory-05.webp\"\/><\/p>\n<p><img decoding=\"async\" src=\"\/wp-content\/uploads\/factory-06.webp\"\/><\/p>\n<p><img decoding=\"async\" src=\"\/wp-content\/uploads\/factory-07.webp\"\/><\/p>\n<h3>Poedercoating Werkplaats<\/h3>\n<p><img decoding=\"async\" src=\"\/wp-content\/uploads\/factory-09.webp\"\/><\/p>\n<h3>Anodiseren Werkplaats<\/h3>\n<p><img decoding=\"async\" src=\"\/wp-content\/uploads\/factory-10.webp\"\/><\/p>\n<h3>Workshop Diepe Verwerking<\/h3>\n<p><img decoding=\"async\" src=\"\/wp-content\/uploads\/factory-11.webp\"\/><\/p>\n<h3>CNC precisiemachinewerkplaats<\/h3>\n<p><img decoding=\"async\" src=\"\/wp-content\/uploads\/factory-11.5.webp\"\/><\/p>\n<h3>Eindproduct &amp; Export Magazijn<\/h3>\n<p><img decoding=\"async\" src=\"\/wp-content\/uploads\/factory-12.webp\"\/><\/p>\n<p><img decoding=\"async\" src=\"\/wp-content\/uploads\/factory-13.webp\"\/><\/p>\n<p><img decoding=\"async\" src=\"\/wp-content\/uploads\/factory-14.webp\"\/><\/p>\n<h2>FAQ<\/h2>\n<p><p><b>1.Wat is een aluminium T-vorm overgangstegelbekleding?<\/b><\/p>\n<p>Het is een aluminium profiel ontworpen in een T-vorm om een vloeiende overgang te voorzien tussen verschillende types of niveaus van vloertegels.<br \/>\n<\/p><br \/>\n<br \/>\n<p><b>2.Wat zijn de belangrijkste voordelen van aluminium T vorm overgang tegel sierlijsten?<\/b><\/p>\n<p>Ze bieden duurzaamheid, corrosiebestendigheid, lichtgewicht sterkte, eenvoudige installatie en een schone, professionele afwerking tussen tegeloppervlakken.<br \/>\n<\/p><br \/>\n<br \/>\n<p><b>3.Waarom kiezen voor aluminium T vorm tegel sierlijsten in plaats van andere materialen?<\/b><\/p>\n<p>Aluminium sierlijsten zijn beter bestand tegen vocht, roest en slijtage dan kunststof of hout, waardoor ze lang meegaan en minimaal onderhoud vergen.<br \/>\n<\/p><br \/>\n<br \/>\n<p><b>4.Can de de tegelversieringen van de aluminiumt vormovergang worden aangepast?<\/b><\/p>\n<p>Ja, ze kunnen worden aangepast in lengte, breedte, dikte, afwerking en kleur om te voldoen aan specifieke ontwerpvereisten voor vloeren.<br \/>\n<\/p><br \/>\n<br \/>\n<p><b>5.Hoe zorgt de T-vorm voor betere tegelovergangen?<\/b><\/p>\n<p>De T-vorm zorgt voor een veilige en naadloze verbinding tussen tegels van verschillende hoogtes of materialen, waardoor struikelgevaar wordt voorkomen en de esthetiek wordt verbeterd.<br \/>\n<\/p><br \/>\n<br \/>\n<p><b>6.Zijn aluminium T-vormige tegelprofielen geschikt voor zowel residentieel als commercieel gebruik?<\/b><\/p>\n<p>Ja, ze zijn ideaal voor huizen, kantoren, winkels en industri\u00eble omgevingen vanwege hun sterkte en veelzijdige ontwerp.<br \/>\n<\/p><br \/>\n<br \/>\n<p><b>7.Welke industrie\u00ebn gebruiken vaak aluminium T-vormig overgangstegelprofiel?<\/b><\/p>\n<p>Bouw-, interieur-, vloeraannemers- en renovatiebedrijven gebruiken deze profielen voor effectieve en aantrekkelijke tegelinstallaties.<br \/>\n<\/p><br \/>\n<br \/>\n<p><b>8.Hoe ondersteunen aluminium T-vormige overgangstegelprofielen duurzaam bouwen?<\/b><\/p>\n<p>Aluminium is volledig recyclebaar en duurzaam, waardoor er minder afval is en minder vaak vervangen hoeft te worden, wat milieuvriendelijke vloeroplossingen bevordert.<br \/>\n<\/p><br \/><\/p>","protected":false},"featured_media":6623,"template":"","categories":[64],"class_list":["post-6624","product","type-product","status-publish","has-post-thumbnail","hentry","category-new-trend-aluminium-products"],"meta_box":{"hilight_text_group":{"product_hilight_text":"<li>T-shape design provides smooth and durable transition between tile surfaces<\/li>\r\r\n<li>Made from high-quality aluminum with excellent corrosion resistance<\/li>\r\r\n<li>Lightweight and easy to install for efficient flooring projects<\/li>\r\r\n<li>Enhances aesthetic appeal with clean and professional finish<\/li>\r\r\n<li>Available in various sizes and finishes to match different tile designs<\/li>","product_chanpin_blog":"<ul>\r\r\n<li><a href=\"https:\/\/sinoextrud.com\/t-slot-v-slot-differences\/\" target=\"_blank\">t slot vs v slot<\/a><\/li>\r\r\n<li><a href=\"https:\/\/sinoextrud.com\/what-is-4040-aluminium-extrud\/\" target=\"_blank\">4040 aluminium extrusion<\/a><\/li>\r\r\n<li><a href=\"https:\/\/sinoextrud.com\/what-is-4040-aluminium-extrud\/\" target=\"_blank\">aluminum extrusions for industrial racks<\/a><\/li>\r\r\n<li><a href=\"https:\/\/sinoextrud.com\/powder-coating-aluminium-process\/\" target=\"_blank\">powder coating aluminium<\/a><\/li>\r\r\n<li><a href=\"https:\/\/sinoextrud.com\/what-is-an-aluminium-strip-ceiling\/\" target=\"_blank\">aluminium strip ceiling<\/a><\/li>\r\r\n<li><a href=\"https:\/\/sinoextrud.com\/what-is-a-heat-sink\/\" target=\"_blank\">what is a heat sink<\/a><\/li>\r\r\n<\/ul>","product_chanpin_chanpin":"<li><a href=\"https:\/\/sinoextrud.com\/product\/aluminum-skirting-board\/\" target=\"_blank\">Aluminum Skirting Board<\/a><\/li>\r\n<li><a href=\"https:\/\/sinoextrud.com\/product\/purification-workshop-aluminum-profiles\/\" target=\"_blank\">Purification Workshop Aluminum Profiles<\/a><\/li>\r\n<li><a href=\"https:\/\/sinoextrud.com\/product\/aluminium-cladding-wall-profile\/\" target=\"_blank\">Aluminium Cladding Wall Profile<\/a><\/li>\r\n<li><a href=\"https:\/\/sinoextrud.com\/product\/medical-instrument-aluminum-profile\/\" target=\"_blank\">Medical Instrument Aluminum Profile<\/a><\/li>\r\n<li><a href=\"https:\/\/sinoextrud.com\/product\/aluminum-t-shape-transition-tile-trim\/\" target=\"_blank\">Aluminum T Shape Transition Tile Trim<\/a><\/li>\r\n<li><a href=\"https:\/\/sinoextrud.com\/product\/wood-grain-aluminum-decking\/\" target=\"_blank\">Wood Grain Aluminum Decking<\/a><\/li>\r\n<li><a href=\"https:\/\/sinoextrud.com\/product\/weather-resistant-wood-grain-aluminum-profile\/\" target=\"_blank\">Weather Resistant Wood Grain Aluminum Profile<\/a><\/li>\r\n<li><a href=\"https:\/\/sinoextrud.com\/product\/aluminium-kitchen-cabinet-handles\/\" target=\"_blank\">Aluminium Kitchen Cabinet Handles<\/a><\/li>\r\n<li><a href=\"https:\/\/sinoextrud.com\/product\/aluminum-shower-door-frame-parts-u-channel\/\" target=\"_blank\">Aluminum Shower Door Frame Parts U-channel<\/a><\/li>\r\n<li><a href=\"https:\/\/sinoextrud.com\/product\/wood-grain-aluminum-box-section\/\" target=\"_blank\">Wood Grain Aluminum Box Section<\/a><\/li>\r\n<li><a href=\"https:\/\/sinoextrud.com\/product\/oem-aluminum-extusion-profile-led-light-strip-channel\/\" target=\"_blank\">OEM Aluminum Extusion Profile Led Light strip channel<\/a><\/li>"},"feature_list":[]},"_links":{"self":[{"href":"https:\/\/sinoextrud.com\/nl\/wp-json\/wp\/v2\/product\/6624","targetHints":{"allow":["GET"]}}],"collection":[{"href":"https:\/\/sinoextrud.com\/nl\/wp-json\/wp\/v2\/product"}],"about":[{"href":"https:\/\/sinoextrud.com\/nl\/wp-json\/wp\/v2\/types\/product"}],"wp:featuredmedia":[{"embeddable":true,"href":"https:\/\/sinoextrud.com\/nl\/wp-json\/wp\/v2\/media\/6623"}],"wp:attachment":[{"href":"https:\/\/sinoextrud.com\/nl\/wp-json\/wp\/v2\/media?parent=6624"}],"wp:term":[{"taxonomy":"category","embeddable":true,"href":"https:\/\/sinoextrud.com\/nl\/wp-json\/wp\/v2\/categories?post=6624"}],"curies":[{"name":"wp","href":"https:\/\/api.w.org\/{rel}","templated":true}]}}