{"id":6618,"date":"2025-05-30T02:04:47","date_gmt":"2025-05-30T02:04:47","guid":{"rendered":"https:\/\/sinoextrud.com\/product\/purification-workshop-aluminum-profiles\/"},"modified":"2025-06-24T06:11:20","modified_gmt":"2025-06-24T06:11:20","slug":"zuiveringswerkplaats-aluminium-profielen","status":"publish","type":"product","link":"https:\/\/sinoextrud.com\/nl\/product\/purification-workshop-aluminum-profiles\/","title":{"rendered":"Zuiveringswerkplaats Aluminiumprofielen"},"content":{"rendered":"<h2>Producten Details<\/h2>\n<table class=\"custom-table\">\n<tr>\n<td class=\"label\">Productnaam<\/td>\n<td>Zuiveringswerkplaats Aluminiumprofielen<\/td>\n<\/tr>\n<tr>\n<td class=\"label\">Aluminiumlegering<\/td>\n<td>1000 serie, 200 serie, 3000 serie, 5000 serie, 6000 serie, 7000 serie<\/td>\n<\/tr>\n<tr>\n<td class=\"label\">Temper<\/td>\n<td>T3-T8<\/td>\n<\/tr>\n<tr>\n<td class=\"label\">Vorm<\/td>\n<td>maatwerk<\/td>\n<\/tr>\n<tr>\n<td class=\"label\">Kleur<\/td>\n<td>maatwerk<\/td>\n<\/tr>\n<tr>\n<td class=\"label\">Oppervlaktebehandeling<\/td>\n<td>afgewerkt, geanodiseerd, houtnerf, power coating, zandstralen, elektroforese, geborsteld, polijsten, enz.<\/td>\n<\/tr>\n<tr>\n<td class=\"label\">CNC Diepe Bewerking<\/td>\n<td>snijden, boren, machinaal bewerken, ponsen, buigen, tappen enzovoort<\/td>\n<\/tr>\n<tr>\n<td class=\"label\">Certificeringen<\/td>\n<td>CE, ISO, SGS, TUV, ROHS<\/td>\n<\/tr>\n<tr>\n<td class=\"label\">Monsters<\/td>\n<td>gratis monster. 1-3 dagen aan u geleverd.<\/td>\n<\/tr>\n<tr>\n<td class=\"label\">MOQ<\/td>\n<td>200KG voor elk profiel<\/td>\n<\/tr>\n<tr>\n<td class=\"label\">Levertijd<\/td>\n<td>Vorm het ontwikkelen en steekproefbevestiging is 12-15 dagen, dan is de productieduur 15-25 dagen na ontvangstbewijs van storting van koper.<\/td>\n<\/tr>\n<tr>\n<td class=\"label\">Betalingsvoorwaarden<\/td>\n<td>30% aanbetaling v\u00f3\u00f3r productie en saldo v\u00f3\u00f3r verzending.<br \/>enz.<\/td>\n<\/tr>\n<\/table>\n<h2>Onze productiebasis<\/h2>\n<h3>Fabriek Panorama<\/h3>\n<p><img decoding=\"async\" src=\"\/wp-content\/uploads\/factory-01.webp\"\/><\/p>\n<h3>Aluminium staaf productie werkplaats<\/h3>\n<p><img decoding=\"async\" src=\"\/wp-content\/uploads\/factory-02.webp\"\/><\/p>\n<p><img decoding=\"async\" src=\"\/wp-content\/uploads\/factory-03.webp\"\/><\/p>\n<h3>Magazijn voor schimmelopslag<\/h3>\n<p><img decoding=\"async\" src=\"\/wp-content\/uploads\/factory-04.webp\"\/><\/p>\n<h3>43 lijnen voor aluminiumextrusie (500\u00e2\u20ac\"5500 ton)<\/h3>\n<p><img decoding=\"async\" src=\"\/wp-content\/uploads\/factory-05.webp\"\/><\/p>\n<p><img decoding=\"async\" src=\"\/wp-content\/uploads\/factory-06.webp\"\/><\/p>\n<p><img decoding=\"async\" src=\"\/wp-content\/uploads\/factory-07.webp\"\/><\/p>\n<h3>Poedercoating Werkplaats<\/h3>\n<p><img decoding=\"async\" src=\"\/wp-content\/uploads\/factory-09.webp\"\/><\/p>\n<h3>Anodiseren Werkplaats<\/h3>\n<p><img decoding=\"async\" src=\"\/wp-content\/uploads\/factory-10.webp\"\/><\/p>\n<h3>Workshop Diepe Verwerking<\/h3>\n<p><img decoding=\"async\" src=\"\/wp-content\/uploads\/factory-11.webp\"\/><\/p>\n<h3>CNC precisiemachinewerkplaats<\/h3>\n<p><img decoding=\"async\" src=\"\/wp-content\/uploads\/factory-11.5.webp\"\/><\/p>\n<h3>Eindproduct &amp; Export Magazijn<\/h3>\n<p><img decoding=\"async\" src=\"\/wp-content\/uploads\/factory-12.webp\"\/><\/p>\n<p><img decoding=\"async\" src=\"\/wp-content\/uploads\/factory-13.webp\"\/><\/p>\n<p><img decoding=\"async\" src=\"\/wp-content\/uploads\/factory-14.webp\"\/><\/p>\n<h2>FAQ<\/h2>\n<p><p><b>1.Wat zijn zuiveringsworkshop aluminium profielen?<\/b><\/p>\n<p>Aluminiumprofielen voor zuiveringswerkplaatsen zijn speciaal ontworpen aluminiumextrusies die worden gebruikt in cleanrooms en zuiveringsomgevingen voor de constructie van frames, scheidingswanden en apparatuur.<br \/>\n<\/p><br \/>\n<br \/>\n<p><b>2. Wat zijn de belangrijkste voordelen van het gebruik van aluminium profielen in zuiveringswerkplaatsen?<\/b><\/p>\n<p>Ze bieden een uitstekende corrosiebestendigheid, lichtgewicht sterkte, eenvoudige montage, gladde oppervlakken voor eenvoudige reiniging en weerstand tegen chemische blootstelling.<br \/>\n<\/p><br \/>\n<br \/>\n<p><b>3.Waarom kiezen voor aluminium profielen voor de bouw van cleanrooms en zuiveringswerkplaatsen?<\/b><\/p>\n<p>Aluminium profielen bieden hygi\u00ebnische oppervlakken, structurele stabiliteit, aanpasbare configuraties en voldoen aan normen voor reinheid.<br \/>\n<\/p><br \/>\n<br \/>\n<p><b>4. Kan zuivering workshop aluminium profielen worden aangepast?<\/b><\/p>\n<p>Ja, ze kunnen worden aangepast in grootte, vorm, legeringstype, oppervlakteafwerking en modulair ontwerp om te voldoen aan specifieke cleanroomvereisten.<br \/>\n<\/p><br \/>\n<br \/>\n<p><b>5.Hoe verbeteren aluminiumprofielen de prestaties van zuiveringswerkplaatsen?<\/b><\/p>\n<p>Ze maken flexibele, luchtdichte constructies mogelijk die het risico op vervuiling verminderen en tegelijkertijd duurzame en effici\u00ebnte werkruimte-indelingen ondersteunen.<br \/>\n<\/p><br \/>\n<br \/>\n<p><b>6.Zijn aluminium profielen geschikt voor ruwe omgevingen in zuiveringswerkplaatsen?<\/b><\/p>\n<p>Ja, aluminium is bestand tegen vocht, chemicali\u00ebn en corrosie, waardoor het ideaal is voor het handhaven van steriele en gecontroleerde omgevingen.<br \/>\n<\/p><br \/>\n<br \/>\n<p><b>7. Welke industrie\u00ebn maken vaak gebruik van zuivering workshop aluminium profielen?<\/b><\/p>\n<p>De farmaceutische, halfgeleider-, biotechnologie-, voedselverwerkende en medische industrie vertrouwen op deze profielen voor de cleanroominfrastructuur.<br \/>\n<\/p><br \/>\n<br \/>\n<p><b>8.Hoe ondersteunen aluminiumprofielen in zuiveringsateliers duurzame productie?<\/b><\/p>\n<p>Aluminium is volledig recyclebaar en de duurzaamheid vermindert onderhoud en vervanging, waardoor milieuvriendelijke en kosteneffectieve cleanroomoplossingen worden bevorderd.<br \/>\n<\/p><br \/><\/p>","protected":false},"featured_media":6617,"template":"","categories":[64],"class_list":["post-6618","product","type-product","status-publish","has-post-thumbnail","hentry","category-new-trend-aluminium-products"],"meta_box":{"hilight_text_group":{"product_hilight_text":"<li>High-quality aluminum profiles designed for cleanroom and purification workshop environments<\/li>\r\r\n<li>Corrosion-resistant and easy to clean surfaces meet hygiene standards<\/li>\r\r\n<li>Precision extrusion ensures consistent dimensions for modular assembly<\/li>\r\r\n<li>Lightweight yet strong, facilitating easy installation and durability<\/li>\r\r\n<li>Supports custom profiles and bulk orders tailored to specific project requirements<\/li>","product_chanpin_blog":"<ul>\r\r\n<li><a href=\"https:\/\/sinoextrud.com\/t-slot-v-slot-differences\/\" target=\"_blank\">t slot vs v slot<\/a><\/li>\r\r\n<li><a href=\"https:\/\/sinoextrud.com\/what-is-4040-aluminium-extrud\/\" target=\"_blank\">4040 aluminium extrusion<\/a><\/li>\r\r\n<li><a href=\"https:\/\/sinoextrud.com\/what-is-4040-aluminium-extrud\/\" target=\"_blank\">aluminum extrusions for industrial racks<\/a><\/li>\r\r\n<li><a href=\"https:\/\/sinoextrud.com\/powder-coating-aluminium-process\/\" target=\"_blank\">powder coating aluminium<\/a><\/li>\r\r\n<li><a href=\"https:\/\/sinoextrud.com\/what-is-an-aluminium-strip-ceiling\/\" target=\"_blank\">aluminium strip ceiling<\/a><\/li>\r\r\n<li><a href=\"https:\/\/sinoextrud.com\/what-is-a-heat-sink\/\" target=\"_blank\">what is a heat sink<\/a><\/li>\r\r\n<\/ul>","product_chanpin_chanpin":"<li><a href=\"https:\/\/sinoextrud.com\/product\/wood-grain-bamboo-aluminum-pipe\/\" target=\"_blank\">Wood Grain Bamboo Aluminum Pipe<\/a><\/li>\r\n<li><a href=\"https:\/\/sinoextrud.com\/product\/anodized-aluminum-eectronic-equipment-enclosure\/\" target=\"_blank\">Anodized Aluminum Eectronic Equipment Enclosure<\/a><\/li>\r\n<li><a href=\"https:\/\/sinoextrud.com\/product\/aluminum-shower-frame-parts\/\" target=\"_blank\">Aluminum Shower Frame Parts<\/a><\/li>\r\n<li><a href=\"https:\/\/sinoextrud.com\/product\/aluminum-skirting-board\/\" target=\"_blank\">Aluminum Skirting Board<\/a><\/li>\r\n<li><a href=\"https:\/\/sinoextrud.com\/product\/purification-workshop-aluminum-profiles\/\" target=\"_blank\">Purification Workshop Aluminum Profiles<\/a><\/li>\r\n<li><a href=\"https:\/\/sinoextrud.com\/product\/aluminium-cladding-wall-profile\/\" target=\"_blank\">Aluminium Cladding Wall Profile<\/a><\/li>\r\n<li><a href=\"https:\/\/sinoextrud.com\/product\/medical-instrument-aluminum-profile\/\" target=\"_blank\">Medical Instrument Aluminum Profile<\/a><\/li>\r\n<li><a href=\"https:\/\/sinoextrud.com\/product\/aluminum-t-shape-transition-tile-trim\/\" target=\"_blank\">Aluminum T Shape Transition Tile Trim<\/a><\/li>\r\n<li><a href=\"https:\/\/sinoextrud.com\/product\/wood-grain-aluminum-decking\/\" target=\"_blank\">Wood Grain Aluminum Decking<\/a><\/li>\r\n<li><a href=\"https:\/\/sinoextrud.com\/product\/aluminium-profile-glass-curtain-wall-system\/\" target=\"_blank\">Aluminium Profile Glass Curtain Wall System<\/a><\/li>\r\n<li><a href=\"https:\/\/sinoextrud.com\/product\/t-slot-extruded-aluminum-framing-systems\/\" target=\"_blank\">T Slot Extruded Aluminum Framing Systems<\/a><\/li>"},"feature_list":[]},"_links":{"self":[{"href":"https:\/\/sinoextrud.com\/nl\/wp-json\/wp\/v2\/product\/6618","targetHints":{"allow":["GET"]}}],"collection":[{"href":"https:\/\/sinoextrud.com\/nl\/wp-json\/wp\/v2\/product"}],"about":[{"href":"https:\/\/sinoextrud.com\/nl\/wp-json\/wp\/v2\/types\/product"}],"wp:featuredmedia":[{"embeddable":true,"href":"https:\/\/sinoextrud.com\/nl\/wp-json\/wp\/v2\/media\/6617"}],"wp:attachment":[{"href":"https:\/\/sinoextrud.com\/nl\/wp-json\/wp\/v2\/media?parent=6618"}],"wp:term":[{"taxonomy":"category","embeddable":true,"href":"https:\/\/sinoextrud.com\/nl\/wp-json\/wp\/v2\/categories?post=6618"}],"curies":[{"name":"wp","href":"https:\/\/api.w.org\/{rel}","templated":true}]}}