{"id":6616,"date":"2025-05-30T02:02:30","date_gmt":"2025-05-30T02:02:30","guid":{"rendered":"https:\/\/sinoextrud.com\/product\/aluminum-skirting-board\/"},"modified":"2025-06-24T06:11:14","modified_gmt":"2025-06-24T06:11:14","slug":"aluminium-plint","status":"publish","type":"product","link":"https:\/\/sinoextrud.com\/nl\/product\/aluminum-skirting-board\/","title":{"rendered":"Aluminium plint"},"content":{"rendered":"<h2>Producten Details<\/h2>\n<table class=\"custom-table\">\n<tr>\n<td class=\"label\">Productnaam<\/td>\n<td>Aluminium plint<\/td>\n<\/tr>\n<tr>\n<td class=\"label\">Aluminiumlegering<\/td>\n<td>5000 serie (5052)<\/td>\n<\/tr>\n<tr>\n<td class=\"label\">Temper<\/td>\n<td>T3-T8<\/td>\n<\/tr>\n<tr>\n<td class=\"label\">Vorm<\/td>\n<td>maatwerk<\/td>\n<\/tr>\n<tr>\n<td class=\"label\">Kleur<\/td>\n<td>maatwerk<\/td>\n<\/tr>\n<tr>\n<td class=\"label\">Lengte<\/td>\n<td>3000 mm<\/td>\n<\/tr>\n<tr>\n<td class=\"label\">Maat<\/td>\n<td>80 mm<\/td>\n<\/tr>\n<tr>\n<td class=\"label\">Oppervlaktebehandeling<\/td>\n<td>geanodiseerd, drie-zuur oxidatie, polijsten<\/td>\n<\/tr>\n<tr>\n<td class=\"label\">CNC Diepe Bewerking<\/td>\n<td>snijden, boren, machinaal bewerken, ponsen, buigen, tappen enzovoort<\/td>\n<\/tr>\n<tr>\n<td class=\"label\">Certificeringen<\/td>\n<td>CE, ISO, SGS, TUV, ROHS<\/td>\n<\/tr>\n<tr>\n<td class=\"label\">Octrooi<\/td>\n<td>structuuroctrooien, verschijningsoctrooien en gebruikspatenten<\/td>\n<\/tr>\n<tr>\n<td class=\"label\">Monsters<\/td>\n<td>gratis monster. 1-3 dagen aan u geleverd.<\/td>\n<\/tr>\n<tr>\n<td class=\"label\">MOQ<\/td>\n<td>500m<\/td>\n<\/tr>\n<tr>\n<td class=\"label\">Levertijd<\/td>\n<td>25-30 dagen na ontvangst van de aanbetaling van de koper.<\/td>\n<\/tr>\n<tr>\n<td class=\"label\">Betalingsvoorwaarden<\/td>\n<td>30% aanbetaling v\u00f3\u00f3r productie en saldo v\u00f3\u00f3r verzending.<br \/>enz.<\/td>\n<\/tr>\n<\/table>\n<h2>Onze productiebasis<\/h2>\n<h3>Fabriek Panorama<\/h3>\n<p><img decoding=\"async\" src=\"\/wp-content\/uploads\/factory-01.webp\"\/><\/p>\n<h3>Aluminium staaf productie werkplaats<\/h3>\n<p><img decoding=\"async\" src=\"\/wp-content\/uploads\/factory-02.webp\"\/><\/p>\n<p><img decoding=\"async\" src=\"\/wp-content\/uploads\/factory-03.webp\"\/><\/p>\n<h3>Magazijn voor schimmelopslag<\/h3>\n<p><img decoding=\"async\" src=\"\/wp-content\/uploads\/factory-04.webp\"\/><\/p>\n<h3>43 lijnen voor aluminiumextrusie (500\u00e2\u20ac\"5500 ton)<\/h3>\n<p><img decoding=\"async\" src=\"\/wp-content\/uploads\/factory-05.webp\"\/><\/p>\n<p><img decoding=\"async\" src=\"\/wp-content\/uploads\/factory-06.webp\"\/><\/p>\n<p><img decoding=\"async\" src=\"\/wp-content\/uploads\/factory-07.webp\"\/><\/p>\n<h3>Poedercoating Werkplaats<\/h3>\n<p><img decoding=\"async\" src=\"\/wp-content\/uploads\/factory-09.webp\"\/><\/p>\n<h3>Anodiseren Werkplaats<\/h3>\n<p><img decoding=\"async\" src=\"\/wp-content\/uploads\/factory-10.webp\"\/><\/p>\n<h3>Workshop Diepe Verwerking<\/h3>\n<p><img decoding=\"async\" src=\"\/wp-content\/uploads\/factory-11.webp\"\/><\/p>\n<h3>CNC precisiemachinewerkplaats<\/h3>\n<p><img decoding=\"async\" src=\"\/wp-content\/uploads\/factory-11.5.webp\"\/><\/p>\n<h3>Eindproduct &amp; Export Magazijn<\/h3>\n<p><img decoding=\"async\" src=\"\/wp-content\/uploads\/factory-12.webp\"\/><\/p>\n<p><img decoding=\"async\" src=\"\/wp-content\/uploads\/factory-13.webp\"\/><\/p>\n<p><img decoding=\"async\" src=\"\/wp-content\/uploads\/factory-14.webp\"\/><\/p>\n<h2>FAQ<\/h2>\n<p><p><b>1.Wat is een aluminium plint?<\/b><\/p>\n<p>Een aluminium plint is een plint gemaakt van aluminium die wordt gebruikt om de voeg tussen de muur en de vloer te bedekken en bescherming en een decoratieve afwerking te bieden.<br \/>\n<\/p><br \/>\n<br \/>\n<p><b>2.Wat zijn de belangrijkste voordelen van aluminium plinten?<\/b><\/p>\n<p>Ze bieden een uitstekende duurzaamheid, corrosiebestendigheid, lichtgewicht sterkte, eenvoudig onderhoud en een strak, modern uiterlijk.<br \/>\n<\/p><br \/>\n<br \/>\n<p><b>3.Waarom kiezen voor aluminium plinten in plaats van traditionele materialen?<\/b><\/p>\n<p>Aluminium plinten zijn bestand tegen vocht, termieten en kromtrekken, waardoor ze ideaal zijn voor drukbezochte en vochtige omgevingen met een langere levensduur.<br \/>\n<\/p><br \/>\n<br \/>\n<p><b>4. Kunnen aluminium plinten worden aangepast?<\/b><\/p>\n<p>Ja, ze kunnen worden aangepast in lengte, hoogte, dikte, kleur en afwerking om te passen bij specifieke interieurontwerpen en architecturale stijlen.<br \/>\n<\/p><br \/>\n<br \/>\n<p><b>5.Hoe verbetert aluminium de prestaties van plinten?<\/b><\/p>\n<p>Aluminium biedt een sterke bescherming tegen stoten en slijtage, terwijl het een schoon, roestvrij oppervlak behoudt dat gemakkelijk schoon te maken is.<br \/>\n<\/p><br \/>\n<br \/>\n<p><b>6.Zijn aluminium plinten geschikt voor zowel residentieel als commercieel gebruik?<\/b><\/p>\n<p>Ja, hun duurzaamheid en esthetische aantrekkingskracht maken ze geschikt voor huizen, kantoren, winkels en industri\u00eble omgevingen.<br \/>\n<\/p><br \/>\n<br \/>\n<p><b>7.Welke industrie\u00ebn gebruiken vaak aluminium plinten?<\/b><\/p>\n<p>In de bouw, het interieur, de horeca en commerci\u00eble gebouwen worden aluminium plinten gebruikt voor functionele en decoratieve doeleinden.<br \/>\n<\/p><br \/>\n<br \/>\n<p><b>8.Hoe ondersteunen aluminium plinten duurzaam bouwen?<\/b><\/p>\n<p>Aluminium is volledig recyclebaar en duurzaam, waardoor minder afval ontstaat en vervanging nodig is, wat bijdraagt aan milieuvriendelijk bouwen en ontwerpen.<br \/>\n<\/p><br \/><\/p>","protected":false},"featured_media":6615,"template":"","categories":[64],"class_list":["post-6616","product","type-product","status-publish","has-post-thumbnail","hentry","category-new-trend-aluminium-products"],"meta_box":{"hilight_text_group":{"product_hilight_text":"<li>Durable aluminum construction resists moisture, impact, and corrosion<\/li>\r\r\n<li>Lightweight design allows for easy installation and handling<\/li>\r\r\n<li>Sleek finish enhances interior aesthetics and complements modern designs<\/li>\r\r\n<li>Custom lengths and profiles available to fit various spaces<\/li>\r\r\n<li>Low maintenance and long-lasting, ideal for commercial and residential use<\/li>","product_chanpin_blog":"<ul>\r\r\n<li><a href=\"https:\/\/sinoextrud.com\/t-slot-v-slot-differences\/\" target=\"_blank\">t slot vs v slot<\/a><\/li>\r\r\n<li><a href=\"https:\/\/sinoextrud.com\/what-is-4040-aluminium-extrud\/\" target=\"_blank\">4040 aluminium extrusion<\/a><\/li>\r\r\n<li><a href=\"https:\/\/sinoextrud.com\/what-is-4040-aluminium-extrud\/\" target=\"_blank\">aluminum extrusions for industrial racks<\/a><\/li>\r\r\n<li><a href=\"https:\/\/sinoextrud.com\/powder-coating-aluminium-process\/\" target=\"_blank\">powder coating aluminium<\/a><\/li>\r\r\n<li><a href=\"https:\/\/sinoextrud.com\/what-is-an-aluminium-strip-ceiling\/\" target=\"_blank\">aluminium strip ceiling<\/a><\/li>\r\r\n<li><a href=\"https:\/\/sinoextrud.com\/what-is-a-heat-sink\/\" target=\"_blank\">what is a heat sink<\/a><\/li>\r\r\n<\/ul>","product_chanpin_chanpin":"<li><a href=\"https:\/\/sinoextrud.com\/product\/glass-balcony-railing-aluminum-u-channel-design\/\" target=\"_blank\">Glass Balcony Railing Aluminum U Channel Design<\/a><\/li>\r\n<li><a href=\"https:\/\/sinoextrud.com\/product\/wood-grain-bamboo-aluminum-pipe\/\" target=\"_blank\">Wood Grain Bamboo Aluminum Pipe<\/a><\/li>\r\n<li><a href=\"https:\/\/sinoextrud.com\/product\/anodized-aluminum-eectronic-equipment-enclosure\/\" target=\"_blank\">Anodized Aluminum Eectronic Equipment Enclosure<\/a><\/li>\r\n<li><a href=\"https:\/\/sinoextrud.com\/product\/aluminum-shower-frame-parts\/\" target=\"_blank\">Aluminum Shower Frame Parts<\/a><\/li>\r\n<li><a href=\"https:\/\/sinoextrud.com\/product\/aluminum-skirting-board\/\" target=\"_blank\">Aluminum Skirting Board<\/a><\/li>\r\n<li><a href=\"https:\/\/sinoextrud.com\/product\/purification-workshop-aluminum-profiles\/\" target=\"_blank\">Purification Workshop Aluminum Profiles<\/a><\/li>\r\n<li><a href=\"https:\/\/sinoextrud.com\/product\/aluminium-cladding-wall-profile\/\" target=\"_blank\">Aluminium Cladding Wall Profile<\/a><\/li>\r\n<li><a href=\"https:\/\/sinoextrud.com\/product\/medical-instrument-aluminum-profile\/\" target=\"_blank\">Medical Instrument Aluminum Profile<\/a><\/li>\r\n<li><a href=\"https:\/\/sinoextrud.com\/product\/aluminum-t-shape-transition-tile-trim\/\" target=\"_blank\">Aluminum T Shape Transition Tile Trim<\/a><\/li>\r\n<li><a href=\"https:\/\/sinoextrud.com\/product\/aluminum-extrusion-frame\/\" target=\"_blank\">Aluminum Extrusion Frame<\/a><\/li>\r\n<li><a href=\"https:\/\/sinoextrud.com\/product\/aluminum-shower-door-frame-parts-u-channel\/\" target=\"_blank\">Aluminum Shower Door Frame Parts U-channel<\/a><\/li>"},"feature_list":[]},"_links":{"self":[{"href":"https:\/\/sinoextrud.com\/nl\/wp-json\/wp\/v2\/product\/6616","targetHints":{"allow":["GET"]}}],"collection":[{"href":"https:\/\/sinoextrud.com\/nl\/wp-json\/wp\/v2\/product"}],"about":[{"href":"https:\/\/sinoextrud.com\/nl\/wp-json\/wp\/v2\/types\/product"}],"wp:featuredmedia":[{"embeddable":true,"href":"https:\/\/sinoextrud.com\/nl\/wp-json\/wp\/v2\/media\/6615"}],"wp:attachment":[{"href":"https:\/\/sinoextrud.com\/nl\/wp-json\/wp\/v2\/media?parent=6616"}],"wp:term":[{"taxonomy":"category","embeddable":true,"href":"https:\/\/sinoextrud.com\/nl\/wp-json\/wp\/v2\/categories?post=6616"}],"curies":[{"name":"wp","href":"https:\/\/api.w.org\/{rel}","templated":true}]}}