{"id":6589,"date":"2025-05-29T09:58:46","date_gmt":"2025-05-29T09:58:46","guid":{"rendered":"https:\/\/sinoextrud.com\/product\/wood-grain-bamboo-aluminum-pipe\/"},"modified":"2025-06-24T06:11:14","modified_gmt":"2025-06-24T06:11:14","slug":"aluminium-buis-met-houtnerf-bamboe","status":"publish","type":"product","link":"https:\/\/sinoextrud.com\/nl\/product\/wood-grain-bamboo-aluminum-pipe\/","title":{"rendered":"Bamboe Aluminium Pijp met Houtnerf"},"content":{"rendered":"<h2>Producten Details<\/h2>\n<table class=\"custom-table\">\n<tr>\n<td class=\"label\">Productnaam<\/td>\n<td>Bamboe Aluminium Pijp met Houtnerf<\/td>\n<\/tr>\n<tr>\n<td class=\"label\">Aluminiumlegering<\/td>\n<td>1000 serie, 200 serie, 3000 serie, 5000 serie, 6000 serie, 7000 serie<\/td>\n<\/tr>\n<tr>\n<td class=\"label\">Temper<\/td>\n<td>T3-T8<\/td>\n<\/tr>\n<tr>\n<td class=\"label\">Vorm<\/td>\n<td>Gebaseerd op de eisen van klanten<\/td>\n<\/tr>\n<tr>\n<td class=\"label\">Kleur<\/td>\n<td>Gebaseerd op de eisen van klanten<\/td>\n<\/tr>\n<tr>\n<td class=\"label\">Oppervlaktebehandeling<\/td>\n<td>Houtnerf<\/td>\n<\/tr>\n<tr>\n<td class=\"label\">CNC Diepe Bewerking<\/td>\n<td>snijden, boren, machinaal bewerken, ponsen, buigen, tappen enzovoort<\/td>\n<\/tr>\n<tr>\n<td class=\"label\">Certificeringen<\/td>\n<td>CE, ISO, SGS, TUV, ROHS<\/td>\n<\/tr>\n<tr>\n<td class=\"label\">Monsters<\/td>\n<td>gratis monster. 1-3 dagen aan u geleverd.<\/td>\n<\/tr>\n<tr>\n<td class=\"label\">MOQ<\/td>\n<td>200KG voor elk profiel<\/td>\n<\/tr>\n<tr>\n<td class=\"label\">Levertijd<\/td>\n<td>Vorm het ontwikkelen en steekproefbevestiging zijn 12-15 dagen, dan is de productieduur 15-25 dagen na ontvangstbewijs van storting van koper.<\/td>\n<\/tr>\n<tr>\n<td class=\"label\">Betalingsvoorwaarden<\/td>\n<td>30% aanbetaling v\u00f3\u00f3r productie en saldo v\u00f3\u00f3r verzending.<\/td>\n<\/tr>\n<tr>\n<td class=\"label\">Haven<\/td>\n<td>FOB Shenzhen, Guangzhou, enz.<\/td>\n<\/tr>\n<\/table>\n<h2>Onze productiebasis<\/h2>\n<h3>Fabriek Panorama<\/h3>\n<p><img decoding=\"async\" src=\"\/wp-content\/uploads\/factory-01.webp\"\/><\/p>\n<h3>Aluminium staaf productie werkplaats<\/h3>\n<p><img decoding=\"async\" src=\"\/wp-content\/uploads\/factory-02.webp\"\/><\/p>\n<p><img decoding=\"async\" src=\"\/wp-content\/uploads\/factory-03.webp\"\/><\/p>\n<h3>Magazijn voor schimmelopslag<\/h3>\n<p><img decoding=\"async\" src=\"\/wp-content\/uploads\/factory-04.webp\"\/><\/p>\n<h3>43 lijnen voor aluminiumextrusie (500-5500 ton)<\/h3>\n<p><img decoding=\"async\" src=\"\/wp-content\/uploads\/factory-05.webp\"\/><\/p>\n<p><img decoding=\"async\" src=\"\/wp-content\/uploads\/factory-06.webp\"\/><\/p>\n<p><img decoding=\"async\" src=\"\/wp-content\/uploads\/factory-07.webp\"\/><\/p>\n<h3>Poedercoating Werkplaats<\/h3>\n<p><img decoding=\"async\" src=\"\/wp-content\/uploads\/factory-09.webp\"\/><\/p>\n<h3>Anodiseren Werkplaats<\/h3>\n<p><img decoding=\"async\" src=\"\/wp-content\/uploads\/factory-10.webp\"\/><\/p>\n<h3>Workshop Diepe Verwerking<\/h3>\n<p><img decoding=\"async\" src=\"\/wp-content\/uploads\/factory-11.webp\"\/><\/p>\n<h3>CNC precisiemachinewerkplaats<\/h3>\n<p><img decoding=\"async\" src=\"\/wp-content\/uploads\/factory-11.5.webp\"\/><\/p>\n<h3>Eindproduct &amp; Export Magazijn<\/h3>\n<p><img decoding=\"async\" src=\"\/wp-content\/uploads\/factory-12.webp\"\/><\/p>\n<p><img decoding=\"async\" src=\"\/wp-content\/uploads\/factory-13.webp\"\/><\/p>\n<p><img decoding=\"async\" src=\"\/wp-content\/uploads\/factory-14.webp\"\/><\/p>\n<h2>FAQ<\/h2>\n<p><p><b>1.Wat is een aluminium buis met houtnerf bamboe?<\/b><\/p>\n<p>Een bamboe aluminium buis met houtnerfstructuur is een aluminium buis met een oppervlakteafwerking die de natuurlijke textuur van bamboe en houtnerf nabootst, waardoor stevigheid wordt gecombineerd met esthetische aantrekkingskracht.<br \/>\n<\/p><br \/>\n<br \/>\n<p><b>2.Wat zijn de belangrijkste voordelen van houtnerf bamboe aluminium buizen?<\/b><\/p>\n<p>Ze bieden een uitstekende corrosiebestendigheid, lichtgewicht duurzaamheid, weinig onderhoud en een realistisch uiterlijk van bamboehout dat geschikt is voor decoratieve en structurele toepassingen.<br \/>\n<\/p><br \/>\n<br \/>\n<p><b>3. Waarom kiezen voor bamboe aluminium buizen met houtnerf boven natuurlijk bamboe of hout?<\/b><\/p>\n<p>Aluminium buizen zijn bestand tegen rotten, insecten, vocht en kromtrekken, waardoor ze langer meegaan en gemakkelijker te onderhouden zijn, terwijl de natuurlijke uitstraling van bamboe behouden blijft.<br \/>\n<\/p><br \/>\n<br \/>\n<p><b>4.Kan houtnerf bamboe aluminium buizen worden aangepast?<\/b><\/p>\n<p>Ja, ze kunnen worden aangepast in grootte, wanddikte, nerfpatroon, kleur en lengte om te voldoen aan specifieke ontwerp- en functionele eisen.<br \/>\n<\/p><br \/>\n<br \/>\n<p><b>5.Hoe verbetert de afwerking met bamboehoutnerf de aluminium buizen?<\/b><\/p>\n<p>De afwerking zorgt voor een natuurlijke bamboetextuur en -kleur met behoud van de sterkte, roestbestendigheid en lichte eigenschappen van aluminium.<br \/>\n<\/p><br \/>\n<br \/>\n<p><b>6.Zijn bamboe buizen met houtnerfstructuur geschikt voor buitengebruik?<\/b><\/p>\n<p>Ja, ze zijn bestand tegen UV-blootstelling, vocht en barre weersomstandigheden, waardoor ze ideaal zijn voor architecturaal, landschappelijk en decoratief gebruik buiten.<br \/>\n<\/p><br \/>\n<br \/>\n<p><b>7. Welke industrie\u00ebn gebruiken vaak bamboe buizen met houtnerf?<\/b><\/p>\n<p>De bouw, landschapsarchitectuur, interieurontwerp en meubelindustrie maken gebruik van deze buizen vanwege hun combinatie van schoonheid en prestaties.<br \/>\n<\/p><br \/>\n<br \/>\n<p><b>8.Hoe ondersteunen houtnerfbuizen van bamboe aluminium duurzaam bouwen?<\/b><\/p>\n<p>Aluminium is volledig recyclebaar en de afwerking met bamboehoutnerven biedt een milieuvriendelijk alternatief voor natuurlijke materialen, waardoor de impact op het milieu afneemt.<br \/>\n<\/p><br \/><\/p>","protected":false},"featured_media":6588,"template":"","categories":[64],"class_list":["post-6589","product","type-product","status-publish","has-post-thumbnail","hentry","category-new-trend-aluminium-products"],"meta_box":{"hilight_text_group":{"product_hilight_text":"<li>Wood grain bamboo finish combines natural look with aluminum durability<\/li>\r\r\n<li>Lightweight and corrosion-resistant for indoor and outdoor applications<\/li>\r\r\n<li>Unique design ideal for decorative and structural uses<\/li>\r\r\n<li>Precision extrusion ensures consistent dimensions and quality<\/li>\r\r\n<li>Supports custom sizes and bulk orders for diverse project needs<\/li>","product_chanpin_blog":"<ul>\r\r\n<li><a href=\"https:\/\/sinoextrud.com\/t-slot-v-slot-differences\/\" target=\"_blank\">t slot vs v slot<\/a><\/li>\r\r\n<li><a href=\"https:\/\/sinoextrud.com\/what-is-4040-aluminium-extrud\/\" target=\"_blank\">4040 aluminium extrusion<\/a><\/li>\r\r\n<li><a href=\"https:\/\/sinoextrud.com\/what-is-4040-aluminium-extrud\/\" target=\"_blank\">aluminum extrusions for industrial racks<\/a><\/li>\r\r\n<li><a href=\"https:\/\/sinoextrud.com\/powder-coating-aluminium-process\/\" target=\"_blank\">powder coating aluminium<\/a><\/li>\r\r\n<li><a href=\"https:\/\/sinoextrud.com\/what-is-an-aluminium-strip-ceiling\/\" target=\"_blank\">aluminium strip ceiling<\/a><\/li>\r\r\n<li><a href=\"https:\/\/sinoextrud.com\/what-is-a-heat-sink\/\" target=\"_blank\">what is a heat sink<\/a><\/li>\r\r\n<\/ul>","product_chanpin_chanpin":"<li><a href=\"https:\/\/sinoextrud.com\/product\/anodized-extrusion-precise-round-square-aluminum-tube\/\" target=\"_blank\">Anodized Extrusion Precise Round Square Aluminum Tube<\/a><\/li>\r\n<li><a href=\"https:\/\/sinoextrud.com\/product\/custom-aluminum-fluorocarbon-wood-grain-fence\/\" target=\"_blank\">Custom Aluminum Fluorocarbon Wood Grain Fence<\/a><\/li>\r\n<li><a href=\"https:\/\/sinoextrud.com\/product\/wood-grain-aluminum-square-tube\/\" target=\"_blank\">Wood Grain Aluminum Square Tube<\/a><\/li>\r\n<li><a href=\"https:\/\/sinoextrud.com\/product\/glass-balcony-railing-aluminum-u-channel-design\/\" target=\"_blank\">Glass Balcony Railing Aluminum U Channel Design<\/a><\/li>\r\n<li><a href=\"https:\/\/sinoextrud.com\/product\/wood-grain-bamboo-aluminum-pipe\/\" target=\"_blank\">Wood Grain Bamboo Aluminum Pipe<\/a><\/li>\r\n<li><a href=\"https:\/\/sinoextrud.com\/product\/anodized-aluminum-eectronic-equipment-enclosure\/\" target=\"_blank\">Anodized Aluminum Eectronic Equipment Enclosure<\/a><\/li>\r\n<li><a href=\"https:\/\/sinoextrud.com\/product\/aluminum-shower-frame-parts\/\" target=\"_blank\">Aluminum Shower Frame Parts<\/a><\/li>\r\n<li><a href=\"https:\/\/sinoextrud.com\/product\/aluminum-skirting-board\/\" target=\"_blank\">Aluminum Skirting Board<\/a><\/li>\r\n<li><a href=\"https:\/\/sinoextrud.com\/product\/purification-workshop-aluminum-profiles\/\" target=\"_blank\">Purification Workshop Aluminum Profiles<\/a><\/li>\r\n<li><a href=\"https:\/\/sinoextrud.com\/product\/aluminum-profile-manufacturer\/\" target=\"_blank\">Aluminum Profile Manufacturer<\/a><\/li>\r\n<li><a href=\"https:\/\/sinoextrud.com\/product\/anodized-aluminum-railing-systems\/\" target=\"_blank\">Anodized Aluminum Railing Systems<\/a><\/li>"},"feature_list":[]},"_links":{"self":[{"href":"https:\/\/sinoextrud.com\/nl\/wp-json\/wp\/v2\/product\/6589","targetHints":{"allow":["GET"]}}],"collection":[{"href":"https:\/\/sinoextrud.com\/nl\/wp-json\/wp\/v2\/product"}],"about":[{"href":"https:\/\/sinoextrud.com\/nl\/wp-json\/wp\/v2\/types\/product"}],"wp:featuredmedia":[{"embeddable":true,"href":"https:\/\/sinoextrud.com\/nl\/wp-json\/wp\/v2\/media\/6588"}],"wp:attachment":[{"href":"https:\/\/sinoextrud.com\/nl\/wp-json\/wp\/v2\/media?parent=6589"}],"wp:term":[{"taxonomy":"category","embeddable":true,"href":"https:\/\/sinoextrud.com\/nl\/wp-json\/wp\/v2\/categories?post=6589"}],"curies":[{"name":"wp","href":"https:\/\/api.w.org\/{rel}","templated":true}]}}