{"id":6499,"date":"2025-05-29T03:44:09","date_gmt":"2025-05-29T03:44:09","guid":{"rendered":"https:\/\/sinoextrud.com\/product\/powder-coated-extrusions-aluminum-corrosion-resistant-for-10-years-in-door\/"},"modified":"2025-06-24T06:11:01","modified_gmt":"2025-06-24T06:11:01","slug":"gepoedercoate-extrusies-aluminium-corrosiebestendig-voor-10-jaar-in-deur","status":"publish","type":"product","link":"https:\/\/sinoextrud.com\/nl\/product\/powder-coated-extrusions-aluminum-corrosion-resistant-for-10-years-in-door\/","title":{"rendered":"Poedercoating Aluminium Corrosiebestendig voor 10 jaar in deur"},"content":{"rendered":"<h2>Producten Details<\/h2>\n<table class=\"custom-table\">\n<tr>\n<td class=\"label\">Titel<\/td>\n<td>Poedercoating Aluminium Corrosiebestendig voor 10 jaar in deur<\/td>\n<\/tr>\n<\/table>\n<h2>Onze productiebasis<\/h2>\n<h3>Fabriek Panorama<\/h3>\n<p><img decoding=\"async\" src=\"\/wp-content\/uploads\/factory-01.webp\"\/><\/p>\n<h3>Aluminium staaf productie werkplaats<\/h3>\n<p><img decoding=\"async\" src=\"\/wp-content\/uploads\/factory-02.webp\"\/><\/p>\n<p><img decoding=\"async\" src=\"\/wp-content\/uploads\/factory-03.webp\"\/><\/p>\n<h3>Magazijn voor schimmelopslag<\/h3>\n<p><img decoding=\"async\" src=\"\/wp-content\/uploads\/factory-04.webp\"\/><\/p>\n<h3>43 lijnen voor aluminiumextrusie (500-5500 ton)<\/h3>\n<p><img decoding=\"async\" src=\"\/wp-content\/uploads\/factory-05.webp\"\/><\/p>\n<p><img decoding=\"async\" src=\"\/wp-content\/uploads\/factory-06.webp\"\/><\/p>\n<p><img decoding=\"async\" src=\"\/wp-content\/uploads\/factory-07.webp\"\/><\/p>\n<h3>Poedercoating Werkplaats<\/h3>\n<p><img decoding=\"async\" src=\"\/wp-content\/uploads\/factory-09.webp\"\/><\/p>\n<h3>Anodiseren Werkplaats<\/h3>\n<p><img decoding=\"async\" src=\"\/wp-content\/uploads\/factory-10.webp\"\/><\/p>\n<h3>Workshop Diepe Verwerking<\/h3>\n<p><img decoding=\"async\" src=\"\/wp-content\/uploads\/factory-11.webp\"\/><\/p>\n<h3>CNC precisiemachinewerkplaats<\/h3>\n<p><img decoding=\"async\" src=\"\/wp-content\/uploads\/factory-11.5.webp\"\/><\/p>\n<h3>Eindproduct &amp; Export Magazijn<\/h3>\n<p><img decoding=\"async\" src=\"\/wp-content\/uploads\/factory-12.webp\"\/><\/p>\n<p><img decoding=\"async\" src=\"\/wp-content\/uploads\/factory-13.webp\"\/><\/p>\n<p><img decoding=\"async\" src=\"\/wp-content\/uploads\/factory-14.webp\"\/><\/p>\n<h2>FAQ<\/h2>\n<p><p><b>1.Wat zijn poedercoating extrusies aluminium corrosiebestendig voor 10 jaar gebruikt voor in deuren?<\/b><\/p>\n<p>Deze aluminium profielen met poedercoating worden gebruikt in deurkozijnen, raamkozijnen en schuifdeuren en bieden langdurige corrosiebestendigheid en esthetische aantrekkingskracht.<br \/>\n<\/p><br \/>\n<br \/>\n<p><b>2. Wat zijn de belangrijkste voordelen van gepoedercoate aluminium profielen met een corrosieweerstand van 10 jaar?<\/b><\/p>\n<p>Ze bieden superieure duurzaamheid, UV-bescherming, krasbestendigheid en behouden hun afwerking zonder te verbleken of af te bladderen gedurende minstens 10 jaar.<br \/>\n<\/p><br \/>\n<br \/>\n<p><b>3. Waarom kiezen gepoedercoate aluminium profielen voor deurtoepassingen?<\/b><\/p>\n<p>Poedercoating verhoogt de corrosiebestendigheid, verbetert de weersbestendigheid en zorgt voor een gladde, uniforme afwerking die bestand is tegen zware omgevingsomstandigheden.<br \/>\n<\/p><br \/>\n<br \/>\n<p><b>4.Hoe verlengt poedercoating de levensduur van aluminium profielen in deuren?<\/b><\/p>\n<p>Poedercoating cre\u00ebert een dikke, beschermende laag die oxidatie en corrosie voorkomt, het onderhoud vermindert en de functionele levensduur van de deur verlengt.<br \/>\n<\/p><br \/>\n<br \/>\n<p><b>5. Kunnen aluminium profielen met poedercoating worden aangepast voor deurontwerpen?<\/b><\/p>\n<p>Ja, ze kunnen worden aangepast in kleur, textuur, dikte en profielafmetingen om te voldoen aan specifieke architecturale en functionele vereisten.<br \/>\n<\/p><br \/>\n<br \/>\n<p><b>6.Zijn extrusies van gepoedercoat aluminium geschikt voor installaties met buitendeuren?<\/b><\/p>\n<p>Ja, deze extrusies zijn ontworpen om UV-stralen, vocht en extreme weersomstandigheden te weerstaan, waardoor ze ideaal zijn voor buitendeurtoepassingen.<br \/>\n<\/p><br \/>\n<br \/>\n<p><b>7.Wat is het voordeel van de 10-jarige corrosiebestendigheid voor eigenaars van gebouwen?<\/b><\/p>\n<p>Langdurige corrosiebestendigheid minimaliseert reparatiekosten, behoudt de esthetiek van de deur en garandeert structurele integriteit, waardoor een uitstekend rendement op investering wordt verkregen.<br \/>\n<\/p><br \/>\n<br \/>\n<p><b>8.Welke industrie\u00ebn hebben baat bij aluminium extrusies met poedercoating en een corrosieweerstand van 10 jaar?<\/b><\/p>\n<p>Residenti\u00eble, commerci\u00eble en industri\u00eble bouwsectoren gebruiken deze duurzame profielen voor deuren, ramen en vliesgevelsystemen.<br \/>\n<\/p><br \/><\/p>","protected":false},"featured_media":6498,"template":"","categories":[61],"class_list":["post-6499","product","type-product","status-publish","has-post-thumbnail","hentry","category-powder-coating-aluminum-profile"],"meta_box":{"hilight_text_group":{"product_hilight_text":"<li>Powder-coated aluminum extrusions offer corrosion resistance for up to 10 years indoors<\/li>\r\r\n<li>Durable finish maintains aesthetic appeal and structural integrity over time<\/li>\r\r\n<li>Lightweight yet strong, ideal for various indoor architectural applications<\/li>\r\r\n<li>Available in custom sizes, colors, and profiles to meet project needs<\/li>\r\r\n<li>Supports bulk orders with consistent quality and reliable supply<\/li>","product_chanpin_blog":"<ul>\r\r\n<li><a href=\"https:\/\/sinoextrud.com\/t-slot-v-slot-differences\/\" target=\"_blank\">t slot vs v slot<\/a><\/li>\r\r\n<li><a href=\"https:\/\/sinoextrud.com\/what-is-4040-aluminium-extrud\/\" target=\"_blank\">4040 aluminium extrusion<\/a><\/li>\r\r\n<li><a href=\"https:\/\/sinoextrud.com\/what-is-4040-aluminium-extrud\/\" target=\"_blank\">aluminum extrusions for industrial racks<\/a><\/li>\r\r\n<li><a href=\"https:\/\/sinoextrud.com\/powder-coating-aluminium-process\/\" target=\"_blank\">powder coating aluminium<\/a><\/li>\r\r\n<li><a href=\"https:\/\/sinoextrud.com\/what-is-an-aluminium-strip-ceiling\/\" target=\"_blank\">aluminium strip ceiling<\/a><\/li>\r\r\n<li><a href=\"https:\/\/sinoextrud.com\/what-is-a-heat-sink\/\" target=\"_blank\">what is a heat sink<\/a><\/li>\r\r\n<\/ul>","product_chanpin_chanpin":"<li><a href=\"https:\/\/sinoextrud.com\/product\/power-coating-standard-aluminium-profiles\/\" target=\"_blank\">Power Coating Standard Aluminium Profiles<\/a><\/li>\r\n<li><a href=\"https:\/\/sinoextrud.com\/product\/aluminum-tube-coated-powder-price-per-kg-for-lowes-aluminum-pipe-fence-china\/\" target=\"_blank\">aluminum tube coated powder price per kg for lowes aluminum pipe fence china<\/a><\/li>\r\n<li><a href=\"https:\/\/sinoextrud.com\/product\/powder-coated-aluminium-extrusion\/\" target=\"_blank\">Powder Coated Aluminium Extrusion<\/a><\/li>\r\n<li><a href=\"https:\/\/sinoextrud.com\/product\/aluminium-extrusion-profile-with-pvdf-coating\/\" target=\"_blank\">Aluminium Extrusion Profile With PVDF Coating<\/a><\/li>\r\n<li><a href=\"https:\/\/sinoextrud.com\/product\/powder-coated-extrusions-aluminum-corrosion-resistant-for-10-years-in-door\/\" target=\"_blank\">Powder Coated Extrusions Aluminum Corrosion Resistant For 10 Years In Door<\/a><\/li>\r\n<li><a href=\"https:\/\/sinoextrud.com\/product\/powder-coating-surface-aluminum-profile\/\" target=\"_blank\">Powder Coating Surface Aluminum Profile<\/a><\/li>\r\n<li><a href=\"https:\/\/sinoextrud.com\/product\/customized-powder-coated-tube-decorative-anodized-aluminum-louver-fence-panel-for-modern-garden\/\" target=\"_blank\">Customized Powder Coated Tube Decorative Anodized Aluminum Louver Fence Panel For Modern Garden<\/a><\/li>\r\n<li><a href=\"https:\/\/sinoextrud.com\/product\/aluminium-6063\/\" target=\"_blank\">Aluminium 6063<\/a><\/li>\r\n<li><a href=\"https:\/\/sinoextrud.com\/product\/extrusion-aluminum-profile-for-powder-coating-window-and-door-alloy-6063\/\" target=\"_blank\">Extrusion Aluminum Profile For Powder Coating Window and Door Alloy 6063<\/a><\/li>\r\n<li><a href=\"https:\/\/sinoextrud.com\/product\/extruded-aluminium-profile-with-sand-blasted-treatment\/\" target=\"_blank\">Extruded Aluminium Profile With Sand Blasted Treatment<\/a><\/li>\r\n<li><a href=\"https:\/\/sinoextrud.com\/product\/round-sunflower-led-light-aluminium-heat-sink\/\" target=\"_blank\">Round Sunflower LED Light Aluminium Heat Sink<\/a><\/li>"},"feature_list":[]},"_links":{"self":[{"href":"https:\/\/sinoextrud.com\/nl\/wp-json\/wp\/v2\/product\/6499","targetHints":{"allow":["GET"]}}],"collection":[{"href":"https:\/\/sinoextrud.com\/nl\/wp-json\/wp\/v2\/product"}],"about":[{"href":"https:\/\/sinoextrud.com\/nl\/wp-json\/wp\/v2\/types\/product"}],"wp:featuredmedia":[{"embeddable":true,"href":"https:\/\/sinoextrud.com\/nl\/wp-json\/wp\/v2\/media\/6498"}],"wp:attachment":[{"href":"https:\/\/sinoextrud.com\/nl\/wp-json\/wp\/v2\/media?parent=6499"}],"wp:term":[{"taxonomy":"category","embeddable":true,"href":"https:\/\/sinoextrud.com\/nl\/wp-json\/wp\/v2\/categories?post=6499"}],"curies":[{"name":"wp","href":"https:\/\/api.w.org\/{rel}","templated":true}]}}