{"id":6476,"date":"2025-05-29T02:54:41","date_gmt":"2025-05-29T02:54:41","guid":{"rendered":"https:\/\/sinoextrud.com\/product\/custom-large-diameter-extruded-aluminum-pipe\/"},"modified":"2025-06-24T06:10:59","modified_gmt":"2025-06-24T06:10:59","slug":"pijp-van-het-douane-de-grote-diameter-uitgedreven-aluminium","status":"publish","type":"product","link":"https:\/\/sinoextrud.com\/nl\/product\/custom-large-diameter-extruded-aluminum-pipe\/","title":{"rendered":"Aangepaste grote diameter uitgedreven aluminium buis"},"content":{"rendered":"<h2>Producten Details<\/h2>\n<table class=\"custom-table\">\n<tr>\n<td class=\"label\">Productnaam<\/td>\n<td>Aangepaste grote diameter ge\u00ebxtrudeerd aluminium Pipe fabrikant<\/td>\n<\/tr>\n<tr>\n<td class=\"label\">Assortiment<\/td>\n<td>aluminium extrusies voor grote diameter aluminium buis, grote diameter aluminium buis, grote diameter aluminium buizen, grote aluminium buizen, grote aluminium buis, aluminium buis grote diameter, grote aluminium buis, grote aluminium buis, enz.<\/td>\n<\/tr>\n<tr>\n<td class=\"label\">Geschikte systemen Typen<\/td>\n<td>productie van gelaste buizen, olie- en gaspijpleidingen, waterleidingen en hogedrukvaten, enz.<\/td>\n<\/tr>\n<tr>\n<td class=\"label\">Materiaal<\/td>\n<td>aluminiumlegering 6061, 6063, 3003, 7003, 7075<\/td>\n<\/tr>\n<tr>\n<td class=\"label\">Oppervlaktebehandeling<\/td>\n<td>afgewerkt, geanodiseerd, houtnerf, power coating, zandstralen, elektroforese, geborsteld, polijsten, enz.<\/td>\n<\/tr>\n<tr>\n<td class=\"label\">CNC Diepe Bewerking<\/td>\n<td>snijden, boren, machinaal bewerken, ponsen, buigen, tappen, enz.<\/td>\n<\/tr>\n<tr>\n<td class=\"label\">Diameter<\/td>\n<td>Tot 300 mm<\/td>\n<\/tr>\n<tr>\n<td class=\"label\">Lengte<\/td>\n<td>1-9 meter of CNC gesneden zoals gevraagd.<\/td>\n<\/tr>\n<tr>\n<td class=\"label\">Garantie<\/td>\n<td>20 jaar<\/td>\n<\/tr>\n<tr>\n<td class=\"label\">Levertijd<\/td>\n<td>Normaal gesproken 15-25 dagen<\/td>\n<\/tr>\n<tr>\n<td class=\"label\">Betalingsvoorwaarden<\/td>\n<td>30% aanbetaling v\u00f3\u00f3r productie en saldo v\u00f3\u00f3r verzending.<\/td>\n<\/tr>\n<\/table>\n<h2>Onze productiebasis<\/h2>\n<h3>Fabriek Panorama<\/h3>\n<p><img decoding=\"async\" src=\"\/wp-content\/uploads\/factory-01.webp\"\/><\/p>\n<h3>Aluminium staaf productie werkplaats<\/h3>\n<p><img decoding=\"async\" src=\"\/wp-content\/uploads\/factory-02.webp\"\/><\/p>\n<p><img decoding=\"async\" src=\"\/wp-content\/uploads\/factory-03.webp\"\/><\/p>\n<h3>Magazijn voor schimmelopslag<\/h3>\n<p><img decoding=\"async\" src=\"\/wp-content\/uploads\/factory-04.webp\"\/><\/p>\n<h3>43 lijnen voor aluminiumextrusie (500\u00e2\u20ac\"5500 ton)<\/h3>\n<p><img decoding=\"async\" src=\"\/wp-content\/uploads\/factory-05.webp\"\/><\/p>\n<p><img decoding=\"async\" src=\"\/wp-content\/uploads\/factory-06.webp\"\/><\/p>\n<p><img decoding=\"async\" src=\"\/wp-content\/uploads\/factory-07.webp\"\/><\/p>\n<h3>Poedercoating Werkplaats<\/h3>\n<p><img decoding=\"async\" src=\"\/wp-content\/uploads\/factory-09.webp\"\/><\/p>\n<h3>Anodiseren Werkplaats<\/h3>\n<p><img decoding=\"async\" src=\"\/wp-content\/uploads\/factory-10.webp\"\/><\/p>\n<h3>Workshop Diepe Verwerking<\/h3>\n<p><img decoding=\"async\" src=\"\/wp-content\/uploads\/factory-11.webp\"\/><\/p>\n<h3>CNC precisiemachinewerkplaats<\/h3>\n<p><img decoding=\"async\" src=\"\/wp-content\/uploads\/factory-11.5.webp\"\/><\/p>\n<h3>Eindproduct &amp; Export Magazijn<\/h3>\n<p><img decoding=\"async\" src=\"\/wp-content\/uploads\/factory-12.webp\"\/><\/p>\n<p><img decoding=\"async\" src=\"\/wp-content\/uploads\/factory-13.webp\"\/><\/p>\n<p><img decoding=\"async\" src=\"\/wp-content\/uploads\/factory-14.webp\"\/><\/p>\n<h2>FAQ<\/h2>\n<p><p><b>1. Welke diensten biedt een fabrikant van op maat gemaakte ge\u00ebxtrudeerde aluminium buizen met een grote diameter?<\/b><\/p>\n<p>Ze leveren op maat gemaakte aluminium buizen met een grote diameter en specifieke diameters, wanddiktes, legeringen en lengtes om te voldoen aan unieke projectvereisten.<br \/>\n<\/p><br \/>\n<br \/>\n<p><b>2. Wat zijn de belangrijkste voordelen van het gebruik van aangepaste grote diameter ge\u00ebxtrudeerde aluminium buizen?<\/b><\/p>\n<p>Buizen op maat bieden nauwkeurige afmetingen, een superieure verhouding tussen sterkte en gewicht, een uitstekende weerstand tegen corrosie en een verbeterde duurzaamheid voor veeleisende toepassingen.<br \/>\n<\/p><br \/>\n<br \/>\n<p><b>3. Waarom kiezen voor een aangepaste fabrikant voor grote diameter ge\u00ebxtrudeerde aluminium buizen?<\/b><\/p>\n<p>Maatwerkfabrikanten garanderen kwaliteitscontrole, ontwerpflexibiliteit en de mogelijkheid om te voldoen aan strenge industrienormen en unieke technische specificaties.<br \/>\n<\/p><br \/>\n<br \/>\n<p><b>4.Kan aangepaste grote diameter ge\u00ebxtrudeerde aluminium buizen worden afgewerkt met oppervlaktebehandelingen?<\/b><\/p>\n<p>Ja, anodiseren, poedercoaten en polijsten behoren tot de opties om de corrosiebestendigheid, esthetiek en slijtagebescherming te verbeteren.<br \/>\n<\/p><br \/>\n<br \/>\n<p><b>5. Welke industrie\u00ebn profiteren van op maat gemaakte ge\u00ebxtrudeerde aluminium buizen met een grote diameter?<\/b><\/p>\n<p>Industrie\u00ebn zoals luchtvaart, olie &amp; gas, scheepvaart, bouw en transport vertrouwen op aluminium buizen op maat voor kritische structurele en vloeistoftransporttoepassingen.<br \/>\n<\/p><br \/>\n<br \/>\n<p><b>6. Hoe verbetert extrusie op maat de prestaties van aluminium buizen met een grote diameter?<\/b><\/p>\n<p>Aangepaste extrusie maakt een uniforme wanddikte, een geoptimaliseerde selectie van legeringen en nauwkeurige toleranties mogelijk die de mechanische eigenschappen en levensduur verbeteren.<br \/>\n<\/p><br \/>\n<br \/>\n<p><b>7.Zijn aangepaste grote diameter ge\u00ebxtrudeerde aluminium buizen kosteneffectief?<\/b><\/p>\n<p>Hoewel de initi\u00eble kosten hoger kunnen zijn dan bij standaard buizen, vermindert maatwerk afval, verbetert het de pasvorm en verlaagt het de onderhoudskosten, wat leidt tot kostenbesparingen op de lange termijn.<br \/>\n<\/p><br \/>\n<br \/>\n<p><b>8. Hoe ondersteunen op maat gemaakte ge\u00ebxtrudeerde aluminium buizen met een grote diameter duurzame productie?<\/b><\/p>\n<p>Deze buizen zijn gemaakt van recyclebaar aluminium en minimaliseren materiaalverspilling door precisie-extrusie, waardoor milieuvriendelijke productiepraktijken worden bevorderd.<br \/>\n<\/p><br \/><\/p>","protected":false},"featured_media":6475,"template":"","categories":[60],"class_list":["post-6476","product","type-product","status-publish","has-post-thumbnail","hentry","category-general-tubes-and-bars"],"meta_box":{"hilight_text_group":{"product_hilight_text":"<li>Specializes in custom large diameter aluminum pipes tailored to project needs<\/li>\r\r\n<li>Uses high-quality alloys for superior strength and corrosion resistance<\/li>\r\r\n<li>Advanced extrusion technology ensures precise dimensions and surface finish<\/li>\r\r\n<li>Supports bulk orders with consistent quality and timely delivery<\/li>\r\r\n<li>Offers flexible customization including sizes, wall thicknesses, and finishes<\/li>","product_chanpin_blog":"<ul>\r\r\n<li><a href=\"https:\/\/sinoextrud.com\/t-slot-v-slot-differences\/\" target=\"_blank\">t slot vs v slot<\/a><\/li>\r\r\n<li><a href=\"https:\/\/sinoextrud.com\/what-is-4040-aluminium-extrud\/\" target=\"_blank\">4040 aluminium extrusion<\/a><\/li>\r\r\n<li><a href=\"https:\/\/sinoextrud.com\/what-is-4040-aluminium-extrud\/\" target=\"_blank\">aluminum extrusions for industrial racks<\/a><\/li>\r\r\n<li><a href=\"https:\/\/sinoextrud.com\/powder-coating-aluminium-process\/\" target=\"_blank\">powder coating aluminium<\/a><\/li>\r\r\n<li><a href=\"https:\/\/sinoextrud.com\/what-is-an-aluminium-strip-ceiling\/\" target=\"_blank\">aluminium strip ceiling<\/a><\/li>\r\r\n<li><a href=\"https:\/\/sinoextrud.com\/what-is-a-heat-sink\/\" target=\"_blank\">what is a heat sink<\/a><\/li>\r\r\n<\/ul>","product_chanpin_chanpin":"<li><a href=\"https:\/\/sinoextrud.com\/product\/triangle-champagne-aluminum-extruded-tube\/\" target=\"_blank\">Triangle Champagne Aluminum Extruded Tube<\/a><\/li>\r\n<li><a href=\"https:\/\/sinoextrud.com\/product\/6063-aluminum-pipe-fire-hydrant-aluminum-profile\/\" target=\"_blank\">6063 Aluminum Pipe Fire Hydrant Aluminum Profile<\/a><\/li>\r\n<li><a href=\"https:\/\/sinoextrud.com\/product\/aluminum-extrusion-electrophoresis-aluminum-tube\/\" target=\"_blank\">Aluminum Extrusion Electrophoresis Aluminum Tube<\/a><\/li>\r\n<li><a href=\"https:\/\/sinoextrud.com\/product\/aluminum-square-tube-powder-coating-6063-t5-extruded-profiles\/\" target=\"_blank\">aluminum square tube powder coating 6063 t5 extruded profiles<\/a><\/li>\r\n<li><a href=\"https:\/\/sinoextrud.com\/product\/custom-large-diameter-extruded-aluminum-pipe\/\" target=\"_blank\">Custom Large Diameter Extruded Aluminum Pipe<\/a><\/li>\r\n<li><a href=\"https:\/\/sinoextrud.com\/product\/china-aluminum-extrusion-6061-6063-anodized-aluminum-pipe\/\" target=\"_blank\">China Aluminum Extrusion 6061 6063 Anodized Aluminum Pipe<\/a><\/li>\r\n<li><a href=\"https:\/\/sinoextrud.com\/product\/anodized-aluminum-tubes\/\" target=\"_blank\">Anodized Aluminum Tubes<\/a><\/li>\r\n<li><a href=\"https:\/\/sinoextrud.com\/product\/6061-oval-aluminum-tubing\/\" target=\"_blank\">6061 Oval Aluminum Tubing<\/a><\/li>\r\n<li><a href=\"https:\/\/sinoextrud.com\/product\/extruded-aluminum-rectangular-tubing\/\" target=\"_blank\">Extruded Aluminum Rectangular Tubing<\/a><\/li>\r\n<li><a href=\"https:\/\/sinoextrud.com\/product\/aluminium-picture-frame-extrusions\/\" target=\"_blank\">Aluminium Picture Frame Extrusions<\/a><\/li>\r\n<li><a href=\"https:\/\/sinoextrud.com\/product\/custom-industrial-aluminum-profiles\/\" target=\"_blank\">Custom Industrial Aluminum Profiles<\/a><\/li>"},"feature_list":[]},"_links":{"self":[{"href":"https:\/\/sinoextrud.com\/nl\/wp-json\/wp\/v2\/product\/6476","targetHints":{"allow":["GET"]}}],"collection":[{"href":"https:\/\/sinoextrud.com\/nl\/wp-json\/wp\/v2\/product"}],"about":[{"href":"https:\/\/sinoextrud.com\/nl\/wp-json\/wp\/v2\/types\/product"}],"wp:featuredmedia":[{"embeddable":true,"href":"https:\/\/sinoextrud.com\/nl\/wp-json\/wp\/v2\/media\/6475"}],"wp:attachment":[{"href":"https:\/\/sinoextrud.com\/nl\/wp-json\/wp\/v2\/media?parent=6476"}],"wp:term":[{"taxonomy":"category","embeddable":true,"href":"https:\/\/sinoextrud.com\/nl\/wp-json\/wp\/v2\/categories?post=6476"}],"curies":[{"name":"wp","href":"https:\/\/api.w.org\/{rel}","templated":true}]}}