{"id":6375,"date":"2025-05-27T06:34:36","date_gmt":"2025-05-27T06:34:36","guid":{"rendered":"https:\/\/sinoextrud.com\/product\/40x40-aluminium-profile\/"},"modified":"2025-06-24T06:10:52","modified_gmt":"2025-06-24T06:10:52","slug":"40x40-aluminium-profiel","status":"publish","type":"product","link":"https:\/\/sinoextrud.com\/nl\/product\/40x40-aluminium-profile\/","title":{"rendered":"40\u00d740 aluminium profiel"},"content":{"rendered":"<h2>Producten Details<\/h2>\n<table class=\"custom-table\">\n<tr>\n<td class=\"label\">Modelnr:<\/td>\n<td> 40\u00d740 aluminium profiel<\/td>\n<\/tr>\n<tr>\n<td class=\"label\">Vorm:<\/td>\n<td> Vierkant<\/td>\n<\/tr>\n<tr>\n<td class=\"label\">Gematigd:<\/td>\n<td> T351-T851<\/td>\n<\/tr>\n<tr>\n<td class=\"label\">Kleur:<\/td>\n<td> Natuurlijk, Cr\u00e8me Wit, Geanodiseerd<\/td>\n<\/tr>\n<tr>\n<td class=\"label\">Handelsmerk:<\/td>\n<td> Sinoextrud<\/td>\n<\/tr>\n<tr>\n<td class=\"label\">Oorsprong:<\/td>\n<td> Foshan, Guangdong<\/td>\n<\/tr>\n<tr>\n<td class=\"label\">Type:<\/td>\n<td> Venster &amp; deur aluminium profiel, decoratie aluminium profiel, transport aluminium profiel<\/td>\n<\/tr>\n<tr>\n<td class=\"label\">Rang:<\/td>\n<td> 6000 Serie<\/td>\n<\/tr>\n<tr>\n<td class=\"label\">Legering:<\/td>\n<td> Alloy<\/td>\n<\/tr>\n<tr>\n<td class=\"label\">Materiaal:<\/td>\n<td> A6063, A3003, en Andere Reeksenlegering als Customer\u2032s<\/td>\n<\/tr>\n<tr>\n<td class=\"label\">Specificatie:<\/td>\n<td> GMP<\/td>\n<\/tr>\n<tr>\n<td class=\"label\">HS-code:<\/td>\n<td> 7604299000<\/td>\n<\/tr>\n<\/table>\n<h2>Onze productiebasis<\/h2>\n<h3>Fabriek Panorama<\/h3>\n<p><img decoding=\"async\" src=\"\/wp-content\/uploads\/factory-01.webp\"\/><\/p>\n<h3>Aluminium staaf productie werkplaats<\/h3>\n<p><img decoding=\"async\" src=\"\/wp-content\/uploads\/factory-02.webp\"\/><\/p>\n<p><img decoding=\"async\" src=\"\/wp-content\/uploads\/factory-03.webp\"\/><\/p>\n<h3>Magazijn voor schimmelopslag<\/h3>\n<p><img decoding=\"async\" src=\"\/wp-content\/uploads\/factory-04.webp\"\/><\/p>\n<h3>43 lijnen voor aluminiumextrusie (500-5500 ton)<\/h3>\n<p><img decoding=\"async\" src=\"\/wp-content\/uploads\/factory-05.webp\"\/><\/p>\n<p><img decoding=\"async\" src=\"\/wp-content\/uploads\/factory-06.webp\"\/><\/p>\n<p><img decoding=\"async\" src=\"\/wp-content\/uploads\/factory-07.webp\"\/><\/p>\n<h3>Poedercoating Werkplaats<\/h3>\n<p><img decoding=\"async\" src=\"\/wp-content\/uploads\/factory-09.webp\"\/><\/p>\n<h3>Anodiseren Werkplaats<\/h3>\n<p><img decoding=\"async\" src=\"\/wp-content\/uploads\/factory-10.webp\"\/><\/p>\n<h3>Workshop Diepe Verwerking<\/h3>\n<p><img decoding=\"async\" src=\"\/wp-content\/uploads\/factory-11.webp\"\/><\/p>\n<h3>CNC precisiemachinewerkplaats<\/h3>\n<p><img decoding=\"async\" src=\"\/wp-content\/uploads\/factory-11.5.webp\"\/><\/p>\n<h3>Eindproduct &amp; Export Magazijn<\/h3>\n<p><img decoding=\"async\" src=\"\/wp-content\/uploads\/factory-12.webp\"\/><\/p>\n<p><img decoding=\"async\" src=\"\/wp-content\/uploads\/factory-13.webp\"\/><\/p>\n<p><img decoding=\"async\" src=\"\/wp-content\/uploads\/factory-14.webp\"\/><\/p>\n<h2>FAQ<\/h2>\n<p><p><b>1.Waar wordt een 40\u00d740 aluminium profiel voor gebruikt?<\/b><\/p>\n<p>Een 40\u00d740 aluminium profiel wordt gebruikt in modulaire frames, machineafschermingen, werkstations, rekken en doe-het-zelfprojecten dankzij de gestandaardiseerde afmetingen en veelzijdigheid.<br \/>\n<\/p><br \/>\n<br \/>\n<p><b>2.Wat zijn de belangrijkste voordelen van een 40\u00d740 aluminium profiel?<\/b><\/p>\n<p>Een 40\u00d740 aluminium profiel biedt een hoge sterkte-gewichtsverhouding, corrosiebestendigheid, nauwkeurige toleranties en eenvoudige montage voor betrouwbare structurele prestaties.<br \/>\n<\/p><br \/>\n<br \/>\n<p><b>3.Waarom kiezen voor een 40\u00d740 aluminium profiel voor modulair inlijsten?<\/b><\/p>\n<p>Het T-sleufontwerp van het 40\u00d740 aluminium profiel maakt snelle montage zonder gereedschap mogelijk met compatibele connectoren en accessoires, waardoor het ideaal is voor modulaire systemen.<br \/>\n<\/p><br \/>\n<br \/>\n<p><b>4.Kunnen 40\u00d740 aluminium profielen worden aangepast?<\/b><\/p>\n<p>Ja, 40\u00d740 aluminium profielen kunnen op lengte worden gezaagd, geboord en voorzien van speciale verbindingsstukken of oppervlaktebehandelingen om te voldoen aan specifieke projectvereisten.<br \/>\n<\/p><br \/>\n<br \/>\n<p><b>5.Welke oppervlakteafwerkingen zijn er beschikbaar voor 40\u00d740 aluminium profiel?<\/b><\/p>\n<p>Gangbare afwerkingen voor 40\u00d740 aluminium profielen zijn geanodiseerd, gepoedercoat en gefreesd, voor een betere corrosiebescherming, duurzaamheid en esthetiek.<br \/>\n<\/p><br \/>\n<br \/>\n<p><b>6.Zijn 40\u00d740 aluminium profielen geschikt voor zware toepassingen?<\/b><\/p>\n<p>Ja, in combinatie met de juiste verbindingsstukken en versterkingen kunnen 40\u00d740 aluminium profielen aanzienlijke belastingen dragen in industri\u00eble en commerci\u00eble omgevingen.<br \/>\n<\/p><br \/>\n<br \/>\n<p><b>7.Hoe ondersteunt een 40\u00d740 aluminium profiel duurzaam ontwerp?<\/b><\/p>\n<p>Aluminium is 100% recyclebaar en energiezuinig om te produceren, en het modulaire hergebruik van 40\u00d740 aluminiumprofielen vermindert materiaalafval voor milieuvriendelijke projecten.<br \/>\n<\/p><br \/><\/p>","protected":false},"featured_media":6374,"template":"","categories":[60],"class_list":["post-6375","product","type-product","status-publish","has-post-thumbnail","hentry","category-general-tubes-and-bars"],"meta_box":{"hilight_text_group":{"product_hilight_text":"<li>Standard 40x40 profile ideal for versatile structural and framing solutions<\/li>\r\r\n<li>High-strength aluminum alloy ensures durability and corrosion resistance<\/li>\r\r\n<li>Precision extrusion delivers consistent dimensions and smooth finish<\/li>\r\r\n<li>Compatible with a wide range of connectors and modular accessories<\/li>\r\r\n<li>Supports custom lengths and surface treatments for specific needs<\/li>","product_chanpin_blog":"<ul>\r\r\n<li><a href=\"https:\/\/sinoextrud.com\/t-slot-v-slot-differences\/\" target=\"_blank\">t slot vs v slot<\/a><\/li>\r\r\n<li><a href=\"https:\/\/sinoextrud.com\/what-is-4040-aluminium-extrud\/\" target=\"_blank\">4040 aluminium extrusion<\/a><\/li>\r\r\n<li><a href=\"https:\/\/sinoextrud.com\/what-is-4040-aluminium-extrud\/\" target=\"_blank\">aluminum extrusions for industrial racks<\/a><\/li>\r\r\n<li><a href=\"https:\/\/sinoextrud.com\/powder-coating-aluminium-process\/\" target=\"_blank\">powder coating aluminium<\/a><\/li>\r\r\n<li><a href=\"https:\/\/sinoextrud.com\/what-is-an-aluminium-strip-ceiling\/\" target=\"_blank\">aluminium strip ceiling<\/a><\/li>\r\r\n<li><a href=\"https:\/\/sinoextrud.com\/what-is-a-heat-sink\/\" target=\"_blank\">what is a heat sink<\/a><\/li>\r\r\n<\/ul>","product_chanpin_chanpin":"<li><a href=\"https:\/\/sinoextrud.com\/product\/aluminium-precision-tubing\/\" target=\"_blank\">Aluminium Precision Tubing<\/a><\/li>\r\n<li><a href=\"https:\/\/sinoextrud.com\/product\/aluminium-pipes-tubes\/\" target=\"_blank\">Aluminium Pipes Tubes<\/a><\/li>\r\n<li><a href=\"https:\/\/sinoextrud.com\/product\/extruded-aluminum-t-bar\/\" target=\"_blank\">Extruded Aluminum T Bar<\/a><\/li>\r\n<li><a href=\"https:\/\/sinoextrud.com\/product\/round-aluminum-tube\/\" target=\"_blank\">Round Aluminum Tube<\/a><\/li>\r\n<li><a href=\"https:\/\/sinoextrud.com\/product\/40x40-aluminium-profile\/\" target=\"_blank\">40\u00c3\u201440 Aluminium Profile<\/a><\/li>\r\n<li><a href=\"https:\/\/sinoextrud.com\/product\/aluminium-profile-channel\/\" target=\"_blank\">Aluminium Profile Channel<\/a><\/li>\r\n<li><a href=\"https:\/\/sinoextrud.com\/product\/rectangular-aluminum-tube\/\" target=\"_blank\">Rectangular Aluminum Tube<\/a><\/li>\r\n<li><a href=\"https:\/\/sinoextrud.com\/product\/aluminium-angles\/\" target=\"_blank\">Aluminium Angles<\/a><\/li>\r\n<li><a href=\"https:\/\/sinoextrud.com\/product\/thin-wall-extruded-aluminum-tubing\/\" target=\"_blank\">Thin Wall Extruded Aluminum Tubing<\/a><\/li>\r\n<li><a href=\"https:\/\/sinoextrud.com\/product\/oval-aluminum-extrusion\/\" target=\"_blank\">Oval Aluminum Extrusion<\/a><\/li>\r\n<li><a href=\"https:\/\/sinoextrud.com\/product\/top-grade-expanded-metal-aluminium-profiles-partition-frame-for-doors-and-windows\/\" target=\"_blank\">Top Grade Expanded Metal Aluminium Profiles Partition Frame For Doors And Windows<\/a><\/li>"},"feature_list":[]},"_links":{"self":[{"href":"https:\/\/sinoextrud.com\/nl\/wp-json\/wp\/v2\/product\/6375","targetHints":{"allow":["GET"]}}],"collection":[{"href":"https:\/\/sinoextrud.com\/nl\/wp-json\/wp\/v2\/product"}],"about":[{"href":"https:\/\/sinoextrud.com\/nl\/wp-json\/wp\/v2\/types\/product"}],"wp:featuredmedia":[{"embeddable":true,"href":"https:\/\/sinoextrud.com\/nl\/wp-json\/wp\/v2\/media\/6374"}],"wp:attachment":[{"href":"https:\/\/sinoextrud.com\/nl\/wp-json\/wp\/v2\/media?parent=6375"}],"wp:term":[{"taxonomy":"category","embeddable":true,"href":"https:\/\/sinoextrud.com\/nl\/wp-json\/wp\/v2\/categories?post=6375"}],"curies":[{"name":"wp","href":"https:\/\/api.w.org\/{rel}","templated":true}]}}