{"id":6361,"date":"2025-05-27T03:44:44","date_gmt":"2025-05-27T03:44:44","guid":{"rendered":"https:\/\/sinoextrud.com\/product\/extruded-aluminium-retangular-tube\/"},"modified":"2025-06-24T06:10:50","modified_gmt":"2025-06-24T06:10:50","slug":"geextrudeerde-aluminium-rechthoekige-buis","status":"publish","type":"product","link":"https:\/\/sinoextrud.com\/nl\/product\/extruded-aluminium-retangular-tube\/","title":{"rendered":"Ge\u00ebxtrudeerde aluminium koker"},"content":{"rendered":"<h2>Producten Details<\/h2>\n<table class=\"custom-table\">\n<tr>\n<td class=\"label\">Item<\/td>\n<td>Ge\u00ebxtrudeerde Aluminium Rechthoekige Buis, Ge\u00ebxtrudeerde Aluminium Rechthoekige Pijp, Ge\u00ebxtrudeerde Aluminium Rechthoekige Buis, Ge\u00ebxtrudeerde Aluminium Rechthoekige Pijp<\/td>\n<\/tr>\n<tr>\n<td class=\"label\">Materiaal<\/td>\n<td>6000-serieAluminium (6063, 6061, 6463, 6082)<\/td>\n<\/tr>\n<tr>\n<td class=\"label\">Temper<\/td>\n<td>T4,T5,T6<\/td>\n<\/tr>\n<tr>\n<td class=\"label\">Grootte\/dikte<\/td>\n<td>Generalprofilesthicknessfrom0.8to5.0mm of aangepast, lengtefrom 1m-9m of aangepast beschikbaar; Anodizeprotectionfilmthicknessfrom8~20um, poedercoatingfrom40~120um.<\/td>\n<\/tr>\n<tr>\n<td class=\"label\">Vorm<\/td>\n<td>vierkant, rond, rechthoekig, driehoek, enz. of aangepast<\/td>\n<\/tr>\n<tr>\n<td class=\"label\">Toepassing<\/td>\n<td>Meubels, ramen en deuren, decoraties, industrie, bouw, enz.<\/td>\n<\/tr>\n<tr>\n<td class=\"label\">Oppervlaktebehandeling<\/td>\n<td>poedercoating, PVDF, geanodiseerd, houtnerf, elektroforese, geborsteld, polijsten, enz.<\/td>\n<\/tr>\n<tr>\n<td class=\"label\">Kleuren<\/td>\n<td>Refpowdercoatingkleurensheetenaangepastekleurbeschikbaar<\/td>\n<\/tr>\n<tr>\n<td class=\"label\">Deeproces<\/td>\n<td>CNC, boren, frezen, snijden, lassen, buigen, monteren<\/td>\n<\/tr>\n<tr>\n<td class=\"label\">MOQ<\/td>\n<td>200KGvoorelkartikel<\/td>\n<\/tr>\n<tr>\n<td class=\"label\">PackingDetails<\/td>\n<td>(1)Binnen:verpaktmetplasticbeschermendefolieofplasticbeschermendezak<br \/>(2)Buitenkant:Wraptobebundelsdoorwaterdichtcraftpapier<\/td>\n<\/tr>\n<tr>\n<td class=\"label\">Levertijd<\/td>\n<td>(1) DieDevelopingandSampletesting: 10-15days<br \/>(2) Massaproductie voltooid: 20-30daysaftersampleisconfirmedbyBuyer<\/td>\n<\/tr>\n<tr>\n<td class=\"label\">FOB-poort<\/td>\n<td>Guangzhou, Foshan, Shenzhen<\/td>\n<\/tr>\n<tr>\n<td class=\"label\">betalingsvoorwaarden<\/td>\n<td>T\/T, 301TP2aanbetalingenhetsaldowordtvoorafgaandaanverzendinguitbetaald.<\/td>\n<\/tr>\n<tr>\n<td class=\"label\">schikkingstermijn<\/td>\n<td>Aanrekening op basis van het feitelijke eindgewicht of op basis van het theoretische gewicht<\/td>\n<\/tr>\n<tr>\n<td class=\"label\">productiecapaciteit<\/td>\n<td>2400-3000Metrictonespermonth<\/td>\n<\/tr>\n<tr>\n<td class=\"label\">Verwerking<\/td>\n<td>Onderzoek-SampleorCADdrawing (Suppliedbycustomers)-CADdrawing (Ourcompany)-DrawingConfirmation-MouldFabrication-Sampleconformation-Massaproductie-Inspectie-Levering<\/td>\n<\/tr>\n<tr>\n<td class=\"label\">Certificatie beschikbaar:<\/td>\n<td>ISO:9001, SONCAP, BVCertificateorcustomers'CertificateAvailable<\/td>\n<\/tr>\n<tr>\n<td class=\"label\">Garantie<\/td>\n<td>De oppervlaktekleur kan het best 10~20 jaar binnen worden gebruikt<\/td>\n<\/tr>\n<\/table>\n<h2>Onze productiebasis<\/h2>\n<h3>Fabriek Panorama<\/h3>\n<p><img decoding=\"async\" src=\"\/wp-content\/uploads\/factory-01.webp\"\/><\/p>\n<h3>Aluminium staaf productie werkplaats<\/h3>\n<p><img decoding=\"async\" src=\"\/wp-content\/uploads\/factory-02.webp\"\/><\/p>\n<p><img decoding=\"async\" src=\"\/wp-content\/uploads\/factory-03.webp\"\/><\/p>\n<h3>Magazijn voor schimmelopslag<\/h3>\n<p><img decoding=\"async\" src=\"\/wp-content\/uploads\/factory-04.webp\"\/><\/p>\n<h3>43 lijnen voor aluminiumextrusie (500\u00e2\u20ac\"5500 ton)<\/h3>\n<p><img decoding=\"async\" src=\"\/wp-content\/uploads\/factory-05.webp\"\/><\/p>\n<p><img decoding=\"async\" src=\"\/wp-content\/uploads\/factory-06.webp\"\/><\/p>\n<p><img decoding=\"async\" src=\"\/wp-content\/uploads\/factory-07.webp\"\/><\/p>\n<h3>Poedercoating Werkplaats<\/h3>\n<p><img decoding=\"async\" src=\"\/wp-content\/uploads\/factory-09.webp\"\/><\/p>\n<h3>Anodiseren Werkplaats<\/h3>\n<p><img decoding=\"async\" src=\"\/wp-content\/uploads\/factory-10.webp\"\/><\/p>\n<h3>Workshop Diepe Verwerking<\/h3>\n<p><img decoding=\"async\" src=\"\/wp-content\/uploads\/factory-11.webp\"\/><\/p>\n<h3>CNC precisiemachinewerkplaats<\/h3>\n<p><img decoding=\"async\" src=\"\/wp-content\/uploads\/factory-11.5.webp\"\/><\/p>\n<h3>Eindproduct &amp; Export Magazijn<\/h3>\n<p><img decoding=\"async\" src=\"\/wp-content\/uploads\/factory-12.webp\"\/><\/p>\n<p><img decoding=\"async\" src=\"\/wp-content\/uploads\/factory-13.webp\"\/><\/p>\n<p><img decoding=\"async\" src=\"\/wp-content\/uploads\/factory-14.webp\"\/><\/p>\n<h2>FAQ<\/h2>\n<p><p><b>1.Waarvoor wordt een ge\u00ebxtrudeerde aluminium rechthoekige buis gebruikt?<\/b><\/p>\n<p>Ge\u00ebxtrudeerde aluminium rechthoekige buizen worden veel gebruikt in de bouw, structurele skeletbouw, transport en industri\u00eble machines vanwege hun hoge sterkte en veelzijdige vorm.<br \/>\n<\/p><br \/>\n<br \/>\n<p><b>2.Wat zijn de belangrijkste voordelen van ge\u00ebxtrudeerde aluminium rechthoekige buizen?<\/b><\/p>\n<p>Ge\u00ebxtrudeerde aluminium rechthoekige buizen bieden een hoge sterkte-gewichtsverhouding, corrosiebestendigheid en een uitstekende maatvastheid voor zowel binnen- als buitentoepassingen.<br \/>\n<\/p><br \/>\n<br \/>\n<p><b>3.Waarom kiezen we ge\u00ebxtrudeerde aluminium rechthoekige buizen in plaats van stalen buizen?<\/b><\/p>\n<p>Aluminium rechthoekige buizen zijn lichter, corrosiebestendiger en gemakkelijker te bewerken dan staal, waardoor de installatietijd en de onderhoudskosten op lange termijn lager zijn.<br \/>\n<\/p><br \/>\n<br \/>\n<p><b>4.Kan ge\u00ebxtrudeerde aluminium rechthoekige buizen worden aangepast?<\/b><\/p>\n<p>Ja, aluminium rechthoekige buizen kunnen worden aangepast in wanddikte, grootte, legering en oppervlakteafwerking om te voldoen aan specifieke project- en prestatie-eisen.<br \/>\n<\/p><br \/>\n<br \/>\n<p><b>5.Welke oppervlakteafwerkingen zijn beschikbaar voor ge\u00ebxtrudeerde rechthoekige aluminium buizen?<\/b><\/p>\n<p>Gangbare afwerkingen zijn anodiseren, poedercoaten en frezen, waardoor de corrosiebestendigheid, slijtagebescherming en esthetische aantrekkingskracht worden verbeterd.<br \/>\n<\/p><br \/>\n<br \/>\n<p><b>6.Zijn ge\u00ebxtrudeerde aluminium rechthoekige buizen geschikt voor gebruik buitenshuis?<\/b><\/p>\n<p>Ja, met de juiste oppervlaktebehandelingen zijn aluminium rechthoekige buizen uitstekend bestand tegen weersinvloeden, UV-straling en vocht.<br \/>\n<\/p><br \/>\n<br \/>\n<p><b>7.Hoe ondersteunen ge\u00ebxtrudeerde aluminium rechthoekige buizen duurzaam bouwen?<\/b><\/p>\n<p>Aluminium is 100% recycleerbaar en energiezuinig om te produceren, waardoor rechthoekige buizen een duurzame keuze zijn voor milieubewuste bouw- en productieprojecten.<br \/>\n<\/p><br \/><\/p>","protected":false},"featured_media":6360,"template":"","categories":[60],"class_list":["post-6361","product","type-product","status-publish","has-post-thumbnail","hentry","category-general-tubes-and-bars"],"meta_box":{"hilight_text_group":{"product_hilight_text":"<li>Rectangular design offers strong load-bearing capacity and versatility<\/li>\r\r\n<li>Made from high-quality extruded aluminum for durability and precision<\/li>\r\r\n<li>Corrosion-resistant surface suitable for various environments<\/li>\r\r\n<li>Available in multiple sizes and wall thicknesses<\/li>\r\r\n<li>Ideal for construction, framing, and machinery applications<\/li>","product_chanpin_blog":"<ul>\r\r\n<li><a href=\"https:\/\/sinoextrud.com\/t-slot-v-slot-differences\/\" target=\"_blank\">t slot vs v slot<\/a><\/li>\r\r\n<li><a href=\"https:\/\/sinoextrud.com\/what-is-4040-aluminium-extrud\/\" target=\"_blank\">4040 aluminium extrusion<\/a><\/li>\r\r\n<li><a href=\"https:\/\/sinoextrud.com\/what-is-4040-aluminium-extrud\/\" target=\"_blank\">aluminum extrusions for industrial racks<\/a><\/li>\r\r\n<li><a href=\"https:\/\/sinoextrud.com\/powder-coating-aluminium-process\/\" target=\"_blank\">powder coating aluminium<\/a><\/li>\r\r\n<li><a href=\"https:\/\/sinoextrud.com\/what-is-an-aluminium-strip-ceiling\/\" target=\"_blank\">aluminium strip ceiling<\/a><\/li>\r\r\n<li><a href=\"https:\/\/sinoextrud.com\/what-is-a-heat-sink\/\" target=\"_blank\">what is a heat sink<\/a><\/li>\r\r\n<\/ul>","product_chanpin_chanpin":"<li><a href=\"https:\/\/sinoextrud.com\/product\/aluminum-round-tube-extrusion\/\" target=\"_blank\">Aluminum Round Tube Extrusion<\/a><\/li>\r\n<li><a href=\"https:\/\/sinoextrud.com\/product\/20mm-x-20mm-aluminum-extrusion\/\" target=\"_blank\">20mm X 20mm Aluminum Extrusion<\/a><\/li>\r\n<li><a href=\"https:\/\/sinoextrud.com\/product\/aluminium-pipe\/\" target=\"_blank\">Aluminium Pipe<\/a><\/li>\r\n<li><a href=\"https:\/\/sinoextrud.com\/product\/extruded-aluminium-square-tube\/\" target=\"_blank\">Extruded Aluminium Square Tube<\/a><\/li>\r\n<li><a href=\"https:\/\/sinoextrud.com\/product\/extruded-aluminium-retangular-tube\/\" target=\"_blank\">Extruded Aluminium Retangular Tube<\/a><\/li>\r\n<li><a href=\"https:\/\/sinoextrud.com\/product\/anodized-aluminium-tube\/\" target=\"_blank\">anodized aluminium tube<\/a><\/li>\r\n<li><a href=\"https:\/\/sinoextrud.com\/product\/40x40-aluminium-extrusion\/\" target=\"_blank\">40\u00c3\u201440 Aluminium Extrusion<\/a><\/li>\r\n<li><a href=\"https:\/\/sinoextrud.com\/product\/aluminium-precision-tubing\/\" target=\"_blank\">Aluminium Precision Tubing<\/a><\/li>\r\n<li><a href=\"https:\/\/sinoextrud.com\/product\/aluminium-pipes-tubes\/\" target=\"_blank\">Aluminium Pipes Tubes<\/a><\/li>\r\n<li><a href=\"https:\/\/sinoextrud.com\/product\/h-channel-aluminum-extrusion\/\" target=\"_blank\">H Channel Aluminum Extrusion<\/a><\/li>\r\n<li><a href=\"https:\/\/sinoextrud.com\/product\/c-shaped-closed-linear-ceiling-system\/\" target=\"_blank\">C-Shaped Closed Linear Ceiling System<\/a><\/li>"},"feature_list":[]},"_links":{"self":[{"href":"https:\/\/sinoextrud.com\/nl\/wp-json\/wp\/v2\/product\/6361","targetHints":{"allow":["GET"]}}],"collection":[{"href":"https:\/\/sinoextrud.com\/nl\/wp-json\/wp\/v2\/product"}],"about":[{"href":"https:\/\/sinoextrud.com\/nl\/wp-json\/wp\/v2\/types\/product"}],"wp:featuredmedia":[{"embeddable":true,"href":"https:\/\/sinoextrud.com\/nl\/wp-json\/wp\/v2\/media\/6360"}],"wp:attachment":[{"href":"https:\/\/sinoextrud.com\/nl\/wp-json\/wp\/v2\/media?parent=6361"}],"wp:term":[{"taxonomy":"category","embeddable":true,"href":"https:\/\/sinoextrud.com\/nl\/wp-json\/wp\/v2\/categories?post=6361"}],"curies":[{"name":"wp","href":"https:\/\/api.w.org\/{rel}","templated":true}]}}