{"id":6252,"date":"2025-05-26T06:52:58","date_gmt":"2025-05-26T06:52:58","guid":{"rendered":"https:\/\/sinoextrud.com\/product\/extruded-aluminum-sliding-channel\/"},"modified":"2025-06-24T03:55:56","modified_gmt":"2025-06-24T03:55:56","slug":"geextrudeerd-aluminium-schuifkanaal","status":"publish","type":"product","link":"https:\/\/sinoextrud.com\/nl\/product\/extruded-aluminum-sliding-channel\/","title":{"rendered":"Ge\u00ebxtrudeerd aluminium schuifkanaal"},"content":{"rendered":"<h2>Producten Details<\/h2>\n<table class=\"custom-table\">\n<tr>\n<td class=\"label\">Naam<\/td>\n<td>Ge\u00ebxtrudeerd aluminium schuifkanaal<\/td>\n<\/tr>\n<tr>\n<td class=\"label\">Categorie<\/td>\n<td>Aluminium profielen<\/td>\n<\/tr>\n<tr>\n<td class=\"label\">Type<\/td>\n<td>Zwaar type of licht is beschikbaar<\/td>\n<\/tr>\n<tr>\n<td class=\"label\">Materiaal<\/td>\n<td>6061 wordt veel gebruikt. 6063, 6463, 6005, 6082 is ook verkrijgbaar.<\/td>\n<\/tr>\n<tr>\n<td class=\"label\">Temper<\/td>\n<td>T5-T8<\/td>\n<\/tr>\n<tr>\n<td class=\"label\">Lengte<\/td>\n<td>1-9M of maatwerk<\/td>\n<\/tr>\n<tr>\n<td class=\"label\">Grootte (mm)<\/td>\n<td>Volgens tekening<\/td>\n<\/tr>\n<tr>\n<td class=\"label\">Vorm<\/td>\n<td>Eenpersoons \/ tweepersoons \/ driepersoons<\/td>\n<\/tr>\n<tr>\n<td class=\"label\">Oppervlaktebehandeling<\/td>\n<td>In de fabriek afgewerkt, Geanodiseerd, Zandstralen, Elektroforese, Powercoating, enz.<\/td>\n<\/tr>\n<tr>\n<td class=\"label\">Kleur<\/td>\n<td>Zilver, zwart, wit, rood, geel, champagne of aangepaste kleur<\/td>\n<\/tr>\n<tr>\n<td class=\"label\">Standaard<\/td>\n<td>ASTM, GB, DIN<\/td>\n<\/tr>\n<tr>\n<td class=\"label\">Van<\/td>\n<td>Guangdong, China<\/td>\n<\/tr>\n<tr>\n<td class=\"label\">Toepassing<\/td>\n<td>Venster en deur, evenals het spoor, de glijbaan, de groef in de industrie<\/td>\n<\/tr>\n<\/table>\n<h2>Onze productiebasis<\/h2>\n<h3>Fabriek Panorama<\/h3>\n<p><img decoding=\"async\" src=\"\/wp-content\/uploads\/factory-01.webp\"\/><\/p>\n<h3>Aluminium staaf productie werkplaats<\/h3>\n<p><img decoding=\"async\" src=\"\/wp-content\/uploads\/factory-02.webp\"\/><\/p>\n<p><img decoding=\"async\" src=\"\/wp-content\/uploads\/factory-03.webp\"\/><\/p>\n<h3>Magazijn voor schimmelopslag<\/h3>\n<p><img decoding=\"async\" src=\"\/wp-content\/uploads\/factory-04.webp\"\/><\/p>\n<h3>43 lijnen voor aluminiumextrusie (500-5500 ton)<\/h3>\n<p><img decoding=\"async\" src=\"\/wp-content\/uploads\/factory-05.webp\"\/><\/p>\n<p><img decoding=\"async\" src=\"\/wp-content\/uploads\/factory-06.webp\"\/><\/p>\n<p><img decoding=\"async\" src=\"\/wp-content\/uploads\/factory-07.webp\"\/><\/p>\n<h3>Poedercoating Werkplaats<\/h3>\n<p><img decoding=\"async\" src=\"\/wp-content\/uploads\/factory-09.webp\"\/><\/p>\n<h3>Anodiseren Werkplaats<\/h3>\n<p><img decoding=\"async\" src=\"\/wp-content\/uploads\/factory-10.webp\"\/><\/p>\n<h3>Workshop Diepe Verwerking<\/h3>\n<p><img decoding=\"async\" src=\"\/wp-content\/uploads\/factory-11.webp\"\/><\/p>\n<h3>CNC precisiemachinewerkplaats<\/h3>\n<p><img decoding=\"async\" src=\"\/wp-content\/uploads\/factory-11.5.webp\"\/><\/p>\n<h3>Eindproduct &amp; Export Magazijn<\/h3>\n<p><img decoding=\"async\" src=\"\/wp-content\/uploads\/factory-12.webp\"\/><\/p>\n<p><img decoding=\"async\" src=\"\/wp-content\/uploads\/factory-13.webp\"\/><\/p>\n<p><img decoding=\"async\" src=\"\/wp-content\/uploads\/factory-14.webp\"\/><\/p>\n<h2>FAQ<\/h2>\n<p><p><b>1. Wat is een ge\u00ebxtrudeerde aluminium schuifgoot?<\/b><\/p>\n<p>Een ge\u00ebxtrudeerde aluminium schuifgoot is een precisie ontworpen aluminium railsysteem dat ontworpen is voor soepele, duurzame schuiftoepassingen in deuren, ramen en panelen.<br \/>\n<\/p><br \/>\n<br \/>\n<p><b>2.Wat zijn de belangrijkste kenmerken van een ge\u00ebxtrudeerde aluminium schuifgoot?<\/b><\/p>\n<p>De belangrijkste kenmerken zijn extrusie met hoge sterkte, corrosiebestendigheid, nauwe maattoleranties, aanpasbare lengtes en glijvlakken met lage wrijving.<br \/>\n<\/p><br \/>\n<br \/>\n<p><b>3.Hoe verbetert een ge\u00ebxtrudeerde aluminium schuifgoot de prestaties?<\/b><\/p>\n<p>Schuifkanalen van ge\u00ebxtrudeerd aluminium zorgen voor een consistente, soepele beweging, minder slijtage van de rollen en een grotere belastbaarheid voor zware schuifpanelen.<br \/>\n<\/p><br \/>\n<br \/>\n<p><b>4. Waarom kiezen voor ge\u00ebxtrudeerde aluminium schuifkanalen in plaats van kunststof of stalen opties?<\/b><\/p>\n<p>Ge\u00ebxtrudeerde aluminium schuifkanalen bieden een superieure verhouding tussen sterkte en gewicht, een natuurlijke weerstand tegen corrosie, een betere thermische stabiliteit en voordelen van recyclebaar materiaal.<br \/>\n<\/p><br \/>\n<br \/>\n<p><b>5.Kunnen de Ge\u00ebxtrudeerde Aluminium Glijdende Kanalen worden geanodiseerd of worden gecoat?<\/b><\/p>\n<p>Ja, ge\u00ebxtrudeerde aluminium schuifpanelen kunnen geanodiseerd, gepoedercoat en op maat afgewerkt worden om de esthetiek, krasbestendigheid en duurzaamheid op lange termijn te verbeteren.<br \/>\n<\/p><br \/>\n<br \/>\n<p><b>6. Welke toepassingen profiteren van ge\u00ebxtrudeerde aluminium glijdende kanalen?<\/b><\/p>\n<p>Ge\u00ebxtrudeerde aluminium schuifkanalen zijn ideaal voor residenti\u00eble en commerci\u00eble schuifdeuren, glazen scheidingswanden, kastlades en industri\u00eble machineafschermingen.<br \/>\n<\/p><br \/>\n<br \/>\n<p><b>7.Hoe installeer je een ge\u00ebxtrudeerde aluminium schuifgoot?<\/b><\/p>\n<p>Bij de installatie moet het kanaal aan het montageoppervlak worden bevestigd met schroeven of kleefmiddelen, moeten de rollen of geleiders worden uitgelijnd en afgesteld voor een soepele schuifwerking.<br \/>\n<\/p><br \/>\n<br \/>\n<p><b>8.Zijn ge\u00ebxtrudeerde aluminium glijdalen onderhoudsvrij?<\/b><\/p>\n<p>Het onderhoud van ge\u00ebxtrudeerde aluminium glijdkanalen is minimaal: periodieke reiniging en smering van de glijdende elementen zorgen voor optimale prestaties en een lange levensduur.<br \/>\n<\/p><br \/>\n<br \/>\n<p><b>9.Welke aanpassingsopties zijn beschikbaar voor Ge\u00ebxtrudeerde Aluminium Glijdende Kanalen?<\/b><\/p>\n<p>Fabrikanten bieden aangepaste doorsneden, sleufconfiguraties, gatenpatronen en lengtesneden voor op maat gemaakte ge\u00ebxtrudeerde aluminium glijdende kanaaloplossingen.<br \/>\n<\/p><br \/>\n<br \/>\n<p><b>10.Waar kan ik hoogwaardige ge\u00ebxtrudeerde aluminium schuifkanalen kopen?<\/b><\/p>\n<p>Toonaangevende leveranciers van extrusie bieden gecertificeerde ge\u00ebxtrudeerde aluminium schuifkanalen met ISO-kwaliteitsgarantie, wereldwijde verzending en technische ondersteuning.<br \/>\n<\/p><br \/><\/p>","protected":false},"featured_media":6251,"template":"","categories":[59],"class_list":["post-6252","product","type-product","status-publish","has-post-thumbnail","hentry","category-aluminum-window-door-system"],"meta_box":{"hilight_text_group":{"product_hilight_text":"<li>High-precision extrusion for uniform sliding action and minimal friction<\/li>\r\r\n<li>Hard-anodized surface for enhanced wear resistance and corrosion protection<\/li>\r\r\n<li>Customizable channel dimensions and profiles to fit diverse application needs<\/li>\r\r\n<li>Integrated drainage slots to prevent debris build-up and ensure smooth operation<\/li>\r\r\n<li>Lightweight 6061-T6 aluminum construction for strength-to-weight optimization<\/li>\r\r\n<li>Compatible with standard bearings and sliders for easy assembly<\/li>\r\r\n<li>Low maintenance with self-lubricating track options available<\/li>\r\r\n<li>RoHS-compliant and fully recyclable for sustainable manufacturing<\/li>","product_chanpin_chanpin":"<li><a href=\"https:\/\/sinoextrud.com\/product\/extruded-aluminum-alloy-profile-for-glass-floor-channel\/\" target=\"_blank\">Extruded Aluminum Alloy Profile For Glass Floor Channel<\/a><\/li>\r\n<li><a href=\"https:\/\/sinoextrud.com\/product\/aluminum-extrusion-aerospace-grade-2024-aluminum-alloy-tubes\/\" target=\"_blank\">Aluminum Extrusion Aerospace-Grade 2024 Aluminum Alloy Tubes<\/a><\/li>\r\n<li><a href=\"https:\/\/sinoextrud.com\/product\/aluminum-casement-door\/\" target=\"_blank\">Aluminum Casement Door<\/a><\/li>\r\n<li><a href=\"https:\/\/sinoextrud.com\/product\/6063t6-aluminium-profile-corner\/\" target=\"_blank\">6063T6 Aluminium Profile Corner<\/a><\/li>\r\n<li><a href=\"https:\/\/sinoextrud.com\/product\/extruded-aluminum-sliding-channel\/\" target=\"_blank\">Extruded Aluminum Sliding Channel<\/a><\/li>\r\n<li><a href=\"https:\/\/sinoextrud.com\/product\/aluminum-door-frame-profile\/\" target=\"_blank\">Aluminum Door Frame Profile<\/a><\/li>\r\n<li><a href=\"https:\/\/sinoextrud.com\/product\/sliding-window-aluminum-window-track\/\" target=\"_blank\">Sliding Window Aluminum Window Track<\/a><\/li>\r\n<li><a href=\"https:\/\/sinoextrud.com\/product\/aluminum-window-frame\/\" target=\"_blank\">Aluminum Window Frame<\/a><\/li>\r\n<li><a href=\"https:\/\/sinoextrud.com\/product\/aluminum-window-profile\/\" target=\"_blank\">Aluminum Window Profile<\/a><\/li>\r\n<li><a href=\"https:\/\/sinoextrud.com\/product\/customized-aluminum-porch-railing\/\" target=\"_blank\">Customized Aluminum Porch Railing<\/a><\/li>\r\n<li><a href=\"https:\/\/sinoextrud.com\/product\/high-quality-aluminium-extrusion-profile-for-curtain-wall\/\" target=\"_blank\">High Quality Aluminium Extrusion Profile for Curtain Wall<\/a><\/li>"},"feature_list":[]},"_links":{"self":[{"href":"https:\/\/sinoextrud.com\/nl\/wp-json\/wp\/v2\/product\/6252","targetHints":{"allow":["GET"]}}],"collection":[{"href":"https:\/\/sinoextrud.com\/nl\/wp-json\/wp\/v2\/product"}],"about":[{"href":"https:\/\/sinoextrud.com\/nl\/wp-json\/wp\/v2\/types\/product"}],"wp:featuredmedia":[{"embeddable":true,"href":"https:\/\/sinoextrud.com\/nl\/wp-json\/wp\/v2\/media\/6251"}],"wp:attachment":[{"href":"https:\/\/sinoextrud.com\/nl\/wp-json\/wp\/v2\/media?parent=6252"}],"wp:term":[{"taxonomy":"category","embeddable":true,"href":"https:\/\/sinoextrud.com\/nl\/wp-json\/wp\/v2\/categories?post=6252"}],"curies":[{"name":"wp","href":"https:\/\/api.w.org\/{rel}","templated":true}]}}