{"id":6242,"date":"2025-05-26T06:17:57","date_gmt":"2025-05-26T06:17:57","guid":{"rendered":"https:\/\/sinoextrud.com\/product\/aluminium-extrusion-frameless-glass-railing-aluminum-profiles\/"},"modified":"2025-06-24T03:55:34","modified_gmt":"2025-06-24T03:55:34","slug":"aluminium-extrusie-frameloze-glazen-reling-aluminium-profielen","status":"publish","type":"product","link":"https:\/\/sinoextrud.com\/nl\/product\/aluminium-extrusion-frameless-glass-railing-aluminum-profiles\/","title":{"rendered":"Aluminium Extrusie Frameless Glas Railing Aluminium Profielen"},"content":{"rendered":"<h2>Producten Details<\/h2>\n<table class=\"custom-table\">\n<tr>\n<td class=\"label\">Productnaam<\/td>\n<td>Aluminium Extrusie Frameless Glas Railing Aluminium Profielen<\/td>\n<\/tr>\n<tr>\n<td class=\"label\">Assortiment<\/td>\n<td>aluminiumextrusies voor aluminiumkanaal, U-vormig kanaal, glasleuningen, Frameless vangrailwacht, Aluminiumleuningen Glasklem, enz.<\/td>\n<\/tr>\n<tr>\n<td class=\"label\">Geschikte systemen Typen<\/td>\n<td>Aluminiumlegering balkon glazen balustrades glazen leuningen balkon trapleuning, Frameless glazen balustrades leuningen balkon trapleuning etc<\/td>\n<\/tr>\n<tr>\n<td class=\"label\">Aluminiumlegering<\/td>\n<td>5000 serie, 6000 serie, 7000 serie<\/td>\n<\/tr>\n<tr>\n<td class=\"label\">Temper<\/td>\n<td>T5-T8<\/td>\n<\/tr>\n<tr>\n<td class=\"label\">Vorm<\/td>\n<td>maatwerk<\/td>\n<\/tr>\n<tr>\n<td class=\"label\">Kleur<\/td>\n<td>maatwerk<\/td>\n<\/tr>\n<tr>\n<td class=\"label\">Oppervlaktebehandeling<\/td>\n<td>afgewerkt, geanodiseerd, houtnerf, power coating, zandstralen, elektroforese, geborsteld, polijsten, enz.<\/td>\n<\/tr>\n<tr>\n<td class=\"label\">CNC Diepe Bewerking<\/td>\n<td>snijden, boren, machinaal bewerken, ponsen, buigen, tappen enzovoort<\/td>\n<\/tr>\n<tr>\n<td class=\"label\">Certificeringen<\/td>\n<td>CE, ISO, SGS, TUV, ROHS<\/td>\n<\/tr>\n<tr>\n<td class=\"label\">Monsters<\/td>\n<td>gratis monster. 1-3 dagen aan u geleverd.<\/td>\n<\/tr>\n<tr>\n<td class=\"label\">MOQ<\/td>\n<td>200KG voor elk profiel<\/td>\n<\/tr>\n<tr>\n<td class=\"label\">Levertijd<\/td>\n<td>Vorm het ontwikkelen en steekproefbevestiging is 12-15 dagen, dan is de productieduur 15-25 dagen na ontvangstbewijs van storting van koper.<\/td>\n<\/tr>\n<tr>\n<td class=\"label\">Betalingsvoorwaarden<\/td>\n<td>30% aanbetaling v\u00f3\u00f3r productie en saldo v\u00f3\u00f3r verzending.<\/td>\n<\/tr>\n<\/table>\n<h2>Onze productiebasis<\/h2>\n<h3>Fabriek Panorama<\/h3>\n<p><img decoding=\"async\" src=\"\/wp-content\/uploads\/factory-01.webp\"\/><\/p>\n<h3>Aluminium staaf productie werkplaats<\/h3>\n<p><img decoding=\"async\" src=\"\/wp-content\/uploads\/factory-02.webp\"\/><\/p>\n<\/p>\n<p><img decoding=\"async\" src=\"\/wp-content\/uploads\/factory-03.webp\"\/><\/p>\n<h3>Magazijn voor schimmelopslag<\/h3>\n<p><img decoding=\"async\" src=\"\/wp-content\/uploads\/factory-04.webp\"\/><\/p>\n<h3>43 lijnen voor aluminiumextrusie (500\u00e2\u20ac\"5500 ton)<\/h3>\n<p><img decoding=\"async\" src=\"\/wp-content\/uploads\/factory-05.webp\"\/><\/p>\n<p><img decoding=\"async\" src=\"\/wp-content\/uploads\/factory-06.webp\"\/><\/p>\n<p><img decoding=\"async\" src=\"\/wp-content\/uploads\/factory-07.webp\"\/><\/p>\n<h3>Poedercoating Werkplaats<\/h3>\n<p><img decoding=\"async\" src=\"\/wp-content\/uploads\/factory-09.webp\"\/><\/p>\n<h3>Anodiseren Werkplaats<\/h3>\n<p><img decoding=\"async\" src=\"\/wp-content\/uploads\/factory-10.webp\"\/><\/p>\n<h3>Workshop Diepe Verwerking<\/h3>\n<p><img decoding=\"async\" src=\"\/wp-content\/uploads\/factory-11.webp\"\/><\/p>\n<h3>CNC precisiemachinewerkplaats<\/h3>\n<p><img decoding=\"async\" src=\"\/wp-content\/uploads\/factory-11.5.webp\"\/><\/p>\n<h3>Eindproduct &amp; Export Magazijn<\/h3>\n<p><img decoding=\"async\" src=\"\/wp-content\/uploads\/factory-12.webp\"\/><\/p>\n<p><img decoding=\"async\" src=\"\/wp-content\/uploads\/factory-13.webp\"\/><\/p>\n<p><img decoding=\"async\" src=\"\/wp-content\/uploads\/factory-14.webp\"\/><\/p>\n<h2>FAQ<\/h2>\n<p><b>1.Wat zijn aluminium profielen van de aluminiumuitdrijving de frameless glasrailing? <\/b><\/p>\n<p> Het zijn ge\u00ebxtrudeerde aluminium profielen die ontworpen zijn om frameloze glaspanelen stevig vast te zetten in railingsystemen, voor stevigheid en een moderne, naadloze look.\n<\/p>\n<p><\/p>\n<p><b>2.Wat zijn de voordelen van het gebruik van aluminium profielen voor frameloze glazen balustrades? <\/b><\/p>\n<p> Aluminium profielen bieden lichtgewicht sterkte, corrosiebestendigheid, installatiegemak en een slanke esthetiek die de transparantie van glazen balustrades verbetert.\n<\/p>\n<p><\/p>\n<p><b>3.Waarom kiezen voor aluminium extrusie voor frameloze glazen railing profielen? <\/b><\/p>\n<p> Extrusie maakt precieze vormgeving, consistente kwaliteit en duurzame profielen mogelijk die glaspanelen veilig ondersteunen zonder omvangrijke frames.\n<\/p>\n<p><\/p>\n<p><b>4.Waar worden aluminium profielen voor frameloze glasrails vaak gebruikt? <\/b><\/p>\n<p> Ze worden gebruikt in woonbalkons, trappenhuizen, commerci\u00eble gebouwen, patio's en zwembadomheiningen om een veilig, onbelemmerd uitzicht te cre\u00ebren.\n<\/p>\n<p><\/p>\n<p><b>5.Zijn aluminium extrusieprofielen voor glasrails corrosiebestendig? <\/b><\/p>\n<p> Ja, aluminium is van nature corrosiebestendig en kan worden geanodiseerd of gepoedercoat om bestand te zijn tegen weersomstandigheden buiten en vochtige omgevingen.\n<\/p>\n<p><\/p>\n<p><b>6.Kan aluminium frameloze glazen reling profielen worden aangepast? <\/b><\/p>\n<p> Absoluut, ze kunnen op maat ge\u00ebxtrudeerd worden tot specifieke afmetingen, vormen en afwerkingen om te voldoen aan ontwerpvereisten en glasdiktes.\n<\/p>\n<p><\/p>\n<p><b>7.Welke afwerkingen zijn er beschikbaar voor aluminium glasrelingprofielen? <\/b><\/p>\n<p> Veelgebruikte afwerkingen zijn geanodiseerd, gepoedercoat, geborsteld en gepolijst om zowel bescherming als visuele aantrekkingskracht te bieden.\n<\/p>\n<p><\/p>\n<p><b>8.Verbeteren aluminium profielen de veiligheid van frameloze glazen balustrades? <\/b><\/p>\n<p> Ja, ze bieden veilige klemmen en ondersteuning voor glaspanelen, waardoor de structurele integriteit en de veiligheid van de gebruiker worden verbeterd.\n<\/p>\n<p><\/p>\n<p><b>9.Zijn aluminium extrusieprofielen gemakkelijk te installeren in glazen railingsystemen? <\/b><\/p>\n<p> Ja, ze zijn ontworpen voor eenvoudige installatie met compatibele hardware, wat de werktijd verkort en een nauwkeurige pasvorm garandeert.\n<\/p>\n<p><\/p>\n<p><b>10.Hoe verbeteren aluminium frameloze glazen leuningprofielen de architecturale esthetiek? <\/b><\/p>\n<p> Hun slanke, minimalistische ontwerp maximaliseert de transparantie en lichtstroom en cre\u00ebert elegante en moderne railingoplossingen.\n<\/p>\n<p><\/p>","protected":false},"featured_media":6241,"template":"","categories":[58],"class_list":["post-6242","product","type-product","status-publish","has-post-thumbnail","hentry","category-aluminium-extrusion-profiles"],"meta_box":{"hilight_text_group":{"product_hilight_text":"<li>Sleek design enables seamless frameless glass railing installation<\/li>\r\r\n<li>High-strength aluminum provides robust structural support<\/li>\r\r\n<li>Corrosion-resistant finish suitable for indoor and outdoor use<\/li>\r\r\n<li>Custom profiles to fit various glass thicknesses and railing systems<\/li>\r\r\n<li>Lightweight and easy to install, reducing labor costs<\/li>","product_chanpin_chanpin":"<li><a href=\"https:\/\/sinoextrud.com\/product\/aluminum-extrusion-minimalist-office-partition-aluminum-profiles\/\" target=\"_blank\">Aluminum Extrusion Minimalist Office Partition Aluminum Profiles<\/a><\/li>\r\n<li><a href=\"https:\/\/sinoextrud.com\/product\/aluminum-extrusion-ultra-small-material-aluminum-frame-profile\/\" target=\"_blank\">Aluminum Extrusion Ultra-small Material Aluminum Frame Profile<\/a><\/li>\r\n<li><a href=\"https:\/\/sinoextrud.com\/product\/aluminum-extrusion-6061-6082-automotive-bumper-beam\/\" target=\"_blank\">Aluminum Extrusion 6061 6082 Automotive Bumper Beam<\/a><\/li>\r\n<li><a href=\"https:\/\/sinoextrud.com\/product\/aluminium-window-extrusion-profile\/\" target=\"_blank\">Aluminium Window Extrusion Profile<\/a><\/li>\r\n<li><a href=\"https:\/\/sinoextrud.com\/product\/aluminium-extrusion-frameless-glass-railing-aluminum-profiles\/\" target=\"_blank\">Aluminium Extrusion Frameless Glass Railing Aluminum Profiles<\/a><\/li>\r\n<li><a href=\"https:\/\/sinoextrud.com\/product\/extruded-aluminum-alloy-profile-for-glass-floor-channel\/\" target=\"_blank\">Extruded Aluminum Alloy Profile For Glass Floor Channel<\/a><\/li>\r\n<li><a href=\"https:\/\/sinoextrud.com\/product\/aluminum-extrusion-aerospace-grade-2024-aluminum-alloy-tubes\/\" target=\"_blank\">Aluminum Extrusion Aerospace-Grade 2024 Aluminum Alloy Tubes<\/a><\/li>\r\n<li><a href=\"https:\/\/sinoextrud.com\/product\/aluminum-casement-door\/\" target=\"_blank\">Aluminum Casement Door<\/a><\/li>\r\n<li><a href=\"https:\/\/sinoextrud.com\/product\/6063t6-aluminium-profile-corner\/\" target=\"_blank\">6063T6 Aluminium Profile Corner<\/a><\/li>\r\n<li><a href=\"https:\/\/sinoextrud.com\/product\/aluminum-extrusion-connectors-for-window-door-aluminum\/\" target=\"_blank\">Aluminum Extrusion Connectors For Window Door Aluminum<\/a><\/li>\r\n<li><a href=\"https:\/\/sinoextrud.com\/product\/customize-6063-z-section-aluminium-extrusion\/\" target=\"_blank\">Customize 6063 Z Section Aluminium Extrusion<\/a><\/li>"},"feature_list":[]},"_links":{"self":[{"href":"https:\/\/sinoextrud.com\/nl\/wp-json\/wp\/v2\/product\/6242","targetHints":{"allow":["GET"]}}],"collection":[{"href":"https:\/\/sinoextrud.com\/nl\/wp-json\/wp\/v2\/product"}],"about":[{"href":"https:\/\/sinoextrud.com\/nl\/wp-json\/wp\/v2\/types\/product"}],"wp:featuredmedia":[{"embeddable":true,"href":"https:\/\/sinoextrud.com\/nl\/wp-json\/wp\/v2\/media\/6241"}],"wp:attachment":[{"href":"https:\/\/sinoextrud.com\/nl\/wp-json\/wp\/v2\/media?parent=6242"}],"wp:term":[{"taxonomy":"category","embeddable":true,"href":"https:\/\/sinoextrud.com\/nl\/wp-json\/wp\/v2\/categories?post=6242"}],"curies":[{"name":"wp","href":"https:\/\/api.w.org\/{rel}","templated":true}]}}