{"id":6218,"date":"2025-05-26T02:51:29","date_gmt":"2025-05-26T02:51:29","guid":{"rendered":"https:\/\/sinoextrud.com\/product\/aluminium-extrusion-3003-6082-7003-7075-aluminum-profile\/"},"modified":"2025-06-24T03:55:08","modified_gmt":"2025-06-24T03:55:08","slug":"aluminium-extrusie-3003-6082-7003-7075-aluminium-profiel","status":"publish","type":"product","link":"https:\/\/sinoextrud.com\/nl\/product\/aluminium-extrusion-3003-6082-7003-7075-aluminum-profile\/","title":{"rendered":"Aluminium extrusie 3003 6082 7003 7075 aluminium profiel"},"content":{"rendered":"<h2>Producten Details<\/h2>\n<table class=\"custom-table\">\n<tr>\n<td class=\"label\">Productnaam<\/td>\n<td>Aluminium extrusie 3003 6082 7003 7075 aluminium profiel<\/td>\n<\/tr>\n<tr>\n<td class=\"label\">Aluminiumlegering<\/td>\n<td>3000 serie, 6000 serie, 7000 serie<\/td>\n<\/tr>\n<tr>\n<td class=\"label\">Temper<\/td>\n<td>T3-T8<\/td>\n<\/tr>\n<tr>\n<td class=\"label\">Vorm<\/td>\n<td>maatwerk<\/td>\n<\/tr>\n<tr>\n<td class=\"label\">Kleur<\/td>\n<td>maatwerk<\/td>\n<\/tr>\n<tr>\n<td class=\"label\">Oppervlaktebehandeling<\/td>\n<td>afgewerkt, geanodiseerd, houtnerf, power coating, zandstralen, elektroforese, geborsteld, polijsten, enz.<\/td>\n<\/tr>\n<tr>\n<td class=\"label\">CNC Diepe Bewerking<\/td>\n<td>snijden, boren, machinaal bewerken, ponsen, buigen, tappen enzovoort<\/td>\n<\/tr>\n<tr>\n<td class=\"label\">Certificeringen<\/td>\n<td>CE, ISO, SGS, TUV, ROHS<\/td>\n<\/tr>\n<tr>\n<td class=\"label\">Monsters<\/td>\n<td>gratis monster. 1-3 dagen aan u geleverd.<\/td>\n<\/tr>\n<tr>\n<td class=\"label\">MOQ<\/td>\n<td>200KG voor elk profiel<\/td>\n<\/tr>\n<tr>\n<td class=\"label\">Levertijd<\/td>\n<td>Vorm het ontwikkelen en steekproefbevestiging is 12-15 dagen, dan is de productieduur 15-25 dagen na ontvangstbewijs van storting van koper.<\/td>\n<\/tr>\n<tr>\n<td class=\"label\">Betalingsvoorwaarden<\/td>\n<td>30% aanbetaling v\u00f3\u00f3r productie en saldo v\u00f3\u00f3r verzending.<\/td>\n<\/tr>\n<\/table>\n<h2>Onze productiebasis<\/h2>\n<h3>Fabriek Panorama<\/h3>\n<p><img decoding=\"async\" src=\"\/wp-content\/uploads\/factory-01.webp\"\/><\/p>\n<h3>Aluminium staaf productie werkplaats<\/h3>\n<p><img decoding=\"async\" src=\"\/wp-content\/uploads\/factory-02.webp\"\/><\/p>\n<p><img decoding=\"async\" src=\"\/wp-content\/uploads\/factory-03.webp\"\/><\/p>\n<h3>Magazijn voor schimmelopslag<\/h3>\n<p><img decoding=\"async\" src=\"\/wp-content\/uploads\/factory-04.webp\"\/><\/p>\n<h3>43 lijnen voor aluminiumextrusie (500-5500 ton)<\/h3>\n<p><img decoding=\"async\" src=\"\/wp-content\/uploads\/factory-05.webp\"\/><\/p>\n<p><img decoding=\"async\" src=\"\/wp-content\/uploads\/factory-06.webp\"\/><\/p>\n<p><img decoding=\"async\" src=\"\/wp-content\/uploads\/factory-07.webp\"\/><\/p>\n<h3>Poedercoating Werkplaats<\/h3>\n<p><img decoding=\"async\" src=\"\/wp-content\/uploads\/factory-09.webp\"\/><\/p>\n<h3>Anodiseren Werkplaats<\/h3>\n<p><img decoding=\"async\" src=\"\/wp-content\/uploads\/factory-10.webp\"\/><\/p>\n<h3>Workshop Diepe Verwerking<\/h3>\n<p><img decoding=\"async\" src=\"\/wp-content\/uploads\/factory-11.webp\"\/><\/p>\n<h3>CNC precisiemachinewerkplaats<\/h3>\n<p><img decoding=\"async\" src=\"\/wp-content\/uploads\/factory-11.5.webp\"\/><\/p>\n<h3>Eindproduct &amp; Export Magazijn<\/h3>\n<p><img decoding=\"async\" src=\"\/wp-content\/uploads\/factory-12.webp\"\/><\/p>\n<p><img decoding=\"async\" src=\"\/wp-content\/uploads\/factory-13.webp\"\/><\/p>\n<p><img decoding=\"async\" src=\"\/wp-content\/uploads\/factory-14.webp\"\/><\/p>\n<h2>FAQ<\/h2>\n<p><p><b>1.Wat is een aluminium extrusie 3003 6082 7003 7075 aluminium profiel? <\/b><\/p>\n<p> Het verwijst naar ge\u00ebxtrudeerde aluminium profielen gemaakt van specifieke legeringen-3003, 6082, 7003 en 7075 - elk met unieke mechanische en corrosiebestendige eigenschappen voor diverse industri\u00eble toepassingen.<br \/>\n<\/p><br \/>\n<br \/>\n<p><b>2. Wat zijn de voordelen van 3003 aluminium extrusie profielen? <\/b><\/p>\n<p> 3003 aluminium profielen bieden een uitstekende corrosiebestendigheid, goede verwerkbaarheid en zijn ideaal voor dakbedekking, bevelsiding en decoratieve toepassingen.<br \/>\n<\/p><br \/>\n<br \/>\n<p><b>3. Waarom kiezen voor 6082 aluminium extrusie profielen? <\/b><\/p>\n<p> 6082 aluminium profielen hebben een hoge sterkte, uitstekende lasbaarheid en een goede corrosiebestendigheid, waardoor ze geschikt zijn voor constructies en transporttoepassingen.<br \/>\n<\/p><br \/>\n<br \/>\n<p><b>4. Wat zijn de voordelen van 7003 aluminium extrusie profielen? <\/b><\/p>\n<p> 7003 aluminium profielen leveren een hoge treksterkte en goede weerstand tegen vermoeiing en worden vaak gebruikt in auto's, fietsframes en toepassingen met hoge belasting.<br \/>\n<\/p><br \/>\n<br \/>\n<p><b>5. Waarom 7075 aluminium extrusie profielen gebruiken? <\/b><\/p>\n<p> 7075 aluminium profielen staan bekend om hun extreem hoge sterkte-gewichtsverhouding, waardoor ze ideaal zijn voor luchtvaart, defensie en precisie-onderdelen.<br \/>\n<\/p><br \/>\n<br \/>\n<p><b>6.Waarin verschillen aluminiumprofielen 3003, 6082, 7003 en 7075 van elkaar? <\/b><\/p>\n<p> 3003 is corrosiebestendig en vervormbaar; 6082 brengt sterkte en lasbaarheid in evenwicht; 7003 is sterk en licht; 7075 biedt sterkte van ruimtevaartniveau met beperkte lasbaarheid.<br \/>\n<\/p><br \/>\n<br \/>\n<p><b>7.Kunnen aluminium extrusie profielen in deze legeringen op maat gemaakt worden? <\/b><\/p>\n<p> Ja, profielen gemaakt van legeringen 3003, 6082, 7003 en 7075 kunnen worden aangepast in vorm, lengte, wanddikte en oppervlakteafwerking op basis van de toepassingsbehoeften.<br \/>\n<\/p><br \/>\n<br \/>\n<p><b>8.Zijn deze aluminium profielen corrosiebestendig? <\/b><\/p>\n<p> Ja, 3003 en 6082 bieden een uitstekende corrosiebestendigheid, terwijl 7003 en 7075 behandeld of gecoat kunnen worden voor een betere milieubescherming.<br \/>\n<\/p><br \/>\n<br \/>\n<p><b>9. Welke toepassingen gebruiken 3003 6082 7003 7075 aluminium extrusie profielen? <\/b><\/p>\n<p> Deze profielen worden gebruikt in de bouw, transport, ruimtevaart, automobielindustrie, machinebouw, scheepsconstructies en sportuitrusting.<br \/>\n<\/p><br \/>\n<br \/>\n<p><b>10.Welke afwerkingen zijn er beschikbaar voor deze profielen van aluminiumlegeringen? <\/b><\/p>\n<p> Beschikbare afwerkingen zijn geanodiseerd, gepoedercoat, geverfd en gefreesd, afhankelijk van de legering en de vereisten voor het eindgebruik.<br \/>\n<\/p><br \/>\n<br \/>\n<p><b>11.Zijn aluminium extrusie profielen van deze legeringen sterk en duurzaam? <\/b><\/p>\n<p> Absoluut, vooral 6082, 7003 en 7075, die zijn ontworpen voor hoge sterkte, slagvastheid en duurzaamheid op lange termijn in veeleisende omstandigheden.<br \/>\n<\/p><br \/><\/p>","protected":false},"featured_media":6217,"template":"","categories":[58],"class_list":["post-6218","product","type-product","status-publish","has-post-thumbnail","hentry","category-aluminium-extrusion-profiles"],"meta_box":{"hilight_text_group":{"product_hilight_text":"<li>Multiple alloy options (3003, 6082, 7003, 7075) for varied strength and application needs<\/li>\r\r\n<li>High-performance materials suitable for aerospace, automotive, and structural use<\/li>\r\r\n<li>Excellent corrosion resistance and surface finish across all grades<\/li>\r\r\n<li>Customizable profiles and tempers for specific engineering requirements<\/li>\r\r\n<li>Supports precision machining, welding, and surface treatments<\/li>","product_chanpin_chanpin":"<li><a href=\"https:\/\/sinoextrud.com\/product\/aluminum-extrusion-aluminum-fence-panel-profile\/\" target=\"_blank\">Aluminum Extrusion Aluminum Fence Panel Profile<\/a><\/li>\r\n<li><a href=\"https:\/\/sinoextrud.com\/product\/aluminum-extrusion-sunflower-aluminum-profile\/\" target=\"_blank\">Aluminum Extrusion Sunflower Aluminum Profile<\/a><\/li>\r\n<li><a href=\"https:\/\/sinoextrud.com\/product\/aluminum-extrusion-aluminum-framing-profiles-for-sunroom\/\" target=\"_blank\">Aluminum Extrusion Aluminum Framing Profiles For Sunroom<\/a><\/li>\r\n<li><a href=\"https:\/\/sinoextrud.com\/product\/aluminum-extrusion-6063-large-diameter-aluminum-tube\/\" target=\"_blank\">Aluminum Extrusion 6063 Large Diameter Aluminum Tube<\/a><\/li>\r\n<li><a href=\"https:\/\/sinoextrud.com\/product\/aluminium-extrusion-3003-6082-7003-7075-aluminum-profile\/\" target=\"_blank\">Aluminium Extrusion 3003 6082 7003 7075 Aluminum Profile<\/a><\/li>\r\n<li><a href=\"https:\/\/sinoextrud.com\/product\/aluminum-extruded-aluminum-roofing-profiles\/\" target=\"_blank\">Aluminum Extruded Aluminum Roofing Profiles<\/a><\/li>\r\n<li><a href=\"https:\/\/sinoextrud.com\/product\/aluminum-extrusion-l-shaped-angle-aluminum-profile-in-china\/\" target=\"_blank\">Aluminum Extrusion L-shaped Angle Aluminum Profile in China<\/a><\/li>\r\n<li><a href=\"https:\/\/sinoextrud.com\/product\/aluminum-extrusion-1060-2024-3003-5082-6061-6082-7003-7005-7075-aluminum-alloy-profile\/\" target=\"_blank\">Aluminum Extrusion 1060 2024 3003 5082 6061 6082 7003 7005 7075 Aluminum Alloy Profile<\/a><\/li>\r\n<li><a href=\"https:\/\/sinoextrud.com\/product\/aluminum-extrusion-bathroom-mirror-cabinet-aluminum-profile\/\" target=\"_blank\">Aluminum Extrusion Bathroom Mirror Cabinet Aluminum Profile<\/a><\/li>\r\n<li><a href=\"https:\/\/sinoextrud.com\/product\/anodized-aluminum\/\" target=\"_blank\">Anodized Aluminum<\/a><\/li>\r\n<li><a href=\"https:\/\/sinoextrud.com\/product\/aluminium-extrusion-11-5m-ultra-long-mill-finished-profiles\/\" target=\"_blank\">Aluminium Extrusion 11.5m Ultra-long Mill Finished Profiles<\/a><\/li>"},"feature_list":[]},"_links":{"self":[{"href":"https:\/\/sinoextrud.com\/nl\/wp-json\/wp\/v2\/product\/6218","targetHints":{"allow":["GET"]}}],"collection":[{"href":"https:\/\/sinoextrud.com\/nl\/wp-json\/wp\/v2\/product"}],"about":[{"href":"https:\/\/sinoextrud.com\/nl\/wp-json\/wp\/v2\/types\/product"}],"wp:featuredmedia":[{"embeddable":true,"href":"https:\/\/sinoextrud.com\/nl\/wp-json\/wp\/v2\/media\/6217"}],"wp:attachment":[{"href":"https:\/\/sinoextrud.com\/nl\/wp-json\/wp\/v2\/media?parent=6218"}],"wp:term":[{"taxonomy":"category","embeddable":true,"href":"https:\/\/sinoextrud.com\/nl\/wp-json\/wp\/v2\/categories?post=6218"}],"curies":[{"name":"wp","href":"https:\/\/api.w.org\/{rel}","templated":true}]}}