{"id":6184,"date":"2025-05-25T15:51:14","date_gmt":"2025-05-25T15:51:14","guid":{"rendered":"https:\/\/sinoextrud.com\/product\/aluminum-extrusion-aluminum-cladding-profile-wood-look-grain-aluminum-panels\/"},"modified":"2025-06-24T03:54:45","modified_gmt":"2025-06-24T03:54:45","slug":"aluminium-extrusie-aluminium-gevelbekleding-profiel-hout-look-korrel-aluminium-panelen","status":"publish","type":"product","link":"https:\/\/sinoextrud.com\/nl\/product\/aluminum-extrusion-aluminum-cladding-profile-wood-look-grain-aluminum-panels\/","title":{"rendered":"Aluminium extrusie aluminium bekleding profiel hout kijken korrel aluminium panelen"},"content":{"rendered":"<h2>Producten Details<\/h2>\n<table class=\"custom-table\">\n<tr>\n<td class=\"label\">Productnaam<\/td>\n<td>Aluminium extrusie aluminium bekleding profiel hout kijken korrel aluminium panelen<\/td>\n<\/tr>\n<tr>\n<td class=\"label\">Model<\/td>\n<td>aluminium houten afwerkingsprofiel<\/td>\n<\/tr>\n<tr>\n<td class=\"label\">Toepassing<\/td>\n<td>gebouwen, winkelcentra, ziekenhuizen, luchthavens en woongebouwen.<\/td>\n<\/tr>\n<tr>\n<td class=\"label\">Aluminiumlegering<\/td>\n<td>6000 serie, 6063<\/td>\n<\/tr>\n<tr>\n<td class=\"label\">Temper<\/td>\n<td>T5-T8<\/td>\n<\/tr>\n<tr>\n<td class=\"label\">Vorm<\/td>\n<td>maatwerk<\/td>\n<\/tr>\n<tr>\n<td class=\"label\">Dikte<\/td>\n<td>0,8 mm-Aangepast<\/td>\n<\/tr>\n<tr>\n<td class=\"label\">Oppervlaktebehandeling<\/td>\n<td>Houtnerf, of maatwerk<\/td>\n<\/tr>\n<tr>\n<td class=\"label\">CNC Diepe Bewerking<\/td>\n<td>snijden, boren, machinaal bewerken, ponsen, buigen, tappen enzovoort<\/td>\n<\/tr>\n<tr>\n<td class=\"label\">Certificeringen<\/td>\n<td>CE, ISO, SGS, TUV, ROHS<\/td>\n<\/tr>\n<tr>\n<td class=\"label\">Standaard<\/td>\n<td>Middelhoge kwaliteit<\/td>\n<\/tr>\n<tr>\n<td class=\"label\">MOQ<\/td>\n<td>200KG voor elk profiel<\/td>\n<\/tr>\n<tr>\n<td class=\"label\">Levertijd<\/td>\n<td>15-25 dagen<\/td>\n<\/tr>\n<tr>\n<td class=\"label\">Betalingsvoorwaarden<\/td>\n<td>30% aanbetaling v\u00f3\u00f3r productie en saldo v\u00f3\u00f3r verzending.<\/td>\n<\/tr>\n<\/table>\n<h2>Onze productiebasis<\/h2>\n<h3>Fabriek Panorama<\/h3>\n<p><img decoding=\"async\" src=\"\/wp-content\/uploads\/factory-01.webp\"\/><\/p>\n<h3>Aluminium staaf productie werkplaats<\/h3>\n<p><img decoding=\"async\" src=\"\/wp-content\/uploads\/factory-02.webp\"\/><\/p>\n<p><img decoding=\"async\" src=\"\/wp-content\/uploads\/factory-03.webp\"\/><\/p>\n<h3>Magazijn voor schimmelopslag<\/h3>\n<p><img decoding=\"async\" src=\"\/wp-content\/uploads\/factory-04.webp\"\/><\/p>\n<h3>43 lijnen voor aluminiumextrusie (500-5500 ton)<\/h3>\n<p><img decoding=\"async\" src=\"\/wp-content\/uploads\/factory-05.webp\"\/><\/p>\n<p><img decoding=\"async\" src=\"\/wp-content\/uploads\/factory-06.webp\"\/><\/p>\n<p><img decoding=\"async\" src=\"\/wp-content\/uploads\/factory-07.webp\"\/><\/p>\n<h3>Poedercoating Werkplaats<\/h3>\n<p><img decoding=\"async\" src=\"\/wp-content\/uploads\/factory-09.webp\"\/><\/p>\n<h3>Anodiseren Werkplaats<\/h3>\n<p><img decoding=\"async\" src=\"\/wp-content\/uploads\/factory-10.webp\"\/><\/p>\n<h3>Workshop Diepe Verwerking<\/h3>\n<p><img decoding=\"async\" src=\"\/wp-content\/uploads\/factory-11.webp\"\/><\/p>\n<h3>CNC precisiemachinewerkplaats<\/h3>\n<p><img decoding=\"async\" src=\"\/wp-content\/uploads\/factory-11.5.webp\"\/><\/p>\n<h3>Eindproduct &amp; Export Magazijn<\/h3>\n<p><img decoding=\"async\" src=\"\/wp-content\/uploads\/factory-12.webp\"\/><\/p>\n<p><img decoding=\"async\" src=\"\/wp-content\/uploads\/factory-13.webp\"\/><\/p>\n<p><img decoding=\"async\" src=\"\/wp-content\/uploads\/factory-14.webp\"\/><\/p>\n<h2>FAQ<\/h2>\n<p><p><b>1.Wat zijn aluminium extrusie aluminium bekledingsprofielen met hout look graan? <\/b><\/p>\n<p> Dit zijn ge\u00ebxtrudeerde aluminium profielen die ontworpen zijn voor gevelbekledingstoepassingen, met een houtnerfafwerking die echt hout nabootst en tegelijkertijd de duurzaamheid van aluminium biedt.<br \/>\n<\/p><br \/>\n<br \/>\n<p><b>2.Wat zijn de voordelen van aluminium bekledingspanelen met houtlook? <\/b><\/p>\n<p> Wood look aluminium gevelbekledingspanelen bieden de esthetiek van natuurlijk hout met de voordelen van weerbestendigheid, weinig onderhoud, brandwerendheid en een lange levensduur.<br \/>\n<\/p><br \/>\n<br \/>\n<p><b>3.Waarom kiezen voor aluminium extrusie gevelbekledingsprofielen voor gevelsystemen? <\/b><\/p>\n<p> Aluminium extrusie gevelbekledingsprofielen bieden lichtgewicht sterkte, corrosiebestendigheid en een nauwkeurige pasvorm, waardoor ze ideaal zijn voor moderne en duurzame geveloplossingen.<br \/>\n<\/p><br \/>\n<br \/>\n<p><b>4.Hoe wordt de afwerking met houtnerf op aluminium panelen aangebracht? <\/b><\/p>\n<p> De afwerking met houtnerf wordt meestal bereikt door poedercoating of thermische transferprinten, wat een realistische textuur en UV-bestendig oppervlak oplevert.<br \/>\n<\/p><br \/>\n<br \/>\n<p><b>5.Zijn aluminium gevelpanelen met houtnerf geschikt voor gebruik buitenshuis? <\/b><\/p>\n<p> Ja, aluminium gevelpanelen met houtnerfstructuur zijn speciaal ontworpen voor gebruik buitenshuis, met een sterke weerstand tegen UV-stralen, regen, vochtigheid en temperatuurschommelingen.<br \/>\n<\/p><br \/>\n<br \/>\n<p><b>6.Hebben aluminium gevelbekledingsprofielen onderhoud nodig? <\/b><\/p>\n<p> Nee, in tegenstelling tot echt hout heeft aluminium gevelbekleding met houtnerf minimaal onderhoud nodig - alleen af en toe schoonmaken zonder dat je hoeft te schilderen of te sealen.<br \/>\n<\/p><br \/>\n<br \/>\n<p><b>7.Kan aluminium extrusie bekledingspanelen worden aangepast? <\/b><\/p>\n<p> Absoluut kunnen deze panelen worden aangepast in grootte, vorm, houtnerfpatroon en kleur om te voldoen aan verschillende architecturale stijlen en projectvereisten.<br \/>\n<\/p><br \/>\n<br \/>\n<p><b>8.Zijn aluminium houtlookpanelen milieuvriendelijk? <\/b><\/p>\n<p> Ja, aluminium is recyclebaar en gaat lang mee, en afwerkingen met houtnerf verminderen de behoefte aan echt hout en ondersteunen duurzame bouwpraktijken.<br \/>\n<\/p><br \/>\n<br \/>\n<p><b>9.Waar worden aluminium gevelbekledingsprofielen met houtnerf vaak gebruikt? <\/b><\/p>\n<p> Deze profielen worden gebruikt in gevels, soffits, plafonds, omheiningen, poorten en decoratieve wandpanelen voor residenti\u00eble en commerci\u00eble projecten.<br \/>\n<\/p><br \/>\n<br \/>\n<p><b>10.Verbeteren aluminium gevelprofielen de esthetiek van gebouwen? <\/b><\/p>\n<p> Ja, ze zorgen voor een warme, natuurlijke uitstraling van hout met strakke lijnen en moderne afwerkingen, waardoor de architectonische aantrekkingskracht van elk bouwwerk wordt vergroot.<br \/>\n<\/p><br \/><\/p>","protected":false},"featured_media":6183,"template":"","categories":[58],"class_list":["post-6184","product","type-product","status-publish","has-post-thumbnail","hentry","category-aluminium-extrusion-profiles"],"meta_box":{"hilight_text_group":{"product_hilight_text":"<li>Wood grain finish offers natural aesthetics with aluminum durability<\/li>\r\r\n<li>Weatherproof and corrosion-resistant for exterior cladding<\/li>\r\r\n<li>Lightweight panels reduce structural load and ease installation<\/li>\r\r\n<li>Low maintenance alternative to real wood siding<\/li>\r\r\n<li>Custom profiles and colors available for architectural flexibility<\/li>","product_chanpin_chanpin":"<li><a href=\"https:\/\/sinoextrud.com\/product\/aluminium-extrusion-caravan-awning-aluminum-profile\/\" target=\"_blank\">Aluminium Extrusion Caravan Awning Aluminum Profile<\/a><\/li>\r\n<li><a href=\"https:\/\/sinoextrud.com\/product\/aluminium-extrusion-11-5m-ultra-long-mill-finished-profiles\/\" target=\"_blank\">Aluminium Extrusion 11.5m Ultra-long Mill Finished Profiles<\/a><\/li>\r\n<li><a href=\"https:\/\/sinoextrud.com\/product\/aluminium-u-channel\/\" target=\"_blank\">Aluminium U Channel<\/a><\/li>\r\n<li><a href=\"https:\/\/sinoextrud.com\/product\/aluminum-profile-roller-blinds-rails\/\" target=\"_blank\">Aluminum Profile Roller Blinds Rails<\/a><\/li>\r\n<li><a href=\"https:\/\/sinoextrud.com\/product\/aluminum-extrusion-aluminum-cladding-profile-wood-look-grain-aluminum-panels\/\" target=\"_blank\">Aluminum Extrusion Aluminum Cladding Profile Wood Look Grain Aluminum Panels<\/a><\/li>\r\n<li><a href=\"https:\/\/sinoextrud.com\/product\/aluminum-extrusion-6005-big-size-industrial-aluminum-profile\/\" target=\"_blank\">Aluminum Extrusion 6005 Big Size Industrial Aluminum Profile<\/a><\/li>\r\n<li><a href=\"https:\/\/sinoextrud.com\/product\/aluminum-extrusion-telescopic-tube-octagon-tube\/\" target=\"_blank\">Aluminum Extrusion Telescopic Tube Octagon Tube<\/a><\/li>\r\n<li><a href=\"https:\/\/sinoextrud.com\/product\/aluminum-extrusion-aluminum-roof-rack-profiles\/\" target=\"_blank\">Aluminum Extrusion Aluminum Roof Rack Profiles<\/a><\/li>\r\n<li><a href=\"https:\/\/sinoextrud.com\/product\/aluminum-extrusion-blackboard-whiteboard-frame-aluminum-profiles\/\" target=\"_blank\">Aluminum Extrusion Blackboard Whiteboard Frame Aluminum Profiles<\/a><\/li>\r\n<li><a href=\"https:\/\/sinoextrud.com\/product\/aluminum-solar-panel-frame\/\" target=\"_blank\">Aluminum Solar Panel Frame<\/a><\/li>\r\n<li><a href=\"https:\/\/sinoextrud.com\/product\/aluminium-extrusion-caravan-profiles\/\" target=\"_blank\">Aluminium Extrusion Caravan Profiles<\/a><\/li>"},"feature_list":[]},"_links":{"self":[{"href":"https:\/\/sinoextrud.com\/nl\/wp-json\/wp\/v2\/product\/6184","targetHints":{"allow":["GET"]}}],"collection":[{"href":"https:\/\/sinoextrud.com\/nl\/wp-json\/wp\/v2\/product"}],"about":[{"href":"https:\/\/sinoextrud.com\/nl\/wp-json\/wp\/v2\/types\/product"}],"wp:featuredmedia":[{"embeddable":true,"href":"https:\/\/sinoextrud.com\/nl\/wp-json\/wp\/v2\/media\/6183"}],"wp:attachment":[{"href":"https:\/\/sinoextrud.com\/nl\/wp-json\/wp\/v2\/media?parent=6184"}],"wp:term":[{"taxonomy":"category","embeddable":true,"href":"https:\/\/sinoextrud.com\/nl\/wp-json\/wp\/v2\/categories?post=6184"}],"curies":[{"name":"wp","href":"https:\/\/api.w.org\/{rel}","templated":true}]}}