{"id":6176,"date":"2025-05-25T15:40:29","date_gmt":"2025-05-25T15:40:29","guid":{"rendered":"https:\/\/sinoextrud.com\/product\/aluminium-extrusion-caravan-awning-aluminum-profile\/"},"modified":"2025-06-24T03:54:38","modified_gmt":"2025-06-24T03:54:38","slug":"aluminium-extrusie-caravan-voortent-aluminium-profiel","status":"publish","type":"product","link":"https:\/\/sinoextrud.com\/nl\/product\/aluminium-extrusion-caravan-awning-aluminum-profile\/","title":{"rendered":"Aluminium extrusie Caravan luifel Aluminium profiel"},"content":{"rendered":"<h2>Producten Details<\/h2>\n<table class=\"custom-table\">\n<tr>\n<td class=\"label\">Productnaam<\/td>\n<td>Aluminium extrusie Caravan luifel Aluminium profiel<\/td>\n<\/tr>\n<tr>\n<td class=\"label\">Rang<\/td>\n<td>6000 Serie<\/td>\n<\/tr>\n<tr>\n<td class=\"label\">Temper<\/td>\n<td>T3-T8<\/td>\n<\/tr>\n<tr>\n<td class=\"label\">Tolerantie<\/td>\n<td>\u00b11%<\/td>\n<\/tr>\n<tr>\n<td class=\"label\">Vorm<\/td>\n<td>vierkant, rond, rechthoekig, aangepast<\/td>\n<\/tr>\n<tr>\n<td class=\"label\">Kleur<\/td>\n<td>Ref poedercoating kleurenblad en aangepaste kleur beschikbaar<\/td>\n<\/tr>\n<tr>\n<td class=\"label\">Oppervlaktebehandeling<\/td>\n<td>afgewerkt, geanodiseerd, houtnerf, power coating, zandstralen, elektroforese, geborsteld, polijsten, enz.<\/td>\n<\/tr>\n<tr>\n<td class=\"label\">CNC Diepe Bewerking<\/td>\n<td>snijden, boren, machinaal bewerken, ponsen, buigen, tappen enzovoort<\/td>\n<\/tr>\n<tr>\n<td class=\"label\">Certificeringen<\/td>\n<td>CE, ISO, SGS, TUV, ROHS<\/td>\n<\/tr>\n<tr>\n<td class=\"label\">Garantie<\/td>\n<td>De oppervlaktekleur kan binnen het gebruiken 10~20 jaar stabiel zijn<\/td>\n<\/tr>\n<tr>\n<td class=\"label\">Leveringscapaciteit<\/td>\n<td>5000 ton\/Ton per Maand profielen aluminium<\/td>\n<\/tr>\n<tr>\n<td class=\"label\">Monsters<\/td>\n<td>gratis monster. 1-3 dagen aan u geleverd.<\/td>\n<\/tr>\n<tr>\n<td class=\"label\">MOQ<\/td>\n<td>200KG voor elk profiel<\/td>\n<\/tr>\n<tr>\n<td class=\"label\">Levertijd<\/td>\n<td>Vorm het ontwikkelen en steekproefbevestiging is 12-15 dagen, dan is de productieduur 15-25 dagen na ontvangstbewijs van storting van koper.<\/td>\n<\/tr>\n<tr>\n<td class=\"label\">Betalingsvoorwaarden<\/td>\n<td>30% aanbetaling v\u00f3\u00f3r productie en saldo v\u00f3\u00f3r verzending.<\/td>\n<\/tr>\n<\/table>\n<h2>Onze productiebasis<\/h2>\n<h3>Fabriek Panorama<\/h3>\n<p><img decoding=\"async\" src=\"\/wp-content\/uploads\/factory-01.webp\"\/><\/p>\n<h3>Aluminium staaf productie werkplaats<\/h3>\n<p><img decoding=\"async\" src=\"\/wp-content\/uploads\/factory-02.webp\"\/><\/p>\n<p><img decoding=\"async\" src=\"\/wp-content\/uploads\/factory-03.webp\"\/><\/p>\n<h3>Magazijn voor schimmelopslag<\/h3>\n<p><img decoding=\"async\" src=\"\/wp-content\/uploads\/factory-04.webp\"\/><\/p>\n<h3>43 lijnen voor aluminiumextrusie (500-5500 ton)<\/h3>\n<p><img decoding=\"async\" src=\"\/wp-content\/uploads\/factory-05.webp\"\/><\/p>\n<p><img decoding=\"async\" src=\"\/wp-content\/uploads\/factory-06.webp\"\/><\/p>\n<p><img decoding=\"async\" src=\"\/wp-content\/uploads\/factory-07.webp\"\/><\/p>\n<h3>Poedercoating Werkplaats<\/h3>\n<p><img decoding=\"async\" src=\"\/wp-content\/uploads\/factory-09.webp\"\/><\/p>\n<h3>Anodiseren Werkplaats<\/h3>\n<p><img decoding=\"async\" src=\"\/wp-content\/uploads\/factory-10.webp\"\/><\/p>\n<h3>Workshop Diepe Verwerking<\/h3>\n<p><img decoding=\"async\" src=\"\/wp-content\/uploads\/factory-11.webp\"\/><\/p>\n<h3>CNC precisiemachinewerkplaats<\/h3>\n<p><img decoding=\"async\" src=\"\/wp-content\/uploads\/factory-11.5.webp\"\/><\/p>\n<h3>Eindproduct &amp; Export Magazijn<\/h3>\n<p><img decoding=\"async\" src=\"\/wp-content\/uploads\/factory-12.webp\"\/><\/p>\n<p><img decoding=\"async\" src=\"\/wp-content\/uploads\/factory-13.webp\"\/><\/p>\n<p><img decoding=\"async\" src=\"\/wp-content\/uploads\/factory-14.webp\"\/><\/p>\n<h2>FAQ<\/h2>\n<p><p><b>1.Wat is een aluminium extrusie caravan voortent aluminium profiel? <\/b><\/p>\n<p> Het is een speciaal ontworpen aluminium profiel gemaakt door middel van extrusie, gebruikt om caravanluifels te ondersteunen en te structureren met lichtgewicht sterkte en duurzaamheid.<br \/>\n<\/p><br \/>\n<br \/>\n<p><b>2.Wat zijn de voordelen van aluminium extrusieprofielen voor caravanvoortenten? <\/b><\/p>\n<p> Aluminium extrusieprofielen bieden corrosiebestendigheid, lichtgewicht sterkte, eenvoudige installatie en duurzaamheid op lange termijn voor caravanluifelsystemen.<br \/>\n<\/p><br \/>\n<br \/>\n<p><b>3.Waarom aluminium kiezen voor caravanluifelprofielen? <\/b><\/p>\n<p> Aluminium is ideaal voor luifelprofielen omdat het licht, roestbestendig en sterk is en gemakkelijk in aangepaste vormen kan worden gemaakt voor mobiele toepassingen.<br \/>\n<\/p><br \/>\n<br \/>\n<p><b>4.Zijn aluminium caravanluifelprofielen weerbestendig? <\/b><\/p>\n<p> Ja, aluminium extrusie caravanluifelprofielen zijn zeer goed bestand tegen zon, regen en wind, waardoor ze perfect zijn voor gebruik buitenshuis en op reis.<br \/>\n<\/p><br \/>\n<br \/>\n<p><b>5.Kunnen aluminium luifelprofielen worden aangepast voor verschillende caravans? <\/b><\/p>\n<p> Absoluut, aluminium caravanluifelprofielen kunnen in vorm, grootte en afwerking worden aangepast aan verschillende luifelsystemen en esthetische voorkeuren.<br \/>\n<\/p><br \/>\n<br \/>\n<p><b>6.Hoe gemakkelijk is het om aluminium extrusie caravan luifelprofielen te installeren? <\/b><\/p>\n<p> Aluminium zonweringsprofielen zijn ontworpen voor eenvoudige, gereedschapsvriendelijke installatie met klik- of schuiffuncties voor snelle montage en demontage.<br \/>\n<\/p><br \/>\n<br \/>\n<p><b>7.Verminderen aluminium luifelprofielen het totale gewicht van de caravan? <\/b><\/p>\n<p> Ja, aluminium profielen zijn aanzienlijk lichter dan staal, waardoor het totale gewicht van de caravan daalt en het brandstofverbruik toeneemt.<br \/>\n<\/p><br \/>\n<br \/>\n<p><b>8.Welke afwerkingen zijn er beschikbaar voor aluminium caravanluifelprofielen? <\/b><\/p>\n<p> Caravan luifelprofielen zijn verkrijgbaar in geanodiseerde, gepoedercoate of geverfde afwerking voor extra bescherming en stijl.<br \/>\n<\/p><br \/>\n<br \/>\n<p><b>9.Zijn aluminium extrusieprofielen geschikt voor oprolbare caravanluifels? <\/b><\/p>\n<p> Ja, aluminium extrusieprofielen zijn perfect voor oprolbare zonweringssystemen vanwege hun sterkte, flexibiliteit en soepele werking.<br \/>\n<\/p><br \/>\n<br \/>\n<p><b>10.Hoe duurzaam zijn aluminium extrusieprofielen in mobiele buitenomgevingen? <\/b><\/p>\n<p> Aluminium extrusieprofielen zijn extreem duurzaam en bestand tegen trillingen, bewegingen en buitenomstandigheden die vaak voorkomen tijdens het reizen met de caravan.<br \/>\n<\/p><br \/><\/p>","protected":false},"featured_media":6175,"template":"","categories":[58],"class_list":["post-6176","product","type-product","status-publish","has-post-thumbnail","hentry","category-aluminium-extrusion-profiles"],"meta_box":{"hilight_text_group":{"product_hilight_text":"<li>Lightweight yet sturdy for easy handling and reliable support<\/li>\r\r\n<li>Corrosion-resistant, ideal for outdoor and coastal environments<\/li>\r\r\n<li>Customizable profiles to fit various caravan awning systems<\/li>\r\r\n<li>Compatible with both manual and motorized awning setups<\/li>\r\r\n<li>Enhances structural integrity while maintaining aesthetic appeal<\/li>","product_chanpin_chanpin":"<li><a href=\"https:\/\/sinoextrud.com\/product\/aluminium-light-box-profile\/\" target=\"_blank\">Aluminium Light Box Profile<\/a><\/li>\r\n<li><a href=\"https:\/\/sinoextrud.com\/product\/aluminum-extrusion-gate-barrier-arm-aluminum-profile\/\" target=\"_blank\">Aluminum Extrusion Gate Barrier Arm Aluminum Profile<\/a><\/li>\r\n<li><a href=\"https:\/\/sinoextrud.com\/product\/aluminum-tube-framing\/\" target=\"_blank\">Aluminum Tube Framing<\/a><\/li>\r\n<li><a href=\"https:\/\/sinoextrud.com\/product\/aluminium-extrusion-wood-grain-outdoor-louver-aluminum-profile\/\" target=\"_blank\">Aluminium Extrusion Wood Grain Outdoor Louver Aluminum Profile<\/a><\/li>\r\n<li><a href=\"https:\/\/sinoextrud.com\/product\/aluminium-extrusion-caravan-awning-aluminum-profile\/\" target=\"_blank\">Aluminium Extrusion Caravan Awning Aluminum Profile<\/a><\/li>\r\n<li><a href=\"https:\/\/sinoextrud.com\/product\/aluminium-extrusion-11-5m-ultra-long-mill-finished-profiles\/\" target=\"_blank\">Aluminium Extrusion 11.5m Ultra-long Mill Finished Profiles<\/a><\/li>\r\n<li><a href=\"https:\/\/sinoextrud.com\/product\/aluminium-u-channel\/\" target=\"_blank\">Aluminium U Channel<\/a><\/li>\r\n<li><a href=\"https:\/\/sinoextrud.com\/product\/aluminum-profile-roller-blinds-rails\/\" target=\"_blank\">Aluminum Profile Roller Blinds Rails<\/a><\/li>\r\n<li><a href=\"https:\/\/sinoextrud.com\/product\/aluminum-extrusion-aluminum-cladding-profile-wood-look-grain-aluminum-panels\/\" target=\"_blank\">Aluminum Extrusion Aluminum Cladding Profile Wood Look Grain Aluminum Panels<\/a><\/li>\r\n<li><a href=\"https:\/\/sinoextrud.com\/product\/custom-extruded-aluminum-enclosures-used-for-motor-shell\/\" target=\"_blank\">Custom Extruded Aluminum Enclosures Used For Motor Shell<\/a><\/li>\r\n<li><a href=\"https:\/\/sinoextrud.com\/product\/c-beam-aluminum-extrusion\/\" target=\"_blank\">C Beam Aluminum Extrusion<\/a><\/li>"},"feature_list":[]},"_links":{"self":[{"href":"https:\/\/sinoextrud.com\/nl\/wp-json\/wp\/v2\/product\/6176","targetHints":{"allow":["GET"]}}],"collection":[{"href":"https:\/\/sinoextrud.com\/nl\/wp-json\/wp\/v2\/product"}],"about":[{"href":"https:\/\/sinoextrud.com\/nl\/wp-json\/wp\/v2\/types\/product"}],"wp:featuredmedia":[{"embeddable":true,"href":"https:\/\/sinoextrud.com\/nl\/wp-json\/wp\/v2\/media\/6175"}],"wp:attachment":[{"href":"https:\/\/sinoextrud.com\/nl\/wp-json\/wp\/v2\/media?parent=6176"}],"wp:term":[{"taxonomy":"category","embeddable":true,"href":"https:\/\/sinoextrud.com\/nl\/wp-json\/wp\/v2\/categories?post=6176"}],"curies":[{"name":"wp","href":"https:\/\/api.w.org\/{rel}","templated":true}]}}