{"id":6164,"date":"2025-05-25T14:55:13","date_gmt":"2025-05-25T14:55:13","guid":{"rendered":"https:\/\/sinoextrud.com\/product\/t-slot-aluminium-extrusion-profile\/"},"modified":"2025-06-24T03:54:26","modified_gmt":"2025-06-24T03:54:26","slug":"t-sleuf-aluminium-extrusie-profiel","status":"publish","type":"product","link":"https:\/\/sinoextrud.com\/nl\/product\/t-slot-aluminium-extrusion-profile\/","title":{"rendered":"T Slot Aluminium extrusie profiel"},"content":{"rendered":"<h2>Producten Details<\/h2>\n<table class=\"custom-table\">\n<tr>\n<td class=\"label\">Productnaam<\/td>\n<td>t-sleuf aluminium extrusie profiel<\/td>\n<\/tr>\n<tr>\n<td class=\"label\">Assortiment<\/td>\n<td>aluminium extrusies voor materiaal 2020 t slot extrusie aluminium profiel, 45\u00d745 t slot extrusie profiel aluminium product, 20\u00d720 l slot t spoor aluminium extrusie profiel, materiaal t slot extrusie aluminium profiel 40\u00d740, t spoor extrusie aluminium profiel sectie, t spoor v slot extrusie aluminium profiel, materiaal 40\u00d780 t slot extrusie aluminium profiel, t spoor v slot extrusie 3030 aluminium profiel, t slot aluminium profiel extrusie, enz.<\/td>\n<\/tr>\n<tr>\n<td class=\"label\">Geschikte systemen Typen<\/td>\n<td>2020 aluminium extrusie t slot, ge\u00ebxtrudeerd aluminium t slot 3030, 2020 slot aluminium profiel, 2020 t slot aluminium extrusie, t slot schuifregelaar, 40\u00d740 aluminium profiel, 40\u00d780 aluminium extrusie, aluminium profiel 40\u00d740, t track v slot extrusie aluminium profiel, aluminium t track extrusie, t track 40\u00d760 v slot extrusie aluminium profiel, 4080 t slot, enz.<\/td>\n<\/tr>\n<tr>\n<td class=\"label\">Oppervlaktebehandeling<\/td>\n<td>afgewerkt, geanodiseerd, houtnerf, power coating, zandstralen, elektroforese, geborsteld, polijsten, enz.<\/td>\n<\/tr>\n<tr>\n<td class=\"label\">CNC Diepe Bewerking<\/td>\n<td>snijden, boren, machinaal bewerken, ponsen, buigen, tappen enzovoort<\/td>\n<\/tr>\n<tr>\n<td class=\"label\">Certificeringen<\/td>\n<td>CE, ISO, SGS, TUV, ROHS<\/td>\n<\/tr>\n<tr>\n<td class=\"label\">Monsters<\/td>\n<td>gratis monster. 1-3 dagen aan u geleverd.<\/td>\n<\/tr>\n<tr>\n<td class=\"label\">MOQ<\/td>\n<td>200KG voor elk profiel<\/td>\n<\/tr>\n<tr>\n<td class=\"label\">Levertijd<\/td>\n<td>Vorm het ontwikkelen en steekproefbevestiging is 12-15 dagen, dan is de productieduur 15-25 dagen na ontvangstbewijs van storting van koper.<\/td>\n<\/tr>\n<tr>\n<td class=\"label\">Betalingsvoorwaarden<\/td>\n<td>30% aanbetaling v\u00f3\u00f3r productie en saldo v\u00f3\u00f3r verzending.<\/td>\n<\/tr>\n<tr>\n<td class=\"label\">Verzending<\/td>\n<td>Per 20GP-, 40GP- of 40HQ-container of bulkschip<\/td>\n<\/tr>\n<\/table>\n<h2>Onze productiebasis<\/h2>\n<h3>Fabriek Panorama<\/h3>\n<p><img decoding=\"async\" src=\"\/wp-content\/uploads\/factory-01.webp\"\/><\/p>\n<h3>Aluminium staaf productie werkplaats<\/h3>\n<p><img decoding=\"async\" src=\"\/wp-content\/uploads\/factory-02.webp\"\/><\/p>\n<p><img decoding=\"async\" src=\"\/wp-content\/uploads\/factory-03.webp\"\/><\/p>\n<h3>Magazijn voor schimmelopslag<\/h3>\n<p><img decoding=\"async\" src=\"\/wp-content\/uploads\/factory-04.webp\"\/><\/p>\n<h3>43 lijnen voor aluminiumextrusie (500-5500 ton)<\/h3>\n<p><img decoding=\"async\" src=\"\/wp-content\/uploads\/factory-05.webp\"\/><\/p>\n<p><img decoding=\"async\" src=\"\/wp-content\/uploads\/factory-06.webp\"\/><\/p>\n<p><img decoding=\"async\" src=\"\/wp-content\/uploads\/factory-07.webp\"\/><\/p>\n<h3>Poedercoating Werkplaats<\/h3>\n<p><img decoding=\"async\" src=\"\/wp-content\/uploads\/factory-09.webp\"\/><\/p>\n<h3>Anodiseren Werkplaats<\/h3>\n<p><img decoding=\"async\" src=\"\/wp-content\/uploads\/factory-10.webp\"\/><\/p>\n<h3>Workshop Diepe Verwerking<\/h3>\n<p><img decoding=\"async\" src=\"\/wp-content\/uploads\/factory-11.webp\"\/><\/p>\n<h3>CNC precisiemachinewerkplaats<\/h3>\n<p><img decoding=\"async\" src=\"\/wp-content\/uploads\/factory-11.5.webp\"\/><\/p>\n<h3>Eindproduct &amp; Export Magazijn<\/h3>\n<p><img decoding=\"async\" src=\"\/wp-content\/uploads\/factory-12.webp\"\/><\/p>\n<p><img decoding=\"async\" src=\"\/wp-content\/uploads\/factory-13.webp\"\/><\/p>\n<p><img decoding=\"async\" src=\"\/wp-content\/uploads\/factory-14.webp\"\/><\/p>\n<h2>FAQ<\/h2>\n<p><p><b>1.Wat is een T-sleuf aluminium extrusie profiel? <\/b><\/p>\n<p> Een T-sleuf aluminium extrusie profiel is een modulair aluminium framingsysteem met T-vormige groeven die het mogelijk maken om structuren eenvoudig te monteren zonder te lassen.<br \/>\n<\/p><br \/>\n<br \/>\n<p><b>2.Wat zijn de voordelen van het gebruik van aluminium profielen met T-groef? <\/b><\/p>\n<p> Aluminium profielen met sleuven bieden veelzijdigheid, herbruikbaarheid, eenvoudige montage, corrosiebestendigheid en een strakke, professionele uitstraling voor structurele projecten.<br \/>\n<\/p><br \/>\n<br \/>\n<p><b>3.Waarom kiezen voor T-sleuf aluminium profielen voor inlijsten? <\/b><\/p>\n<p> Aluminium T-sleufprofielen bieden een modulaire, lichte en duurzame oplossing die ideaal is voor machineframes, werkstations, behuizingen en automatiseringssystemen.<br \/>\n<\/p><br \/>\n<br \/>\n<p><b>4.Waar worden T-sleuf aluminium extrusie profielen vaak gebruikt? <\/b><\/p>\n<p> Aluminium T-sleufprofielen worden veel gebruikt in industri\u00eble automatisering, robotica, 3D printframes, laboratoriumapparatuur en doe-het-zelf constructies op maat.<br \/>\n<\/p><br \/>\n<br \/>\n<p><b>5.Zijn T-sleuf aluminium profielen gemakkelijk te monteren? <\/b><\/p>\n<p> Ja, aluminium profielen met T-gleuf zijn ontworpen voor snelle, bout-vast montage met behulp van connectoren en beugels - lassen of speciaal gereedschap is niet nodig.<br \/>\n<\/p><br \/>\n<br \/>\n<p><b>6.Kunnen T-sleuf aluminium extrusieprofielen worden hergebruikt? <\/b><\/p>\n<p> Absoluut, aluminium T-sleufprofielen kunnen gemakkelijk gedemonteerd en opnieuw geconfigureerd worden, waardoor ze een kosteneffectieve en duurzame framingoplossing zijn.<br \/>\n<\/p><br \/>\n<br \/>\n<p><b>7.Hoe sterk zijn T-sleuf aluminium extrusieprofielen? <\/b><\/p>\n<p> T-sleuf aluminium extrusies zijn ontworpen voor hoge sterkte-gewicht verhoudingen en bieden robuuste ondersteuning voor industri\u00eble en mechanische structuren.<br \/>\n<\/p><br \/>\n<br \/>\n<p><b>8.Zijn er aluminium T-sleufprofielen in verschillende maten? <\/b><\/p>\n<p> Ja, aluminium T-sleufprofielen zijn verkrijgbaar in verschillende sleufmaten (bijv. 20 mm, 30 mm, 40 mm) en profielen om te voldoen aan verschillende belastings- en ontwerpeisen.<br \/>\n<\/p><br \/>\n<br \/>\n<p><b>9.Zijn T-groef aluminium extrusies corrosiebestendig? <\/b><\/p>\n<p> Ja, aluminium T-sleufprofielen zijn van nature corrosiebestendig en vaak geanodiseerd voor een betere bescherming en een schone oppervlakteafwerking.<br \/>\n<\/p><br \/>\n<br \/>\n<p><b>10.Welke accessoires zijn verkrijgbaar voor aluminium T-sleufprofielen? <\/b><\/p>\n<p> Er is een breed assortiment accessoires verkrijgbaar, zoals beugels, connectoren, bevestigingsmiddelen, panelen en wielen, om de functionaliteit van aluminium T-sleufsystemen uit te breiden.<br \/>\n<\/p><br \/><\/p>","protected":false},"featured_media":6163,"template":"","categories":[58],"class_list":["post-6164","product","type-product","status-publish","has-post-thumbnail","hentry","category-aluminium-extrusion-profiles"],"meta_box":{"hilight_text_group":{"product_hilight_text":"<li>Modular design allows flexible assembly and reconfiguration<\/li>\r\r\n<li>Strong and lightweight, ideal for machine frames and workstations<\/li>\r\r\n<li>Easy to cut, drill, and connect with standard accessories<\/li>\r\r\n<li>Corrosion-resistant surface for long-term industrial use<\/li>\r\r\n<li>No welding required, enabling quick and clean installation<\/li>","product_chanpin_chanpin":"<li><a href=\"https:\/\/sinoextrud.com\/product\/aluminium-extrusion-6082-5083-aluminum-alloy-profile\/\" target=\"_blank\">Aluminium Extrusion 6082 5083 Aluminum Alloy Profile<\/a><\/li>\r\n<li><a href=\"https:\/\/sinoextrud.com\/product\/aluminium-edge-trim-profiles\/\" target=\"_blank\">Aluminium Edge Trim Profiles<\/a><\/li>\r\n<li><a href=\"https:\/\/sinoextrud.com\/product\/led-plant-growth-light-aluminum-profile\/\" target=\"_blank\">Led Plant Growth Light Aluminum Profile<\/a><\/li>\r\n<li><a href=\"https:\/\/sinoextrud.com\/product\/anodized-small-aluminum-extrusions\/\" target=\"_blank\">Anodized Small Aluminum Extrusions<\/a><\/li>\r\n<li><a href=\"https:\/\/sinoextrud.com\/product\/t-slot-aluminium-extrusion-profile\/\" target=\"_blank\">T Slot Aluminium Extrusion Profile<\/a><\/li>\r\n<li><a href=\"https:\/\/sinoextrud.com\/product\/extruded-aluminum-heatsink\/\" target=\"_blank\">Extruded Aluminum Heatsink<\/a><\/li>\r\n<li><a href=\"https:\/\/sinoextrud.com\/product\/aluminium-light-box-profile\/\" target=\"_blank\">Aluminium Light Box Profile<\/a><\/li>\r\n<li><a href=\"https:\/\/sinoextrud.com\/product\/aluminum-extrusion-gate-barrier-arm-aluminum-profile\/\" target=\"_blank\">Aluminum Extrusion Gate Barrier Arm Aluminum Profile<\/a><\/li>\r\n<li><a href=\"https:\/\/sinoextrud.com\/product\/aluminum-tube-framing\/\" target=\"_blank\">Aluminum Tube Framing<\/a><\/li>\r\n<li><a href=\"https:\/\/sinoextrud.com\/product\/aluminium-profile-for-wardrobe-sliding-door-frame\/\" target=\"_blank\">Aluminium Profile For Wardrobe Sliding Door Frame<\/a><\/li>\r\n<li><a href=\"https:\/\/sinoextrud.com\/product\/brushed-aluminum-profiles\/\" target=\"_blank\">Brushed Aluminum Profiles<\/a><\/li>"},"feature_list":[]},"_links":{"self":[{"href":"https:\/\/sinoextrud.com\/nl\/wp-json\/wp\/v2\/product\/6164","targetHints":{"allow":["GET"]}}],"collection":[{"href":"https:\/\/sinoextrud.com\/nl\/wp-json\/wp\/v2\/product"}],"about":[{"href":"https:\/\/sinoextrud.com\/nl\/wp-json\/wp\/v2\/types\/product"}],"wp:featuredmedia":[{"embeddable":true,"href":"https:\/\/sinoextrud.com\/nl\/wp-json\/wp\/v2\/media\/6163"}],"wp:attachment":[{"href":"https:\/\/sinoextrud.com\/nl\/wp-json\/wp\/v2\/media?parent=6164"}],"wp:term":[{"taxonomy":"category","embeddable":true,"href":"https:\/\/sinoextrud.com\/nl\/wp-json\/wp\/v2\/categories?post=6164"}],"curies":[{"name":"wp","href":"https:\/\/api.w.org\/{rel}","templated":true}]}}