{"id":6162,"date":"2025-05-25T14:52:23","date_gmt":"2025-05-25T14:52:23","guid":{"rendered":"https:\/\/sinoextrud.com\/product\/anodized-small-aluminum-extrusions\/"},"modified":"2025-06-24T03:54:23","modified_gmt":"2025-06-24T03:54:23","slug":"geanodiseerde-kleine-aluminium-extrusies","status":"publish","type":"product","link":"https:\/\/sinoextrud.com\/nl\/product\/anodized-small-aluminum-extrusions\/","title":{"rendered":"Geanodiseerde kleine aluminium profielen"},"content":{"rendered":"<h2>Producten Details<\/h2>\n<table class=\"custom-table\">\n<tr>\n<td class=\"label\">Productnaam<\/td>\n<td>Geanodiseerde kleine aluminium profielen<\/td>\n<\/tr>\n<tr>\n<td class=\"label\">Assortiment<\/td>\n<td>aluminiumextrusies voor elektronische omhulsels, apparatuurtoebehoren, aluminiumproducten, enz.<\/td>\n<\/tr>\n<tr>\n<td class=\"label\">Aluminiumlegering<\/td>\n<td>1000 serie, 200 serie, 3000 serie, 5000 serie, 6000 serie, 7000 serie<\/td>\n<\/tr>\n<tr>\n<td class=\"label\">Temper<\/td>\n<td>T3-T8<\/td>\n<\/tr>\n<tr>\n<td class=\"label\">Vorm<\/td>\n<td>maatwerk<\/td>\n<\/tr>\n<tr>\n<td class=\"label\">Kleur<\/td>\n<td>maatwerk<\/td>\n<\/tr>\n<tr>\n<td class=\"label\">Oppervlaktebehandeling<\/td>\n<td>afgewerkt, geanodiseerd, houtnerf, power coating, zandstralen, elektroforese, geborsteld, polijsten, enz.<\/td>\n<\/tr>\n<tr>\n<td class=\"label\">CNC Diepe Bewerking<\/td>\n<td>snijden, boren, machinaal bewerken, ponsen, buigen, tappen enzovoort<\/td>\n<\/tr>\n<tr>\n<td class=\"label\">Certificeringen<\/td>\n<td>CE, ISO, SGS, TUV, ROHS<\/td>\n<\/tr>\n<tr>\n<td class=\"label\">Monsters<\/td>\n<td>gratis monster. 1-3 dagen aan u geleverd.<\/td>\n<\/tr>\n<tr>\n<td class=\"label\">MOQ<\/td>\n<td>200KG voor elk profiel<\/td>\n<\/tr>\n<tr>\n<td class=\"label\">Levertijd<\/td>\n<td>Vorm het ontwikkelen en steekproefbevestiging is 12-15 dagen, dan is de productieduur 15-25 dagen na ontvangstbewijs van storting van koper.<\/td>\n<\/tr>\n<tr>\n<td class=\"label\">Betalingsvoorwaarden<\/td>\n<td>30% aanbetaling v\u00f3\u00f3r productie en saldo v\u00f3\u00f3r verzending.<\/td>\n<\/tr>\n<\/table>\n<h2>Onze productiebasis<\/h2>\n<h3>Fabriek Panorama<\/h3>\n<p><img decoding=\"async\" src=\"\/wp-content\/uploads\/factory-01.webp\"\/><\/p>\n<h3>Aluminium staaf productie werkplaats<\/h3>\n<p><img decoding=\"async\" src=\"\/wp-content\/uploads\/factory-02.webp\"\/><\/p>\n<p><img decoding=\"async\" src=\"\/wp-content\/uploads\/factory-03.webp\"\/><\/p>\n<h3>Magazijn voor schimmelopslag<\/h3>\n<p><img decoding=\"async\" src=\"\/wp-content\/uploads\/factory-04.webp\"\/><\/p>\n<h3>43 lijnen voor aluminiumextrusie (500\u00e2\u20ac\"5500 ton)<\/h3>\n<p><img decoding=\"async\" src=\"\/wp-content\/uploads\/factory-05.webp\"\/><\/p>\n<p><img decoding=\"async\" src=\"\/wp-content\/uploads\/factory-06.webp\"\/><\/p>\n<p><img decoding=\"async\" src=\"\/wp-content\/uploads\/factory-07.webp\"\/><\/p>\n<h3>Poedercoating Werkplaats<\/h3>\n<p><img decoding=\"async\" src=\"\/wp-content\/uploads\/factory-09.webp\"\/><\/p>\n<h3>Anodiseren Werkplaats<\/h3>\n<p><img decoding=\"async\" src=\"\/wp-content\/uploads\/factory-10.webp\"\/><\/p>\n<h3>Workshop Diepe Verwerking<\/h3>\n<p><img decoding=\"async\" src=\"\/wp-content\/uploads\/factory-11.webp\"\/><\/p>\n<h3>CNC precisiemachinewerkplaats<\/h3>\n<p><img decoding=\"async\" src=\"\/wp-content\/uploads\/factory-11.5.webp\"\/><\/p>\n<h3>Eindproduct &amp; Export Magazijn<\/h3>\n<p><img decoding=\"async\" src=\"\/wp-content\/uploads\/factory-12.webp\"\/><\/p>\n<p><img decoding=\"async\" src=\"\/wp-content\/uploads\/factory-13.webp\"\/><\/p>\n<p><img decoding=\"async\" src=\"\/wp-content\/uploads\/factory-14.webp\"\/><\/p>\n<h2>FAQ<\/h2>\n<p><p><b>1.Wat zijn geanodiseerde kleine aluminium extrusies? <\/b><\/p>\n<p> Geanodiseerde kleine aluminium profielen zijn compacte aluminium profielen die zijn behandeld met een anodiseerproces om de duurzaamheid van het oppervlak, de corrosiebestendigheid en het uiterlijk te verbeteren.<br \/>\n<\/p><br \/>\n<br \/>\n<p><b>2.Wat zijn de voordelen van geanodiseerde kleine aluminium extrusies? <\/b><\/p>\n<p> Geanodiseerde kleine aluminium extrusies bieden een uitstekende weerstand tegen corrosie, een verbeterde oppervlaktehardheid, een esthetische afwerking en een verbeterde slijtagebescherming.<br \/>\n<\/p><br \/>\n<br \/>\n<p><b>3.Waarom geanodiseerd aluminium kiezen voor kleine extrusies? <\/b><\/p>\n<p> Anodiseren verhoogt de oppervlaktesterkte en weersbestendigheid van kleine aluminium extrusies, waardoor ze ideaal zijn voor decoratieve en functionele toepassingen.<br \/>\n<\/p><br \/>\n<br \/>\n<p><b>4.Waar worden geanodiseerde kleine aluminium extrusies vaak gebruikt? <\/b><\/p>\n<p> Deze extrusies worden gebruikt in elektronica, meubels, verlichtingsarmaturen, architecturale afwerking en doe-het-zelfprojecten waarvoor compacte en duurzame onderdelen nodig zijn.<br \/>\n<\/p><br \/>\n<br \/>\n<p><b>5.Zijn geanodiseerde kleine aluminium extrusies corrosiebestendig? <\/b><\/p>\n<p> Ja, geanodiseerde kleine aluminium extrusies vormen een beschermende oxidelaag die roest en corrosie voorkomt, vooral in vochtige omgevingen of buiten.<br \/>\n<\/p><br \/>\n<br \/>\n<p><b>6.Kan geanodiseerd kleine aluminium extrusies worden aangepast? <\/b><\/p>\n<p> Absoluut, kleine geanodiseerde aluminium profielen kunnen op maat worden gemaakt in vorm, kleur, lengte en montageopties om aan specifieke ontwerpbehoeften te voldoen.<br \/>\n<\/p><br \/>\n<br \/>\n<p><b>7.Bieden geanodiseerde extrusies een betere esthetiek? <\/b><\/p>\n<p> Ja, extrusies van geanodiseerd aluminium hebben een slanke, metallic afwerking in verschillende kleuren, waardoor ze visueel aantrekkelijk zijn voor zichtbaar of decoratief gebruik.<br \/>\n<\/p><br \/>\n<br \/>\n<p><b>8.Zijn geanodiseerde kleine aluminium extrusies milieuvriendelijk? <\/b><\/p>\n<p> Ja, aluminium is volledig recyclebaar en het anodiseerproces is niet giftig, waardoor deze profielen een milieuvriendelijke keuze zijn voor duurzame ontwerpen.<br \/>\n<\/p><br \/>\n<br \/>\n<p><b>9.Hoe duurzaam zijn geanodiseerde kleine aluminium extrusies? <\/b><\/p>\n<p> Geanodiseerde kleine aluminiumextrusies zijn zeer duurzaam, bestand tegen krassen, verbleken en corrosie, waardoor ze lang blijven presteren.<br \/>\n<\/p><br \/>\n<br \/>\n<p><b>10.Zijn geanodiseerde aluminium extrusies gemakkelijk te bewerken of te snijden? <\/b><\/p>\n<p> Ja, kleine extrusies van geanodiseerd aluminium zijn eenvoudig te snijden, te boren en te monteren, waardoor ze ideaal zijn voor precisietoepassingen en op maat gemaakte constructies.<br \/>\n<\/p><br \/><\/p>","protected":false},"featured_media":6161,"template":"","categories":[58],"class_list":["post-6162","product","type-product","status-publish","has-post-thumbnail","hentry","category-aluminium-extrusion-profiles"],"meta_box":{"hilight_text_group":{"product_hilight_text":"<li>Durable anodized finish enhances corrosion and wear resistance<\/li>\r\r\n<li>Ideal for precision parts in electronics, furniture, and lighting<\/li>\r\r\n<li>Lightweight and strong for compact structural applications<\/li>\r\r\n<li>Available in various colors and finishes for aesthetic appeal<\/li>\r\r\n<li>Supports custom profiles for specialized small components<\/li>","product_chanpin_chanpin":"<li><a href=\"https:\/\/sinoextrud.com\/product\/aluminium-extrusion-motor-body\/\" target=\"_blank\">Aluminium Extrusion Motor Body<\/a><\/li>\r\n<li><a href=\"https:\/\/sinoextrud.com\/product\/aluminium-extrusion-6082-5083-aluminum-alloy-profile\/\" target=\"_blank\">Aluminium Extrusion 6082 5083 Aluminum Alloy Profile<\/a><\/li>\r\n<li><a href=\"https:\/\/sinoextrud.com\/product\/aluminium-edge-trim-profiles\/\" target=\"_blank\">Aluminium Edge Trim Profiles<\/a><\/li>\r\n<li><a href=\"https:\/\/sinoextrud.com\/product\/led-plant-growth-light-aluminum-profile\/\" target=\"_blank\">Led Plant Growth Light Aluminum Profile<\/a><\/li>\r\n<li><a href=\"https:\/\/sinoextrud.com\/product\/anodized-small-aluminum-extrusions\/\" target=\"_blank\">Anodized Small Aluminum Extrusions<\/a><\/li>\r\n<li><a href=\"https:\/\/sinoextrud.com\/product\/t-slot-aluminium-extrusion-profile\/\" target=\"_blank\">T Slot Aluminium Extrusion Profile<\/a><\/li>\r\n<li><a href=\"https:\/\/sinoextrud.com\/product\/extruded-aluminum-heatsink\/\" target=\"_blank\">Extruded Aluminum Heatsink<\/a><\/li>\r\n<li><a href=\"https:\/\/sinoextrud.com\/product\/aluminium-light-box-profile\/\" target=\"_blank\">Aluminium Light Box Profile<\/a><\/li>\r\n<li><a href=\"https:\/\/sinoextrud.com\/product\/aluminum-extrusion-gate-barrier-arm-aluminum-profile\/\" target=\"_blank\">Aluminum Extrusion Gate Barrier Arm Aluminum Profile<\/a><\/li>\r\n<li><a href=\"https:\/\/sinoextrud.com\/product\/t-slot-aluminum-extrusion-profile-for-industrial-assembly-line\/\" target=\"_blank\">T Slot Aluminum Extrusion Profile For Industrial Assembly Line<\/a><\/li>\r\n<li><a href=\"https:\/\/sinoextrud.com\/product\/clip-on-aluminium-profiles\/\" target=\"_blank\">Clip On Aluminium Profiles<\/a><\/li>"},"feature_list":[]},"_links":{"self":[{"href":"https:\/\/sinoextrud.com\/nl\/wp-json\/wp\/v2\/product\/6162","targetHints":{"allow":["GET"]}}],"collection":[{"href":"https:\/\/sinoextrud.com\/nl\/wp-json\/wp\/v2\/product"}],"about":[{"href":"https:\/\/sinoextrud.com\/nl\/wp-json\/wp\/v2\/types\/product"}],"wp:featuredmedia":[{"embeddable":true,"href":"https:\/\/sinoextrud.com\/nl\/wp-json\/wp\/v2\/media\/6161"}],"wp:attachment":[{"href":"https:\/\/sinoextrud.com\/nl\/wp-json\/wp\/v2\/media?parent=6162"}],"wp:term":[{"taxonomy":"category","embeddable":true,"href":"https:\/\/sinoextrud.com\/nl\/wp-json\/wp\/v2\/categories?post=6162"}],"curies":[{"name":"wp","href":"https:\/\/api.w.org\/{rel}","templated":true}]}}