{"id":6158,"date":"2025-05-25T14:46:09","date_gmt":"2025-05-25T14:46:09","guid":{"rendered":"https:\/\/sinoextrud.com\/product\/aluminium-edge-trim-profiles\/"},"modified":"2025-06-24T03:54:20","modified_gmt":"2025-06-24T03:54:20","slug":"aluminium-randafwerkingsprofielen","status":"publish","type":"product","link":"https:\/\/sinoextrud.com\/nl\/product\/aluminium-edge-trim-profiles\/","title":{"rendered":"Afwerkingsprofielen voor aluminium randen"},"content":{"rendered":"<h2>Producten Details<\/h2>\n<table class=\"custom-table\">\n<tr>\n<td class=\"label\">Productnaam<\/td>\n<td>aluminium randafwerkingsprofielen<\/td>\n<\/tr>\n<tr>\n<td class=\"label\">Assortiment<\/td>\n<td>aluminiumextrusies voor aluminium sierlijsten, aluminium sierlijsten, sierlijsten voor tegelranden, sierlijsten voor metalen randen, sierlijsten, enz.<\/td>\n<\/tr>\n<tr>\n<td class=\"label\">Geschikte systemen Typen<\/td>\n<td>Ultra-klein aluminium profiel, ultra-dun aluminium profiel, rand banding strip, borstwering, anti-collision strip, beschermende strip, interieur decoratie aluminium strip, etc<\/td>\n<\/tr>\n<tr>\n<td class=\"label\">Oppervlaktebehandeling<\/td>\n<td>afgewerkt, geanodiseerd, houtnerf, power coating, zandstralen, elektroforese, geborsteld, polijsten, enz.<\/td>\n<\/tr>\n<tr>\n<td class=\"label\">CNC Diepe Bewerking<\/td>\n<td>snijden, boren, machinaal bewerken, ponsen, buigen, tappen enzovoort<\/td>\n<\/tr>\n<tr>\n<td class=\"label\">Certificeringen<\/td>\n<td>CE, ISO, SGS, TUV, ROHS<\/td>\n<\/tr>\n<tr>\n<td class=\"label\">Monsters<\/td>\n<td>gratis monster. 1-3 dagen aan u geleverd.<\/td>\n<\/tr>\n<tr>\n<td class=\"label\">MOQ<\/td>\n<td>200KG voor elk profiel<\/td>\n<\/tr>\n<tr>\n<td class=\"label\">Levertijd<\/td>\n<td>Vorm het ontwikkelen en steekproefbevestiging is 12-15 dagen, dan is de productieduur 15-25 dagen na ontvangstbewijs van storting van koper.<\/td>\n<\/tr>\n<tr>\n<td class=\"label\">Betalingsvoorwaarden<\/td>\n<td>30% aanbetaling v\u00f3\u00f3r productie en saldo v\u00f3\u00f3r verzending.<\/td>\n<\/tr>\n<\/table>\n<h2>Onze productiebasis<\/h2>\n<h3>Fabriek Panorama<\/h3>\n<p><img decoding=\"async\" src=\"\/wp-content\/uploads\/factory-01.webp\"\/><\/p>\n<h3>Aluminium staaf productie werkplaats<\/h3>\n<p><img decoding=\"async\" src=\"\/wp-content\/uploads\/factory-02.webp\"\/><\/p>\n<p><img decoding=\"async\" src=\"\/wp-content\/uploads\/factory-03.webp\"\/><\/p>\n<h3>Magazijn voor schimmelopslag<\/h3>\n<p><img decoding=\"async\" src=\"\/wp-content\/uploads\/factory-04.webp\"\/><\/p>\n<h3>43 lijnen voor aluminiumextrusie (500\u00e2\u20ac\"5500 ton)<\/h3>\n<p><img decoding=\"async\" src=\"\/wp-content\/uploads\/factory-05.webp\"\/><\/p>\n<p><img decoding=\"async\" src=\"\/wp-content\/uploads\/factory-06.webp\"\/><\/p>\n<p><img decoding=\"async\" src=\"\/wp-content\/uploads\/factory-07.webp\"\/><\/p>\n<h3>Poedercoating Werkplaats<\/h3>\n<p><img decoding=\"async\" src=\"\/wp-content\/uploads\/factory-09.webp\"\/><\/p>\n<h3>Anodiseren Werkplaats<\/h3>\n<p><img decoding=\"async\" src=\"\/wp-content\/uploads\/factory-10.webp\"\/><\/p>\n<h3>Workshop Diepe Verwerking<\/h3>\n<p><img decoding=\"async\" src=\"\/wp-content\/uploads\/factory-11.webp\"\/><\/p>\n<h3>CNC precisiemachinewerkplaats<\/h3>\n<p><img decoding=\"async\" src=\"\/wp-content\/uploads\/factory-11.5.webp\"\/><\/p>\n<h3>Eindproduct &amp; Export Magazijn<\/h3>\n<p><img decoding=\"async\" src=\"\/wp-content\/uploads\/factory-12.webp\"\/><\/p>\n<p><img decoding=\"async\" src=\"\/wp-content\/uploads\/factory-13.webp\"\/><\/p>\n<p><img decoding=\"async\" src=\"\/wp-content\/uploads\/factory-14.webp\"\/><\/p>\n<h2>FAQ<\/h2>\n<p><p><b>1.Wat zijn aluminium randafwerkingsprofielen? <\/b><\/p>\n<p> Aluminium randafwerkingsprofielen zijn speciaal ontworpen aluminium profielen die worden gebruikt om de randen van oppervlakken zoals tegels, panelen of werkbladen af te werken en te beschermen.<br \/>\n<\/p><br \/>\n<br \/>\n<p><b>2.Wat zijn de voordelen van het gebruik van aluminium randafwerkingsprofielen? <\/b><\/p>\n<p> Aluminium randafwerkingsprofielen bieden een strakke afwerking, randbescherming, corrosiebestendigheid en een verbeterde duurzaamheid voor zowel binnen- als buitentoepassingen.<br \/>\n<\/p><br \/>\n<br \/>\n<p><b>3.Waarom aluminium kiezen voor randafwerkingsprofielen? <\/b><\/p>\n<p> Aluminium is licht, roestbestendig, sterk en gemakkelijk te maken, waardoor het ideaal is voor randafwerkingsprofielen in woon-, commerci\u00eble en industri\u00eble omgevingen.<br \/>\n<\/p><br \/>\n<br \/>\n<p><b>4.Waar worden aluminium randafwerkingsprofielen vaak gebruikt? <\/b><\/p>\n<p> Aluminium randafwerkingsprofielen worden veel gebruikt in tegelinstallaties, wandpanelen, meubels, vloeren en decoratieve oppervlakranden voor een professionele uitstraling.<br \/>\n<\/p><br \/>\n<br \/>\n<p><b>5.Verbeteren aluminium randafwerkingsprofielen de esthetiek? <\/b><\/p>\n<p> Ja, aluminium randafwerkingsprofielen bieden een slanke, moderne randafwerking die de visuele aantrekkingskracht en waarde van architecturale en interieurontwerpen verhoogt.<br \/>\n<\/p><br \/>\n<br \/>\n<p><b>6.Zijn aluminium randafwerkingen bestand tegen corrosie? <\/b><\/p>\n<p> Absoluut, aluminium randafwerkingsprofielen zijn zeer goed bestand tegen corrosie en ideaal voor gebruik in vochtige, natte of buitenomgevingen.<br \/>\n<\/p><br \/>\n<br \/>\n<p><b>7.Kunnen aluminium randafwerkingsprofielen worden aangepast? <\/b><\/p>\n<p> Ja, aluminium randafwerkingsprofielen zijn verkrijgbaar in verschillende vormen, maten, kleuren en afwerkingen, en kunnen op maat worden gemaakt om te voldoen aan specifieke ontwerpbehoeften.<br \/>\n<\/p><br \/>\n<br \/>\n<p><b>8.Zijn aluminium randafwerkingsprofielen gemakkelijk te installeren? <\/b><\/p>\n<p> Ja, aluminium randafwerkingsprofielen zijn ontworpen voor eenvoudige installatie met lijm, schroeven of kliksystemen, waardoor ze geschikt zijn voor doe-het-zelvers en professioneel gebruik.<br \/>\n<\/p><br \/>\n<br \/>\n<p><b>9.Welke afwerkingen zijn er beschikbaar voor aluminium randafwerkingen? <\/b><\/p>\n<p> Aluminium randafwerkingen zijn er in geanodiseerde, geborstelde, gepoedercoate of gepolijste afwerking om te voldoen aan verschillende stijlen en functionele vereisten.<br \/>\n<\/p><br \/>\n<br \/>\n<p><b>10.Hoe beschermen aluminium randafwerkingsprofielen oppervlakken? <\/b><\/p>\n<p> Aluminium randafwerkingsprofielen beschermen blootliggende randen tegen afbrokkelen, vocht en stootschade, terwijl ze ook zorgen voor een lange levensduur van het oppervlak en strakke lijnen.<br \/>\n<\/p><br \/><\/p>","protected":false},"featured_media":6157,"template":"","categories":[58],"class_list":["post-6158","product","type-product","status-publish","has-post-thumbnail","hentry","category-aluminium-extrusion-profiles"],"meta_box":{"hilight_text_group":{"product_hilight_text":"<li>Provides clean, finished edges for panels and surfaces<\/li>\r\r\n<li>Durable and corrosion-resistant for long-term use<\/li>\r\r\n<li>Easy to install with snap-in or adhesive options<\/li>\r\r\n<li>Available in various shapes and finishes to match design styles<\/li>\r\r\n<li>Protects edges from wear, impact, and moisture<\/li>","product_chanpin_chanpin":"<li><a href=\"https:\/\/sinoextrud.com\/product\/retractable-awning-aluminum-tube\/\" target=\"_blank\">Retractable Awning Aluminum Tube<\/a><\/li>\r\n<li><a href=\"https:\/\/sinoextrud.com\/product\/aluminum-sign-extrusions\/\" target=\"_blank\">Aluminum Sign Extrusions<\/a><\/li>\r\n<li><a href=\"https:\/\/sinoextrud.com\/product\/aluminium-extrusion-motor-body\/\" target=\"_blank\">Aluminium Extrusion Motor Body<\/a><\/li>\r\n<li><a href=\"https:\/\/sinoextrud.com\/product\/aluminium-extrusion-6082-5083-aluminum-alloy-profile\/\" target=\"_blank\">Aluminium Extrusion 6082 5083 Aluminum Alloy Profile<\/a><\/li>\r\n<li><a href=\"https:\/\/sinoextrud.com\/product\/aluminium-edge-trim-profiles\/\" target=\"_blank\">Aluminium Edge Trim Profiles<\/a><\/li>\r\n<li><a href=\"https:\/\/sinoextrud.com\/product\/led-plant-growth-light-aluminum-profile\/\" target=\"_blank\">Led Plant Growth Light Aluminum Profile<\/a><\/li>\r\n<li><a href=\"https:\/\/sinoextrud.com\/product\/anodized-small-aluminum-extrusions\/\" target=\"_blank\">Anodized Small Aluminum Extrusions<\/a><\/li>\r\n<li><a href=\"https:\/\/sinoextrud.com\/product\/t-slot-aluminium-extrusion-profile\/\" target=\"_blank\">T Slot Aluminium Extrusion Profile<\/a><\/li>\r\n<li><a href=\"https:\/\/sinoextrud.com\/product\/extruded-aluminum-heatsink\/\" target=\"_blank\">Extruded Aluminum Heatsink<\/a><\/li>\r\n<li><a href=\"https:\/\/sinoextrud.com\/product\/industrial-aluminum-extrusion\/\" target=\"_blank\">Industrial Aluminum Extrusion<\/a><\/li>\r\n<li><a href=\"https:\/\/sinoextrud.com\/product\/aluminium-profile-cutting\/\" target=\"_blank\">Aluminium Profile Cutting<\/a><\/li>"},"feature_list":[]},"_links":{"self":[{"href":"https:\/\/sinoextrud.com\/nl\/wp-json\/wp\/v2\/product\/6158","targetHints":{"allow":["GET"]}}],"collection":[{"href":"https:\/\/sinoextrud.com\/nl\/wp-json\/wp\/v2\/product"}],"about":[{"href":"https:\/\/sinoextrud.com\/nl\/wp-json\/wp\/v2\/types\/product"}],"wp:featuredmedia":[{"embeddable":true,"href":"https:\/\/sinoextrud.com\/nl\/wp-json\/wp\/v2\/media\/6157"}],"wp:attachment":[{"href":"https:\/\/sinoextrud.com\/nl\/wp-json\/wp\/v2\/media?parent=6158"}],"wp:term":[{"taxonomy":"category","embeddable":true,"href":"https:\/\/sinoextrud.com\/nl\/wp-json\/wp\/v2\/categories?post=6158"}],"curies":[{"name":"wp","href":"https:\/\/api.w.org\/{rel}","templated":true}]}}