{"id":6154,"date":"2025-05-25T14:39:29","date_gmt":"2025-05-25T14:39:29","guid":{"rendered":"https:\/\/sinoextrud.com\/product\/aluminium-extrusion-motor-body\/"},"modified":"2025-06-24T03:54:15","modified_gmt":"2025-06-24T03:54:15","slug":"motorhuis-van-aluminiumextrusie","status":"publish","type":"product","link":"https:\/\/sinoextrud.com\/nl\/product\/aluminium-extrusion-motor-body\/","title":{"rendered":"Motorhuis van aluminiumextrusie"},"content":{"rendered":"<h2>Producten Details<\/h2>\n<table class=\"custom-table\">\n<tr>\n<td class=\"label\">Productnaam<\/td>\n<td>motorhuis van aluminiumextrusie<\/td>\n<\/tr>\n<tr>\n<td class=\"label\">Assortiment<\/td>\n<td>aluminiumuitdrijvingen voor thailand motoronderdelen en toebehoren, motorvervangstukken raider, motorshell, schorpioenmotor, basissen de motor, motorcraftdelen, muller motor, zilveren kammotor, enz.<\/td>\n<\/tr>\n<tr>\n<td class=\"label\">Geschikte systemen Typen<\/td>\n<td>instrumenten, sensoren, communicatie, elektronica, automatisering, slimme CARDS, industri\u00eble besturing, precisiemachines, snelheidsreducerende motoren, enz.<\/td>\n<\/tr>\n<tr>\n<td class=\"label\">Aluminiumlegering<\/td>\n<td>1000 serie, 200 serie, 3000 serie, 5000 serie, 6000 serie, 7000 serie<\/td>\n<\/tr>\n<tr>\n<td class=\"label\">Temper<\/td>\n<td>T3-T8<\/td>\n<\/tr>\n<tr>\n<td class=\"label\">Vorm<\/td>\n<td>Volgens de eisen van de klant<\/td>\n<\/tr>\n<tr>\n<td class=\"label\">Kleur<\/td>\n<td>Volgens de eisen van de klant<\/td>\n<\/tr>\n<tr>\n<td class=\"label\">Oppervlaktebehandeling<\/td>\n<td>afgewerkt, geanodiseerd, houtnerf, power coating, zandstralen, elektroforese, geborsteld, polijsten, enz.<\/td>\n<\/tr>\n<tr>\n<td class=\"label\">CNC Diepe Bewerking<\/td>\n<td>snijden, boren, machinaal bewerken, ponsen, buigen, tappen enzovoort<\/td>\n<\/tr>\n<tr>\n<td class=\"label\">Certificeringen<\/td>\n<td>CE, ISO, SGS, TUV, ROHS<\/td>\n<\/tr>\n<tr>\n<td class=\"label\">Monsters<\/td>\n<td>gratis monster. 1-3 dagen aan u geleverd.<\/td>\n<\/tr>\n<tr>\n<td class=\"label\">MOQ<\/td>\n<td>200KG voor elk profiel<\/td>\n<\/tr>\n<tr>\n<td class=\"label\">Levertijd<\/td>\n<td>Vorm het ontwikkelen en steekproefbevestiging is 12-15 dagen, dan is de productieduur 15-25 dagen na ontvangstbewijs van storting van koper.<\/td>\n<\/tr>\n<tr>\n<td class=\"label\">Betalingsvoorwaarden<\/td>\n<td>30% aanbetaling v\u00f3\u00f3r productie en saldo v\u00f3\u00f3r verzending.<\/td>\n<\/tr>\n<\/table>\n<h2>Onze productiebasis<\/h2>\n<h3>Fabriek Panorama<\/h3>\n<p><img decoding=\"async\" src=\"\/wp-content\/uploads\/factory-01.webp\"\/><\/p>\n<h3>Aluminium staaf productie werkplaats<\/h3>\n<p><img decoding=\"async\" src=\"\/wp-content\/uploads\/factory-02.webp\"\/><\/p>\n<p><img decoding=\"async\" src=\"\/wp-content\/uploads\/factory-03.webp\"\/><\/p>\n<h3>Magazijn voor schimmelopslag<\/h3>\n<p><img decoding=\"async\" src=\"\/wp-content\/uploads\/factory-04.webp\"\/><\/p>\n<h3>43 lijnen voor aluminiumextrusie (500-5500 ton)<\/h3>\n<p><img decoding=\"async\" src=\"\/wp-content\/uploads\/factory-05.webp\"\/><\/p>\n<p><img decoding=\"async\" src=\"\/wp-content\/uploads\/factory-06.webp\"\/><\/p>\n<p><img decoding=\"async\" src=\"\/wp-content\/uploads\/factory-07.webp\"\/><\/p>\n<h3>Poedercoating Werkplaats<\/h3>\n<p><img decoding=\"async\" src=\"\/wp-content\/uploads\/factory-09.webp\"\/><\/p>\n<h3>Anodiseren Werkplaats<\/h3>\n<p><img decoding=\"async\" src=\"\/wp-content\/uploads\/factory-10.webp\"\/><\/p>\n<h3>Workshop Diepe Verwerking<\/h3>\n<p><img decoding=\"async\" src=\"\/wp-content\/uploads\/factory-11.webp\"\/><\/p>\n<h3>CNC precisiemachinewerkplaats<\/h3>\n<p><img decoding=\"async\" src=\"\/wp-content\/uploads\/factory-11.5.webp\"\/><\/p>\n<h3>Eindproduct &amp; Export Magazijn<\/h3>\n<p><img decoding=\"async\" src=\"\/wp-content\/uploads\/factory-12.webp\"\/><\/p>\n<p><img decoding=\"async\" src=\"\/wp-content\/uploads\/factory-13.webp\"\/><\/p>\n<p><img decoding=\"async\" src=\"\/wp-content\/uploads\/factory-14.webp\"\/><\/p>\n<h2>FAQ<\/h2>\n<p><p><b>1.Wat is een motorhuis van aluminiumextrusie? <\/b><\/p>\n<p> Een motorhuis van aluminiumextrusie is een nauwkeurig ontworpen behuizing van ge\u00ebxtrudeerd aluminium die wordt gebruikt om onderdelen van elektromotoren te omhullen en te beschermen.<br \/>\n<\/p><br \/>\n<br \/>\n<p><b>2. Wat zijn de voordelen van motorhuizen van aluminiumextrusie? <\/b><\/p>\n<p> Motorhuizen van aluminiumextrusie bieden een uitstekende warmteafvoer, lichtgewicht sterkte, corrosiebestendigheid en een hoge maatnauwkeurigheid voor motorassemblages.<br \/>\n<\/p><br \/>\n<br \/>\n<p><b>3. Waarom aluminium kiezen voor de extrusie van het motorhuis? <\/b><\/p>\n<p> Aluminium is ideaal voor de extrusie van motorhuizen vanwege de superieure thermische geleidbaarheid, het lage gewicht, de corrosiebestendigheid en het gemak van machinale bewerking.<br \/>\n<\/p><br \/>\n<br \/>\n<p><b>4.Hoe verbetert aluminiumextrusie de motorkoeling? <\/b><\/p>\n<p> Motorhuizen van aluminiumextrusie hebben ge\u00efntegreerde vinnen en een groot oppervlak, waardoor de warmte effici\u00ebnt wordt afgevoerd en de motorprestaties verbeteren.<br \/>\n<\/p><br \/>\n<br \/>\n<p><b>5.Zijn motorhuizen van aluminiumextrusie aanpasbaar? <\/b><\/p>\n<p> Ja, aluminium motorhuizen kunnen qua lengte, doorsnede, oppervlakteafwerking en montagekenmerken worden aangepast aan verschillende motorontwerpen.<br \/>\n<\/p><br \/>\n<br \/>\n<p><b>6.Welke industrie\u00ebn gebruiken motorhuizen van aluminiumextrusie? <\/b><\/p>\n<p> Motorhuizen van aluminiumextrusie worden vaak gebruikt in elektrische voertuigen, HVAC-systemen, industri\u00eble machines en automatiseringsapparatuur voor een betrouwbare motorbehuizing.<br \/>\n<\/p><br \/>\n<br \/>\n<p><b>7.Verminderen aluminium motorhuizen het totale motorgewicht? <\/b><\/p>\n<p> Ja, aluminium motorhuizen verlagen het gewicht van motoren aanzienlijk in vergelijking met stalen behuizingen, waardoor de effici\u00ebntie en draagbaarheid toenemen.<br \/>\n<\/p><br \/>\n<br \/>\n<p><b>8.Zijn motorhuizen van aluminiumextrusie duurzaam? <\/b><\/p>\n<p> Motorhuizen van aluminiumextrusie zijn absoluut zeer duurzaam en bieden weerstand tegen slijtage, corrosie en mechanische belasting.<br \/>\n<\/p><br \/>\n<br \/>\n<p><b>9.Welke oppervlakteafwerkingen zijn er beschikbaar voor aluminium motorhuizen? <\/b><\/p>\n<p> De motorhuizen van aluminium extrusie kunnen worden geanodiseerd, gepoedercoat of gezandstraald om de corrosiebestendigheid, esthetiek en elektrische isolatie te verbeteren.<br \/>\n<\/p><br \/>\n<br \/>\n<p><b>10.Hoe ondersteunen motorhuizen van aluminiumextrusie duurzaamheid? <\/b><\/p>\n<p> Aluminium is recyclebaar en energiezuinig om te verwerken, waardoor motorhuizen van aluminiumextrusie een milieuvriendelijke keuze zijn voor toepassingen met elektromotoren.<br \/>\n<\/p><br \/><\/p>","protected":false},"featured_media":6153,"template":"","categories":[58],"class_list":["post-6154","product","type-product","status-publish","has-post-thumbnail","hentry","category-aluminium-extrusion-profiles"],"meta_box":{"hilight_text_group":{"product_hilight_text":"<li>Excellent heat dissipation for efficient motor cooling<\/li>\r\r\n<li>Lightweight yet strong structure reduces overall motor weight<\/li>\r\r\n<li>Precision extruded for high dimensional accuracy<\/li>\r\r\n<li>Corrosion-resistant surface ensures long service life<\/li>\r\r\n<li>Customizable profiles to fit various motor designs<\/li>","product_chanpin_chanpin":"<li><a href=\"https:\/\/sinoextrud.com\/product\/linear-rail-aluminium-extrusion\/\" target=\"_blank\">Linear Rail Aluminium Extrusion<\/a><\/li>\r\n<li><a href=\"https:\/\/sinoextrud.com\/product\/led-strip-lights-aluminum-profile\/\" target=\"_blank\">Led Strip Lights Aluminum Profile<\/a><\/li>\r\n<li><a href=\"https:\/\/sinoextrud.com\/product\/retractable-awning-aluminum-tube\/\" target=\"_blank\">Retractable Awning Aluminum Tube<\/a><\/li>\r\n<li><a href=\"https:\/\/sinoextrud.com\/product\/aluminum-sign-extrusions\/\" target=\"_blank\">Aluminum Sign Extrusions<\/a><\/li>\r\n<li><a href=\"https:\/\/sinoextrud.com\/product\/aluminium-extrusion-motor-body\/\" target=\"_blank\">Aluminium Extrusion Motor Body<\/a><\/li>\r\n<li><a href=\"https:\/\/sinoextrud.com\/product\/aluminium-extrusion-6082-5083-aluminum-alloy-profile\/\" target=\"_blank\">Aluminium Extrusion 6082 5083 Aluminum Alloy Profile<\/a><\/li>\r\n<li><a href=\"https:\/\/sinoextrud.com\/product\/aluminium-edge-trim-profiles\/\" target=\"_blank\">Aluminium Edge Trim Profiles<\/a><\/li>\r\n<li><a href=\"https:\/\/sinoextrud.com\/product\/led-plant-growth-light-aluminum-profile\/\" target=\"_blank\">Led Plant Growth Light Aluminum Profile<\/a><\/li>\r\n<li><a href=\"https:\/\/sinoextrud.com\/product\/anodized-small-aluminum-extrusions\/\" target=\"_blank\">Anodized Small Aluminum Extrusions<\/a><\/li>\r\n<li><a href=\"https:\/\/sinoextrud.com\/product\/aluminum-extrusions-milling-cutting-and-assembly\/\" target=\"_blank\">Aluminum Extrusions Milling Cutting and Assembly<\/a><\/li>\r\n<li><a href=\"https:\/\/sinoextrud.com\/product\/extruded-aluminum-stock\/\" target=\"_blank\">Extruded Aluminum Stock<\/a><\/li>"},"feature_list":[]},"_links":{"self":[{"href":"https:\/\/sinoextrud.com\/nl\/wp-json\/wp\/v2\/product\/6154","targetHints":{"allow":["GET"]}}],"collection":[{"href":"https:\/\/sinoextrud.com\/nl\/wp-json\/wp\/v2\/product"}],"about":[{"href":"https:\/\/sinoextrud.com\/nl\/wp-json\/wp\/v2\/types\/product"}],"wp:featuredmedia":[{"embeddable":true,"href":"https:\/\/sinoextrud.com\/nl\/wp-json\/wp\/v2\/media\/6153"}],"wp:attachment":[{"href":"https:\/\/sinoextrud.com\/nl\/wp-json\/wp\/v2\/media?parent=6154"}],"wp:term":[{"taxonomy":"category","embeddable":true,"href":"https:\/\/sinoextrud.com\/nl\/wp-json\/wp\/v2\/categories?post=6154"}],"curies":[{"name":"wp","href":"https:\/\/api.w.org\/{rel}","templated":true}]}}