{"id":6147,"date":"2025-05-25T12:35:12","date_gmt":"2025-05-25T12:35:12","guid":{"rendered":"https:\/\/sinoextrud.com\/product\/led-strip-lights-aluminum-profile\/"},"modified":"2025-06-24T03:54:08","modified_gmt":"2025-06-24T03:54:08","slug":"led-strip-verlichting-aluminium-profiel","status":"publish","type":"product","link":"https:\/\/sinoextrud.com\/nl\/product\/led-strip-lights-aluminum-profile\/","title":{"rendered":"Het geleide Profiel van het Strooklicht Aluminium"},"content":{"rendered":"<h2>Producten Details<\/h2>\n<table class=\"custom-table\">\n<tr>\n<td class=\"label\">Productnaam<\/td>\n<td>Het geleide Profiel van het Strooklicht Aluminium<\/td>\n<\/tr>\n<tr>\n<td class=\"label\">Assortiment<\/td>\n<td>aluminium extrusies voor led profiel, l vorm aluminium profiel, aluminium profiel voor led,?aluminium profiel voor led strips, 2835 smd led pcb aluminium, aluminium geleid, etc<\/td>\n<\/tr>\n<tr>\n<td class=\"label\">Geschikte systemen Typen<\/td>\n<td>led strip licht, led strip licht plafond,?led verlichting strip buiten, strip verlichting grote maat, aluminium led profielen strips lichten, aluminium strip licht geleid profielen, led strip licht vierkant, etc<\/td>\n<\/tr>\n<tr>\n<td class=\"label\">Aluminiumlegering<\/td>\n<td>1000 serie, 200 serie, 3000 serie, 5000 serie, 6000 serie, 7000 serie<\/td>\n<\/tr>\n<tr>\n<td class=\"label\">Temper<\/td>\n<td>T3-T8<\/td>\n<\/tr>\n<tr>\n<td class=\"label\">Vorm<\/td>\n<td>T-vormig, I-vormig, U-vormig, cirkelvormig, enz.<\/td>\n<\/tr>\n<tr>\n<td class=\"label\">Kleur<\/td>\n<td>maatwerk<\/td>\n<\/tr>\n<tr>\n<td class=\"label\">Oppervlaktebehandeling<\/td>\n<td>afgewerkt, geanodiseerd, houtnerf, power coating, zandstralen, elektroforese, geborsteld, polijsten, enz.<\/td>\n<\/tr>\n<tr>\n<td class=\"label\">CNC Diepe Bewerking<\/td>\n<td>snijden, boren, machinaal bewerken, ponsen, buigen, tappen enzovoort<\/td>\n<\/tr>\n<tr>\n<td class=\"label\">Certificeringen<\/td>\n<td>CE, ISO, SGS, TUV, ROHS<\/td>\n<\/tr>\n<tr>\n<td class=\"label\">Monsters<\/td>\n<td>gratis monster. 1-3 dagen aan u geleverd.<\/td>\n<\/tr>\n<tr>\n<td class=\"label\">MOQ<\/td>\n<td>200KG voor elk profiel<\/td>\n<\/tr>\n<tr>\n<td class=\"label\">Levertijd<\/td>\n<td>Vorm het ontwikkelen en steekproefbevestiging is 12-15 dagen, dan is de productieduur 15-25 dagen na ontvangstbewijs van storting van koper.<\/td>\n<\/tr>\n<tr>\n<td class=\"label\">Betalingsvoorwaarden<\/td>\n<td>30% aanbetaling v\u00f3\u00f3r productie en saldo v\u00f3\u00f3r verzending.<\/td>\n<\/tr>\n<\/table>\n<h2>Onze productiebasis<\/h2>\n<h3>Fabriek Panorama<\/h3>\n<p><img decoding=\"async\" src=\"\/wp-content\/uploads\/factory-01.webp\"\/><\/p>\n<h3>Aluminium staaf productie werkplaats<\/h3>\n<p><img decoding=\"async\" src=\"\/wp-content\/uploads\/factory-02.webp\"\/><\/p>\n<p><img decoding=\"async\" src=\"\/wp-content\/uploads\/factory-03.webp\"\/><\/p>\n<h3>Magazijn voor schimmelopslag<\/h3>\n<p><img decoding=\"async\" src=\"\/wp-content\/uploads\/factory-04.webp\"\/><\/p>\n<h3>43 lijnen voor aluminiumextrusie (500\u00e2\u20ac\"5500 ton)<\/h3>\n<p><img decoding=\"async\" src=\"\/wp-content\/uploads\/factory-05.webp\"\/><\/p>\n<p><img decoding=\"async\" src=\"\/wp-content\/uploads\/factory-06.webp\"\/><\/p>\n<p><img decoding=\"async\" src=\"\/wp-content\/uploads\/factory-07.webp\"\/><\/p>\n<h3>Poedercoating Werkplaats<\/h3>\n<p><img decoding=\"async\" src=\"\/wp-content\/uploads\/factory-09.webp\"\/><\/p>\n<h3>Anodiseren Werkplaats<\/h3>\n<p><img decoding=\"async\" src=\"\/wp-content\/uploads\/factory-10.webp\"\/><\/p>\n<h3>Workshop Diepe Verwerking<\/h3>\n<p><img decoding=\"async\" src=\"\/wp-content\/uploads\/factory-11.webp\"\/><\/p>\n<h3>CNC precisiemachinewerkplaats<\/h3>\n<p><img decoding=\"async\" src=\"\/wp-content\/uploads\/factory-11.5.webp\"\/><\/p>\n<h3>Eindproduct &amp; Export Magazijn<\/h3>\n<p><img decoding=\"async\" src=\"\/wp-content\/uploads\/factory-12.webp\"\/><\/p>\n<p><img decoding=\"async\" src=\"\/wp-content\/uploads\/factory-13.webp\"\/><\/p>\n<p><img decoding=\"async\" src=\"\/wp-content\/uploads\/factory-14.webp\"\/><\/p>\n<h2>FAQ<\/h2>\n<p><p><b>1.Wat is een LED strip verlichting aluminium profiel? <\/b><\/p>\n<p> Een aluminium profiel voor LED-stripverlichting is een behuizingskanaal dat is ontworpen om LED-stripverlichting vast te houden en te beschermen.<br \/>\n<\/p><br \/>\n<br \/>\n<p><b>2. Wat zijn de voordelen van het gebruik van aluminium profielen voor LED-stripverlichting? <\/b><\/p>\n<p> Aluminium profielen voor LED stripverlichting bieden een betere warmteafvoer, een langere levensduur van de LED's, een betere esthetiek van de verlichting en extra bescherming tegen stof en beschadiging.<br \/>\n<\/p><br \/>\n<br \/>\n<p><b>3.Waarom een aluminium profiel gebruiken met LED stripverlichting? <\/b><\/p>\n<p> Het gebruik van een aluminium profiel met LED stripverlichting zorgt voor een gelijkmatige lichtverdeling, vermindert warmteontwikkeling en geeft een professioneel, gepolijst installatiebeeld.<br \/>\n<\/p><br \/>\n<br \/>\n<p><b>4.Zijn LED aluminium profielen gemakkelijk te installeren? <\/b><\/p>\n<p> Ja, LED stripverlichting aluminium profielen zijn eenvoudig te installeren met bevestigingsclips, zelfklevende achterkant of schroefsystemen voor plafonds, kasten en muren.<br \/>\n<\/p><br \/>\n<br \/>\n<p><b>5.Kan LED strip verlichting aluminium profielen worden aangepast? <\/b><\/p>\n<p> Absoluut, LED aluminium profielen zijn er in verschillende vormen, lengtes en afdekkingsopties en kunnen worden gesneden om aan specifieke installatievereisten te voldoen.<br \/>\n<\/p><br \/>\n<br \/>\n<p><b>6. Verbeteren aluminium profielen de prestaties van LED stripverlichting? <\/b><\/p>\n<p> Ja, aluminium profielen verbeteren de prestaties van LED's door warmte effici\u00ebnt af te voeren, wat helpt om de helderheid te behouden en de levensduur van de lamp te verlengen.<br \/>\n<\/p><br \/>\n<br \/>\n<p><b>7.Waar kan LED strip verlichting aluminium profielen worden gebruikt? <\/b><\/p>\n<p> LED aluminium profielen zijn ideaal voor keukens, kantoren, winkeldisplays, trappen en verlichting onder kasten en bieden een slanke en beschermde lichtintegratie.<br \/>\n<\/p><br \/>\n<br \/>\n<p><b>8.Welke soorten afdekkingen zijn er beschikbaar voor LED aluminium profielen? <\/b><\/p>\n<p> LED aluminium profielen worden meestal geleverd met heldere, matte of opalen diffusors die de lichtopbrengst verzachten en hotspots elimineren voor een egaal verlichtingseffect.<br \/>\n<\/p><br \/>\n<br \/>\n<p><b>9.Zijn aluminium LED strip profielen compatibel met alle LED strips? <\/b><\/p>\n<p> De meeste LED aluminium profielen zijn compatibel met LED strips van standaardbreedte, maar het is belangrijk om de afmetingen van het kanaal te controleren voor installatie.<br \/>\n<\/p><br \/>\n<br \/>\n<p><b>10.Hoe verbeteren aluminium profielen het uiterlijk van LED-stripverlichting? <\/b><\/p>\n<p> Aluminium profielen zorgen voor een strakke, moderne afwerking door draden te verbergen, licht gelijkmatig te verspreiden en een strak architecturaal verlichtingseffect te cre\u00ebren.<br \/>\n<\/p><br \/><\/p>","protected":false},"featured_media":6146,"template":"","categories":[58],"class_list":["post-6147","product","type-product","status-publish","has-post-thumbnail","hentry","category-aluminium-extrusion-profiles"],"meta_box":{"hilight_text_group":{"product_hilight_text":"<li>Provides efficient heat dissipation to extend LED lifespan<\/li>\r\r\n<li>Enhances light diffusion for uniform illumination<\/li>\r\r\n<li>Supports surface, recessed, and corner mounting options<\/li>\r\r\n<li>Protects LED strips from dust and physical damage<\/li>\r\r\n<li>Custom lengths and cover types available for versatile applications<\/li>","product_chanpin_chanpin":"<li><a href=\"https:\/\/sinoextrud.com\/product\/large-aluminum-extrusion-2\/\" target=\"_blank\">Large Aluminum Extrusion<\/a><\/li>\r\n<li><a href=\"https:\/\/sinoextrud.com\/product\/aluminium-door-extrusions-profiles\/\" target=\"_blank\">Aluminium Door Extrusions Profiles<\/a><\/li>\r\n<li><a href=\"https:\/\/sinoextrud.com\/product\/aluminium-extrusion-profile-handle\/\" target=\"_blank\">Aluminium Extrusion Profile Handle<\/a><\/li>\r\n<li><a href=\"https:\/\/sinoextrud.com\/product\/linear-rail-aluminium-extrusion\/\" target=\"_blank\">Linear Rail Aluminium Extrusion<\/a><\/li>\r\n<li><a href=\"https:\/\/sinoextrud.com\/product\/led-strip-lights-aluminum-profile\/\" target=\"_blank\">Led Strip Lights Aluminum Profile<\/a><\/li>\r\n<li><a href=\"https:\/\/sinoextrud.com\/product\/retractable-awning-aluminum-tube\/\" target=\"_blank\">Retractable Awning Aluminum Tube<\/a><\/li>\r\n<li><a href=\"https:\/\/sinoextrud.com\/product\/aluminum-sign-extrusions\/\" target=\"_blank\">Aluminum Sign Extrusions<\/a><\/li>\r\n<li><a href=\"https:\/\/sinoextrud.com\/product\/aluminium-extrusion-motor-body\/\" target=\"_blank\">Aluminium Extrusion Motor Body<\/a><\/li>\r\n<li><a href=\"https:\/\/sinoextrud.com\/product\/aluminium-extrusion-6082-5083-aluminum-alloy-profile\/\" target=\"_blank\">Aluminium Extrusion 6082 5083 Aluminum Alloy Profile<\/a><\/li>\r\n<li><a href=\"https:\/\/sinoextrud.com\/product\/aluminum-square-tube-powder-coating-6063-t5-extruded-profiles\/\" target=\"_blank\">aluminum square tube powder coating 6063 t5 extruded profiles<\/a><\/li>\r\n<li><a href=\"https:\/\/sinoextrud.com\/product\/aluminium-edge-trim-profiles\/\" target=\"_blank\">Aluminium Edge Trim Profiles<\/a><\/li>"},"feature_list":[]},"_links":{"self":[{"href":"https:\/\/sinoextrud.com\/nl\/wp-json\/wp\/v2\/product\/6147","targetHints":{"allow":["GET"]}}],"collection":[{"href":"https:\/\/sinoextrud.com\/nl\/wp-json\/wp\/v2\/product"}],"about":[{"href":"https:\/\/sinoextrud.com\/nl\/wp-json\/wp\/v2\/types\/product"}],"wp:featuredmedia":[{"embeddable":true,"href":"https:\/\/sinoextrud.com\/nl\/wp-json\/wp\/v2\/media\/6146"}],"wp:attachment":[{"href":"https:\/\/sinoextrud.com\/nl\/wp-json\/wp\/v2\/media?parent=6147"}],"wp:term":[{"taxonomy":"category","embeddable":true,"href":"https:\/\/sinoextrud.com\/nl\/wp-json\/wp\/v2\/categories?post=6147"}],"curies":[{"name":"wp","href":"https:\/\/api.w.org\/{rel}","templated":true}]}}