{"id":5995,"date":"2025-05-23T15:39:44","date_gmt":"2025-05-23T15:39:44","guid":{"rendered":"https:\/\/sinoextrud.com\/?post_type=product&#038;p=5995"},"modified":"2025-06-24T03:53:00","modified_gmt":"2025-06-24T03:53:00","slug":"industriele-aluminium-profielen","status":"publish","type":"product","link":"https:\/\/sinoextrud.com\/nl\/product\/industrial-aluminum-profiles\/","title":{"rendered":"Industri\u00eble aluminium profielen"},"content":{"rendered":"<h2>Producten Details<\/h2>\n<table class=\"custom-table\">\n<tr>\n<td class=\"label\">Productnaam<\/td>\n<td>industri\u00eble aluminium profielen (industrieel aluminium, industrieel aluminium extrusiemateriaal)<\/td>\n<\/tr>\n<tr>\n<td class=\"label\">Assortiment<\/td>\n<td>Productie assemblagelijn, productielijn operationele werkbank, kantoor partitie, scherm, industri\u00eble omheining en een verscheidenheid aan frames, display rekken, planken, mechanische stof afdichting cover, enz.<\/td>\n<\/tr>\n<tr>\n<td class=\"label\">Aluminiumlegering<\/td>\n<td>1000 serie, 2000 serie, 3000 serie, 5000 serie, 6000 serie, 7000 serie<\/td>\n<\/tr>\n<tr>\n<td class=\"label\">Temper<\/td>\n<td>T3-T8<\/td>\n<\/tr>\n<tr>\n<td class=\"label\">Vorm<\/td>\n<td>maatwerk<\/td>\n<\/tr>\n<tr>\n<td class=\"label\">Kleur<\/td>\n<td>maatwerk<\/td>\n<\/tr>\n<tr>\n<td class=\"label\">Oppervlaktebehandeling<\/td>\n<td>afgewerkt, geanodiseerd, houtnerf, power coating, zandstralen, elektroforese, geborsteld, polijsten, enz.<\/td>\n<\/tr>\n<tr>\n<td class=\"label\">CNC Diepe Bewerking<\/td>\n<td>snijden, boren, machinaal bewerken, ponsen, buigen, tappen enzovoort<\/td>\n<\/tr>\n<tr>\n<td class=\"label\">Certificeringen<\/td>\n<td>CE, ISO, SGS, TUV, ROHS<\/td>\n<\/tr>\n<tr>\n<td class=\"label\">Monsters<\/td>\n<td>gratis monster. 1-3 dagen aan u geleverd.<\/td>\n<\/tr>\n<tr>\n<td class=\"label\">MOQ<\/td>\n<td>200KG voor elk profiel<\/td>\n<\/tr>\n<tr>\n<td class=\"label\">Levertijd<\/td>\n<td>Vorm het ontwikkelen en steekproefbevestiging is 12-15 dagen, dan is de productieduur 15-25 dagen na ontvangstbewijs van storting van koper.<\/td>\n<\/tr>\n<tr>\n<td class=\"label\">Betalingsvoorwaarden<\/td>\n<td>30% aanbetaling v\u00f3\u00f3r productie en saldo v\u00f3\u00f3r verzending.<\/td>\n<\/tr>\n<\/table>\n<h2>Onze productiebasis<\/h2>\n<h3>Fabriek Panorama<\/h3>\n<p><img decoding=\"async\" src=\"\/wp-content\/uploads\/factory-01.webp\"\/><\/p>\n<h3>Aluminium staaf productie werkplaats<\/h3>\n<p><img decoding=\"async\" src=\"\/wp-content\/uploads\/factory-02.webp\"\/><\/p>\n<\/p>\n<p><img decoding=\"async\" src=\"\/wp-content\/uploads\/factory-03.webp\"\/><\/p>\n<h3>Magazijn voor schimmelopslag<\/h3>\n<p><img decoding=\"async\" src=\"\/wp-content\/uploads\/factory-04.webp\"\/><\/p>\n<h3>43 lijnen voor aluminiumextrusie (500\u00e2\u20ac\"5500 ton)<\/h3>\n<p><img decoding=\"async\" src=\"\/wp-content\/uploads\/factory-05.webp\"\/><\/p>\n<p><img decoding=\"async\" src=\"\/wp-content\/uploads\/factory-06.webp\"\/><\/p>\n<p><img decoding=\"async\" src=\"\/wp-content\/uploads\/factory-07.webp\"\/><\/p>\n<h3>Poedercoating Werkplaats<\/h3>\n<p><img decoding=\"async\" src=\"\/wp-content\/uploads\/factory-09.webp\"\/><\/p>\n<h3>Anodiseren Werkplaats<\/h3>\n<p><img decoding=\"async\" src=\"\/wp-content\/uploads\/factory-10.webp\"\/><\/p>\n<h3>Workshop Diepe Verwerking<\/h3>\n<p><img decoding=\"async\" src=\"\/wp-content\/uploads\/factory-11.webp\"\/><\/p>\n<h3>CNC precisiemachinewerkplaats<\/h3>\n<p><img decoding=\"async\" src=\"\/wp-content\/uploads\/factory-11.5.webp\"\/><\/p>\n<h3>Eindproduct &amp; Export Magazijn<\/h3>\n<p><img decoding=\"async\" src=\"\/wp-content\/uploads\/factory-12.webp\"\/><\/p>\n<p><img decoding=\"async\" src=\"\/wp-content\/uploads\/factory-13.webp\"\/><\/p>\n<p><img decoding=\"async\" src=\"\/wp-content\/uploads\/factory-14.webp\"\/><\/p>\n<h2>FAQ<\/h2>\n<p><b>1. Wat zijn industri\u00eble aluminium profielen? <\/b><\/p>\n<p> Industri\u00eble aluminium profielen zijn ge\u00ebxtrudeerde aluminium onderdelen die worden gebruikt voor het bouwen van raamwerken, machinestructuren, automatiseringssystemen en werkstations in industri\u00eble omgevingen.\n<\/p>\n<p><\/p>\n<p><b>2. Wat zijn de belangrijkste voordelen van industri\u00eble aluminium profielen? <\/b><\/p>\n<p> Industri\u00eble aluminium profielen bieden lichtgewicht sterkte, corrosiebestendigheid, modulair ontwerp en eenvoudige montage, waardoor ze ideaal zijn voor industri\u00eble toepassingen.\n<\/p>\n<p><\/p>\n<p><b>3.Hoe ondersteunen industri\u00eble aluminium profielen modulaire bouw? <\/b><\/p>\n<p> Hun gestandaardiseerde sleuven en verbindingssystemen maken snelle montage, uitbreiding en herconfiguratie mogelijk zonder lassen of speciaal gereedschap.\n<\/p>\n<p><\/p>\n<p><b>4. Waarom kiezen voor industri\u00eble aluminium profielen in plaats van staal? <\/b><\/p>\n<p> Industri\u00eble aluminiumprofielen zijn lichter, roestvrij, gemakkelijker te bewerken en beter aanpasbaar dan traditionele staalconstructies, waardoor de installatie- en onderhoudskosten lager zijn.\n<\/p>\n<p><\/p>\n<p><b>5. Zijn industri\u00eble aluminium profielen aanpasbaar? <\/b><\/p>\n<p> Ja, ze kunnen op maat worden ge\u00ebxtrudeerd in verschillende vormen, afmetingen en afwerkingen om te voldoen aan specifieke industri\u00eble projectvereisten.\n<\/p>\n<p><\/p>\n<p><b>6. Welke industrie\u00ebn gebruiken industri\u00eble aluminium profielen? <\/b><\/p>\n<p> Industrie\u00ebn zoals productie, automatisering, robotica, logistiek en elektronica maken op grote schaal gebruik van industri\u00eble aluminium profielen voor structurele en mechanische frames.\n<\/p>\n<p><\/p>\n<p><b>7.Ondersteunen industri\u00eble aluminium profielen duurzame productie? <\/b><\/p>\n<p> Absoluut, aluminium is recyclebaar en energiezuinig, waardoor deze profielen een groene oplossing zijn voor industrieel ontwerp en constructie.\n<\/p>\n<p><\/p>\n<p><b>8.Hoe verbeteren industri\u00eble aluminium profielen de effici\u00ebntie? <\/b><\/p>\n<p> Hun modulaire ontwerp verkort de assemblagetijd en maakt snelle aanpassingen mogelijk, wat leidt tot snellere productie-instellingen en operationele flexibiliteit.\n<\/p>\n<p><\/p>\n<p><b>9.Welke soorten afwerkingen zijn beschikbaar voor industri\u00eble aluminium profielen? <\/b><\/p>\n<p> Gangbare afwerkingen zijn anodiseren, poedercoaten en borstelen, die het uiterlijk, de duurzaamheid en de corrosiebestendigheid verbeteren.\n<\/p>\n<p><\/p>\n<p><b>10.Kunnen industri\u00eble aluminium profielen worden ge\u00efntegreerd met automatiseringscomponenten? <\/b><\/p>\n<p> Ja, hun ontwerp ondersteunt naadloze integratie met sensoren, actuatoren, transportbanden en besturingssystemen in geautomatiseerde industri\u00eble opstellingen.\n<\/p>\n<p><\/p>","protected":false},"featured_media":5994,"template":"","categories":[55],"class_list":["post-5995","product","type-product","status-publish","has-post-thumbnail","hentry","category-extruded-aluminum-profiles"],"meta_box":{"hilight_text_group":{"product_hilight_text":"<li>Versatile profiles suitable for machine frames, safety enclosures, and automation systems<\/li>\r\r\n<li>Easy to cut, assemble, and modify on-site without welding<\/li>\r\r\n<li>Strong load-bearing capacity with lightweight design<\/li>\r\r\n<li>Standardized slots support universal connectors and accessories<\/li>\r\r\n<li>Durable anodized surface resists wear, corrosion, and scratches<\/li>","product_chanpin_chanpin":"<li><a href=\"https:\/\/sinoextrud.com\/product\/aluminium-profile-bed-frame\/\" target=\"_blank\">Aluminium Profile Bed Frame<\/a><\/li>\r\n<li><a href=\"https:\/\/sinoextrud.com\/product\/aluminum-extrusion-industry-modular-components-profile\/\" target=\"_blank\">Aluminum Extrusion Industry Modular Components Profile<\/a><\/li>\r\n<li><a href=\"https:\/\/sinoextrud.com\/product\/aluminium-profile-systems\/\" target=\"_blank\">Aluminium Profile Systems<\/a><\/li>\r\n<li><a href=\"https:\/\/sinoextrud.com\/product\/aluminium-extrusion-profile-section\/\" target=\"_blank\">Aluminium Extrusion Profile Section(Great Wall panel aluminum profile)<\/a><\/li>\r\n<li><a href=\"https:\/\/sinoextrud.com\/product\/industrial-aluminum-profiles\/\" target=\"_blank\">Industrial Aluminum Profiles<\/a><\/li>\r\n<li><a href=\"https:\/\/sinoextrud.com\/product\/aluminum-extruded-profile\/\" target=\"_blank\">Aluminum Extruded Profile<\/a><\/li>\r\n<li><a href=\"https:\/\/sinoextrud.com\/product\/aluminium-corner-extrusion\/\" target=\"_blank\">Aluminium Corner Extrusion<\/a><\/li>\r\n<li><a href=\"https:\/\/sinoextrud.com\/product\/anodized-extruded-aluminum\/\" target=\"_blank\">Anodized Extruded Aluminum<\/a><\/li>\r\n<li><a href=\"https:\/\/sinoextrud.com\/product\/factory-offer-aluminum-handrail-extrusions\/\" target=\"_blank\">Factory Offer Aluminum Handrail Extrusions<\/a><\/li>\r\n<li><a href=\"https:\/\/sinoextrud.com\/product\/small-aluminium-extrusions\/\" target=\"_blank\">Small Aluminium Extrusions<\/a><\/li>\r\n<li><a href=\"https:\/\/sinoextrud.com\/product\/aluminum-door-jamb-extrusions\/\" target=\"_blank\">Aluminum Door Jamb Extrusions<\/a><\/li>"},"feature_list":[]},"_links":{"self":[{"href":"https:\/\/sinoextrud.com\/nl\/wp-json\/wp\/v2\/product\/5995","targetHints":{"allow":["GET"]}}],"collection":[{"href":"https:\/\/sinoextrud.com\/nl\/wp-json\/wp\/v2\/product"}],"about":[{"href":"https:\/\/sinoextrud.com\/nl\/wp-json\/wp\/v2\/types\/product"}],"wp:featuredmedia":[{"embeddable":true,"href":"https:\/\/sinoextrud.com\/nl\/wp-json\/wp\/v2\/media\/5994"}],"wp:attachment":[{"href":"https:\/\/sinoextrud.com\/nl\/wp-json\/wp\/v2\/media?parent=5995"}],"wp:term":[{"taxonomy":"category","embeddable":true,"href":"https:\/\/sinoextrud.com\/nl\/wp-json\/wp\/v2\/categories?post=5995"}],"curies":[{"name":"wp","href":"https:\/\/api.w.org\/{rel}","templated":true}]}}