{"id":5987,"date":"2025-05-23T15:26:39","date_gmt":"2025-05-23T15:26:39","guid":{"rendered":"https:\/\/sinoextrud.com\/?post_type=product&#038;p=5987"},"modified":"2025-06-24T03:52:53","modified_gmt":"2025-06-24T03:52:53","slug":"bedframe-met-aluminium-profiel","status":"publish","type":"product","link":"https:\/\/sinoextrud.com\/nl\/product\/aluminium-profile-bed-frame\/","title":{"rendered":"Aluminium Profiel Bedframe"},"content":{"rendered":"<h2>Producten Details<\/h2>\n<table class=\"custom-table\">\n<tr>\n<td class=\"label\">Productnaam<\/td>\n<td>Het Bedkader van het aluminiumprofiel, aluminium drijvend bedkader<\/td>\n<\/tr>\n<tr>\n<td class=\"label\">Assortiment<\/td>\n<td>aluminium extrusies voor bed frame metaal, frame bed, metalen frame bed, metalen bed frame, metalen frame slaapbank, bed metalen frame, laag profiel bed frame, aluminium bed frame, slaapbank frame, bed benen voor bed frame<\/td>\n<\/tr>\n<tr>\n<td class=\"label\">Geschikte systemen Typen<\/td>\n<td>metalen platform bed frame, zwevend bed frame, metalen frame stapelbed, metalen bed frame koning, vouwen metalen slaapbank bed frame, metalen bed frame kingsize, metalen bed frame kingsize, metalen bed frame met zachte hoofd, metalen bed frame dubbele grootte, enz.<\/td>\n<\/tr>\n<tr>\n<td class=\"label\">Oppervlaktebehandeling<\/td>\n<td>afgewerkt, geanodiseerd, houtnerf, power coating, zandstralen, elektroforese, geborsteld, polijsten, enz.<\/td>\n<\/tr>\n<tr>\n<td class=\"label\">CNC Diepe Bewerking<\/td>\n<td>snijden, boren, machinaal bewerken, ponsen, buigen, tappen enzovoort<\/td>\n<\/tr>\n<tr>\n<td class=\"label\">Certificeringen<\/td>\n<td>CE, ISO, SGS, TUV, ROHS<\/td>\n<\/tr>\n<tr>\n<td class=\"label\">Monsters<\/td>\n<td>gratis monster. 1-3 dagen aan u geleverd.<\/td>\n<\/tr>\n<tr>\n<td class=\"label\">MOQ<\/td>\n<td>200KG voor elk profiel<\/td>\n<\/tr>\n<tr>\n<td class=\"label\">Levertijd<\/td>\n<td>Vorm het ontwikkelen en steekproefbevestiging is 12-15 dagen, dan is de productieduur 15-25 dagen na ontvangstbewijs van storting van koper.<\/td>\n<\/tr>\n<tr>\n<td class=\"label\">Betalingsvoorwaarden<\/td>\n<td>30% aanbetaling v\u00f3\u00f3r productie en saldo v\u00f3\u00f3r verzending.<\/td>\n<\/tr>\n<tr>\n<td class=\"label\">Functie<\/td>\n<td>Multifunctioneel, beugel, verwijderbaar<\/td>\n<\/tr>\n<\/table>\n<h2>Onze productiebasis<\/h2>\n<h3>Fabriek Panorama<\/h3>\n<p><img decoding=\"async\" src=\"\/wp-content\/uploads\/factory-01.webp\"\/><\/p>\n<h3>Aluminium staaf productie werkplaats<\/h3>\n<p><img decoding=\"async\" src=\"\/wp-content\/uploads\/factory-02.webp\"\/><\/p>\n<\/p>\n<p><img decoding=\"async\" src=\"\/wp-content\/uploads\/factory-03.webp\"\/><\/p>\n<h3>Magazijn voor schimmelopslag<\/h3>\n<p><img decoding=\"async\" src=\"\/wp-content\/uploads\/factory-04.webp\"\/><\/p>\n<h3>43 lijnen voor aluminiumextrusie (500\u00e2\u20ac\"5500 ton)<\/h3>\n<p><img decoding=\"async\" src=\"\/wp-content\/uploads\/factory-05.webp\"\/><\/p>\n<p><img decoding=\"async\" src=\"\/wp-content\/uploads\/factory-06.webp\"\/><\/p>\n<p><img decoding=\"async\" src=\"\/wp-content\/uploads\/factory-07.webp\"\/><\/p>\n<h3>Poedercoating Werkplaats<\/h3>\n<p><img decoding=\"async\" src=\"\/wp-content\/uploads\/factory-09.webp\"\/><\/p>\n<h3>Anodiseren Werkplaats<\/h3>\n<p><img decoding=\"async\" src=\"\/wp-content\/uploads\/factory-10.webp\"\/><\/p>\n<h3>Workshop Diepe Verwerking<\/h3>\n<p><img decoding=\"async\" src=\"\/wp-content\/uploads\/factory-11.webp\"\/><\/p>\n<h3>CNC precisiemachinewerkplaats<\/h3>\n<p><img decoding=\"async\" src=\"\/wp-content\/uploads\/factory-11.5.webp\"\/><\/p>\n<h3>Eindproduct &amp; Export Magazijn<\/h3>\n<p><img decoding=\"async\" src=\"\/wp-content\/uploads\/factory-12.webp\"\/><\/p>\n<p><img decoding=\"async\" src=\"\/wp-content\/uploads\/factory-13.webp\"\/><\/p>\n<p><img decoding=\"async\" src=\"\/wp-content\/uploads\/factory-14.webp\"\/><\/p>\n<h2>FAQ<\/h2>\n<p><b>1.Wat is een bedframe met aluminium profiel? <\/b><\/p>\n<p> Een bedframe met aluminium profiel is een bedconstructie gemaakt van modulaire aluminium extrusies en biedt stevigheid, stabiliteit en een modern design voor residentieel of commercieel gebruik.\n<\/p>\n<p><\/p>\n<p><b>2.Wat zijn de voordelen van een bedframe met aluminium profiel? <\/b><\/p>\n<p> Bedframes met aluminium profielen zijn lichtgewicht, roestbestendig, duurzaam en eenvoudig te monteren, waardoor ze ideaal zijn voor langdurig gebruik met weinig onderhoud.\n<\/p>\n<p><\/p>\n<p><b>3.Hoe sterk is een bedframe met aluminium profielen? <\/b><\/p>\n<p> Deze bedframes zijn gebouwd met hoogwaardige aluminium extrusies en bieden een uitstekend draagvermogen en structurele integriteit.\n<\/p>\n<p><\/p>\n<p><b>4.Is een bedframe met aluminium profiel gemakkelijk te monteren? <\/b><\/p>\n<p> Ja, het modulaire ontwerp en de voorgesneden aluminium profielen zorgen voor een snelle, gereedschapsvriendelijke montage met minimale inspanning.\n<\/p>\n<p><\/p>\n<p><b>5. Kunnen de bedomrandingen van het aluminiumprofiel worden aangepast? <\/b><\/p>\n<p> Absoluut, ze kunnen in grootte, hoogte en stijl worden aangepast aan specifieke interieurontwerpen of persoonlijke voorkeuren.\n<\/p>\n<p><\/p>\n<p><b>6.Is een bedframe met aluminium profielen milieuvriendelijk? <\/b><\/p>\n<p> Ja, aluminium is 100% recyclebaar en gaat lang mee, waardoor deze bedframes een duurzame en milieubewuste keuze zijn.\n<\/p>\n<p><\/p>\n<p><b>7.Roest een bedframe met aluminium profiel na verloop van tijd? <\/b><\/p>\n<p> Nee, aluminium is van nature corrosiebestendig, waardoor het bedframe zelfs in vochtige omgevingen roestvrij blijft.\n<\/p>\n<p><\/p>\n<p><b>8.Hoe is een bedframe met aluminium profielen te vergelijken met hout of staal? <\/b><\/p>\n<p> Vergeleken met hout of staal zijn bedframes met aluminium profielen lichter, beter bestand tegen slijtage en vocht en gemakkelijker te verplaatsen of aan te passen.\n<\/p>\n<p><\/p>\n<p><b>9.Zijn bedframes met aluminium profielen geschikt voor commercieel gebruik? <\/b><\/p>\n<p> Ja, hun robuuste constructie en strakke uiterlijk maken ze ideaal voor hotels, slaapzalen en zorginstellingen.\n<\/p>\n<p><\/p>\n<p><b>10.Welke stijlen zijn er beschikbaar voor bedframes met aluminium profielen? <\/b><\/p>\n<p> Bedden met aluminium profielen kunnen worden ontworpen in minimalistische, moderne, industri\u00eble of op maat gemaakte stijlen om aan te sluiten bij verschillende esthetieken.\n<\/p>\n<p><\/p>","protected":false},"featured_media":5986,"template":"","categories":[55],"class_list":["post-5987","product","type-product","status-publish","has-post-thumbnail","hentry","category-extruded-aluminum-profiles"],"meta_box":{"hilight_text_group":{"product_hilight_text":"<li>Durable aluminum construction ensures long lifespan with minimal maintenance<\/li>\r\r\n<li>Lightweight design for easy transport and installation<\/li>\r\r\n<li>Modular structure allows quick assembly and customization<\/li>\r\r\n<li>Corrosion-resistant finish suitable for medical, dormitory, and industrial use<\/li>\r\r\n<li>Supports heavy loads while maintaining structural stability<\/li>","product_chanpin_chanpin":"<li><a href=\"https:\/\/sinoextrud.com\/product\/aluminum-extrusion-7003-7005-7020\/\" target=\"_blank\">Aluminum Extrusion 7003 7005 7020 High Hardness Anodized Aluminum Profile<\/a><\/li>\r\n<li><a href=\"https:\/\/sinoextrud.com\/product\/aluminum-extrusion-flood-control-barrier-aluminum-profile\/\" target=\"_blank\">Aluminum Extrusion Flood Control Barrier Aluminum Profile<\/a><\/li>\r\n<li><a href=\"https:\/\/sinoextrud.com\/product\/extruded-aluminum-flat-bar-6061-7075\/\" target=\"_blank\">Extruded Aluminum Flat Bar 6061 7075<\/a><\/li>\r\n<li><a href=\"https:\/\/sinoextrud.com\/product\/extruded-aluminum-tubing-shapes-supplier\/\" target=\"_blank\">Extruded Aluminum Tubing Shapes Supplier<\/a><\/li>\r\n<li><a href=\"https:\/\/sinoextrud.com\/product\/aluminium-profile-bed-frame\/\" target=\"_blank\">Aluminium Profile Bed Frame<\/a><\/li>\r\n<li><a href=\"https:\/\/sinoextrud.com\/product\/aluminum-extrusion-industry-modular-components-profile\/\" target=\"_blank\">Aluminum Extrusion Industry Modular Components Profile<\/a><\/li>\r\n<li><a href=\"https:\/\/sinoextrud.com\/product\/aluminium-profile-systems\/\" target=\"_blank\">Aluminium Profile Systems<\/a><\/li>\r\n<li><a href=\"https:\/\/sinoextrud.com\/product\/aluminium-extrusion-profile-section\/\" target=\"_blank\">Aluminium Extrusion Profile Section(Great Wall panel aluminum profile)<\/a><\/li>\r\n<li><a href=\"https:\/\/sinoextrud.com\/product\/industrial-aluminum-profiles\/\" target=\"_blank\">Industrial Aluminum Profiles<\/a><\/li>\r\n<li><a href=\"https:\/\/sinoextrud.com\/product\/decoration-aluminium\/\" target=\"_blank\">Decoration aluminium<\/a><\/li>\r\n<li><a href=\"https:\/\/sinoextrud.com\/product\/anodized-matt-and-various-color-extruded-construction-aluminium-profile\/\" target=\"_blank\">Anodized Matt And Various Color Extruded Construction Aluminium Profile<\/a><\/li>"},"feature_list":[]},"_links":{"self":[{"href":"https:\/\/sinoextrud.com\/nl\/wp-json\/wp\/v2\/product\/5987","targetHints":{"allow":["GET"]}}],"collection":[{"href":"https:\/\/sinoextrud.com\/nl\/wp-json\/wp\/v2\/product"}],"about":[{"href":"https:\/\/sinoextrud.com\/nl\/wp-json\/wp\/v2\/types\/product"}],"wp:featuredmedia":[{"embeddable":true,"href":"https:\/\/sinoextrud.com\/nl\/wp-json\/wp\/v2\/media\/5986"}],"wp:attachment":[{"href":"https:\/\/sinoextrud.com\/nl\/wp-json\/wp\/v2\/media?parent=5987"}],"wp:term":[{"taxonomy":"category","embeddable":true,"href":"https:\/\/sinoextrud.com\/nl\/wp-json\/wp\/v2\/categories?post=5987"}],"curies":[{"name":"wp","href":"https:\/\/api.w.org\/{rel}","templated":true}]}}