{"id":5985,"date":"2025-05-23T15:23:16","date_gmt":"2025-05-23T15:23:16","guid":{"rendered":"https:\/\/sinoextrud.com\/?post_type=product&#038;p=5985"},"modified":"2025-06-24T03:52:51","modified_gmt":"2025-06-24T03:52:51","slug":"het-uitgedreven-vormenleverancier-van-het-aluminiumbuizenstelsel","status":"publish","type":"product","link":"https:\/\/sinoextrud.com\/nl\/product\/extruded-aluminum-tubing-shapes-supplier\/","title":{"rendered":"De uitgedreven Leverancier van de Buizenstelselvormen van het Aluminium"},"content":{"rendered":"<h2>Producten Details<\/h2>\n<table class=\"custom-table\">\n<tr>\n<td class=\"label\">Productnaam<\/td>\n<td>Ge\u00ebxtrudeerd aluminium buizenstelsel vormen leverancier<\/td>\n<\/tr>\n<tr>\n<td class=\"label\">Assortiment<\/td>\n<td>aluminium extrusies voor algemene buizen en staven, aluminium vierkante buizen, vierkante aluminium buizen, aluminium vierkante buizen, decoratieve moderne tuin buis, aluminium buis profielen, buigen aluminium buis, aangepaste ge\u00ebxtrudeerde aluminium buis, aangepast poeder gecoat buis, aangepast ronde aluminium buis, vierkante aluminium extrusie, geanodiseerd aluminium legering pijp, aangepast vierkante aluminium buizen, enz.<\/td>\n<\/tr>\n<tr>\n<td class=\"label\">Geschikte systemen Typen<\/td>\n<td>Aluminium ronde buizen, aluminium ronde buizen, aluminium vierkante buizen, aluminium vierkante buizen, buigen aluminium buizen, ovale aluminium buizen, groothandel ge\u00ebxtrudeerde aluminium buis, groothandel aluminium extrusie gepolijst vierkante buis, groothandel ge\u00ebxtrudeerde aluminium buizen vormen, enz.<\/td>\n<\/tr>\n<tr>\n<td class=\"label\">Aluminiumlegering<\/td>\n<td>3000 serie, 5000 serie, 6000 serie, 7000 serie, enz.<\/td>\n<\/tr>\n<tr>\n<td class=\"label\">Temper<\/td>\n<td>T5-T8<\/td>\n<\/tr>\n<tr>\n<td class=\"label\">Vorm<\/td>\n<td>Vierkant, rond, ovaal, buigend, halfrond of maatwerk<\/td>\n<\/tr>\n<tr>\n<td class=\"label\">Kleur<\/td>\n<td>maatwerk<\/td>\n<\/tr>\n<tr>\n<td class=\"label\">Oppervlaktebehandeling<\/td>\n<td>afgewerkt, geanodiseerd, houtnerf, power coating, zandstralen, elektroforese, geborsteld, polijsten, enz.<\/td>\n<\/tr>\n<tr>\n<td class=\"label\">CNC Diepe Bewerking<\/td>\n<td>snijden, boren, machinaal bewerken, ponsen, buigen, tappen enzovoort<\/td>\n<\/tr>\n<tr>\n<td class=\"label\">Certificeringen<\/td>\n<td>CE, ISO, SGS, TUV, ROHS<\/td>\n<\/tr>\n<tr>\n<td class=\"label\">Monsters<\/td>\n<td>gratis monster. 1-3 dagen aan u geleverd.<\/td>\n<\/tr>\n<tr>\n<td class=\"label\">MOQ<\/td>\n<td>200KG voor elk profiel<\/td>\n<\/tr>\n<tr>\n<td class=\"label\">Levertijd<\/td>\n<td>Vorm het ontwikkelen en steekproefbevestiging is 12-15 dagen, dan is de productieduur 15-25 dagen na ontvangstbewijs van storting van koper.<\/td>\n<\/tr>\n<tr>\n<td class=\"label\">Betalingsvoorwaarden<\/td>\n<td>30% aanbetaling v\u00f3\u00f3r productie en saldo v\u00f3\u00f3r verzending.<\/td>\n<\/tr>\n<\/table>\n<h2>Onze productiebasis<\/h2>\n<h3>Fabriek Panorama<\/h3>\n<p><img decoding=\"async\" src=\"\/wp-content\/uploads\/factory-01.webp\"\/><\/p>\n<h3>Aluminium staaf productie werkplaats<\/h3>\n<p><img decoding=\"async\" src=\"\/wp-content\/uploads\/factory-02.webp\"\/><\/p>\n<\/p>\n<p><img decoding=\"async\" src=\"\/wp-content\/uploads\/factory-03.webp\"\/><\/p>\n<h3>Magazijn voor schimmelopslag<\/h3>\n<p><img decoding=\"async\" src=\"\/wp-content\/uploads\/factory-04.webp\"\/><\/p>\n<h3>43 lijnen voor aluminiumextrusie (500-5500 ton)<\/h3>\n<p><img decoding=\"async\" src=\"\/wp-content\/uploads\/factory-05.webp\"\/><\/p>\n<p><img decoding=\"async\" src=\"\/wp-content\/uploads\/factory-06.webp\"\/><\/p>\n<p><img decoding=\"async\" src=\"\/wp-content\/uploads\/factory-07.webp\"\/><\/p>\n<h3>Poedercoating Werkplaats<\/h3>\n<p><img decoding=\"async\" src=\"\/wp-content\/uploads\/factory-09.webp\"\/><\/p>\n<h3>Anodiseren Werkplaats<\/h3>\n<p><img decoding=\"async\" src=\"\/wp-content\/uploads\/factory-10.webp\"\/><\/p>\n<h3>Workshop Diepe Verwerking<\/h3>\n<p><img decoding=\"async\" src=\"\/wp-content\/uploads\/factory-11.webp\"\/><\/p>\n<h3>CNC precisiemachinewerkplaats<\/h3>\n<p><img decoding=\"async\" src=\"\/wp-content\/uploads\/factory-11.5.webp\"\/><\/p>\n<h3>Eindproduct &amp; Export Magazijn<\/h3>\n<p><img decoding=\"async\" src=\"\/wp-content\/uploads\/factory-12.webp\"\/><\/p>\n<p><img decoding=\"async\" src=\"\/wp-content\/uploads\/factory-13.webp\"\/><\/p>\n<p><img decoding=\"async\" src=\"\/wp-content\/uploads\/factory-14.webp\"\/><\/p>\n<h2>FAQ<\/h2>\n<p><b>1.Wat is een Uitgedreven Leverancier van de Vormen van het Buizenstelsel van het Aluminium? <\/b><\/p>\n<p> Een leverancier van ge\u00ebxtrudeerde vormen van het Buizenstelsel van het Aluminium verstrekt de profielen van het douane en standaardbuizenstelsel van het aluminium in diverse vormen voor industri\u00eble, commerci\u00eble en architecturale toepassingen.\n<\/p>\n<p><\/p>\n<p><b>2.Welke soorten vormen bieden de leveranciers van het Uitgedreven Buizenstelsel van het Aluminium aan? <\/b><\/p>\n<p> Leveranciers bieden een breed scala aan vormen, waaronder ronde, vierkante, rechthoekige, ovale en op maat gemaakte aluminium buizen om te voldoen aan specifieke projectbehoeften.\n<\/p>\n<p><\/p>\n<p><b>3. Wat zijn de voordelen van het betrekken van een leverancier van ge\u00ebxtrudeerde vormen van aluminiumbuizen? <\/b><\/p>\n<p> Werken met een gespecialiseerde leverancier garandeert extrusies van hoge kwaliteit, precieze afmetingen, consistentie van het materiaal en betrouwbare levertijden.\n<\/p>\n<p><\/p>\n<p><b>4. Wat zijn de voordelen van ge\u00ebxtrudeerde aluminium buizen voor industri\u00eble toepassingen? <\/b><\/p>\n<p> Ge\u00ebxtrudeerd aluminium buizenstelsel biedt lichtgewicht sterkte, corrosiebestendigheid en uitstekende bewerkbaarheid, waardoor het ideaal is voor structureel, transport en mechanisch gebruik.\n<\/p>\n<p><\/p>\n<p><b>5.Can de Uitgedreven Leveranciers van het Buizenstelsel van het Aluminium douaneoplossingen verstrekken? <\/b><\/p>\n<p> Ja, de meeste leveranciers bieden volledige aanpassingsdiensten, inclusief de keuze van de legering, vormontwerp, groottevariaties en oppervlakteafwerkingen.\n<\/p>\n<p><\/p>\n<p><b>6. Waarom kiezen voor ge\u00ebxtrudeerde aluminium buizen boven staal? <\/b><\/p>\n<p> Aluminium buizen zijn lichter, roestbestendiger en gemakkelijker te maken dan staal, waardoor het gewicht en het onderhoud van structurele en mechanische systemen afnemen.\n<\/p>\n<p><\/p>\n<p><b>7. Welke industrie\u00ebn gebruiken vaak ge\u00ebxtrudeerde vormen van aluminium buizen? <\/b><\/p>\n<p> De ruimtevaart-, automobiel-, bouw-, scheepvaart-, medische en duurzame energie-industrie\u00ebn gebruiken op grote schaal ge\u00ebxtrudeerde aluminium buizen vanwege hun veelzijdigheid en prestaties.\n<\/p>\n<p><\/p>\n<p><b>8.Zijn de vormen van ge\u00ebxtrudeerde aluminium buizen geschikt voor gebruik buitenshuis? <\/b><\/p>\n<p> Ja, de natuurlijke corrosiebestendigheid van aluminium en de compatibiliteit met anodiseren of poedercoaten maken het perfect voor buitenomgevingen.\n<\/p>\n<p><\/p>\n<p><b>9.Do ge\u00ebxtrudeerde vormen van aluminium buizen leveranciers ondersteunen grootschalige productie? <\/b><\/p>\n<p> Gerenommeerde leveranciers hebben de capaciteit om bulkorders te verwerken met een consistente kwaliteit en ondersteunen OEM's en projecten op industri\u00eble schaal.\n<\/p>\n<p><\/p>\n<p><b>10.Is aluminium buis van extrusieleveranciers milieuvriendelijk? <\/b><\/p>\n<p> Ja, aluminium is recyclebaar en energiezuinig om te produceren, waardoor buizen van extrusieleveranciers een duurzame materiaalkeuze zijn.\n<\/p>\n<p><\/p>","protected":false},"featured_media":5984,"template":"","categories":[55],"class_list":["post-5985","product","type-product","status-publish","has-post-thumbnail","hentry","category-extruded-aluminum-profiles"],"meta_box":{"hilight_text_group":{"product_hilight_text":"<li>Wide range of tubing shapes including round, square, and rectangular for diverse applications<\/li>\r\r\n<li>Lightweight yet strong, ideal for automotive, construction, and aerospace industries<\/li>\r\r\n<li>Custom lengths, wall thicknesses, and alloy options available to meet specific requirements<\/li>\r\r\n<li>Excellent corrosion resistance and surface finish for long-lasting performance<\/li>\r\r\n<li>Reliable supply chain and consistent quality for high-volume production needs<\/li>","product_chanpin_chanpin":"<li><a href=\"https:\/\/sinoextrud.com\/product\/aluminum-extrusion-aluminum-rolling-shutters-profile\/\" target=\"_blank\">Aluminum Extrusion Aluminum Rolling Shutters Profile<\/a><\/li>\r\n<li><a href=\"https:\/\/sinoextrud.com\/product\/aluminum-extrusion-7003-7005-7020\/\" target=\"_blank\">Aluminum Extrusion 7003 7005 7020 High Hardness Anodized Aluminum Profile<\/a><\/li>\r\n<li><a href=\"https:\/\/sinoextrud.com\/product\/aluminum-extrusion-flood-control-barrier-aluminum-profile\/\" target=\"_blank\">Aluminum Extrusion Flood Control Barrier Aluminum Profile<\/a><\/li>\r\n<li><a href=\"https:\/\/sinoextrud.com\/product\/extruded-aluminum-flat-bar-6061-7075\/\" target=\"_blank\">Extruded Aluminum Flat Bar 6061 7075<\/a><\/li>\r\n<li><a href=\"https:\/\/sinoextrud.com\/product\/extruded-aluminum-tubing-shapes-supplier\/\" target=\"_blank\">Extruded Aluminum Tubing Shapes Supplier<\/a><\/li>\r\n<li><a href=\"https:\/\/sinoextrud.com\/product\/aluminium-profile-bed-frame\/\" target=\"_blank\">Aluminium Profile Bed Frame<\/a><\/li>\r\n<li><a href=\"https:\/\/sinoextrud.com\/product\/aluminum-extrusion-industry-modular-components-profile\/\" target=\"_blank\">Aluminum Extrusion Industry Modular Components Profile<\/a><\/li>\r\n<li><a href=\"https:\/\/sinoextrud.com\/product\/aluminium-profile-systems\/\" target=\"_blank\">Aluminium Profile Systems<\/a><\/li>\r\n<li><a href=\"https:\/\/sinoextrud.com\/product\/aluminium-extrusion-profile-section\/\" target=\"_blank\">Aluminium Extrusion Profile Section(Great Wall panel aluminum profile)<\/a><\/li>\r\n<li><a href=\"https:\/\/sinoextrud.com\/product\/electrophoretic-grain-square-tube-rosewood\/\" target=\"_blank\">Electrophoretic Grain Square Tube Rosewood<\/a><\/li>\r\n<li><a href=\"https:\/\/sinoextrud.com\/product\/anodized-aluminum-alloy-pipe-supplier\/\" target=\"_blank\">Anodized Aluminum Alloy Pipe Supplier<\/a><\/li>"},"feature_list":[]},"_links":{"self":[{"href":"https:\/\/sinoextrud.com\/nl\/wp-json\/wp\/v2\/product\/5985","targetHints":{"allow":["GET"]}}],"collection":[{"href":"https:\/\/sinoextrud.com\/nl\/wp-json\/wp\/v2\/product"}],"about":[{"href":"https:\/\/sinoextrud.com\/nl\/wp-json\/wp\/v2\/types\/product"}],"wp:featuredmedia":[{"embeddable":true,"href":"https:\/\/sinoextrud.com\/nl\/wp-json\/wp\/v2\/media\/5984"}],"wp:attachment":[{"href":"https:\/\/sinoextrud.com\/nl\/wp-json\/wp\/v2\/media?parent=5985"}],"wp:term":[{"taxonomy":"category","embeddable":true,"href":"https:\/\/sinoextrud.com\/nl\/wp-json\/wp\/v2\/categories?post=5985"}],"curies":[{"name":"wp","href":"https:\/\/api.w.org\/{rel}","templated":true}]}}