{"id":5536,"date":"2025-05-14T16:10:39","date_gmt":"2025-05-14T16:10:39","guid":{"rendered":"https:\/\/sinoextrud.com\/?post_type=product&#038;p=5536"},"modified":"2025-06-24T03:52:15","modified_gmt":"2025-06-24T03:52:15","slug":"aluminium-extrusiebuis","status":"publish","type":"product","link":"https:\/\/sinoextrud.com\/nl\/product\/aluminium-extrusion-tube\/","title":{"rendered":"De Buis van de aluminiumuitdrijving"},"content":{"rendered":"<h2>Producten Details<\/h2>\n<table class=\"custom-table\">\n<tr>\n<td class=\"label\">Productnaam<\/td>\n<td>aluminium extrusiebuis<\/td>\n<\/tr>\n<tr>\n<td class=\"label\">Assortiment<\/td>\n<td>aluminium extrusies voor buis buis aluminium extrusie profielen, aluminium buis extrusie machine, aluminium vierkante buis extrusie, aluminium buis extrusie, aluminium extrusie ronde buis, aluminium inklapbare buis extrusie pers, aluminium extrusie zon bloem buis, enz.<\/td>\n<\/tr>\n<tr>\n<td class=\"label\">Geschikte systemen Typen<\/td>\n<td>Ronde buis, vierkante buis, ovale buis, halfronde buis, enz.<\/td>\n<\/tr>\n<tr>\n<td class=\"label\">Oppervlaktebehandeling<\/td>\n<td>afgewerkt, geanodiseerd, houtnerf, power coating, zandstralen, elektroforese, geborsteld, polijsten, enz.<\/td>\n<\/tr>\n<tr>\n<td class=\"label\">CNC Diepe Bewerking<\/td>\n<td>snijden, boren, machinaal bewerken, ponsen, buigen, tappen enzovoort<\/td>\n<\/tr>\n<tr>\n<td class=\"label\">Certificeringen<\/td>\n<td>CE, ISO, SGS, TUV, ROHS<\/td>\n<\/tr>\n<tr>\n<td class=\"label\">Monsters<\/td>\n<td>gratis monster. 1-3 dagen aan u geleverd.<\/td>\n<\/tr>\n<tr>\n<td class=\"label\">MOQ<\/td>\n<td>200KG voor elk profiel<\/td>\n<\/tr>\n<tr>\n<td class=\"label\">Levertijd<\/td>\n<td>Vorm het ontwikkelen en steekproefbevestiging is 12-15 dagen, dan is de productieduur 15-25 dagen na ontvangstbewijs van storting van koper.<\/td>\n<\/tr>\n<tr>\n<td class=\"label\">Betalingsvoorwaarden<\/td>\n<td>30% aanbetaling v\u00f3\u00f3r productie en saldo v\u00f3\u00f3r verzending.<\/td>\n<\/tr>\n<\/table>\n<h2>Onze productiebasis<\/h2>\n<h3>Fabriek Panorama<\/h3>\n<p><img decoding=\"async\" src=\"\/wp-content\/uploads\/factory-01.webp\"\/><\/p>\n<h3>Aluminium staaf productie werkplaats<\/h3>\n<p><img decoding=\"async\" src=\"\/wp-content\/uploads\/factory-02.webp\"\/><\/p>\n<\/p>\n<p><img decoding=\"async\" src=\"\/wp-content\/uploads\/factory-03.webp\"\/><\/p>\n<h3>Magazijn voor schimmelopslag<\/h3>\n<p><img decoding=\"async\" src=\"\/wp-content\/uploads\/factory-04.webp\"\/><\/p>\n<h3>43 lijnen voor aluminiumextrusie (500\u00e2\u20ac\"5500 ton)<\/h3>\n<p><img decoding=\"async\" src=\"\/wp-content\/uploads\/factory-05.webp\"\/><\/p>\n<p><img decoding=\"async\" src=\"\/wp-content\/uploads\/factory-06.webp\"\/><\/p>\n<p><img decoding=\"async\" src=\"\/wp-content\/uploads\/factory-07.webp\"\/><\/p>\n<h3>Poedercoating Werkplaats<\/h3>\n<p><img decoding=\"async\" src=\"\/wp-content\/uploads\/factory-09.webp\"\/><\/p>\n<h3>Anodiseren Werkplaats<\/h3>\n<p><img decoding=\"async\" src=\"\/wp-content\/uploads\/factory-10.webp\"\/><\/p>\n<h3>Workshop Diepe Verwerking<\/h3>\n<p><img decoding=\"async\" src=\"\/wp-content\/uploads\/factory-11.webp\"\/><\/p>\n<h3>CNC precisiemachinewerkplaats<\/h3>\n<p><img decoding=\"async\" src=\"\/wp-content\/uploads\/factory-11.5.webp\"\/><\/p>\n<h3>Eindproduct &amp; Export Magazijn<\/h3>\n<p><img decoding=\"async\" src=\"\/wp-content\/uploads\/factory-12.webp\"\/><\/p>\n<p><img decoding=\"async\" src=\"\/wp-content\/uploads\/factory-13.webp\"\/><\/p>\n<p><img decoding=\"async\" src=\"\/wp-content\/uploads\/factory-14.webp\"\/><\/p>\n<h2>FAQ<\/h2>\n<p><b>1.Wat is een aluminium extrusiebuis? <\/b><\/p>\n<p> Een aluminium extrusiebuis is een hol aluminium profiel dat wordt gemaakt door aluminium door een matrijs te persen. Het biedt lichtgewicht, sterke en corrosiebestendige oplossingen voor verschillende toepassingen.\n<\/p>\n<p><\/p>\n<p><b>2. Wat zijn de belangrijkste voordelen van aluminium extrusiebuizen? <\/b><\/p>\n<p> Buizen van aluminiumextrusie zijn licht, duurzaam, corrosiebestendig en gemakkelijk te maken, waardoor ze ideaal zijn voor de auto-industrie, de bouw en industrieel gebruik.\n<\/p>\n<p><\/p>\n<p><b>3.Why de Buis van de Aluminiumuitdrijving over staalbuizenstelsel kiezen? <\/b><\/p>\n<p> Aluminium extrusiebuis heeft de voorkeur boven staal vanwege het lagere gewicht, de superieure corrosiebestendigheid en de hoge sterkte-gewichtsverhouding.\n<\/p>\n<p><\/p>\n<p><b>4. Is aluminium extrusiebuis geschikt voor buitentoepassingen? <\/b><\/p>\n<p> Ja, aluminium extrusiebuis is zeer goed bestand tegen weersinvloeden en corrosie, waardoor het perfect is voor buitenconstructies en maritieme omgevingen.\n<\/p>\n<p><\/p>\n<p><b>5.Can de Buizen van de Aluminiumuitdrijving in vorm en grootte worden aangepast? <\/b><\/p>\n<p> Absoluut kunnen aluminium extrusiebuizen worden vervaardigd in een breed scala aan aangepaste vormen, maten en wanddiktes om te voldoen aan specifieke ontwerpvereisten.\n<\/p>\n<p><\/p>\n<p><b>6. Hoe sterk is aluminium extrusiebuis? <\/b><\/p>\n<p> Aluminium extrusiebuis biedt een uitstekende sterkte voor zijn gewicht, vooral bij gebruik van aluminiumlegeringen met een hoge sterkte zoals 6061 of 6082.\n<\/p>\n<p><\/p>\n<p><b>7. Is de buis van de aluminiumuitdrijving milieuvriendelijk? <\/b><\/p>\n<p> Ja, aluminium extrusiebuis is 100% recyclebaar en ondersteunt duurzame productie vanwege het lage energieverbruik en de recyclebaarheid.\n<\/p>\n<p><\/p>\n<p><b>8.Welke afwerkingen zijn beschikbaar voor aluminium extrusiebuizen? <\/b><\/p>\n<p> Buizen voor aluminiumextrusie kunnen worden geanodiseerd, gepoedercoat of geverfd om het uiterlijk, de hardheid van het oppervlak en de weerstand tegen corrosie te verbeteren.\n<\/p>\n<p><\/p>\n<p><b>9. Zijn aluminium extrusiebuizen rendabel? <\/b><\/p>\n<p> Aluminium extrusiebuizen bieden een kosteneffectieve oplossing dankzij hun lange levensduur, lage onderhoudskosten en effici\u00ebnte productieproces.\n<\/p>\n<p><\/p>\n<p><b>10.Welke industrie\u00ebn gebruiken aluminium extrusiebuizen? <\/b><\/p>\n<p> Buizen van aluminiumextrusie worden veel gebruikt in de auto-, luchtvaart-, bouw-, elektronica- en meubelindustrie vanwege hun veelzijdigheid en prestaties.\n<\/p>\n<p><\/p>","protected":false},"featured_media":5534,"template":"","categories":[55],"class_list":["post-5536","product","type-product","status-publish","has-post-thumbnail","hentry","category-extruded-aluminum-profiles"],"meta_box":{"hilight_text_group":{"product_hilight_text":"Sinoextrud offers aluminium extrusion tubes in a variety of materials, such as 3003 series, 5052 series, 5083 series, 6005 series,6060 series, 6061 series, 6063 series, 6082 series.","product_chanpin_chanpin":"<li><a href=\"https:\/\/sinoextrud.com\/product\/large-aluminum-extrusion\/\" target=\"_blank\">Large Aluminum Extrusion<\/a><\/li>\r\n<li><a href=\"https:\/\/sinoextrud.com\/product\/large-aluminum-extrud\/\" target=\"_blank\">Large Aluminum Extrud<\/a><\/li>\r\n<li><a href=\"https:\/\/sinoextrud.com\/product\/aluminium-extrusion-6061-6082-7075-aluminum-alloy-profiles\/\" target=\"_blank\">Aluminium Extrusion 6061 6082 7075 Aluminum Alloy Profiles<\/a><\/li>\r\n<li><a href=\"https:\/\/sinoextrud.com\/product\/aluminium-extrud-anodised-aluminium-tube\/\" target=\"_blank\">Aluminium Extrusion Anodised Aluminium Tube<\/a><\/li>\r\n<li><a href=\"https:\/\/sinoextrud.com\/product\/aluminium-extrusion-tube\/\" target=\"_blank\">Aluminium Extrusion Tube<\/a><\/li>\r\n<li><a href=\"https:\/\/sinoextrud.com\/product\/aluminum-extrud-7003-aluminum-pipe\/\" target=\"_blank\">Aluminum Extrusion 7003 Aluminum Pipe<\/a><\/li>\r\n<li><a href=\"https:\/\/sinoextrud.com\/product\/aluminum-extrusion-2024-aluminum-profile\/\" target=\"_blank\">Aluminum Extrusion 2024 Aluminum Profile<\/a><\/li>\r\n<li><a href=\"https:\/\/sinoextrud.com\/product\/linear-sliding-modules-aluminum-profiles\/\" target=\"_blank\">Linear Sliding Modules Aluminum Profiles<\/a><\/li>\r\n<li><a href=\"https:\/\/sinoextrud.com\/product\/aluminum-extrusion-1060-aluminum-profile\/\" target=\"_blank\">Aluminum Extrusion 1060 Aluminum Profile<\/a><\/li>\r\n<li><a href=\"https:\/\/sinoextrud.com\/product\/aluminium-extrud-anodised-aluminium-tube\/\" target=\"_blank\">Aluminium Extrusion Anodised Aluminium Tube<\/a><\/li>\r\n<li><a href=\"https:\/\/sinoextrud.com\/product\/aluminium-railings\/\" target=\"_blank\">Aluminium Railings<\/a><\/li>"},"feature_list":[]},"_links":{"self":[{"href":"https:\/\/sinoextrud.com\/nl\/wp-json\/wp\/v2\/product\/5536","targetHints":{"allow":["GET"]}}],"collection":[{"href":"https:\/\/sinoextrud.com\/nl\/wp-json\/wp\/v2\/product"}],"about":[{"href":"https:\/\/sinoextrud.com\/nl\/wp-json\/wp\/v2\/types\/product"}],"wp:featuredmedia":[{"embeddable":true,"href":"https:\/\/sinoextrud.com\/nl\/wp-json\/wp\/v2\/media\/5534"}],"wp:attachment":[{"href":"https:\/\/sinoextrud.com\/nl\/wp-json\/wp\/v2\/media?parent=5536"}],"wp:term":[{"taxonomy":"category","embeddable":true,"href":"https:\/\/sinoextrud.com\/nl\/wp-json\/wp\/v2\/categories?post=5536"}],"curies":[{"name":"wp","href":"https:\/\/api.w.org\/{rel}","templated":true}]}}