{"id":8599,"date":"2025-06-17T03:47:28","date_gmt":"2025-06-17T03:47:28","guid":{"rendered":"https:\/\/sinoextrud.com\/product\/round-aluminum-extrusion-tubular-cnc-bending\/"},"modified":"2025-06-24T06:34:29","modified_gmt":"2025-06-24T06:34:29","slug":"kerek-aluminium-extrudalas-csoszeru-cnc-hajlitas","status":"publish","type":"product","link":"https:\/\/sinoextrud.com\/hu\/product\/round-aluminum-extrusion-tubular-cnc-bending\/","title":{"rendered":"Kerek alum\u00ednium extrud\u00e1l\u00e1s cs\u0151szer\u0171 Cnc hajl\u00edt\u00e1s"},"content":{"rendered":"<h2>Term\u00e9kek r\u00e9szletei<\/h2>\n<table class=\"custom-table\">\n<tr>\n<td class=\"label\">T\u00e9tel<\/td>\n<td>Kerek alum\u00ednium extrud\u00e1l\u00e1s cs\u0151szer\u0171cnc hajl\u00edt\u00e1s lyukaszt\u00e1s<\/td>\n<\/tr>\n<tr>\n<td class=\"label\">C\u00e9gn\u00e9v<\/td>\n<td> Sinoextrud<\/td>\n<\/tr>\n<tr>\n<td class=\"label\">Alum\u00ednium \u00f6tv\u00f6zet<\/td>\n<td>6063-T5, vagy testreszab\u00e1s<\/td>\n<\/tr>\n<tr>\n<td class=\"label\">M\u00e1rka<\/td>\n<td>Sinoextrud \/ Sinoextrud \/ Sinoextrud Aluminium<\/td>\n<\/tr>\n<tr>\n<td class=\"label\">Tan\u00fas\u00edtv\u00e1ny<\/td>\n<td>CE, SONCAP, ISO, CIQ, RoHS, TUV stb.<\/td>\n<\/tr>\n<tr>\n<td class=\"label\">Anyagmin\u0151s\u00e9g<\/td>\n<td>6061, 6063, 6005A, 6005, 6082, 6463 stb.<\/td>\n<\/tr>\n<tr>\n<td class=\"label\">Hossz\u00fas\u00e1g<\/td>\n<td>1-9m, vagy testreszab\u00e1s<\/td>\n<\/tr>\n<tr>\n<td class=\"label\">MOQ<\/td>\n<td>200KGS minden egyes t\u00e9tel \/ sz\u00edn eset\u00e9ben<\/td>\n<\/tr>\n<tr>\n<td class=\"label\">Fel\u00fcletkezel\u00e9s<\/td>\n<td>Mar\u00e1si fel\u00fcletkezel\u00e9s, elox\u00e1l\u00e1s, porsz\u00f3r\u00e1s, elektrofor\u00e9zis, fluorsz\u00e9n (PVDF), faanyag, pol\u00edrozott, csiszolt, csiszolt, homokf\u00favott stb.<\/td>\n<\/tr>\n<tr>\n<td class=\"label\">CNC elj\u00e1r\u00e1s<\/td>\n<td>F\u00far\u00e1s, hajl\u00edt\u00e1s, hegeszt\u00e9s, csapol\u00e1s, v\u00e1g\u00e1s, lyukaszt\u00e1s stb.<\/td>\n<\/tr>\n<tr>\n<td class=\"label\">Sz\u00ednes<\/td>\n<td>Sok sz\u00edn, vagy testreszab\u00e1s<\/td>\n<\/tr>\n<tr>\n<td class=\"label\">Min\u0151s\u00e9gellen\u0151rz\u00e9s<\/td>\n<td>Az \u00fcgyfeleket sz\u00edvesen l\u00e1tjuk gy\u00e1runkban, hogy tesztelj\u00e9k a term\u00e9ket egyenk\u00e9nt az egyenleg kifizet\u00e9se el\u0151tt.<\/td>\n<\/tr>\n<tr>\n<td class=\"label\">Csomag<\/td>\n<td>Bel\u00fcl v\u00e9d\u0151f\u00f3li\u00e1val, zsugorf\u00f3li\u00e1val vagy PE-habbal. K\u00edv\u00fcl doboz, karton vagy fakeret, vagy testreszab\u00e1s.<\/td>\n<\/tr>\n<tr>\n<td class=\"label\">Sz\u00e1ll\u00edt\u00e1si id\u0151<\/td>\n<td>A szersz\u00e1mfejleszt\u00e9s \u00e9s a mintateszt 12-18 nap, majd a gy\u00e1rt\u00e1si id\u0151tartam 25-30 nap a vev\u0151 let\u00e9tbe helyez\u00e9se ut\u00e1n.<\/td>\n<\/tr>\n<\/table>\n<h2>Gy\u00e1rt\u00f3 b\u00e1zisunk<\/h2>\n<h3>Gy\u00e1ri panor\u00e1ma<\/h3>\n<p><img decoding=\"async\" src=\"\/wp-content\/uploads\/factory-01.webp\"\/><\/p>\n<h3>Alum\u00ednium r\u00fadgy\u00e1rt\u00f3 m\u0171hely<\/h3>\n<p><img decoding=\"async\" src=\"\/wp-content\/uploads\/factory-02.webp\"\/><\/p>\n<\/p>\n<p><img decoding=\"async\" src=\"\/wp-content\/uploads\/factory-03.webp\"\/><\/p>\n<h3>Pen\u00e9sz rakt\u00e1r<\/h3>\n<p><img decoding=\"async\" src=\"\/wp-content\/uploads\/factory-04.webp\"\/><\/p>\n<h3>43 alum\u00ednium extrud\u00e1l\u00f3 vonal (500-5500 tonna)<\/h3>\n<p><img decoding=\"async\" src=\"\/wp-content\/uploads\/factory-05.webp\"\/><\/p>\n<p><img decoding=\"async\" src=\"\/wp-content\/uploads\/factory-06.webp\"\/><\/p>\n<p><img decoding=\"async\" src=\"\/wp-content\/uploads\/factory-07.webp\"\/><\/p>\n<h3>Porfest\u0151 m\u0171hely<\/h3>\n<p><img decoding=\"async\" src=\"\/wp-content\/uploads\/factory-09.webp\"\/><\/p>\n<h3>Anodiz\u00e1l\u00f3 m\u0171hely<\/h3>\n<p><img decoding=\"async\" src=\"\/wp-content\/uploads\/factory-10.webp\"\/><\/p>\n<h3>M\u00e9ly feldolgoz\u00e1si m\u0171hely<\/h3>\n<p><img decoding=\"async\" src=\"\/wp-content\/uploads\/factory-11.webp\"\/><\/p>\n<h3>CNC prec\u00edzi\u00f3s megmunk\u00e1l\u00f3 m\u0171hely<\/h3>\n<p><img decoding=\"async\" src=\"\/wp-content\/uploads\/factory-11.5.webp\"\/><\/p>\n<h3>K\u00e9szterm\u00e9k \u00e9s export rakt\u00e1r<\/h3>\n<p><img decoding=\"async\" src=\"\/wp-content\/uploads\/factory-12.webp\"\/><\/p>\n<p><img decoding=\"async\" src=\"\/wp-content\/uploads\/factory-13.webp\"\/><\/p>\n<p><img decoding=\"async\" src=\"\/wp-content\/uploads\/factory-14.webp\"\/><\/p>\n<h2>GYIK<\/h2>\n<p><b>1.Mi a kerek alum\u00ednium extrud\u00e1l\u00e1s cs\u0151szer\u0171 CNC hajl\u00edt\u00e1s?<\/b><\/p>\n<p>Ez egy olyan gy\u00e1rt\u00e1si folyamat, amely CNC-vez\u00e9relt hajl\u00edt\u00f3g\u00e9pek seg\u00edts\u00e9g\u00e9vel kerek alum\u00edniumcs\u00f6veket form\u00e1z a pontoss\u00e1g \u00e9s a megism\u00e9telhet\u0151s\u00e9g biztos\u00edt\u00e1sa \u00e9rdek\u00e9ben.\n<\/p>\n<p><\/p>\n<p><b>2.Mik a CNC hajl\u00edt\u00e1s f\u0151 el\u0151nyei a kerek alum\u00ednium extrud\u00e1l\u00e1shoz?<\/b><\/p>\n<p>A CNC hajl\u00edt\u00e1s nagy pontoss\u00e1got, sima \u00edveket \u00e9s megism\u00e9telhet\u0151 eredm\u00e9nyeket k\u00edn\u00e1l, amelyek elengedhetetlenek az ipari \u00e9s \u00e9p\u00edt\u00e9szeti alum\u00ednium alkalmaz\u00e1sokhoz.\n<\/p>\n<p><\/p>\n<p><b>3.Is kerek alum\u00ednium extrud\u00e1l\u00e1s k\u00f6nny\u0171 \u00e9s tart\u00f3s?<\/b><\/p>\n<p>Igen, az alum\u00ednium extrud\u00e1lt term\u00e9kek arr\u00f3l ismertek, hogy egyszerre k\u00f6nny\u0171ek \u00e9s rendk\u00edv\u00fcl tart\u00f3sak, \u00edgy ide\u00e1lisak szerkezeti \u00e9s sz\u00e1ll\u00edt\u00e1si alkalmaz\u00e1sokhoz.\n<\/p>\n<p><\/p>\n<p><b>4.Can \u00e9n testre szabni a m\u00e9ret a kerek alum\u00ednium extrud\u00e1lt cs\u0151?<\/b><\/p>\n<p>Igen, a cs\u0151 hossza, falvastags\u00e1ga \u00e9s \u00e1tm\u00e9r\u0151je testre szabhat\u00f3 a projekt egyedi k\u00f6vetelm\u00e9nyeihez.\n<\/p>\n<p><\/p>\n<p><b>5.Ez a term\u00e9k alkalmas k\u00fclt\u00e9ri haszn\u00e1latra?<\/b><\/p>\n<p>Igen, a kerek alum\u00ednium extrud\u00e1lt cs\u0151 CNC hajl\u00edt\u00f3 term\u00e9kek korr\u00f3zi\u00f3\u00e1ll\u00f3ak \u00e9s j\u00f3l teljes\u00edtenek k\u00fclt\u00e9ri k\u00f6rnyezetben.\n<\/p>\n<p><\/p>\n<p><b>6.Hogyan jav\u00edtja a CNC hajl\u00edt\u00e1s a termel\u00e9s hat\u00e9konys\u00e1g\u00e1t?<\/b><\/p>\n<p>A CNC hajl\u00edt\u00e1s cs\u00f6kkenti a k\u00e9zi munk\u00e1t, minimaliz\u00e1lja a hib\u00e1kat, \u00e9s nagy sebess\u00e9g\u0171, konzisztens cs\u0151form\u00e1z\u00e1st tesz lehet\u0151v\u00e9 a nagy\u00fczemi gy\u00e1rt\u00e1s sz\u00e1m\u00e1ra.\n<\/p>\n<p><\/p>\n<p><b>7.Haszn\u00e1lhat\u00f3k-e ezek az alum\u00edniumcs\u00f6vek modul\u00e1ris rendszerekben?<\/b><\/p>\n<p>Igen, a kerek alum\u00edniumprofil kompatibilis m\u00e1s modul\u00e1ris alum\u00edniumprofilokkal, t\u00e1mogatva a rugalmas \u00e9s sk\u00e1l\u00e1zhat\u00f3 rendszertervez\u00e9st.<\/p>\n<p><\/p>","protected":false},"featured_media":8598,"template":"","categories":[68],"class_list":["post-8599","product","type-product","status-publish","has-post-thumbnail","hentry","category-cnc-machining-aluminum-profile"],"meta_box":{"hilight_text_group":{"product_hilight_text":"<li>High-precision CNC bending ensures consistent tube curvature for industrial applications<\/li>\r\r\n<li>Lightweight yet strong round aluminum extrusion ideal for structural components<\/li>\r\r\n<li>Customizable tube lengths and diameters to meet specific project needs<\/li>\r\r\n<li>Corrosion-resistant aluminum suitable for outdoor and high-humidity environments<\/li>\r\r\n<li>Seamless integration with other aluminum profiles for modular system design<\/li>","product_chanpin_blog":"<ul>\r\r\n<li><a href=\"https:\/\/sinoextrud.com\/t-slot-v-slot-differences\/\" target=\"_blank\">t slot vs v slot<\/a><\/li>\r\r\n<li><a href=\"https:\/\/sinoextrud.com\/what-is-4040-aluminium-extrud\/\" target=\"_blank\">4040 aluminium extrusion<\/a><\/li>\r\r\n<li><a href=\"https:\/\/sinoextrud.com\/what-is-4040-aluminium-extrud\/\" target=\"_blank\">aluminum extrusions for industrial racks<\/a><\/li>\r\r\n<li><a href=\"https:\/\/sinoextrud.com\/powder-coating-aluminium-process\/\" target=\"_blank\">powder coating aluminium<\/a><\/li>\r\r\n<li><a href=\"https:\/\/sinoextrud.com\/what-is-an-aluminium-strip-ceiling\/\" target=\"_blank\">aluminium strip ceiling<\/a><\/li>\r\r\n<li><a href=\"https:\/\/sinoextrud.com\/what-is-a-heat-sink\/\" target=\"_blank\">what is a heat sink<\/a><\/li>\r\r\n<\/ul>","product_chanpin_chanpin":"<li><a href=\"https:\/\/sinoextrud.com\/product\/extruded-aluminum-brackets\/\" target=\"_blank\">Extruded Aluminum Brackets<\/a><\/li>\r\n<li><a href=\"https:\/\/sinoextrud.com\/product\/aluminium-extrusion-hinge\/\" target=\"_blank\">Aluminium Extrusion Hinge<\/a><\/li>\r\n<li><a href=\"https:\/\/sinoextrud.com\/product\/cnc-aluminium\/\" target=\"_blank\">Cnc Aluminium<\/a><\/li>\r\n<li><a href=\"https:\/\/sinoextrud.com\/product\/aluminium-profile-accessories\/\" target=\"_blank\">Aluminium Profile Accessories<\/a><\/li>\r\n<li><a href=\"https:\/\/sinoextrud.com\/product\/round-aluminum-extrusion-tubular-cnc-bending\/\" target=\"_blank\">Round Aluminum Extrusion Tubular Cnc Bending<\/a><\/li>\r\n<li><a href=\"https:\/\/sinoextrud.com\/product\/controller-shell-instrument-box-industrial-aluminum-profile-electromechanical-shell\/\" target=\"_blank\">Controller Shell Instrument Box Industrial Aluminum Profile Electromechanical Shell<\/a><\/li>\r\n<li><a href=\"https:\/\/sinoextrud.com\/product\/lay-in-tile-ceiling-system\/\" target=\"_blank\">Lay-in Tile Ceiling System<\/a><\/li>\r\n<li><a href=\"https:\/\/sinoextrud.com\/product\/clip-in-tile-ceiling-system\/\" target=\"_blank\">Clip-in Tile Ceiling System<\/a><\/li>\r\n<li><a href=\"https:\/\/sinoextrud.com\/product\/triangle-ceiling-system\/\" target=\"_blank\">Triangle Ceiling System (Triangle Ceiling)<\/a><\/li>\r\n<li><a href=\"https:\/\/sinoextrud.com\/product\/extruded-aluminum-tubing-round-in-stock\/\" target=\"_blank\">Extruded Aluminum Tubing Round In Stock<\/a><\/li>\r\n<li><a href=\"https:\/\/sinoextrud.com\/product\/aluminum-extrusion-aluminum-edge-trim-for-truck-body-cabins-profiles\/\" target=\"_blank\">Aluminum Extrusion Aluminum Edge Trim For Truck Body Cabins Profiles<\/a><\/li>"},"feature_list":[]},"_links":{"self":[{"href":"https:\/\/sinoextrud.com\/hu\/wp-json\/wp\/v2\/product\/8599","targetHints":{"allow":["GET"]}}],"collection":[{"href":"https:\/\/sinoextrud.com\/hu\/wp-json\/wp\/v2\/product"}],"about":[{"href":"https:\/\/sinoextrud.com\/hu\/wp-json\/wp\/v2\/types\/product"}],"wp:featuredmedia":[{"embeddable":true,"href":"https:\/\/sinoextrud.com\/hu\/wp-json\/wp\/v2\/media\/8598"}],"wp:attachment":[{"href":"https:\/\/sinoextrud.com\/hu\/wp-json\/wp\/v2\/media?parent=8599"}],"wp:term":[{"taxonomy":"category","embeddable":true,"href":"https:\/\/sinoextrud.com\/hu\/wp-json\/wp\/v2\/categories?post=8599"}],"curies":[{"name":"wp","href":"https:\/\/api.w.org\/{rel}","templated":true}]}}