{"id":8597,"date":"2025-06-17T03:44:42","date_gmt":"2025-06-17T03:44:42","guid":{"rendered":"https:\/\/sinoextrud.com\/product\/aluminium-profile-accessories\/"},"modified":"2025-06-24T06:34:29","modified_gmt":"2025-06-24T06:34:29","slug":"aluminium-profil-tartozekok","status":"publish","type":"product","link":"https:\/\/sinoextrud.com\/hu\/product\/aluminium-profile-accessories\/","title":{"rendered":"Alum\u00ednium profil tartoz\u00e9kok"},"content":{"rendered":"<h2>Term\u00e9kek r\u00e9szletei<\/h2>\n<table class=\"custom-table\">\n<tbody>\n<tr>\n<td> <\/td>\n<td>Sinoextrud152<\/td>\n<\/tr>\n<tr>\n<td>Fel\u00fcletkezel\u00e9s:<\/td>\n<td>Elox\u00e1lt stb.<\/td>\n<\/tr>\n<tr>\n<td>\u00f6tv\u00f6zet:<\/td>\n<td>\u00f6tv\u00f6zet 6000<\/td>\n<\/tr>\n<tr>\n<td>Allik\u00e1ci\u00f3:<\/td>\n<td>G\u00e9p, sz\u00e1ll\u00edt\u00e1s, ipar stb.<\/td>\n<\/tr>\n<tr>\n<td>Anyag:<\/td>\n<td>6063-T5, 6061-T6, 6082<\/td>\n<\/tr>\n<tr>\n<td>Tan\u00fas\u00edtv\u00e1ny:<\/td>\n<td>Cqm, SGS, Ce, Soncap ISO, JIS, as, Nzs<\/td>\n<\/tr>\n<tr>\n<td>V\u00e9djegy:<\/td>\n<td>OEM<\/td>\n<\/tr>\n<tr>\n<td>Specifik\u00e1ci\u00f3:<\/td>\n<td>testreszabott m\u00e9ret az automatikus cad rajz szerint.<\/td>\n<\/tr>\n<tr>\n<td>HS-k\u00f3d:<\/td>\n<td>76042100<\/td>\n<\/tr>\n<tr>\n<td>Szabv\u00e1nyos:<\/td>\n<td>GB\/75237-2004, Q\/320281\/Pdwd-2008<\/td>\n<\/tr>\n<tr>\n<td>MOQ:<\/td>\n<td>200KG minden egyes t\u00e9telhez. Instock cs\u00f6vek rendelkez\u00e9sre \u00e1llnak.<\/td>\n<\/tr>\n<\/tbody>\n<\/table>\n<h2>Gy\u00e1rt\u00f3 b\u00e1zisunk<\/h2>\n<h3>Gy\u00e1ri panor\u00e1ma<\/h3>\n<p><img decoding=\"async\" src=\"\/wp-content\/uploads\/factory-01.webp\"\/><\/p>\n<h3>Alum\u00ednium r\u00fadgy\u00e1rt\u00f3 m\u0171hely<\/h3>\n<p><img decoding=\"async\" src=\"\/wp-content\/uploads\/factory-02.webp\"\/><\/p>\n<p><img decoding=\"async\" src=\"\/wp-content\/uploads\/factory-03.webp\"\/><\/p>\n<h3>Pen\u00e9sz rakt\u00e1r<\/h3>\n<p><img decoding=\"async\" src=\"\/wp-content\/uploads\/factory-04.webp\"\/><\/p>\n<h3>43 alum\u00ednium extrud\u00e1l\u00f3 vonal (500-5500 tonna)<\/h3>\n<p><img decoding=\"async\" src=\"\/wp-content\/uploads\/factory-05.webp\"\/><\/p>\n<p><img decoding=\"async\" src=\"\/wp-content\/uploads\/factory-06.webp\"\/><\/p>\n<p><img decoding=\"async\" src=\"\/wp-content\/uploads\/factory-07.webp\"\/><\/p>\n<h3>Porfest\u0151 m\u0171hely<\/h3>\n<p><img decoding=\"async\" src=\"\/wp-content\/uploads\/factory-09.webp\"\/><\/p>\n<h3>Anodiz\u00e1l\u00f3 m\u0171hely<\/h3>\n<p><img decoding=\"async\" src=\"\/wp-content\/uploads\/factory-10.webp\"\/><\/p>\n<h3>M\u00e9ly feldolgoz\u00e1si m\u0171hely<\/h3>\n<p><img decoding=\"async\" src=\"\/wp-content\/uploads\/factory-11.webp\"\/><\/p>\n<h3>CNC prec\u00edzi\u00f3s megmunk\u00e1l\u00f3 m\u0171hely<\/h3>\n<p><img decoding=\"async\" src=\"\/wp-content\/uploads\/factory-11.5.webp\"\/><\/p>\n<h3>K\u00e9szterm\u00e9k \u00e9s export rakt\u00e1r<\/h3>\n<p><img decoding=\"async\" src=\"\/wp-content\/uploads\/factory-12.webp\"\/><\/p>\n<p><img decoding=\"async\" src=\"\/wp-content\/uploads\/factory-13.webp\"\/><\/p>\n<p><img decoding=\"async\" src=\"\/wp-content\/uploads\/factory-14.webp\"\/><\/p>\n<h2>GYIK<\/h2>\n<p><p><b>1.Alum\u00ednium profil tartoz\u00e9kok: Milyen t\u00edpus\u00fa tartoz\u00e9kok \u00e1llnak rendelkez\u00e9sre az alum\u00ednium profilokhoz?<\/b><\/p>\n<p>A gyakori tartoz\u00e9kok k\u00f6z\u00e9 tartoznak a csatlakoz\u00f3k, konzolok, k\u00f6t\u0151elemek, zsan\u00e9rok \u00e9s v\u00e9gz\u00e1r\u00f3k, amelyek mind az alum\u00edniumprofil-rendszerek funkcionalit\u00e1s\u00e1nak fokoz\u00e1s\u00e1ra szolg\u00e1lnak.<br \/>\n<\/p><br \/>\n<br \/>\n<p><b>2.Hogyan jav\u00edtj\u00e1k az alum\u00edniumprofil tartoz\u00e9kok a teljes rendszert?<\/b><\/p>\n<p>Az alum\u00edniumprofil tartoz\u00e9kok tov\u00e1bbi t\u00e1mogat\u00e1st, funkcionalit\u00e1st \u00e9s k\u00f6nny\u0171 \u00f6sszeszerel\u00e9st biztos\u00edtanak, \u00edgy a k\u00fcl\u00f6nb\u00f6z\u0151 alkalmaz\u00e1sokhoz robusztusabb \u00e9s hat\u00e9konyabb rendszert biztos\u00edtanak.<br \/>\n<\/p><br \/>\n<br \/>\n<p><b>3.A tartoz\u00e9kok kompatibilisek az \u00f6sszes alum\u00edniumprofillal?<\/b><\/p>\n<p>Igen, a legt\u00f6bb alum\u00edniumprofil tartoz\u00e9kot \u00fagy tervezt\u00e9k, hogy sokoldal\u00faan felhaszn\u00e1lhat\u00f3 \u00e9s a profilrendszerek sz\u00e9les sk\u00e1l\u00e1j\u00e1val kompatibilis legyen, \u00edgy rugalmasan tervezhet\u0151 \u00e9s alkalmazhat\u00f3.<br \/>\n<\/p><br \/>\n<br \/>\n<p><b>4.Milyen anyagokat haszn\u00e1lnak az alum\u00ednium profil tartoz\u00e9kokhoz?<\/b><\/p>\n<p>Az alum\u00edniumprofil-kieg\u00e9sz\u00edt\u0151k jellemz\u0151en kiv\u00e1l\u00f3 min\u0151s\u00e9g\u0171 alum\u00edniumb\u00f3l, ac\u00e9lb\u00f3l \u00e9s m\u00e1s tart\u00f3s anyagokb\u00f3l k\u00e9sz\u00fclnek, amelyek biztos\u00edtj\u00e1k a hossz\u00fa \u00e9lettartamot \u00e9s szil\u00e1rds\u00e1got.<br \/>\n<\/p><br \/>\n<br \/>\n<p><b>5.A tartoz\u00e9kok k\u00f6nnyen telep\u00edthet\u0151k \u00e9s m\u00f3dos\u00edthat\u00f3k?<\/b><\/p>\n<p>Igen, az alum\u00edniumprofil tartoz\u00e9kokat k\u00f6nny\u0171 telep\u00edt\u00e9sre tervezt\u00e9k, \u00e9s testre szabhat\u00f3k vagy be\u00e1ll\u00edthat\u00f3k a k\u00fcl\u00f6nb\u00f6z\u0151 projektek egyedi k\u00f6vetelm\u00e9nyeinek megfelel\u0151en.<br \/>\n<\/p><br \/>\n<br \/>\n<p><b>6.Az alum\u00ednium profil tartoz\u00e9kok ellen\u00e1llnak a korr\u00f3zi\u00f3nak?<\/b><\/p>\n<p>Igen, az alum\u00ednium \u00e9s ac\u00e9l tartoz\u00e9kok jellemz\u0151en korr\u00f3zi\u00f3\u00e1ll\u00f3ak, \u00edgy alkalmasak belt\u00e9ri \u00e9s k\u00fclt\u00e9ri haszn\u00e1latra, m\u00e9g zord k\u00f6rnyezetben is.<br \/>\n<\/p><br \/>\n<br \/>\n<p><b>7.Hogyan j\u00e1rulnak hozz\u00e1 az alum\u00edniumprofil tartoz\u00e9kok a k\u00f6lts\u00e9gmegtakar\u00edt\u00e1shoz?<\/b><\/p>\n<p>Ezek a tartoz\u00e9kok k\u00f6lts\u00e9ghat\u00e9kony m\u00f3don n\u00f6velik az alum\u00edniumprofilok teljes\u00edtm\u00e9ny\u00e9t \u00e9s szerkezeti integrit\u00e1s\u00e1t, \u00edgy cs\u00f6kkentik az egyedi megold\u00e1sok sz\u00fcks\u00e9gess\u00e9g\u00e9t \u00e9s a projekt \u00f6sszk\u00f6lts\u00e9g\u00e9t.<br \/>\n<\/p><br \/><\/p>","protected":false},"featured_media":8596,"template":"","categories":[68],"class_list":["post-8597","product","type-product","status-publish","has-post-thumbnail","hentry","category-cnc-machining-aluminum-profile"],"meta_box":{"hilight_text_group":{"product_hilight_text":"<li>Wide range of accessories to complement various aluminum profiles<\/li>\r\r\n<li>High-quality materials ensure durability and reliability<\/li>\r\r\n<li>Easy to install and customize for different applications<\/li>\r\r\n<li>Cost-effective solutions for enhancing aluminum profile systems<\/li>\r\r\n<li>Provides additional functionality and structural support for projects<\/li>","product_chanpin_blog":"<ul>\r\r\n<li><a href=\"https:\/\/sinoextrud.com\/t-slot-v-slot-differences\/\" target=\"_blank\">t slot vs v slot<\/a><\/li>\r\r\n<li><a href=\"https:\/\/sinoextrud.com\/what-is-4040-aluminium-extrud\/\" target=\"_blank\">4040 aluminium extrusion<\/a><\/li>\r\r\n<li><a href=\"https:\/\/sinoextrud.com\/what-is-4040-aluminium-extrud\/\" target=\"_blank\">aluminum extrusions for industrial racks<\/a><\/li>\r\r\n<li><a href=\"https:\/\/sinoextrud.com\/powder-coating-aluminium-process\/\" target=\"_blank\">powder coating aluminium<\/a><\/li>\r\r\n<li><a href=\"https:\/\/sinoextrud.com\/what-is-an-aluminium-strip-ceiling\/\" target=\"_blank\">aluminium strip ceiling<\/a><\/li>\r\r\n<li><a href=\"https:\/\/sinoextrud.com\/what-is-a-heat-sink\/\" target=\"_blank\">what is a heat sink<\/a><\/li>\r\r\n<\/ul>","product_chanpin_chanpin":"<li><a href=\"https:\/\/sinoextrud.com\/product\/aluminum-extrusion-accessories\/\" target=\"_blank\">Aluminum Extrusion Accessories<\/a><\/li>\r\n<li><a href=\"https:\/\/sinoextrud.com\/product\/extruded-aluminum-brackets\/\" target=\"_blank\">Extruded Aluminum Brackets<\/a><\/li>\r\n<li><a href=\"https:\/\/sinoextrud.com\/product\/aluminium-extrusion-hinge\/\" target=\"_blank\">Aluminium Extrusion Hinge<\/a><\/li>\r\n<li><a href=\"https:\/\/sinoextrud.com\/product\/cnc-aluminium\/\" target=\"_blank\">Cnc Aluminium<\/a><\/li>\r\n<li><a href=\"https:\/\/sinoextrud.com\/product\/aluminium-profile-accessories\/\" target=\"_blank\">Aluminium Profile Accessories<\/a><\/li>\r\n<li><a href=\"https:\/\/sinoextrud.com\/product\/round-aluminum-extrusion-tubular-cnc-bending\/\" target=\"_blank\">Round Aluminum Extrusion Tubular Cnc Bending<\/a><\/li>\r\n<li><a href=\"https:\/\/sinoextrud.com\/product\/controller-shell-instrument-box-industrial-aluminum-profile-electromechanical-shell\/\" target=\"_blank\">Controller Shell Instrument Box Industrial Aluminum Profile Electromechanical Shell<\/a><\/li>\r\n<li><a href=\"https:\/\/sinoextrud.com\/product\/lay-in-tile-ceiling-system\/\" target=\"_blank\">Lay-in Tile Ceiling System<\/a><\/li>\r\n<li><a href=\"https:\/\/sinoextrud.com\/product\/clip-in-tile-ceiling-system\/\" target=\"_blank\">Clip-in Tile Ceiling System<\/a><\/li>\r\n<li><a href=\"https:\/\/sinoextrud.com\/product\/aluminium-kitchen-cabinet-handles\/\" target=\"_blank\">Aluminium Kitchen Cabinet Handles<\/a><\/li>\r\n<li><a href=\"https:\/\/sinoextrud.com\/product\/l-shaped-aluminum-trim\/\" target=\"_blank\">L Shaped Aluminum Trim<\/a><\/li>"},"feature_list":[]},"_links":{"self":[{"href":"https:\/\/sinoextrud.com\/hu\/wp-json\/wp\/v2\/product\/8597","targetHints":{"allow":["GET"]}}],"collection":[{"href":"https:\/\/sinoextrud.com\/hu\/wp-json\/wp\/v2\/product"}],"about":[{"href":"https:\/\/sinoextrud.com\/hu\/wp-json\/wp\/v2\/types\/product"}],"wp:featuredmedia":[{"embeddable":true,"href":"https:\/\/sinoextrud.com\/hu\/wp-json\/wp\/v2\/media\/8596"}],"wp:attachment":[{"href":"https:\/\/sinoextrud.com\/hu\/wp-json\/wp\/v2\/media?parent=8597"}],"wp:term":[{"taxonomy":"category","embeddable":true,"href":"https:\/\/sinoextrud.com\/hu\/wp-json\/wp\/v2\/categories?post=8597"}],"curies":[{"name":"wp","href":"https:\/\/api.w.org\/{rel}","templated":true}]}}