{"id":8589,"date":"2025-06-17T03:39:01","date_gmt":"2025-06-17T03:39:01","guid":{"rendered":"https:\/\/sinoextrud.com\/product\/aluminum-extrusion-accessories\/"},"modified":"2025-06-24T06:34:28","modified_gmt":"2025-06-24T06:34:28","slug":"aluminium-extrudalas-tartozekok","status":"publish","type":"product","link":"https:\/\/sinoextrud.com\/hu\/product\/aluminum-extrusion-accessories\/","title":{"rendered":"Alum\u00ednium extrud\u00e1l\u00e1s tartoz\u00e9kok"},"content":{"rendered":"<h2>Term\u00e9kek r\u00e9szletei<\/h2>\n<table class=\"custom-table\">\n<tbody>\n<tr>\n<td> T\u00e9tel<\/td>\n<td> Alum\u00ednium extrud\u00e1l\u00e1s tartoz\u00e9kok<\/td>\n<\/tr>\n<tr>\n<td> Anyag<\/td>\n<td> Alum\u00ednium<\/td>\n<\/tr>\n<tr>\n<td> Fel\u00fcletkezel\u00e9s<\/td>\n<td> Anodiz\u00e1l\u00e1s, porsz\u00f3r\u00e1s testreszabott<\/td>\n<\/tr>\n<tr>\n<td> Tolerancia<\/td>\n<td> \u00b10,02mm<\/td>\n<\/tr>\n<tr>\n<td> Min\u0151s\u00e9gi szabv\u00e1ny<\/td>\n<td> ISO9001:2008<\/td>\n<\/tr>\n<tr>\n<td> Ellen\u0151rz\u0151 berendez\u00e9sek<\/td>\n<td> Kalibr\u00e1torok, mikrom\u00e9ter, magass\u00e1gm\u00e9r\u0151, kvadratikus elem, m\u00e9r\u0151m\u0171szer, durvas\u00e1gi tesztel\u0151<\/td>\n<\/tr>\n<tr>\n<td> Rajzol\u00e1si form\u00e1tum<\/td>\n<td> IGS, STP, AutoCAD2004-2010 stb.<\/td>\n<\/tr>\n<tr>\n<td> Csomagol\u00e1s<\/td>\n<td> Szabv\u00e1nyos exportkarton vagy az \u00fcgyf\u00e9l ig\u00e9nye alapj\u00e1n<\/td>\n<\/tr>\n<tr>\n<td> OEM &amp; ODM szolg\u00e1ltat\u00e1s<\/td>\n<td> OEM &amp; ODM szolg\u00e1ltat\u00e1s el\u00e9rhet\u0151<\/td>\n<\/tr>\n<tr>\n<td> Sz\u00ednes<\/td>\n<td> alum\u00ednium alkatr\u00e9szekhez \u00e9s b\u00e1rmilyen sz\u00ednben rendben van sz\u00e1munkra<\/td>\n<\/tr>\n<tr>\n<td> Log\u00f3<\/td>\n<td> Nyomtat\u00e1si log\u00f3 szolg\u00e1ltat\u00e1s \u00e1ll rendelkez\u00e9sre<\/td>\n<\/tr>\n<\/tbody>\n<\/table>\n<h2>Gy\u00e1rt\u00f3 b\u00e1zisunk<\/h2>\n<h3>Gy\u00e1ri panor\u00e1ma<\/h3>\n<p><img decoding=\"async\" src=\"\/wp-content\/uploads\/factory-01.webp\"\/><\/p>\n<h3>Alum\u00ednium r\u00fadgy\u00e1rt\u00f3 m\u0171hely<\/h3>\n<p><img decoding=\"async\" src=\"\/wp-content\/uploads\/factory-02.webp\"\/><\/p>\n<p><img decoding=\"async\" src=\"\/wp-content\/uploads\/factory-03.webp\"\/><\/p>\n<h3>Pen\u00e9sz rakt\u00e1r<\/h3>\n<p><img decoding=\"async\" src=\"\/wp-content\/uploads\/factory-04.webp\"\/><\/p>\n<h3>43 alum\u00ednium extrud\u00e1l\u00f3 vonal (500-5500 tonna)<\/h3>\n<p><img decoding=\"async\" src=\"\/wp-content\/uploads\/factory-05.webp\"\/><\/p>\n<p><img decoding=\"async\" src=\"\/wp-content\/uploads\/factory-06.webp\"\/><\/p>\n<p><img decoding=\"async\" src=\"\/wp-content\/uploads\/factory-07.webp\"\/><\/p>\n<h3>Porfest\u0151 m\u0171hely<\/h3>\n<p><img decoding=\"async\" src=\"\/wp-content\/uploads\/factory-09.webp\"\/><\/p>\n<h3>Anodiz\u00e1l\u00f3 m\u0171hely<\/h3>\n<p><img decoding=\"async\" src=\"\/wp-content\/uploads\/factory-10.webp\"\/><\/p>\n<h3>M\u00e9ly feldolgoz\u00e1si m\u0171hely<\/h3>\n<p><img decoding=\"async\" src=\"\/wp-content\/uploads\/factory-11.webp\"\/><\/p>\n<h3>CNC prec\u00edzi\u00f3s megmunk\u00e1l\u00f3 m\u0171hely<\/h3>\n<p><img decoding=\"async\" src=\"\/wp-content\/uploads\/factory-11.5.webp\"\/><\/p>\n<h3>K\u00e9szterm\u00e9k \u00e9s export rakt\u00e1r<\/h3>\n<p><img decoding=\"async\" src=\"\/wp-content\/uploads\/factory-12.webp\"\/><\/p>\n<p><img decoding=\"async\" src=\"\/wp-content\/uploads\/factory-13.webp\"\/><\/p>\n<p><img decoding=\"async\" src=\"\/wp-content\/uploads\/factory-14.webp\"\/><\/p>\n<h2>GYIK<\/h2>\n<p><p><b>1.Aluminum Extrusion kieg\u00e9sz\u00edt\u0151k: Milyen t\u00edpus\u00fa tartoz\u00e9kok \u00e1llnak rendelkez\u00e9sre az alum\u00ednium extrud\u00e1l\u00e1shoz?<\/b><\/p>\n<p>Az alum\u00ednium extrud\u00e1l\u00e1s tartoz\u00e9kai k\u00f6z\u00e9 tartoznak a csatlakoz\u00f3k, konzolok, k\u00f6t\u0151elemek, v\u00e9gz\u00e1r\u00f3k \u00e9s zsan\u00e9rok, amelyeket az alum\u00ednium profilrendszerek jav\u00edt\u00e1s\u00e1ra \u00e9s kieg\u00e9sz\u00edt\u00e9s\u00e9re terveztek.<br \/>\n<\/p><br \/>\n<br \/>\n<p><b>2.Hogyan jav\u00edtj\u00e1k az alum\u00ednium extrud\u00e1l\u00e1s tartoz\u00e9kai a rendszer funkcionalit\u00e1s\u00e1t?<\/b><\/p>\n<p>Ezek a tartoz\u00e9kok tov\u00e1bbi szerkezeti t\u00e1mogat\u00e1st, k\u00f6nny\u0171 \u00f6sszeszerelhet\u0151s\u00e9get \u00e9s testreszab\u00e1si lehet\u0151s\u00e9geket biztos\u00edtanak, jav\u00edtva az alum\u00edniumprofil-rendszerek \u00e1ltal\u00e1nos funkcionalit\u00e1s\u00e1t \u00e9s sokoldal\u00fas\u00e1g\u00e1t.<br \/>\n<\/p><br \/>\n<br \/>\n<p><b>3.Az alum\u00ednium extrud\u00e1lt tartoz\u00e9kok alkalmasak k\u00fclt\u00e9ri haszn\u00e1latra?<\/b><\/p>\n<p>Igen, az alum\u00ednium extrud\u00e1lt tartoz\u00e9kok gyakran korr\u00f3zi\u00f3\u00e1ll\u00f3ak, \u00edgy belt\u00e9ri \u00e9s k\u00fclt\u00e9ri alkalmaz\u00e1sra egyar\u00e1nt alkalmasak, m\u00e9g zord k\u00f6rnyezetben is.<br \/>\n<\/p><br \/>\n<br \/>\n<p><b>4.Can alum\u00ednium extrud\u00e1l\u00e1s tartoz\u00e9kok testre szabott egyedi projektekhez?<\/b><\/p>\n<p>Igen, az alum\u00ednium extrud\u00e1l\u00e1s tartoz\u00e9kai m\u00e9retben, kialak\u00edt\u00e1sban \u00e9s anyagban testre szabhat\u00f3k, hogy megfeleljenek a k\u00fcl\u00f6nb\u00f6z\u0151 ipari alkalmaz\u00e1sok egyedi ig\u00e9nyeinek.<br \/>\n<\/p><br \/>\n<br \/>\n<p><b>5.Milyen ipar\u00e1gak r\u00e9szes\u00fclnek az alum\u00ednium extrud\u00e1l\u00e1s tartoz\u00e9kokb\u00f3l?<\/b><\/p>\n<p>Az olyan ipar\u00e1gak, mint az \u00e9p\u00edt\u0151ipar, az automatiz\u00e1l\u00e1s, az aut\u00f3ipar \u00e9s a gy\u00e1rt\u00e1s, az alum\u00ednium extrud\u00e1lt tartoz\u00e9kokra t\u00e1maszkodnak tart\u00f3ss\u00e1guk, rugalmass\u00e1guk \u00e9s k\u00f6nny\u0171 haszn\u00e1lhat\u00f3s\u00e1guk miatt.<br \/>\n<\/p><br \/>\n<br \/>\n<p><b>6.Hogyan m\u0171k\u00f6dik az alum\u00ednium extrud\u00e1lt tartoz\u00e9kok telep\u00edt\u00e9si folyamata?<\/b><\/p>\n<p>Az alum\u00ednium extrud\u00e1l\u00e1sb\u00f3l k\u00e9sz\u00fclt tartoz\u00e9kokat \u00fagy tervezt\u00e9k, hogy k\u00f6nnyen felszerelhet\u0151ek legyenek, gyakran minim\u00e1lis szersz\u00e1mot ig\u00e9nyelnek, \u00e9s rugalmas megold\u00e1sokat k\u00edn\u00e1lnak a k\u00fcl\u00f6nb\u00f6z\u0151 szerkezeti konfigur\u00e1ci\u00f3khoz.<br \/>\n<\/p><br \/>\n<br \/>\n<p><b>7.Why alum\u00ednium extrud\u00e1l\u00e1s kieg\u00e9sz\u00edt\u0151k k\u00f6lts\u00e9ghat\u00e9kony megold\u00e1s?<\/b><\/p>\n<p>Ezek a tartoz\u00e9kok k\u00f6lts\u00e9ghat\u00e9konyak, mivel k\u00f6nnyen telep\u00edthet\u0151k, testre szabhat\u00f3k, \u00e9s megb\u00edzhat\u00f3, hossz\u00fa t\u00e1v\u00fa t\u00e1mogat\u00e1st ny\u00fajtanak an\u00e9lk\u00fcl, hogy bonyolult vagy dr\u00e1ga egyedi megold\u00e1sokra lenne sz\u00fcks\u00e9g.<br \/>\n<\/p><br \/><\/p>","protected":false},"featured_media":8588,"template":"","categories":[68],"class_list":["post-8589","product","type-product","status-publish","has-post-thumbnail","hentry","category-cnc-machining-aluminum-profile"],"meta_box":{"hilight_text_group":{"product_hilight_text":"<li>Wide range of accessories designed to complement aluminum extrusions<\/li>\r\r\n<li>Durable, high-quality materials for long-lasting performance<\/li>\r\r\n<li>Easy installation with customizable solutions for various applications<\/li>\r\r\n<li>Corrosion-resistant, making them ideal for both indoor and outdoor environments<\/li>\r\r\n<li>Cost-effective and versatile, providing functional support to aluminum structures<\/li>","product_chanpin_blog":"<ul>\r\r\n<li><a href=\"https:\/\/sinoextrud.com\/t-slot-v-slot-differences\/\" target=\"_blank\">t slot vs v slot<\/a><\/li>\r\r\n<li><a href=\"https:\/\/sinoextrud.com\/what-is-4040-aluminium-extrud\/\" target=\"_blank\">4040 aluminium extrusion<\/a><\/li>\r\r\n<li><a href=\"https:\/\/sinoextrud.com\/what-is-4040-aluminium-extrud\/\" target=\"_blank\">aluminum extrusions for industrial racks<\/a><\/li>\r\r\n<li><a href=\"https:\/\/sinoextrud.com\/powder-coating-aluminium-process\/\" target=\"_blank\">powder coating aluminium<\/a><\/li>\r\r\n<li><a href=\"https:\/\/sinoextrud.com\/what-is-an-aluminium-strip-ceiling\/\" target=\"_blank\">aluminium strip ceiling<\/a><\/li>\r\r\n<li><a href=\"https:\/\/sinoextrud.com\/what-is-a-heat-sink\/\" target=\"_blank\">what is a heat sink<\/a><\/li>\r\r\n<\/ul>","product_chanpin_chanpin":"<li><a href=\"https:\/\/sinoextrud.com\/product\/extruded-aluminum-housing\/\" target=\"_blank\">Extruded Aluminum Housing<\/a><\/li>\r\n<li><a href=\"https:\/\/sinoextrud.com\/product\/aluminum-machining-round-tube-processing-by-aluminum-profile-cad-vs-aluminium-alloy-customized-anodized\/\" target=\"_blank\">aluminum machining round tube processing by aluminum profile cad  vs aluminium alloy Customized Anodized<\/a><\/li>\r\n<li><a href=\"https:\/\/sinoextrud.com\/product\/aluminium-profile-rail\/\" target=\"_blank\">Aluminium Profile Rail<\/a><\/li>\r\n<li><a href=\"https:\/\/sinoextrud.com\/product\/machined-aluminum-extrusion\/\" target=\"_blank\">Machined Aluminum Extrusion<\/a><\/li>\r\n<li><a href=\"https:\/\/sinoextrud.com\/product\/aluminum-extrusion-accessories\/\" target=\"_blank\">Aluminum Extrusion Accessories<\/a><\/li>\r\n<li><a href=\"https:\/\/sinoextrud.com\/product\/extruded-aluminum-brackets\/\" target=\"_blank\">Extruded Aluminum Brackets<\/a><\/li>\r\n<li><a href=\"https:\/\/sinoextrud.com\/product\/aluminium-extrusion-hinge\/\" target=\"_blank\">Aluminium Extrusion Hinge<\/a><\/li>\r\n<li><a href=\"https:\/\/sinoextrud.com\/product\/cnc-aluminium\/\" target=\"_blank\">Cnc Aluminium<\/a><\/li>\r\n<li><a href=\"https:\/\/sinoextrud.com\/product\/aluminium-profile-accessories\/\" target=\"_blank\">Aluminium Profile Accessories<\/a><\/li>\r\n<li><a href=\"https:\/\/sinoextrud.com\/product\/aluminum-profile-price-of-aluminium-partition-wall-studs-aluminum-manufacturer\/\" target=\"_blank\">aluminum profile price of aluminium partition wall studs aluminum manufacturer<\/a><\/li>\r\n<li><a href=\"https:\/\/sinoextrud.com\/product\/cnc-machined-6063-extruded-aluminum-fasteners\/\" target=\"_blank\">CNC Machined 6063 Extruded Aluminum Fasteners<\/a><\/li>"},"feature_list":[]},"_links":{"self":[{"href":"https:\/\/sinoextrud.com\/hu\/wp-json\/wp\/v2\/product\/8589","targetHints":{"allow":["GET"]}}],"collection":[{"href":"https:\/\/sinoextrud.com\/hu\/wp-json\/wp\/v2\/product"}],"about":[{"href":"https:\/\/sinoextrud.com\/hu\/wp-json\/wp\/v2\/types\/product"}],"wp:featuredmedia":[{"embeddable":true,"href":"https:\/\/sinoextrud.com\/hu\/wp-json\/wp\/v2\/media\/8588"}],"wp:attachment":[{"href":"https:\/\/sinoextrud.com\/hu\/wp-json\/wp\/v2\/media?parent=8589"}],"wp:term":[{"taxonomy":"category","embeddable":true,"href":"https:\/\/sinoextrud.com\/hu\/wp-json\/wp\/v2\/categories?post=8589"}],"curies":[{"name":"wp","href":"https:\/\/api.w.org\/{rel}","templated":true}]}}