{"id":8587,"date":"2025-06-17T03:37:24","date_gmt":"2025-06-17T03:37:24","guid":{"rendered":"https:\/\/sinoextrud.com\/product\/machined-aluminum-extrusion\/"},"modified":"2025-06-24T06:34:27","modified_gmt":"2025-06-24T06:34:27","slug":"megmunkalt-aluminium-extrudalas","status":"publish","type":"product","link":"https:\/\/sinoextrud.com\/hu\/product\/machined-aluminum-extrusion\/","title":{"rendered":"Megmunk\u00e1lt alum\u00ednium extrud\u00e1l\u00e1s"},"content":{"rendered":"<h2>Term\u00e9kek r\u00e9szletei<\/h2>\n<table class=\"custom-table\">\n<tbody>\n<tr>\n<td> C\u00edm<\/td>\n<td> Megmunk\u00e1lt alum\u00ednium extrud\u00e1l\u00e1s<\/td>\n<\/tr>\n<tr>\n<td> Kateg\u00f3ria<\/td>\n<td> Alum\u00ednium profil<\/td>\n<\/tr>\n<tr>\n<td> Anyag<\/td>\n<td> Alum\u00ednium \u00f6tv\u00f6zet (6063, 6061, 6464, 6082)<\/td>\n<\/tr>\n<tr>\n<td> Temper<\/td>\n<td> T5<\/td>\n<\/tr>\n<tr>\n<td> M\u00e9ret<\/td>\n<td> Az \u00fcgyf\u00e9l k\u00e9r\u00e9se szerint<\/td>\n<\/tr>\n<tr>\n<td> Shape<\/td>\n<td> H\u00e1romsz\u00f6g vagy extrud\u00e1lt az \u00fcgyf\u00e9l rajz\u00e1nak megfelel\u0151en<\/td>\n<\/tr>\n<tr>\n<td> Fel\u00fcletkezel\u00e9s<\/td>\n<td> Elox\u00e1lt, homokf\u00favott, pol\u00edroz\u00e1s, elektrofor\u00e9zis, Power bevonat<\/td>\n<\/tr>\n<tr>\n<td> Sz\u00ednes<\/td>\n<td> Pezsg\u0151 \u00e9s szem\u00e9lyre szabottan \u00e1ll rendelkez\u00e9sre<\/td>\n<\/tr>\n<tr>\n<td> Tan\u00fas\u00edtv\u00e1ny<\/td>\n<td> TUV, ASTM, GB<\/td>\n<\/tr>\n<tr>\n<td> A  c\u00edmr\u0151l<\/td>\n<td> Guangdong, K\u00edna<\/td>\n<\/tr>\n<\/tbody>\n<\/table>\n<h2>Gy\u00e1rt\u00f3 b\u00e1zisunk<\/h2>\n<h3>Gy\u00e1ri panor\u00e1ma<\/h3>\n<p><img decoding=\"async\" src=\"\/wp-content\/uploads\/factory-01.webp\"\/><\/p>\n<h3>Alum\u00ednium r\u00fadgy\u00e1rt\u00f3 m\u0171hely<\/h3>\n<p><img decoding=\"async\" src=\"\/wp-content\/uploads\/factory-02.webp\"\/><\/p>\n<p><img decoding=\"async\" src=\"\/wp-content\/uploads\/factory-03.webp\"\/><\/p>\n<h3>Pen\u00e9sz rakt\u00e1r<\/h3>\n<p><img decoding=\"async\" src=\"\/wp-content\/uploads\/factory-04.webp\"\/><\/p>\n<h3>43 alum\u00ednium extrud\u00e1l\u00f3 vonal (500-5500 tonna)<\/h3>\n<p><img decoding=\"async\" src=\"\/wp-content\/uploads\/factory-05.webp\"\/><\/p>\n<p><img decoding=\"async\" src=\"\/wp-content\/uploads\/factory-06.webp\"\/><\/p>\n<p><img decoding=\"async\" src=\"\/wp-content\/uploads\/factory-07.webp\"\/><\/p>\n<h3>Porfest\u0151 m\u0171hely<\/h3>\n<p><img decoding=\"async\" src=\"\/wp-content\/uploads\/factory-09.webp\"\/><\/p>\n<h3>Anodiz\u00e1l\u00f3 m\u0171hely<\/h3>\n<p><img decoding=\"async\" src=\"\/wp-content\/uploads\/factory-10.webp\"\/><\/p>\n<h3>M\u00e9ly feldolgoz\u00e1si m\u0171hely<\/h3>\n<p><img decoding=\"async\" src=\"\/wp-content\/uploads\/factory-11.webp\"\/><\/p>\n<h3>CNC prec\u00edzi\u00f3s megmunk\u00e1l\u00f3 m\u0171hely<\/h3>\n<p><img decoding=\"async\" src=\"\/wp-content\/uploads\/factory-11.5.webp\"\/><\/p>\n<h3>K\u00e9szterm\u00e9k \u00e9s export rakt\u00e1r<\/h3>\n<p><img decoding=\"async\" src=\"\/wp-content\/uploads\/factory-12.webp\"\/><\/p>\n<p><img decoding=\"async\" src=\"\/wp-content\/uploads\/factory-13.webp\"\/><\/p>\n<p><img decoding=\"async\" src=\"\/wp-content\/uploads\/factory-14.webp\"\/><\/p>\n<h2>GYIK<\/h2>\n<p><p><b>1.Mi a megmunk\u00e1lt alum\u00ednium extrud\u00e1l\u00e1s?<\/b><\/p>\n<p>A megmunk\u00e1lt alum\u00ednium extrud\u00e1l\u00e1s olyan alum\u00ednium profilokra utal, amelyeket prec\u00edzi\u00f3s elj\u00e1r\u00e1sokkal alak\u00edtanak \u00e9s megmunk\u00e1lnak, hogy egyedi alkatr\u00e9szeket hozzanak l\u00e9tre k\u00fcl\u00f6nb\u00f6z\u0151 ipari alkalmaz\u00e1sokhoz.<br \/>\n<\/p><br \/>\n<br \/>\n<p><b>2.Mi\u00e9rt v\u00e1lassza a megmunk\u00e1lt alum\u00ednium extrud\u00e1l\u00e1st?<\/b><\/p>\n<p>A megmunk\u00e1lt alum\u00ednium extrud\u00e1lt r\u00e9szek nagy pontoss\u00e1got, sokoldal\u00fa tervez\u00e9st \u00e9s kiv\u00e1l\u00f3 tart\u00f3ss\u00e1got k\u00edn\u00e1lnak, \u00edgy ide\u00e1lisak az aut\u00f3iparban, a rep\u00fcl\u0151g\u00e9piparban \u00e9s az elektronikai iparban haszn\u00e1lt egyedi alkatr\u00e9szekhez.<br \/>\n<\/p><br \/>\n<br \/>\n<p><b>3.Mennyire pontosak a megmunk\u00e1lt alum\u00ednium extrud\u00e1l\u00e1sok?<\/b><\/p>\n<p>A megmunk\u00e1lt alum\u00ednium extrud\u00e1lt r\u00e9szek nagy pontoss\u00e1ggal k\u00e9sz\u00fclnek, biztos\u00edtva a sz\u0171k t\u0171r\u00e9seket \u00e9s a kiv\u00e1l\u00f3 m\u00e9retpontoss\u00e1got az \u00f6sszetett formatervez\u00e9s \u00e9s a kritikus alkalmaz\u00e1sok sz\u00e1m\u00e1ra.<br \/>\n<\/p><br \/>\n<br \/>\n<p><b>4.Can megmunk\u00e1lt alum\u00ednium extrud\u00e1l\u00e1s testreszabhat\u00f3?<\/b><\/p>\n<p>Igen, a megmunk\u00e1lt alum\u00ednium extrud\u00e1lt r\u00e9szek k\u00f6nnyen testre szabhat\u00f3k m\u00e9ret, alak \u00e9s kialak\u00edt\u00e1s tekintet\u00e9ben, hogy megfeleljenek a projekt egyedi k\u00f6vetelm\u00e9nyeinek, rugalmass\u00e1got k\u00edn\u00e1lva a k\u00fcl\u00f6nb\u00f6z\u0151 felhaszn\u00e1l\u00e1si c\u00e9lokra.<br \/>\n<\/p><br \/>\n<br \/>\n<p><b>5.Milyen ipar\u00e1gak profit\u00e1lnak a megmunk\u00e1lt alum\u00ednium extrud\u00e1l\u00e1sb\u00f3l?<\/b><\/p>\n<p>Az olyan ipar\u00e1gak, mint az aut\u00f3ipar, a rep\u00fcl\u0151g\u00e9pipar, az elektronika \u00e9s a feldolgoz\u00f3ipar, k\u00f6nny\u0171 s\u00falyuk, szil\u00e1rds\u00e1guk \u00e9s korr\u00f3zi\u00f3\u00e1ll\u00f3s\u00e1guk miatt \u00e9lvezik a megmunk\u00e1lt alum\u00ednium extrud\u00e1l\u00e1sok el\u0151nyeit.<br \/>\n<\/p><br \/>\n<br \/>\n<p><b>6.Milyen gyorsan lehet megmunk\u00e1lt alum\u00ednium extrud\u00e1l\u00e1sokat gy\u00e1rtani?<\/b><\/p>\n<p>A megmunk\u00e1lt alum\u00ednium extrud\u00e1lt r\u00e9szek gyorsan gy\u00e1rthat\u00f3k, hat\u00e9kony megmunk\u00e1l\u00e1si folyamatokkal, amelyek lehet\u0151v\u00e9 teszik a gyors \u00e1tfut\u00e1si id\u0151t a magas sz\u00ednvonal\u00fa szabv\u00e1nyok fenntart\u00e1sa mellett.<br \/>\n<\/p><br \/>\n<br \/>\n<p><b>7.Are megmunk\u00e1lt alum\u00ednium extrud\u00e1l\u00e1s k\u00f6lts\u00e9ghat\u00e9kony?<\/b><\/p>\n<p>Igen, a megmunk\u00e1lt alum\u00ednium extrud\u00e1l\u00e1sok k\u00f6lts\u00e9ghat\u00e9kony megold\u00e1st jelentenek az egyedi alkatr\u00e9szek sz\u00e1m\u00e1ra, \u00e9s kiv\u00e1l\u00f3 teljes\u00edtm\u00e9nyt k\u00edn\u00e1lnak versenyk\u00e9pes \u00e1ron mind a kis-, mind a nagy sorozatgy\u00e1rt\u00e1shoz.<br \/>\n<\/p><br \/><\/p>","protected":false},"featured_media":8586,"template":"","categories":[68],"class_list":["post-8587","product","type-product","status-publish","has-post-thumbnail","hentry","category-cnc-machining-aluminum-profile"],"meta_box":{"hilight_text_group":{"product_hilight_text":"<li>High precision machining for customized aluminum extrusions<\/li>\r\r\n<li>Versatile design options for a wide range of industrial applications<\/li>\r\r\n<li>Lightweight, strong, and corrosion-resistant aluminum material<\/li>\r\r\n<li>Cost-effective and efficient production with quick lead times<\/li>\r\r\n<li>Superior dimensional accuracy and surface finish<\/li>\r\r\n<li>Ideal for industries such as automotive, aerospace, and electronics<\/li>","product_chanpin_blog":"<ul>\r\r\n<li><a href=\"https:\/\/sinoextrud.com\/t-slot-v-slot-differences\/\" target=\"_blank\">t slot vs v slot<\/a><\/li>\r\r\n<li><a href=\"https:\/\/sinoextrud.com\/what-is-4040-aluminium-extrud\/\" target=\"_blank\">4040 aluminium extrusion<\/a><\/li>\r\r\n<li><a href=\"https:\/\/sinoextrud.com\/what-is-4040-aluminium-extrud\/\" target=\"_blank\">aluminum extrusions for industrial racks<\/a><\/li>\r\r\n<li><a href=\"https:\/\/sinoextrud.com\/powder-coating-aluminium-process\/\" target=\"_blank\">powder coating aluminium<\/a><\/li>\r\r\n<li><a href=\"https:\/\/sinoextrud.com\/what-is-an-aluminium-strip-ceiling\/\" target=\"_blank\">aluminium strip ceiling<\/a><\/li>\r\r\n<li><a href=\"https:\/\/sinoextrud.com\/what-is-a-heat-sink\/\" target=\"_blank\">what is a heat sink<\/a><\/li>\r\r\n<\/ul>","product_chanpin_chanpin":"<li><a href=\"https:\/\/sinoextrud.com\/product\/cnc-aluminium-extrusion\/\" target=\"_blank\">CNC Aluminium Extrusion<\/a><\/li>\r\n<li><a href=\"https:\/\/sinoextrud.com\/product\/extruded-aluminum-housing\/\" target=\"_blank\">Extruded Aluminum Housing<\/a><\/li>\r\n<li><a href=\"https:\/\/sinoextrud.com\/product\/aluminum-machining-round-tube-processing-by-aluminum-profile-cad-vs-aluminium-alloy-customized-anodized\/\" target=\"_blank\">aluminum machining round tube processing by aluminum profile cad  vs aluminium alloy Customized Anodized<\/a><\/li>\r\n<li><a href=\"https:\/\/sinoextrud.com\/product\/aluminium-profile-rail\/\" target=\"_blank\">Aluminium Profile Rail<\/a><\/li>\r\n<li><a href=\"https:\/\/sinoextrud.com\/product\/machined-aluminum-extrusion\/\" target=\"_blank\">Machined Aluminum Extrusion<\/a><\/li>\r\n<li><a href=\"https:\/\/sinoextrud.com\/product\/aluminum-extrusion-accessories\/\" target=\"_blank\">Aluminum Extrusion Accessories<\/a><\/li>\r\n<li><a href=\"https:\/\/sinoextrud.com\/product\/extruded-aluminum-brackets\/\" target=\"_blank\">Extruded Aluminum Brackets<\/a><\/li>\r\n<li><a href=\"https:\/\/sinoextrud.com\/product\/aluminium-extrusion-hinge\/\" target=\"_blank\">Aluminium Extrusion Hinge<\/a><\/li>\r\n<li><a href=\"https:\/\/sinoextrud.com\/product\/cnc-aluminium\/\" target=\"_blank\">Cnc Aluminium<\/a><\/li>\r\n<li><a href=\"https:\/\/sinoextrud.com\/product\/aluminum-trailer-door-frame-extrusions\/\" target=\"_blank\">Aluminum Trailer Door Frame Extrusions<\/a><\/li>\r\n<li><a href=\"https:\/\/sinoextrud.com\/product\/anodized-extruded-aluminum-j-channel\/\" target=\"_blank\">Anodized Extruded Aluminum J Channel<\/a><\/li>"},"feature_list":[]},"_links":{"self":[{"href":"https:\/\/sinoextrud.com\/hu\/wp-json\/wp\/v2\/product\/8587","targetHints":{"allow":["GET"]}}],"collection":[{"href":"https:\/\/sinoextrud.com\/hu\/wp-json\/wp\/v2\/product"}],"about":[{"href":"https:\/\/sinoextrud.com\/hu\/wp-json\/wp\/v2\/types\/product"}],"wp:featuredmedia":[{"embeddable":true,"href":"https:\/\/sinoextrud.com\/hu\/wp-json\/wp\/v2\/media\/8586"}],"wp:attachment":[{"href":"https:\/\/sinoextrud.com\/hu\/wp-json\/wp\/v2\/media?parent=8587"}],"wp:term":[{"taxonomy":"category","embeddable":true,"href":"https:\/\/sinoextrud.com\/hu\/wp-json\/wp\/v2\/categories?post=8587"}],"curies":[{"name":"wp","href":"https:\/\/api.w.org\/{rel}","templated":true}]}}