{"id":8575,"date":"2025-06-17T03:22:34","date_gmt":"2025-06-17T03:22:34","guid":{"rendered":"https:\/\/sinoextrud.com\/product\/joining-aluminium-extrusions\/"},"modified":"2025-06-24T06:34:25","modified_gmt":"2025-06-24T06:34:25","slug":"aluminium-extrudalasok-osszekotese","status":"publish","type":"product","link":"https:\/\/sinoextrud.com\/hu\/product\/joining-aluminium-extrusions\/","title":{"rendered":"Alum\u00ednium extrud\u00e1l\u00e1sok \u00f6sszek\u00f6t\u00e9se"},"content":{"rendered":"<h2>Term\u00e9kek r\u00e9szletei<\/h2>\n<table class=\"custom-table\">\n<tbody>\n<tr>\n<td> N\u00e9v<\/td>\n<td> Alum\u00ednium extrud\u00e1l\u00e1sok \u00f6sszek\u00f6t\u00e9se<\/td>\n<\/tr>\n<tr>\n<td> M\u00e1rka<\/td>\n<td> Sinoextrud\/<\/td>\n<\/tr>\n<tr>\n<td> Kateg\u00f3ria<\/td>\n<td> Alum\u00ednium extrud\u00e1l\u00e1s<\/td>\n<\/tr>\n<tr>\n<td> Anyag<\/td>\n<td> Alum\u00ednium \u00f6tv\u00f6zet (6063, 6061, 6464, 6082), 1000 \u00e9s 3000 sorozat \u00e1ll rendelkez\u00e9sre.<\/td>\n<\/tr>\n<tr>\n<td> Temper<\/td>\n<td> T5-T8<\/td>\n<\/tr>\n<tr>\n<td> Hossz\u00fas\u00e1g<\/td>\n<td> A rajz szerint<\/td>\n<\/tr>\n<tr>\n<td> M\u00e9ret (mm)<\/td>\n<td> K\u00fcl\u00f6nb\u00f6z\u0151 m\u00e9ret \u00e1ll rendelkez\u00e9sre, \u00fcgyf\u00e9l rajz \u00e1ll rendelkez\u00e9sre<\/td>\n<\/tr>\n<tr>\n<td> Fel\u00fcletkezel\u00e9s<\/td>\n<td> Er\u0151bevonat; Malom k\u00e9sz, elox\u00e1lt, homokf\u00fav\u00e1s, elektrofor\u00e9zis is rendelkez\u00e9sre \u00e1ll.<\/td>\n<\/tr>\n<tr>\n<td> Sz\u00ednes<\/td>\n<td> Ez\u00fcst, fekete, arany, Champange, bronz, piros. k\u00e9k \u00e9s testre szabhatjuk a sz\u00edneket az \u00fcgyfelek mint\u00e1i alapj\u00e1n.<\/td>\n<\/tr>\n<tr>\n<td> Garancia<\/td>\n<td> BV , TUV ,ISO<\/td>\n<\/tr>\n<tr>\n<td> Standard<\/td>\n<td> K\u00f6zepes \u00e9s magas min\u0151s\u00e9g<\/td>\n<\/tr>\n<tr>\n<td> MOQ<\/td>\n<td> 200KGS minden egyes t\u00e9telre<\/td>\n<\/tr>\n<tr>\n<td> A  c\u00edmr\u0151l<\/td>\n<td> Guangdong, K\u00edna<\/td>\n<\/tr>\n<tr>\n<td> Alkalmaz\u00e1s<\/td>\n<td> Ipar, \u00e9p\u00edt\u0151ipar, dekor\u00e1ci\u00f3<br \/>\nAz alum\u00ednium extrud\u00e1l\u00e1sok \u00f6sszekapcsol\u00e1sa sz\u00e9les k\u00f6rben haszn\u00e1latos az ipari, g\u00e9pi, kieg\u00e9sz\u00edt\u0151 alkatr\u00e9szek, ajt\u00f3 \u00e9s ablak.<\/td>\n<\/tr>\n<tr>\n<td> M\u00e9lyrehat\u00f3 feldolgoz\u00e1s<\/td>\n<td> V\u00e1g\u00e1s, f\u00far\u00e1s, megmunk\u00e1l\u00e1s, lyukaszt\u00e1s, hajl\u00edt\u00e1s, csapol\u00e1s stb.<\/td>\n<\/tr>\n<tr>\n<td> Csomag<\/td>\n<td> Bel\u00fcl v\u00e9d\u0151f\u00f3li\u00e1val, zsugorf\u00f3li\u00e1val vagy PE-habbal. K\u00edv\u00fcl doboz, karton vagy fakeret, vagy testreszab\u00e1s.<\/td>\n<\/tr>\n<tr>\n<td> Sz\u00e1ll\u00edt\u00e1si id\u0151<\/td>\n<td> A forma fejleszt\u00e9se \u00e9s a minta kialak\u00edt\u00e1sa 12-18 nap, majd a gy\u00e1rt\u00e1s id\u0151tartama 25-30 nap a vev\u0151 let\u00e9tbe helyez\u00e9se ut\u00e1n.<\/td>\n<\/tr>\n<tr>\n<td> Term\u00e9kkapacit\u00e1s<\/td>\n<td> 15,000+ tonna\/h\u00f3<\/td>\n<\/tr>\n<\/tbody>\n<\/table>\n<h2>Gy\u00e1rt\u00f3 b\u00e1zisunk<\/h2>\n<h3>Gy\u00e1ri panor\u00e1ma<\/h3>\n<p><img decoding=\"async\" src=\"\/wp-content\/uploads\/factory-01.webp\"\/><\/p>\n<h3>Alum\u00ednium r\u00fadgy\u00e1rt\u00f3 m\u0171hely<\/h3>\n<p><img decoding=\"async\" src=\"\/wp-content\/uploads\/factory-02.webp\"\/><\/p>\n<p><img decoding=\"async\" src=\"\/wp-content\/uploads\/factory-03.webp\"\/><\/p>\n<h3>Pen\u00e9sz rakt\u00e1r<\/h3>\n<p><img decoding=\"async\" src=\"\/wp-content\/uploads\/factory-04.webp\"\/><\/p>\n<h3>43 alum\u00ednium extrud\u00e1l\u00f3 vonal (500-5500 tonna)<\/h3>\n<p><img decoding=\"async\" src=\"\/wp-content\/uploads\/factory-05.webp\"\/><\/p>\n<p><img decoding=\"async\" src=\"\/wp-content\/uploads\/factory-06.webp\"\/><\/p>\n<p><img decoding=\"async\" src=\"\/wp-content\/uploads\/factory-07.webp\"\/><\/p>\n<h3>Porfest\u0151 m\u0171hely<\/h3>\n<p><img decoding=\"async\" src=\"\/wp-content\/uploads\/factory-09.webp\"\/><\/p>\n<h3>Anodiz\u00e1l\u00f3 m\u0171hely<\/h3>\n<p><img decoding=\"async\" src=\"\/wp-content\/uploads\/factory-10.webp\"\/><\/p>\n<h3>M\u00e9ly feldolgoz\u00e1si m\u0171hely<\/h3>\n<p><img decoding=\"async\" src=\"\/wp-content\/uploads\/factory-11.webp\"\/><\/p>\n<h3>CNC prec\u00edzi\u00f3s megmunk\u00e1l\u00f3 m\u0171hely<\/h3>\n<p><img decoding=\"async\" src=\"\/wp-content\/uploads\/factory-11.5.webp\"\/><\/p>\n<h3>K\u00e9szterm\u00e9k \u00e9s export rakt\u00e1r<\/h3>\n<p><img decoding=\"async\" src=\"\/wp-content\/uploads\/factory-12.webp\"\/><\/p>\n<p><img decoding=\"async\" src=\"\/wp-content\/uploads\/factory-13.webp\"\/><\/p>\n<p><img decoding=\"async\" src=\"\/wp-content\/uploads\/factory-14.webp\"\/><\/p>\n<h2>GYIK<\/h2>\n<p><p><b>1.Joining alum\u00ednium extrud\u00e1l\u00e1s: Melyek a f\u0151 m\u00f3dszerek az alum\u00ednium extrud\u00e1l\u00e1sok \u00f6sszekapcsol\u00e1s\u00e1ra?<\/b><\/p>\n<p>Az alum\u00ednium extrud\u00e1l\u00e1sok \u00f6sszekapcsol\u00e1s\u00e1nak gyakori m\u00f3dszerei k\u00f6z\u00e9 tartozik a mechanikus r\u00f6gz\u00edt\u00e9s, a hegeszt\u00e9s, a ragaszt\u00e1s \u00e9s a profilok egym\u00e1sba illeszt\u00e9se.<br \/>\n<\/p><br \/>\n<br \/>\n<p><b>2.Mennyire er\u0151sek a kapcsolatok az alum\u00ednium extrud\u00e1l\u00e1sok \u00f6sszekapcsol\u00e1sakor?<\/b><\/p>\n<p>A csatlakoz\u00e1sok er\u0151sek \u00e9s tart\u00f3sak, \u00edgy biztos\u00edtj\u00e1k a szerelv\u00e9ny szerkezeti integrit\u00e1s\u00e1t m\u00e9g stressz vagy nagy terhel\u00e9s eset\u00e9n is.<br \/>\n<\/p><br \/>\n<br \/>\n<p><b>3.Lehet-e alum\u00ednium extrud\u00e1l\u00e1sokat hegeszt\u00e9s n\u00e9lk\u00fcl \u00f6sszeilleszteni?<\/b><\/p>\n<p>Igen, az alum\u00ednium extrud\u00e1l\u00e1sok k\u00fcl\u00f6nb\u00f6z\u0151 m\u00f3dszerekkel, p\u00e9ld\u00e1ul mechanikus k\u00f6t\u0151elemekkel, ragaszt\u00f3kkal vagy egym\u00e1sba illeszked\u0151 kialak\u00edt\u00e1ssal \u00f6sszeilleszthet\u0151k, ami rugalmass\u00e1got biztos\u00edt az \u00f6sszeszerel\u00e9sben.<br \/>\n<\/p><br \/>\n<br \/>\n<p><b>4.A csatlakoztatott alum\u00ednium extrud\u00e1l\u00e1sok ellen\u00e1llnak a korr\u00f3zi\u00f3nak?<\/b><\/p>\n<p>Igen, az alum\u00ednium korr\u00f3zi\u00f3\u00e1ll\u00f3 tulajdons\u00e1gai miatt az \u00f6sszekapcsolt csatlakoz\u00e1sok tart\u00f3sak \u00e9s ide\u00e1lisak a zord k\u00f6rnyezeti k\u00f6r\u00fclm\u00e9nyek k\u00f6z\u00f6tt t\u00f6rt\u00e9n\u0151 haszn\u00e1latra.<br \/>\n<\/p><br \/>\n<br \/>\n<p><b>5.Hogyan cs\u00f6kkentik az alum\u00ednium extrud\u00e1l\u00e1sok \u00f6sszekapcsol\u00e1sa a gy\u00e1rt\u00e1si id\u0151t?<\/b><\/p>\n<p>Az olyan hat\u00e9kony csatlakoz\u00e1si m\u00f3dszerek, mint a mechanikus k\u00f6t\u0151elemek vagy a ragaszt\u00e1s felgyors\u00edthatja az \u00f6sszeszerel\u00e9si folyamatot, cs\u00f6kkentve az \u00e1tfut\u00e1si id\u0151t \u00e9s a munkaer\u0151k\u00f6lts\u00e9geket.<br \/>\n<\/p><br \/>\n<br \/>\n<p><b>6.Milyen ipar\u00e1gak profit\u00e1lnak az alum\u00ednium extrud\u00e1l\u00e1sok \u00f6sszekapcsol\u00e1s\u00e1b\u00f3l?<\/b><\/p>\n<p>Az olyan ipar\u00e1gak, mint az \u00e9p\u00edt\u0151ipar, az aut\u00f3ipar, a rep\u00fcl\u0151g\u00e9pipar \u00e9s a gy\u00e1rt\u00e1s, az alum\u00ednium extrud\u00e1l\u00e1sok k\u00f6nny\u0171, tart\u00f3s \u00e9s testre szabhat\u00f3 szerkezeti megold\u00e1sokhoz val\u00f3 csatlakoztat\u00e1s\u00e1ra t\u00e1maszkodnak.<br \/>\n<\/p><br \/>\n<br \/>\n<p><b>7.Mi\u00e9rt k\u00f6lts\u00e9ghat\u00e9kony megold\u00e1s az alum\u00ednium extrud\u00e1l\u00e1sok \u00f6sszekapcsol\u00e1sa?<\/b><\/p>\n<p>Az alum\u00ednium extrud\u00e1l\u00e1sok \u00f6sszeilleszt\u00e9se kik\u00fcsz\u00f6b\u00f6li a dr\u00e1ga hegeszt\u00e9si elj\u00e1r\u00e1sok sz\u00fcks\u00e9gess\u00e9g\u00e9t, cs\u00f6kkenti az anyaghullad\u00e9kot, \u00e9s gyorsabb \u00f6sszeszerel\u00e9st tesz lehet\u0151v\u00e9, ami \u00e1ltal\u00e1nos k\u00f6lts\u00e9gmegtakar\u00edt\u00e1st eredm\u00e9nyez.<br \/>\n<\/p><br \/><\/p>","protected":false},"featured_media":8574,"template":"","categories":[68],"class_list":["post-8575","product","type-product","status-publish","has-post-thumbnail","hentry","category-cnc-machining-aluminum-profile"],"meta_box":{"hilight_text_group":{"product_hilight_text":"<li>Easy and reliable joining solutions for aluminum extrusions<\/li>\r\r\n<li>Strong and durable connections that ensure structural integrity<\/li>\r\r\n<li>Versatile joining methods for a wide range of applications<\/li>\r\r\n<li>Cost-effective and time-saving assembly processes<\/li>\r\r\n<li>Corrosion-resistant connections suitable for demanding environments<\/li>","product_chanpin_blog":"<ul>\r\r\n<li><a href=\"https:\/\/sinoextrud.com\/t-slot-v-slot-differences\/\" target=\"_blank\">t slot vs v slot<\/a><\/li>\r\r\n<li><a href=\"https:\/\/sinoextrud.com\/what-is-4040-aluminium-extrud\/\" target=\"_blank\">4040 aluminium extrusion<\/a><\/li>\r\r\n<li><a href=\"https:\/\/sinoextrud.com\/what-is-4040-aluminium-extrud\/\" target=\"_blank\">aluminum extrusions for industrial racks<\/a><\/li>\r\r\n<li><a href=\"https:\/\/sinoextrud.com\/powder-coating-aluminium-process\/\" target=\"_blank\">powder coating aluminium<\/a><\/li>\r\r\n<li><a href=\"https:\/\/sinoextrud.com\/what-is-an-aluminium-strip-ceiling\/\" target=\"_blank\">aluminium strip ceiling<\/a><\/li>\r\r\n<li><a href=\"https:\/\/sinoextrud.com\/what-is-a-heat-sink\/\" target=\"_blank\">what is a heat sink<\/a><\/li>\r\r\n<\/ul>","product_chanpin_chanpin":"<li><a href=\"https:\/\/sinoextrud.com\/product\/circular-aluminum-extrusions\/\" target=\"_blank\">Circular Aluminum Extrusions<\/a><\/li>\r\n<li><a href=\"https:\/\/sinoextrud.com\/product\/cnc-aluminium-profile\/\" target=\"_blank\">CNC aluminium profile<\/a><\/li>\r\n<li><a href=\"https:\/\/sinoextrud.com\/product\/custom-extruded-aluminum-enclosures-used-for-motor-shell\/\" target=\"_blank\">Custom Extruded Aluminum Enclosures Used For Motor Shell<\/a><\/li>\r\n<li><a href=\"https:\/\/sinoextrud.com\/product\/high-precision-aluminium-profiles\/\" target=\"_blank\">High Precision Aluminium Profiles<\/a><\/li>\r\n<li><a href=\"https:\/\/sinoextrud.com\/product\/joining-aluminium-extrusions\/\" target=\"_blank\">Joining Aluminium Extrusions<\/a><\/li>\r\n<li><a href=\"https:\/\/sinoextrud.com\/product\/profile-aluminum-cnc\/\" target=\"_blank\">Profile Aluminum CNC<\/a><\/li>\r\n<li><a href=\"https:\/\/sinoextrud.com\/product\/cnc-aluminium-extrusion\/\" target=\"_blank\">CNC Aluminium Extrusion<\/a><\/li>\r\n<li><a href=\"https:\/\/sinoextrud.com\/product\/extruded-aluminum-housing\/\" target=\"_blank\">Extruded Aluminum Housing<\/a><\/li>\r\n<li><a href=\"https:\/\/sinoextrud.com\/product\/aluminum-machining-round-tube-processing-by-aluminum-profile-cad-vs-aluminium-alloy-customized-anodized\/\" target=\"_blank\">aluminum machining round tube processing by aluminum profile cad  vs aluminium alloy Customized Anodized<\/a><\/li>\r\n<li><a href=\"https:\/\/sinoextrud.com\/product\/aluminium-sections-for-sliding-doors\/\" target=\"_blank\">Aluminium Sections For Sliding Doors<\/a><\/li>\r\n<li><a href=\"https:\/\/sinoextrud.com\/product\/aluminum-profile-system\/\" target=\"_blank\">Aluminum Profile System<\/a><\/li>"},"feature_list":[]},"_links":{"self":[{"href":"https:\/\/sinoextrud.com\/hu\/wp-json\/wp\/v2\/product\/8575","targetHints":{"allow":["GET"]}}],"collection":[{"href":"https:\/\/sinoextrud.com\/hu\/wp-json\/wp\/v2\/product"}],"about":[{"href":"https:\/\/sinoextrud.com\/hu\/wp-json\/wp\/v2\/types\/product"}],"wp:featuredmedia":[{"embeddable":true,"href":"https:\/\/sinoextrud.com\/hu\/wp-json\/wp\/v2\/media\/8574"}],"wp:attachment":[{"href":"https:\/\/sinoextrud.com\/hu\/wp-json\/wp\/v2\/media?parent=8575"}],"wp:term":[{"taxonomy":"category","embeddable":true,"href":"https:\/\/sinoextrud.com\/hu\/wp-json\/wp\/v2\/categories?post=8575"}],"curies":[{"name":"wp","href":"https:\/\/api.w.org\/{rel}","templated":true}]}}