{"id":8572,"date":"2025-06-17T03:21:12","date_gmt":"2025-06-17T03:21:12","guid":{"rendered":"https:\/\/sinoextrud.com\/product\/high-precision-aluminium-profiles\/"},"modified":"2025-06-24T06:34:24","modified_gmt":"2025-06-24T06:34:24","slug":"nagy-pontossagu-aluminium-profilok","status":"publish","type":"product","link":"https:\/\/sinoextrud.com\/hu\/product\/high-precision-aluminium-profiles\/","title":{"rendered":"Nagy pontoss\u00e1g\u00fa alum\u00ednium profilok"},"content":{"rendered":"<h2>Term\u00e9kek r\u00e9szletei<\/h2>\n<table class=\"custom-table\">\n<tr>\n<td class=\"label\">C\u00edm<\/td>\n<td>Nagy pontoss\u00e1g\u00fa alum\u00ednium profilok<\/td>\n<\/tr>\n<\/table>\n<h2>Gy\u00e1rt\u00f3 b\u00e1zisunk<\/h2>\n<h3>Gy\u00e1ri panor\u00e1ma<\/h3>\n<p><img decoding=\"async\" src=\"\/wp-content\/uploads\/factory-01.webp\"\/><\/p>\n<h3>Alum\u00ednium r\u00fadgy\u00e1rt\u00f3 m\u0171hely<\/h3>\n<p><img decoding=\"async\" src=\"\/wp-content\/uploads\/factory-02.webp\"\/><\/p>\n<\/p>\n<p><img decoding=\"async\" src=\"\/wp-content\/uploads\/factory-03.webp\"\/><\/p>\n<h3>Pen\u00e9sz rakt\u00e1r<\/h3>\n<p><img decoding=\"async\" src=\"\/wp-content\/uploads\/factory-04.webp\"\/><\/p>\n<h3>43 alum\u00ednium extrud\u00e1l\u00f3 vonal (500-5500 tonna)<\/h3>\n<p><img decoding=\"async\" src=\"\/wp-content\/uploads\/factory-05.webp\"\/><\/p>\n<p><img decoding=\"async\" src=\"\/wp-content\/uploads\/factory-06.webp\"\/><\/p>\n<p><img decoding=\"async\" src=\"\/wp-content\/uploads\/factory-07.webp\"\/><\/p>\n<h3>Porfest\u0151 m\u0171hely<\/h3>\n<p><img decoding=\"async\" src=\"\/wp-content\/uploads\/factory-09.webp\"\/><\/p>\n<h3>Anodiz\u00e1l\u00f3 m\u0171hely<\/h3>\n<p><img decoding=\"async\" src=\"\/wp-content\/uploads\/factory-10.webp\"\/><\/p>\n<h3>M\u00e9ly feldolgoz\u00e1si m\u0171hely<\/h3>\n<p><img decoding=\"async\" src=\"\/wp-content\/uploads\/factory-11.webp\"\/><\/p>\n<h3>CNC prec\u00edzi\u00f3s megmunk\u00e1l\u00f3 m\u0171hely<\/h3>\n<p><img decoding=\"async\" src=\"\/wp-content\/uploads\/factory-11.5.webp\"\/><\/p>\n<h3>K\u00e9szterm\u00e9k \u00e9s export rakt\u00e1r<\/h3>\n<p><img decoding=\"async\" src=\"\/wp-content\/uploads\/factory-12.webp\"\/><\/p>\n<p><img decoding=\"async\" src=\"\/wp-content\/uploads\/factory-13.webp\"\/><\/p>\n<p><img decoding=\"async\" src=\"\/wp-content\/uploads\/factory-14.webp\"\/><\/p>\n<h2>GYIK<\/h2>\n<p><b>1.High Prec\u00edzi\u00f3s alum\u00ednium profilok: Mi k\u00fcl\u00f6nb\u00f6zteti meg \u0151ket a standard alum\u00ednium profilokt\u00f3l?<\/b><\/p>\n<p>A nagy pontoss\u00e1g\u00fa alum\u00edniumprofilok szigor\u00fabb t\u0171r\u00e9seket \u00e9s kiv\u00e1l\u00f3 pontoss\u00e1got k\u00edn\u00e1lnak, \u00edgy ide\u00e1lisak az olyan ig\u00e9nyes alkalmaz\u00e1sokhoz, mint a rep\u00fcl\u0151g\u00e9pipar, az aut\u00f3ipar \u00e9s az elektronikai ipar.\n<\/p>\n<p><\/p>\n<p><b>2.Mennyire tart\u00f3sak a nagy pontoss\u00e1g\u00fa alum\u00ednium profilok?<\/b><\/p>\n<p>A nagy pontoss\u00e1g\u00fa alum\u00edniumprofilok korr\u00f3zi\u00f3\u00e1ll\u00f3ak, \u00edgy hossz\u00fa t\u00e1v\u00fa \u00e9s megb\u00edzhat\u00f3 teljes\u00edtm\u00e9nyt biztos\u00edtanak a zord k\u00f6rnyezetben.\n<\/p>\n<p><\/p>\n<p><b>3.A nagy pontoss\u00e1g\u00fa alum\u00ednium profilok testreszabhat\u00f3k egyedi alkalmaz\u00e1sokhoz?<\/b><\/p>\n<p>Igen, ezek a profilok testre szabhat\u00f3k, hogy megfeleljenek a k\u00fcl\u00f6nb\u00f6z\u0151 ipar\u00e1gak egyedi m\u00e9ret-, szil\u00e1rds\u00e1gi \u00e9s tervez\u00e9si k\u00f6vetelm\u00e9nyeinek.\n<\/p>\n<p><\/p>\n<p><b>4.Mik a nagy pontoss\u00e1g\u00fa alum\u00edniumprofilok haszn\u00e1lat\u00e1nak f\u0151 el\u0151nyei?<\/b><\/p>\n<p>A f\u0151 el\u0151ny\u00f6k k\u00f6z\u00e9 tartozik a kiv\u00e1l\u00f3 szil\u00e1rds\u00e1g, a k\u00f6nny\u0171 s\u00faly, a magas korr\u00f3zi\u00f3\u00e1ll\u00f3s\u00e1g \u00e9s az egyedi alkalmaz\u00e1sokhoz val\u00f3 testreszabhat\u00f3s\u00e1g.\n<\/p>\n<p><\/p>\n<p><b>5.A nagy pontoss\u00e1g\u00fa alum\u00ednium profilok k\u00f6rnyezetbar\u00e1tok?<\/b><\/p>\n<p>Igen, az alum\u00ednium nagym\u00e9rt\u00e9kben \u00fajrahasznos\u00edthat\u00f3 anyag, \u00edgy a nagy pontoss\u00e1g\u00fa alum\u00edniumprofilok k\u00f6rnyezetbar\u00e1t v\u00e1laszt\u00e1snak bizonyulnak a k\u00fcl\u00f6nb\u00f6z\u0151 ipar\u00e1gak sz\u00e1m\u00e1ra.\n<\/p>\n<p><\/p>\n<p><b>6.Mely ipar\u00e1gak sz\u00e1m\u00e1ra el\u0151ny\u00f6sek a nagy pontoss\u00e1g\u00fa alum\u00edniumprofilok?<\/b><\/p>\n<p>Az olyan ipar\u00e1gak, mint a rep\u00fcl\u0151g\u00e9pipar, az aut\u00f3ipar, az elektronika \u00e9s az \u00e9p\u00edt\u0151ipar, nagy pontoss\u00e1g\u00fa alum\u00edniumprofilokra t\u00e1maszkodnak szerkezeti \u00e9s funkcion\u00e1lis alkalmaz\u00e1saikban.\n<\/p>\n<p><\/p>\n<p><b>7.Mi\u00e9rt v\u00e1lassza a nagy pontoss\u00e1g\u00fa alum\u00ednium profilokat m\u00e1s anyagokkal szemben?<\/b><\/p>\n<p>A nagy pontoss\u00e1g\u00fa alum\u00edniumprofilok a szil\u00e1rds\u00e1g, a k\u00f6nny\u0171 kialak\u00edt\u00e1s \u00e9s a tart\u00f3ss\u00e1g egyed\u00fcl\u00e1ll\u00f3 kombin\u00e1ci\u00f3j\u00e1t ny\u00fajtj\u00e1k, \u00edgy ide\u00e1lisak olyan alkalmaz\u00e1sokhoz, ahol a teljes\u00edtm\u00e9ny \u00e9s a hat\u00e9konys\u00e1g kulcsfontoss\u00e1g\u00fa.\n<\/p>\n<p><\/p>","protected":false},"featured_media":8571,"template":"","categories":[68],"class_list":["post-8572","product","type-product","status-publish","has-post-thumbnail","hentry","category-cnc-machining-aluminum-profile"],"meta_box":{"hilight_text_group":{"product_hilight_text":"<li>Superior precision and tolerance for high-performance applications<\/li>\r\r\n<li>Corrosion-resistant, ensuring long-term durability and reliability<\/li>\r\r\n<li>Lightweight yet strong, ideal for structural and industrial uses<\/li>\r\r\n<li>Customizable designs to meet specific client needs and specifications<\/li>\r\r\n<li>Eco-friendly and recyclable, supporting sustainable development<\/li>","product_chanpin_blog":"<ul>\r\r\n<li><a href=\"https:\/\/sinoextrud.com\/t-slot-v-slot-differences\/\" target=\"_blank\">t slot vs v slot<\/a><\/li>\r\r\n<li><a href=\"https:\/\/sinoextrud.com\/what-is-4040-aluminium-extrud\/\" target=\"_blank\">4040 aluminium extrusion<\/a><\/li>\r\r\n<li><a href=\"https:\/\/sinoextrud.com\/what-is-4040-aluminium-extrud\/\" target=\"_blank\">aluminum extrusions for industrial racks<\/a><\/li>\r\r\n<li><a href=\"https:\/\/sinoextrud.com\/powder-coating-aluminium-process\/\" target=\"_blank\">powder coating aluminium<\/a><\/li>\r\r\n<li><a href=\"https:\/\/sinoextrud.com\/what-is-an-aluminium-strip-ceiling\/\" target=\"_blank\">aluminium strip ceiling<\/a><\/li>\r\r\n<li><a href=\"https:\/\/sinoextrud.com\/what-is-a-heat-sink\/\" target=\"_blank\">what is a heat sink<\/a><\/li>\r\r\n<\/ul>","product_chanpin_chanpin":"<li><a href=\"https:\/\/sinoextrud.com\/product\/cnc-machining-aluminum-profiles\/\" target=\"_blank\">CNC Machining Aluminum Profiles<\/a><\/li>\r\n<li><a href=\"https:\/\/sinoextrud.com\/product\/circular-aluminum-extrusions\/\" target=\"_blank\">Circular Aluminum Extrusions<\/a><\/li>\r\n<li><a href=\"https:\/\/sinoextrud.com\/product\/cnc-aluminium-profile\/\" target=\"_blank\">CNC aluminium profile<\/a><\/li>\r\n<li><a href=\"https:\/\/sinoextrud.com\/product\/custom-extruded-aluminum-enclosures-used-for-motor-shell\/\" target=\"_blank\">Custom Extruded Aluminum Enclosures Used For Motor Shell<\/a><\/li>\r\n<li><a href=\"https:\/\/sinoextrud.com\/product\/high-precision-aluminium-profiles\/\" target=\"_blank\">High Precision Aluminium Profiles<\/a><\/li>\r\n<li><a href=\"https:\/\/sinoextrud.com\/product\/joining-aluminium-extrusions\/\" target=\"_blank\">Joining Aluminium Extrusions<\/a><\/li>\r\n<li><a href=\"https:\/\/sinoextrud.com\/product\/profile-aluminum-cnc\/\" target=\"_blank\">Profile Aluminum CNC<\/a><\/li>\r\n<li><a href=\"https:\/\/sinoextrud.com\/product\/cnc-aluminium-extrusion\/\" target=\"_blank\">CNC Aluminium Extrusion<\/a><\/li>\r\n<li><a href=\"https:\/\/sinoextrud.com\/product\/extruded-aluminum-housing\/\" target=\"_blank\">Extruded Aluminum Housing<\/a><\/li>\r\n<li><a href=\"https:\/\/sinoextrud.com\/product\/cabinet-aluminum-profile\/\" target=\"_blank\">Cabinet Aluminum Profile<\/a><\/li>\r\n<li><a href=\"https:\/\/sinoextrud.com\/product\/custom-high-quality-6063-powder-coating-aluminum-pergola-profile\/\" target=\"_blank\">Custom High-quality 6063 Powder Coating Aluminum Pergola Profile<\/a><\/li>"},"feature_list":[]},"_links":{"self":[{"href":"https:\/\/sinoextrud.com\/hu\/wp-json\/wp\/v2\/product\/8572","targetHints":{"allow":["GET"]}}],"collection":[{"href":"https:\/\/sinoextrud.com\/hu\/wp-json\/wp\/v2\/product"}],"about":[{"href":"https:\/\/sinoextrud.com\/hu\/wp-json\/wp\/v2\/types\/product"}],"wp:featuredmedia":[{"embeddable":true,"href":"https:\/\/sinoextrud.com\/hu\/wp-json\/wp\/v2\/media\/8571"}],"wp:attachment":[{"href":"https:\/\/sinoextrud.com\/hu\/wp-json\/wp\/v2\/media?parent=8572"}],"wp:term":[{"taxonomy":"category","embeddable":true,"href":"https:\/\/sinoextrud.com\/hu\/wp-json\/wp\/v2\/categories?post=8572"}],"curies":[{"name":"wp","href":"https:\/\/api.w.org\/{rel}","templated":true}]}}