{"id":8568,"date":"2025-06-17T03:15:29","date_gmt":"2025-06-17T03:15:29","guid":{"rendered":"https:\/\/sinoextrud.com\/product\/cnc-aluminium-profile\/"},"modified":"2025-06-24T06:34:24","modified_gmt":"2025-06-24T06:34:24","slug":"cnc-aluminium-profil-2","status":"publish","type":"product","link":"https:\/\/sinoextrud.com\/hu\/product\/cnc-aluminium-profile\/","title":{"rendered":"CNC alum\u00ednium profil"},"content":{"rendered":"<h2>Term\u00e9kek r\u00e9szletei<\/h2>\n<table class=\"custom-table\">\n<tr>\n<td class=\"label\">Modell NO.:<\/td>\n<td> 7002 alum\u00ednium profil<\/td>\n<\/tr>\n<tr>\n<td class=\"label\">Tan\u00fas\u00edt\u00e1s:<\/td>\n<td> RoHS, SGS, ISO9001<\/td>\n<\/tr>\n<tr>\n<td class=\"label\">Anyag:<\/td>\n<td> Alum\u00ednium 6063<\/td>\n<\/tr>\n<tr>\n<td class=\"label\">Term\u00e9k neve:<\/td>\n<td> CNC alum\u00ednium profil<\/td>\n<\/tr>\n<tr>\n<td class=\"label\">Fel\u00fcletkezel\u00e9s:<\/td>\n<td> Homokf\u00fav\u00e1s, elox\u00e1l\u00e1s, fest\u00e9s<\/td>\n<\/tr>\n<tr>\n<td class=\"label\">MOQ:<\/td>\n<td> 2000 darab<\/td>\n<\/tr>\n<tr>\n<td class=\"label\">Min\u0151s\u00e9gellen\u0151rz\u00e9s:<\/td>\n<td> ISO 9001 min\u0151s\u00e9gbiztos\u00edt\u00e1si rendszer ellen\u0151rz\u00e9se<\/td>\n<\/tr>\n<tr>\n<td class=\"label\">Kulcsfontoss\u00e1g\u00fa jellemz\u0151k:<\/td>\n<td> Prec\u00edzi\u00f3s m\u00e9ret, sz\u00ednes<\/td>\n<\/tr>\n<tr>\n<td class=\"label\">Specifik\u00e1ci\u00f3:<\/td>\n<td> OEM<\/td>\n<\/tr>\n<tr>\n<td class=\"label\">Felt\u00e9tel:<\/td>\n<td> \u00daj<\/td>\n<\/tr>\n<tr>\n<td class=\"label\">Alkalmaz\u00e1s:<\/td>\n<td> F\u00e9m \u00fajrahasznos\u00edt\u00f3 g\u00e9p, f\u00e9mv\u00e1g\u00f3 g\u00e9p, f\u00e9mfeldolgoz\u00f3 g\u00e9pek alkatr\u00e9szei, f\u00e9m grav\u00edroz\u00f3 g\u00e9pek, f\u00e9m bevon\u00f3 g\u00e9pek, f\u00e9m\u00f6nt\u0151 g\u00e9pek, f\u00e9m\u00f6nt\u0151 g\u00e9pek<\/td>\n<\/tr>\n<tr>\n<td class=\"label\">Minta:<\/td>\n<td> Testreszabott<\/td>\n<\/tr>\n<tr>\n<td class=\"label\">Munkav\u00e1llal\u00f3i tolerancia:<\/td>\n<td> +\/- 0,2 mm<\/td>\n<\/tr>\n<tr>\n<td class=\"label\">OEM\/ODM:<\/td>\n<td> Elfogadhat\u00f3<\/td>\n<\/tr>\n<tr>\n<td class=\"label\">Sz\u00e1ll\u00edt\u00e1si csomag:<\/td>\n<td> Poli t\u00e1ska minden egyes darabhoz, t\u00f6bb sz\u00e1z kartondobozhoz, vagy az \u00fcgyfelek k\u00e9r\u00e9s\u00e9re<\/td>\n<\/tr>\n<tr>\n<td class=\"label\">Eredet:<\/td>\n<td> Foshan K\u00edna<\/td>\n<\/tr>\n<\/table>\n<h2>Gy\u00e1rt\u00f3 b\u00e1zisunk<\/h2>\n<h3>Gy\u00e1ri panor\u00e1ma<\/h3>\n<p><img decoding=\"async\" src=\"\/wp-content\/uploads\/factory-01.webp\"\/><\/p>\n<h3>Alum\u00ednium r\u00fadgy\u00e1rt\u00f3 m\u0171hely<\/h3>\n<p><img decoding=\"async\" src=\"\/wp-content\/uploads\/factory-02.webp\"\/><\/p>\n<\/p>\n<p><img decoding=\"async\" src=\"\/wp-content\/uploads\/factory-03.webp\"\/><\/p>\n<h3>Pen\u00e9sz rakt\u00e1r<\/h3>\n<p><img decoding=\"async\" src=\"\/wp-content\/uploads\/factory-04.webp\"\/><\/p>\n<h3>43 alum\u00ednium extrud\u00e1l\u00f3 vonal (500-5500 tonna)<\/h3>\n<p><img decoding=\"async\" src=\"\/wp-content\/uploads\/factory-05.webp\"\/><\/p>\n<p><img decoding=\"async\" src=\"\/wp-content\/uploads\/factory-06.webp\"\/><\/p>\n<p><img decoding=\"async\" src=\"\/wp-content\/uploads\/factory-07.webp\"\/><\/p>\n<h3>Porfest\u0151 m\u0171hely<\/h3>\n<p><img decoding=\"async\" src=\"\/wp-content\/uploads\/factory-09.webp\"\/><\/p>\n<h3>Anodiz\u00e1l\u00f3 m\u0171hely<\/h3>\n<p><img decoding=\"async\" src=\"\/wp-content\/uploads\/factory-10.webp\"\/><\/p>\n<h3>M\u00e9ly feldolgoz\u00e1si m\u0171hely<\/h3>\n<p><img decoding=\"async\" src=\"\/wp-content\/uploads\/factory-11.webp\"\/><\/p>\n<h3>CNC prec\u00edzi\u00f3s megmunk\u00e1l\u00f3 m\u0171hely<\/h3>\n<p><img decoding=\"async\" src=\"\/wp-content\/uploads\/factory-11.5.webp\"\/><\/p>\n<h3>K\u00e9szterm\u00e9k \u00e9s export rakt\u00e1r<\/h3>\n<p><img decoding=\"async\" src=\"\/wp-content\/uploads\/factory-12.webp\"\/><\/p>\n<p><img decoding=\"async\" src=\"\/wp-content\/uploads\/factory-13.webp\"\/><\/p>\n<p><img decoding=\"async\" src=\"\/wp-content\/uploads\/factory-14.webp\"\/><\/p>\n<h2>GYIK<\/h2>\n<p><b>1.Mi az a CNC alum\u00ednium profil?<\/b><\/p>\n<p>A CNC alum\u00ednium profil egy CNC megmunk\u00e1l\u00e1si technol\u00f3gi\u00e1val el\u0151\u00e1ll\u00edtott, egyedi alum\u00ednium alkatr\u00e9sz, amely nagy pontoss\u00e1got \u00e9s rugalmass\u00e1got k\u00edn\u00e1l a k\u00fcl\u00f6nb\u00f6z\u0151 ipari alkalmaz\u00e1sokhoz.\n<\/p>\n<p><\/p>\n<p><b>2.Mi\u00e9rt haszn\u00e1lj\u00e1k a CNC megmunk\u00e1l\u00e1st az alum\u00ednium profilokhoz?<\/b><\/p>\n<p>A CNC megmunk\u00e1l\u00e1s nagy pontoss\u00e1got tesz lehet\u0151v\u00e9, valamint \u00f6sszetett \u00e9s egyedi form\u00e1k l\u00e9trehoz\u00e1s\u00e1nak k\u00e9pess\u00e9g\u00e9t, \u00edgy ide\u00e1lis a sz\u00e1mos ipar\u00e1gban haszn\u00e1lt alum\u00edniumprofilok gy\u00e1rt\u00e1s\u00e1ra.\n<\/p>\n<p><\/p>\n<p><b>3.Mennyire pontosak a CNC alum\u00ednium profilok?<\/b><\/p>\n<p>A CNC alum\u00ednium profilok nagy pontoss\u00e1ggal k\u00e9sz\u00fclnek, \u00edgy sz\u0171k t\u0171r\u00e9seket \u00e9s kiv\u00e1l\u00f3 m\u00e9retpontoss\u00e1got biztos\u00edtanak az ig\u00e9nyes alkalmaz\u00e1sokhoz.\n<\/p>\n<p><\/p>\n<p><b>4.Can CNC alum\u00ednium profilok testre szabhat\u00f3?<\/b><\/p>\n<p>Igen, a CNC alum\u00ednium profilok k\u00f6nnyen testre szabhat\u00f3k, hogy megfeleljenek az egyedi k\u00f6vetelm\u00e9nyeknek, bele\u00e9rtve az egyedi form\u00e1kat, m\u00e9reteket \u00e9s formaterveket a k\u00fcl\u00f6nb\u00f6z\u0151 alkalmaz\u00e1sokhoz.\n<\/p>\n<p><\/p>\n<p><b>5.Milyen ipar\u00e1gak profit\u00e1lnak a CNC alum\u00ednium profilokb\u00f3l?<\/b><\/p>\n<p>Az olyan ipar\u00e1gak, mint az \u00e9p\u00edt\u0151ipar, az aut\u00f3ipar, a rep\u00fcl\u0151g\u00e9pipar \u00e9s az elektronika, a CNC alum\u00edniumprofilok szil\u00e1rds\u00e1guk, k\u00f6nny\u0171 s\u00falyuk \u00e9s rugalmass\u00e1guk miatt \u00e9lvezik a CNC alum\u00edniumprofilok el\u0151nyeit.\n<\/p>\n<p><\/p>\n<p><b>6.Milyen gyorsan lehet CNC alum\u00ednium profilokat gy\u00e1rtani?<\/b><\/p>\n<p>A CNC alum\u00ednium profilok gyorsan gy\u00e1rthat\u00f3k, hat\u00e9kony megmunk\u00e1l\u00e1si elj\u00e1r\u00e1sokkal, amelyek gyors \u00e1tfut\u00e1si id\u0151t biztos\u00edtanak mind a kis-, mind a nagy\u00fczemi gy\u00e1rt\u00e1shoz.\n<\/p>\n<p><\/p>\n<p><b>7.Are CNC alum\u00ednium profilok k\u00f6lts\u00e9ghat\u00e9konyak?<\/b><\/p>\n<p>Igen, a CNC alum\u00ednium profilok k\u00f6lts\u00e9ghat\u00e9kony megold\u00e1st k\u00edn\u00e1lnak az egyedi alkatr\u00e9szekhez, magas min\u0151s\u00e9get biztos\u00edtanak versenyk\u00e9pes \u00e1ron, \u00e9s alkalmasak k\u00fcl\u00f6nb\u00f6z\u0151 gy\u00e1rt\u00e1si l\u00e9pt\u00e9kekre.\n<\/p>\n<p><\/p>","protected":false},"featured_media":8567,"template":"","categories":[68],"class_list":["post-8568","product","type-product","status-publish","has-post-thumbnail","hentry","category-cnc-machining-aluminum-profile"],"meta_box":{"hilight_text_group":{"product_hilight_text":"<li>High precision CNC machining for custom aluminum profiles<\/li>\r\r\n<li>Versatile designs for various industries including construction, automotive, and electronics<\/li>\r\r\n<li>Durable, corrosion-resistant, and lightweight aluminum material<\/li>\r\r\n<li>Cost-effective production with fast turnaround times<\/li>\r\r\n<li>Tailored solutions for complex shapes and dimensions<\/li>\r\r\n<li>Superior surface finish and dimensional accuracy<\/li>","product_chanpin_blog":"<ul>\r\r\n<li><a href=\"https:\/\/sinoextrud.com\/t-slot-v-slot-differences\/\" target=\"_blank\">t slot vs v slot<\/a><\/li>\r\r\n<li><a href=\"https:\/\/sinoextrud.com\/what-is-4040-aluminium-extrud\/\" target=\"_blank\">4040 aluminium extrusion<\/a><\/li>\r\r\n<li><a href=\"https:\/\/sinoextrud.com\/what-is-4040-aluminium-extrud\/\" target=\"_blank\">aluminum extrusions for industrial racks<\/a><\/li>\r\r\n<li><a href=\"https:\/\/sinoextrud.com\/powder-coating-aluminium-process\/\" target=\"_blank\">powder coating aluminium<\/a><\/li>\r\r\n<li><a href=\"https:\/\/sinoextrud.com\/what-is-an-aluminium-strip-ceiling\/\" target=\"_blank\">aluminium strip ceiling<\/a><\/li>\r\r\n<li><a href=\"https:\/\/sinoextrud.com\/what-is-a-heat-sink\/\" target=\"_blank\">what is a heat sink<\/a><\/li>\r\r\n<\/ul>","product_chanpin_chanpin":"<li><a href=\"https:\/\/sinoextrud.com\/product\/special-aluminium-extrusions\/\" target=\"_blank\">Special Aluminium Extrusions<\/a><\/li>\r\n<li><a href=\"https:\/\/sinoextrud.com\/product\/cutting-aluminium-extrusion\/\" target=\"_blank\">Cutting Aluminium Extrusion<\/a><\/li>\r\n<li><a href=\"https:\/\/sinoextrud.com\/product\/cnc-machining-aluminum-profiles\/\" target=\"_blank\">CNC Machining Aluminum Profiles<\/a><\/li>\r\n<li><a href=\"https:\/\/sinoextrud.com\/product\/circular-aluminum-extrusions\/\" target=\"_blank\">Circular Aluminum Extrusions<\/a><\/li>\r\n<li><a href=\"https:\/\/sinoextrud.com\/product\/cnc-aluminium-profile\/\" target=\"_blank\">CNC aluminium profile<\/a><\/li>\r\n<li><a href=\"https:\/\/sinoextrud.com\/product\/custom-extruded-aluminum-enclosures-used-for-motor-shell\/\" target=\"_blank\">Custom Extruded Aluminum Enclosures Used For Motor Shell<\/a><\/li>\r\n<li><a href=\"https:\/\/sinoextrud.com\/product\/high-precision-aluminium-profiles\/\" target=\"_blank\">High Precision Aluminium Profiles<\/a><\/li>\r\n<li><a href=\"https:\/\/sinoextrud.com\/product\/joining-aluminium-extrusions\/\" target=\"_blank\">Joining Aluminium Extrusions<\/a><\/li>\r\n<li><a href=\"https:\/\/sinoextrud.com\/product\/profile-aluminum-cnc\/\" target=\"_blank\">Profile Aluminum CNC<\/a><\/li>\r\n<li><a href=\"https:\/\/sinoextrud.com\/product\/aluminium-solar-frame-profile\/\" target=\"_blank\">Aluminium Solar Frame Profile<\/a><\/li>\r\n<li><a href=\"https:\/\/sinoextrud.com\/product\/10x10-aluminum-extrusion-for-decoration\/\" target=\"_blank\">10\u00c3\u201410 Aluminum Extrusion For Decoration<\/a><\/li>"},"feature_list":[]},"_links":{"self":[{"href":"https:\/\/sinoextrud.com\/hu\/wp-json\/wp\/v2\/product\/8568","targetHints":{"allow":["GET"]}}],"collection":[{"href":"https:\/\/sinoextrud.com\/hu\/wp-json\/wp\/v2\/product"}],"about":[{"href":"https:\/\/sinoextrud.com\/hu\/wp-json\/wp\/v2\/types\/product"}],"wp:featuredmedia":[{"embeddable":true,"href":"https:\/\/sinoextrud.com\/hu\/wp-json\/wp\/v2\/media\/8567"}],"wp:attachment":[{"href":"https:\/\/sinoextrud.com\/hu\/wp-json\/wp\/v2\/media?parent=8568"}],"wp:term":[{"taxonomy":"category","embeddable":true,"href":"https:\/\/sinoextrud.com\/hu\/wp-json\/wp\/v2\/categories?post=8568"}],"curies":[{"name":"wp","href":"https:\/\/api.w.org\/{rel}","templated":true}]}}