{"id":8560,"date":"2025-06-17T03:07:54","date_gmt":"2025-06-17T03:07:54","guid":{"rendered":"https:\/\/sinoextrud.com\/product\/special-aluminium-extrusions\/"},"modified":"2025-06-24T06:34:23","modified_gmt":"2025-06-24T06:34:23","slug":"specialis-aluminium-extrudalt-termekek","status":"publish","type":"product","link":"https:\/\/sinoextrud.com\/hu\/product\/special-aluminium-extrusions\/","title":{"rendered":"Speci\u00e1lis alum\u00ednium extrud\u00e1l\u00e1sok"},"content":{"rendered":"<h2>Term\u00e9kek r\u00e9szletei<\/h2>\n<table class=\"custom-table\">\n<tr>\n<td class=\"label\">Anyag<\/td>\n<td>Alum\u00ednium \u00f6tv\u00f6zet6063 \u00f6tv\u00f6zet stb., opcion\u00e1lis az \u00fcgyf\u00e9l \u00e1ltal.<\/td>\n<\/tr>\n<tr>\n<td class=\"label\">Szerkezet<\/td>\n<td>speci\u00e1lis alum\u00ednium extrud\u00e1lt term\u00e9kek<\/td>\n<\/tr>\n<tr>\n<td class=\"label\">M\u00e9retek<\/td>\n<td>az \u00fcgyf\u00e9l tervei szerint<\/td>\n<\/tr>\n<tr>\n<td class=\"label\">berendez\u00e9s<\/td>\n<td>CNC megmunk\u00e1l\u00f3k\u00f6zpont, CNC eszterga, k\u00f6sz\u00f6r\u0171g\u00e9p, automata esztergag\u00e9p,<br \/>\nhagyom\u00e1nyos esztergag\u00e9p, mar\u00f3g\u00e9p, f\u00far\u00f3g\u00e9p, EDM stb.<\/td>\n<\/tr>\n<tr>\n<td class=\"label\">\u00d6sszeszerel\u00e9s<\/td>\n<td>2 r\u00e9sz osztott burkolat + 2 v\u00e9glemez (1,5 mm vastags\u00e1g) + 8 db csavar (M3X6D)<\/td>\n<\/tr>\n<tr>\n<td class=\"label\">Befejez\u00e9s<\/td>\n<td>Malom befejezett , elox\u00e1lt , homokf\u00favott , szitanyom\u00e1s . Lyukaszt\u00e1s, f\u00fart lyukak<\/td>\n<\/tr>\n<tr>\n<td class=\"label\">Szolg\u00e1ltat\u00e1sunk<\/td>\n<td>Megmunk\u00e1l\u00e1s, eszterg\u00e1l\u00e1s, mar\u00e1s, b\u00e9lyegz\u00e9s, \u00f6nt\u00e9s<\/td>\n<\/tr>\n<tr>\n<td class=\"label\">Alkalmaz\u00e1s:<\/td>\n<td>Automatiz\u00e1l\u00e1si g\u00e9p, orvosi eszk\u00f6z, ipari g\u00e9p, aut\u00f3, elektromos k\u00e9sz\u00fcl\u00e9k stb.<\/td>\n<\/tr>\n<tr>\n<td class=\"label\">Rajzol\u00e1si form\u00e1tum:<\/td>\n<td>pdf\/.dwg\/.igs.\/.STP\/X_t. stb.<\/td>\n<\/tr>\n<\/table>\n<h2>Gy\u00e1rt\u00f3 b\u00e1zisunk<\/h2>\n<h3>Gy\u00e1ri panor\u00e1ma<\/h3>\n<p><img decoding=\"async\" src=\"\/wp-content\/uploads\/factory-01.webp\"\/><\/p>\n<h3>Alum\u00ednium r\u00fadgy\u00e1rt\u00f3 m\u0171hely<\/h3>\n<p><img decoding=\"async\" src=\"\/wp-content\/uploads\/factory-02.webp\"\/><\/p>\n<\/p>\n<p><img decoding=\"async\" src=\"\/wp-content\/uploads\/factory-03.webp\"\/><\/p>\n<h3>Pen\u00e9sz rakt\u00e1r<\/h3>\n<p><img decoding=\"async\" src=\"\/wp-content\/uploads\/factory-04.webp\"\/><\/p>\n<h3>43 alum\u00ednium extrud\u00e1l\u00f3 vonal (500-5500 tonna)<\/h3>\n<p><img decoding=\"async\" src=\"\/wp-content\/uploads\/factory-05.webp\"\/><\/p>\n<p><img decoding=\"async\" src=\"\/wp-content\/uploads\/factory-06.webp\"\/><\/p>\n<p><img decoding=\"async\" src=\"\/wp-content\/uploads\/factory-07.webp\"\/><\/p>\n<h3>Porfest\u0151 m\u0171hely<\/h3>\n<p><img decoding=\"async\" src=\"\/wp-content\/uploads\/factory-09.webp\"\/><\/p>\n<h3>Anodiz\u00e1l\u00f3 m\u0171hely<\/h3>\n<p><img decoding=\"async\" src=\"\/wp-content\/uploads\/factory-10.webp\"\/><\/p>\n<h3>M\u00e9ly feldolgoz\u00e1si m\u0171hely<\/h3>\n<p><img decoding=\"async\" src=\"\/wp-content\/uploads\/factory-11.webp\"\/><\/p>\n<h3>CNC prec\u00edzi\u00f3s megmunk\u00e1l\u00f3 m\u0171hely<\/h3>\n<p><img decoding=\"async\" src=\"\/wp-content\/uploads\/factory-11.5.webp\"\/><\/p>\n<h3>K\u00e9szterm\u00e9k \u00e9s export rakt\u00e1r<\/h3>\n<p><img decoding=\"async\" src=\"\/wp-content\/uploads\/factory-12.webp\"\/><\/p>\n<p><img decoding=\"async\" src=\"\/wp-content\/uploads\/factory-13.webp\"\/><\/p>\n<p><img decoding=\"async\" src=\"\/wp-content\/uploads\/factory-14.webp\"\/><\/p>\n<h2>GYIK<\/h2>\n<p><b>1.Mi a speci\u00e1lis alum\u00ednium extrud\u00e1l\u00e1s?<\/b><\/p>\n<p>A speci\u00e1lis alum\u00ednium extrud\u00e1l\u00e1sok egyedi tervez\u00e9s\u0171, extrud\u00e1l\u00e1si elj\u00e1r\u00e1ssal el\u0151\u00e1ll\u00edtott alum\u00edniumprofilok, amelyeket egyedi form\u00e1kat \u00e9s specifik\u00e1ci\u00f3kat ig\u00e9nyl\u0151 speci\u00e1lis ipari alkalmaz\u00e1sokhoz haszn\u00e1lnak.\n<\/p>\n<p><\/p>\n<p><b>2.Mik a speci\u00e1lis alum\u00ednium extrud\u00e1l\u00e1sok el\u0151nyei?<\/b><\/p>\n<p>A speci\u00e1lis alum\u00ednium extrud\u00e1l\u00e1sok egyedi tervez\u00e9si rugalmass\u00e1got, nagy szil\u00e1rds\u00e1got, korr\u00f3zi\u00f3\u00e1ll\u00f3s\u00e1got \u00e9s k\u00f6lts\u00e9ghat\u00e9kony gy\u00e1rt\u00e1st k\u00edn\u00e1lnak, \u00edgy az ipar\u00e1gak sz\u00e9les k\u00f6r\u00e9ben alkalmazhat\u00f3k.\n<\/p>\n<p><\/p>\n<p><b>3.Can speci\u00e1lis alum\u00ednium extrud\u00e1l\u00e1s testre szabhat\u00f3?<\/b><\/p>\n<p>Igen, a speci\u00e1lis alum\u00ednium extrud\u00e1l\u00e1sok teljes m\u00e9rt\u00e9kben testre szabhat\u00f3k a k\u00fcl\u00f6nb\u00f6z\u0151 ipar\u00e1gak egyedi k\u00f6vetelm\u00e9nyeinek megfelel\u0151en, bele\u00e9rtve az \u00f6sszetett form\u00e1kat \u00e9s m\u00e9reteket is.\n<\/p>\n<p><\/p>\n<p><b>4.Milyen el\u0151ny\u00f6kkel j\u00e1r a speci\u00e1lis alum\u00ednium extrud\u00e1l\u00e1sok szil\u00e1rds\u00e1g\/t\u00f6meg ar\u00e1nya a projektem sz\u00e1m\u00e1ra?<\/b><\/p>\n<p>A speci\u00e1lis alum\u00ednium extrud\u00e1l\u00e1sok nagy szil\u00e1rds\u00e1g\/t\u00f6meg ar\u00e1nya biztos\u00edtja a tart\u00f3ss\u00e1got \u00e9s a szerkezeti integrit\u00e1st, mik\u00f6zben a term\u00e9k s\u00falya alacsony marad.\n<\/p>\n<p><\/p>\n<p><b>5.Milyen ipar\u00e1gak haszn\u00e1lj\u00e1k a speci\u00e1lis alum\u00ednium extrud\u00e1l\u00e1sokat?<\/b><\/p>\n<p>A speci\u00e1lis alum\u00ednium extrud\u00e1l\u00e1sokat olyan ipar\u00e1gakban haszn\u00e1lj\u00e1k, mint a rep\u00fcl\u0151g\u00e9pipar, az aut\u00f3ipar, az \u00e9p\u00edt\u0151ipar \u00e9s az elektronika, ahol egyedi profilokra van sz\u00fcks\u00e9g az egyedi alkalmaz\u00e1sokhoz.\n<\/p>\n<p><\/p>\n<p><b>6.A speci\u00e1lis alum\u00ednium extrud\u00e1l\u00e1sok k\u00f6rnyezetbar\u00e1tok?<\/b><\/p>\n<p>Igen, az alum\u00ednium \u00fajrahasznos\u00edthat\u00f3 anyag, \u00edgy a speci\u00e1lis alum\u00ednium extrud\u00e1l\u00e1sok k\u00f6rnyezetbar\u00e1t megold\u00e1st jelentenek az ipari gy\u00e1rt\u00e1s sz\u00e1m\u00e1ra.\n<\/p>\n<p><\/p>\n<p><b>7.Hogyan jav\u00edthat\u00f3 a speci\u00e1lis alum\u00ednium extrud\u00e1l\u00e1sok fel\u00fclete?<\/b><\/p>\n<p>A speci\u00e1lis alum\u00ednium extrud\u00e1l\u00e1sok fel\u00fclet\u00e9t gondosan megmunk\u00e1lj\u00e1k, hogy biztos\u00edts\u00e1k mind az eszt\u00e9tikus megjelen\u00e9st, mind a fokozott v\u00e9delmet a korr\u00f3zi\u00f3 \u00e9s a kop\u00e1s ellen.\n<\/p>\n<p><\/p>\n<p><b>8.Mi a speci\u00e1lis alum\u00ednium extrud\u00e1l\u00e1s gy\u00e1rt\u00e1si k\u00f6lts\u00e9ge?<\/b><\/p>\n<p>A speci\u00e1lis alum\u00ednium extrud\u00e1l\u00e1sok k\u00f6lts\u00e9ghat\u00e9kony megold\u00e1sokat k\u00edn\u00e1lnak a hat\u00e9kony gy\u00e1rt\u00e1si folyamatoknak k\u00f6sz\u00f6nhet\u0151en, amelyek lehet\u0151v\u00e9 teszik a kis- \u00e9s nagy sorozatgy\u00e1rt\u00e1st egyar\u00e1nt versenyk\u00e9pes \u00e1ron.\n<\/p>\n<p><\/p>","protected":false},"featured_media":8559,"template":"","categories":[68],"class_list":["post-8560","product","type-product","status-publish","has-post-thumbnail","hentry","category-cnc-machining-aluminum-profile"],"meta_box":{"hilight_text_group":{"product_hilight_text":"<li>Custom aluminum extrusions designed for unique industrial applications.<\/li>\r\r\n<li>High strength-to-weight ratio for durability without added weight.<\/li>\r\r\n<li>Excellent corrosion resistance, making them ideal for harsh environments.<\/li>\r\r\n<li>Flexible design options for complex shapes and tailored specifications.<\/li>\r\r\n<li>Efficient production process for cost-effective solutions in both small and large runs.<\/li>\r\r\n<li>Superior surface finish, ensuring both aesthetic appeal and functionality.<\/li>\r\r\n<li>Eco-friendly aluminum material, fully recyclable for sustainable manufacturing.<\/li>","product_chanpin_blog":"<ul>\r\r\n<li><a href=\"https:\/\/sinoextrud.com\/t-slot-v-slot-differences\/\" target=\"_blank\">t slot vs v slot<\/a><\/li>\r\r\n<li><a href=\"https:\/\/sinoextrud.com\/what-is-4040-aluminium-extrud\/\" target=\"_blank\">4040 aluminium extrusion<\/a><\/li>\r\r\n<li><a href=\"https:\/\/sinoextrud.com\/what-is-4040-aluminium-extrud\/\" target=\"_blank\">aluminum extrusions for industrial racks<\/a><\/li>\r\r\n<li><a href=\"https:\/\/sinoextrud.com\/powder-coating-aluminium-process\/\" target=\"_blank\">powder coating aluminium<\/a><\/li>\r\r\n<li><a href=\"https:\/\/sinoextrud.com\/what-is-an-aluminium-strip-ceiling\/\" target=\"_blank\">aluminium strip ceiling<\/a><\/li>\r\r\n<li><a href=\"https:\/\/sinoextrud.com\/what-is-a-heat-sink\/\" target=\"_blank\">what is a heat sink<\/a><\/li>\r\r\n<\/ul>","product_chanpin_chanpin":"<li><a href=\"https:\/\/sinoextrud.com\/product\/cnc-industrial-aluminum-profiler\/\" target=\"_blank\">CNC Industrial Aluminum Profiler<\/a><\/li>\r\n<li><a href=\"https:\/\/sinoextrud.com\/product\/cnc-machine-for-aluminum-profiles\/\" target=\"_blank\">CNC Machine For Aluminum Profiles<\/a><\/li>\r\n<li><a href=\"https:\/\/sinoextrud.com\/product\/aluminum-enclosure-housing-and-shell\/\" target=\"_blank\">Aluminum Enclosure Housing And Shell<\/a><\/li>\r\n<li><a href=\"https:\/\/sinoextrud.com\/product\/custom-finishing-aluminum-extrusion-profile-fabrication-and-cnc-machining\/\" target=\"_blank\">Custom Finishing Aluminum Extrusion Profile Fabrication and CNC Machining<\/a><\/li>\r\n<li><a href=\"https:\/\/sinoextrud.com\/product\/special-aluminium-extrusions\/\" target=\"_blank\">Special Aluminium Extrusions<\/a><\/li>\r\n<li><a href=\"https:\/\/sinoextrud.com\/product\/cutting-aluminium-extrusion\/\" target=\"_blank\">Cutting Aluminium Extrusion<\/a><\/li>\r\n<li><a href=\"https:\/\/sinoextrud.com\/product\/cnc-machining-aluminum-profiles\/\" target=\"_blank\">CNC Machining Aluminum Profiles<\/a><\/li>\r\n<li><a href=\"https:\/\/sinoextrud.com\/product\/circular-aluminum-extrusions\/\" target=\"_blank\">Circular Aluminum Extrusions<\/a><\/li>\r\n<li><a href=\"https:\/\/sinoextrud.com\/product\/cnc-aluminium-profile\/\" target=\"_blank\">CNC aluminium profile<\/a><\/li>\r\n<li><a href=\"https:\/\/sinoextrud.com\/product\/aluminum-sign-extrusions\/\" target=\"_blank\">Aluminum Sign Extrusions<\/a><\/li>\r\n<li><a href=\"https:\/\/sinoextrud.com\/product\/extrusion-led-aluminum-channel\/\" target=\"_blank\">Extrusion Led Aluminum Channel<\/a><\/li>"},"feature_list":[]},"_links":{"self":[{"href":"https:\/\/sinoextrud.com\/hu\/wp-json\/wp\/v2\/product\/8560","targetHints":{"allow":["GET"]}}],"collection":[{"href":"https:\/\/sinoextrud.com\/hu\/wp-json\/wp\/v2\/product"}],"about":[{"href":"https:\/\/sinoextrud.com\/hu\/wp-json\/wp\/v2\/types\/product"}],"wp:featuredmedia":[{"embeddable":true,"href":"https:\/\/sinoextrud.com\/hu\/wp-json\/wp\/v2\/media\/8559"}],"wp:attachment":[{"href":"https:\/\/sinoextrud.com\/hu\/wp-json\/wp\/v2\/media?parent=8560"}],"wp:term":[{"taxonomy":"category","embeddable":true,"href":"https:\/\/sinoextrud.com\/hu\/wp-json\/wp\/v2\/categories?post=8560"}],"curies":[{"name":"wp","href":"https:\/\/api.w.org\/{rel}","templated":true}]}}