{"id":8558,"date":"2025-06-17T03:06:49","date_gmt":"2025-06-17T03:06:49","guid":{"rendered":"https:\/\/sinoextrud.com\/product\/custom-finishing-aluminum-extrusion-profile-fabrication-and-cnc-machining\/"},"modified":"2025-06-24T06:24:23","modified_gmt":"2025-06-24T06:24:23","slug":"egyedi-befejezo-aluminium-extrudalt-profil-gyartas-es-cnc-megmunkalas","status":"publish","type":"product","link":"https:\/\/sinoextrud.com\/hu\/product\/custom-finishing-aluminum-extrusion-profile-fabrication-and-cnc-machining\/","title":{"rendered":"Egyedi befejez\u0151 alum\u00ednium extrud\u00e1l\u00e1s profil gy\u00e1rt\u00e1s \u00e9s CNC megmunk\u00e1l\u00e1s"},"content":{"rendered":"<h2>Term\u00e9kek r\u00e9szletei<\/h2>\n<table class=\"custom-table\">\n<tbody>\n<tr>\n<td> T\u00e9tel:<\/td>\n<td> Egyedi befejez\u0151 alum\u00ednium extrud\u00e1l\u00e1s profil gy\u00e1rt\u00e1s \u00e9s CNC megmunk\u00e1l\u00e1s<\/td>\n<td> Oszt\u00e1ly:<\/td>\n<td> 6000-es sorozat 6063<\/td>\n<\/tr>\n<tr>\n<td> Lelkiismeretesen:<\/td>\n<td> 6063-T5<\/td>\n<td> Sz\u00e1rmaz\u00e1si hely:<\/td>\n<td> Foshan, Guangdong<\/td>\n<\/tr>\n<tr>\n<td> Alak:<\/td>\n<td> Testreszab\u00e1s<\/td>\n<td> \u00d6tv\u00f6zet vagy sem:<\/td>\n<td> Alunimun \u00f6tv\u00f6zet<\/td>\n<\/tr>\n<tr>\n<td> Tolerancia:<\/td>\n<td> \u00b10,5%<\/td>\n<td> M\u00e1rka:<\/td>\n<td> Sinoextrud, Sinoextrud<\/td>\n<\/tr>\n<tr>\n<td> Szabv\u00e1nyos:<\/td>\n<td> k\u00f6zepes \u00e9s magas min\u0151s\u00e9g<\/td>\n<td> Fel\u00fcletkezel\u00e9s:<\/td>\n<td> porfest\u00e9s, elektrofor\u00e9zis, fa szemcs\u00e9s, elox\u00e1lt, csiszolt, pol\u00edroz\u00e1s<\/td>\n<\/tr>\n<tr>\n<td> Sz\u00e1ll\u00edt\u00e1si id\u0151:<\/td>\n<td> 25-30 nap<\/td>\n<td> MOQ:<\/td>\n<td> 200KG<\/td>\n<\/tr>\n<tr>\n<td> Fizet\u00e9si hat\u00e1rid\u0151:<\/td>\n<td> T\/T (30% let\u00e9t), L\/C<\/td>\n<td> Feldolgoz\u00f3 szolg\u00e1ltat\u00e1s:<\/td>\n<td> Hajl\u00edt\u00e1s, tekercsel\u00e9s, hegeszt\u00e9s, lyukaszt\u00e1s, v\u00e1g\u00e1s<\/td>\n<\/tr>\n<tr>\n<td> Kik\u00f6t\u0151:<\/td>\n<td> Guangzhou, Shenzhen, Foshan<\/td>\n<td> Hossz::<\/td>\n<td> 1-9m vagy testreszabott<\/td>\n<\/tr>\n<\/tbody>\n<\/table>\n<h2>Gy\u00e1rt\u00f3 b\u00e1zisunk<\/h2>\n<h3>Gy\u00e1ri panor\u00e1ma<\/h3>\n<p><img decoding=\"async\" src=\"\/wp-content\/uploads\/factory-01.webp\"\/><\/p>\n<h3>Alum\u00ednium r\u00fadgy\u00e1rt\u00f3 m\u0171hely<\/h3>\n<p><img decoding=\"async\" src=\"\/wp-content\/uploads\/factory-02.webp\"\/><\/p>\n<p><img decoding=\"async\" src=\"\/wp-content\/uploads\/factory-03.webp\"\/><\/p>\n<h3>Pen\u00e9sz rakt\u00e1r<\/h3>\n<p><img decoding=\"async\" src=\"\/wp-content\/uploads\/factory-04.webp\"\/><\/p>\n<h3>43 alum\u00ednium extrud\u00e1l\u00f3 vonal (500-5500 tonna)<\/h3>\n<p><img decoding=\"async\" src=\"\/wp-content\/uploads\/factory-05.webp\"\/><\/p>\n<p><img decoding=\"async\" src=\"\/wp-content\/uploads\/factory-06.webp\"\/><\/p>\n<p><img decoding=\"async\" src=\"\/wp-content\/uploads\/factory-07.webp\"\/><\/p>\n<h3>Porfest\u0151 m\u0171hely<\/h3>\n<p><img decoding=\"async\" src=\"\/wp-content\/uploads\/factory-09.webp\"\/><\/p>\n<h3>Anodiz\u00e1l\u00f3 m\u0171hely<\/h3>\n<p><img decoding=\"async\" src=\"\/wp-content\/uploads\/factory-10.webp\"\/><\/p>\n<h3>M\u00e9ly feldolgoz\u00e1si m\u0171hely<\/h3>\n<p><img decoding=\"async\" src=\"\/wp-content\/uploads\/factory-11.webp\"\/><\/p>\n<h3>CNC prec\u00edzi\u00f3s megmunk\u00e1l\u00f3 m\u0171hely<\/h3>\n<p><img decoding=\"async\" src=\"\/wp-content\/uploads\/factory-11.5.webp\"\/><\/p>\n<h3>K\u00e9szterm\u00e9k \u00e9s export rakt\u00e1r<\/h3>\n<p><img decoding=\"async\" src=\"\/wp-content\/uploads\/factory-12.webp\"\/><\/p>\n<p><img decoding=\"async\" src=\"\/wp-content\/uploads\/factory-13.webp\"\/><\/p>\n<p><img decoding=\"async\" src=\"\/wp-content\/uploads\/factory-14.webp\"\/><\/p>\n<h2>GYIK<\/h2>\n<p><p><b>1.Custom Finishing alum\u00ednium extrud\u00e1l\u00e1s profil gy\u00e1rt\u00e1s \u00e9s CNC megmunk\u00e1l\u00e1s: Milyen el\u0151nyei vannak az egyedi alum\u00ednium extrud\u00e1lt profiloknak?<\/b><\/p>\n<p>Az egyedi alum\u00ednium extrud\u00e1lt profilok szem\u00e9lyre szabott megold\u00e1sokat k\u00edn\u00e1lnak, amelyek megfelelnek a k\u00fcl\u00f6nleges tervez\u00e9si k\u00f6vetelm\u00e9nyeknek \u00e9s optim\u00e1lis teljes\u00edtm\u00e9nyt biztos\u00edtanak a k\u00fcl\u00f6nb\u00f6z\u0151 alkalmaz\u00e1sokhoz.<br \/>\n<\/p><br \/>\n<br \/>\n<p><b>2.Hogyan jav\u00edtja a CNC megmunk\u00e1l\u00e1s az alum\u00ednium profilok min\u0151s\u00e9g\u00e9t?<\/b><\/p>\n<p>A CNC megmunk\u00e1l\u00e1s pontos v\u00e1g\u00e1sokat, sz\u0171k t\u0171r\u00e9seket \u00e9s kiv\u00e1l\u00f3 min\u0151s\u00e9g\u0171 fel\u00fcletkezel\u00e9st tesz lehet\u0151v\u00e9, biztos\u00edtva, hogy az alum\u00edniumprofilok megfeleljenek a tart\u00f3ss\u00e1g \u00e9s a funkcionalit\u00e1s pontos el\u0151\u00edr\u00e1sainak.<br \/>\n<\/p><br \/>\n<br \/>\n<p><b>3.V\u00e1laszthatok speci\u00e1lis befejez\u00e9si lehet\u0151s\u00e9geket az alum\u00ednium extrud\u00e1lt profiljaimhoz?<\/b><\/p>\n<p>Igen, sz\u00e1mos befejez\u00e9si lehet\u0151s\u00e9get k\u00edn\u00e1lunk, bele\u00e9rtve az elox\u00e1l\u00e1st, a porfest\u00e9st \u00e9s egyebeket, hogy jav\u00edtsuk az alum\u00edniumprofilok megjelen\u00e9s\u00e9t, korr\u00f3zi\u00f3\u00e1ll\u00f3s\u00e1g\u00e1t \u00e9s \u00e1ltal\u00e1nos min\u0151s\u00e9g\u00e9t.<br \/>\n<\/p><br \/>\n<br \/>\n<p><b>4.Milyen ipar\u00e1gak r\u00e9szes\u00fclnek az egyedi alum\u00ednium extrud\u00e1lt profil gy\u00e1rt\u00e1s\u00e1b\u00f3l?<\/b><\/p>\n<p>Az olyan ipar\u00e1gak, mint az aut\u00f3ipar, a rep\u00fcl\u0151g\u00e9pipar, az \u00e9p\u00edt\u0151ipar, az elektronika \u00e9s a feldolgoz\u00f3ipar profit\u00e1lnak az egyedi alum\u00ednium extrud\u00e1lt profilok sokoldal\u00fas\u00e1g\u00e1b\u00f3l, szil\u00e1rds\u00e1g\u00e1b\u00f3l \u00e9s pontoss\u00e1g\u00e1b\u00f3l.<br \/>\n<\/p><br \/>\n<br \/>\n<p><b>5.Hogyan jav\u00edtja az elox\u00e1l\u00e1s az alum\u00ednium extrud\u00e1lt profilokat?<\/b><\/p>\n<p>Az elox\u00e1l\u00e1s n\u00f6veli az alum\u00ednium korr\u00f3zi\u00f3\u00e1ll\u00f3s\u00e1g\u00e1t, fel\u00fcleti kem\u00e9nys\u00e9g\u00e9t \u00e9s megjelen\u00e9s\u00e9t, \u00edgy a profilok tart\u00f3sabbak \u00e9s alkalmasabbak a k\u00fclt\u00e9ri vagy zord k\u00f6rnyezetekben val\u00f3 haszn\u00e1latra.<br \/>\n<\/p><br \/>\n<br \/>\n<p><b>6.Mi az \u00e1tfut\u00e1si id\u0151 az egyedi alum\u00ednium extrud\u00e1lt profilok eset\u00e9ben?<\/b><\/p>\n<p>Hat\u00e9kony gy\u00e1rt\u00e1si \u00e9s megmunk\u00e1l\u00e1si folyamataink gyors \u00e1tfut\u00e1si id\u0151t biztos\u00edtanak, lehet\u0151v\u00e9 t\u00e9ve az id\u0151ben t\u00f6rt\u00e9n\u0151 sz\u00e1ll\u00edt\u00e1st m\u00e9g az egyedi alum\u00ednium extrud\u00e1l\u00e1si projektek eset\u00e9ben is.<br \/>\n<\/p><br \/>\n<br \/>\n<p><b>7.Hogyan biztos\u00edtja a CNC megmunk\u00e1l\u00e1s a pontoss\u00e1got az alum\u00ednium profilok gy\u00e1rt\u00e1sa sor\u00e1n?<\/b><\/p>\n<p>A CNC megmunk\u00e1l\u00e1s nagy pontoss\u00e1got biztos\u00edt a sz\u00e1m\u00edt\u00f3g\u00e9p-vez\u00e9relt szersz\u00e1mok haszn\u00e1lat\u00e1val, ami k\u00f6vetkezetes m\u00e9reteket, sz\u0171k t\u0171r\u00e9seket \u00e9s kiv\u00e1l\u00f3 min\u0151s\u00e9get eredm\u00e9nyez az egyedi alum\u00edniumprofilok eset\u00e9ben.<br \/>\n<\/p><br \/>\n<br \/>\n<p><b>8.Are alum\u00ednium extrud\u00e1lt profilok k\u00f6lts\u00e9ghat\u00e9konyak a nagy\u00fczemi termel\u00e9shez?<\/b><\/p>\n<p>Igen, az alum\u00ednium extrud\u00e1lt profilok k\u00f6lts\u00e9ghat\u00e9konyak a nagy\u00fczemi gy\u00e1rt\u00e1shoz, \u00e9s j\u00f3 egyens\u00falyt k\u00edn\u00e1lnak az anyagk\u00f6lts\u00e9g, az er\u0151 \u00e9s a sokoldal\u00fas\u00e1g k\u00f6z\u00f6tt a k\u00fcl\u00f6nb\u00f6z\u0151 alkalmaz\u00e1sokban.<br \/>\n<\/p><br \/><\/p>","protected":false},"featured_media":8557,"template":"","categories":[68],"class_list":["post-8558","product","type-product","status-publish","has-post-thumbnail","hentry","category-cnc-machining-aluminum-profile"],"meta_box":{"hilight_text_group":{"product_hilight_text":"<li>Custom aluminum extrusion profiles tailored to meet specific design and industrial requirements.<\/li>\r\r\n<li>Precision CNC machining ensures tight tolerances and high-quality finishes for custom profiles.<\/li>\r\r\n<li>Flexible finishing options, including anodizing, powder coating, and more, to enhance durability and aesthetics.<\/li>\r\r\n<li>Efficient production process for fast turnaround times and cost-effective fabrication solutions.<\/li>\r\r\n<li>Ideal for a wide range of industries, including automotive, aerospace, construction, and electronics.<\/li>","product_chanpin_blog":"<ul>\r\r\n<li><a href=\"https:\/\/sinoextrud.com\/t-slot-v-slot-differences\/\" target=\"_blank\">t slot vs v slot<\/a><\/li>\r\r\n<li><a href=\"https:\/\/sinoextrud.com\/what-is-4040-aluminium-extrud\/\" target=\"_blank\">4040 aluminium extrusion<\/a><\/li>\r\r\n<li><a href=\"https:\/\/sinoextrud.com\/what-is-4040-aluminium-extrud\/\" target=\"_blank\">aluminum extrusions for industrial racks<\/a><\/li>\r\r\n<li><a href=\"https:\/\/sinoextrud.com\/powder-coating-aluminium-process\/\" target=\"_blank\">powder coating aluminium<\/a><\/li>\r\r\n<li><a href=\"https:\/\/sinoextrud.com\/what-is-an-aluminium-strip-ceiling\/\" target=\"_blank\">aluminium strip ceiling<\/a><\/li>\r\r\n<li><a href=\"https:\/\/sinoextrud.com\/what-is-a-heat-sink\/\" target=\"_blank\">what is a heat sink<\/a><\/li>\r\r\n<\/ul>","product_chanpin_chanpin":"<li><a href=\"https:\/\/sinoextrud.com\/product\/small-aluminium-extrusions\/\" target=\"_blank\">Small Aluminium Extrusions<\/a><\/li>\r\n<li><a href=\"https:\/\/sinoextrud.com\/product\/cnc-industrial-aluminum-profiler\/\" target=\"_blank\">CNC Industrial Aluminum Profiler<\/a><\/li>\r\n<li><a href=\"https:\/\/sinoextrud.com\/product\/cnc-machine-for-aluminum-profiles\/\" target=\"_blank\">CNC Machine For Aluminum Profiles<\/a><\/li>\r\n<li><a href=\"https:\/\/sinoextrud.com\/product\/aluminum-enclosure-housing-and-shell\/\" target=\"_blank\">Aluminum Enclosure Housing And Shell<\/a><\/li>\r\n<li><a href=\"https:\/\/sinoextrud.com\/product\/custom-finishing-aluminum-extrusion-profile-fabrication-and-cnc-machining\/\" target=\"_blank\">Custom Finishing Aluminum Extrusion Profile Fabrication and CNC Machining<\/a><\/li>\r\n<li><a href=\"https:\/\/sinoextrud.com\/product\/special-aluminium-extrusions\/\" target=\"_blank\">Special Aluminium Extrusions<\/a><\/li>\r\n<li><a href=\"https:\/\/sinoextrud.com\/product\/cutting-aluminium-extrusion\/\" target=\"_blank\">Cutting Aluminium Extrusion<\/a><\/li>\r\n<li><a href=\"https:\/\/sinoextrud.com\/product\/cnc-machining-aluminum-profiles\/\" target=\"_blank\">CNC Machining Aluminum Profiles<\/a><\/li>\r\n<li><a href=\"https:\/\/sinoextrud.com\/product\/circular-aluminum-extrusions\/\" target=\"_blank\">Circular Aluminum Extrusions<\/a><\/li>\r\n<li><a href=\"https:\/\/sinoextrud.com\/product\/custom-cnc-machined-7075-aluminum-extrusion\/\" target=\"_blank\">Custom CNC Machined 7075 Aluminum Extrusion<\/a><\/li>\r\n<li><a href=\"https:\/\/sinoextrud.com\/product\/aluminium-tube\/\" target=\"_blank\">Aluminium Tube<\/a><\/li>"},"feature_list":[]},"_links":{"self":[{"href":"https:\/\/sinoextrud.com\/hu\/wp-json\/wp\/v2\/product\/8558","targetHints":{"allow":["GET"]}}],"collection":[{"href":"https:\/\/sinoextrud.com\/hu\/wp-json\/wp\/v2\/product"}],"about":[{"href":"https:\/\/sinoextrud.com\/hu\/wp-json\/wp\/v2\/types\/product"}],"wp:featuredmedia":[{"embeddable":true,"href":"https:\/\/sinoextrud.com\/hu\/wp-json\/wp\/v2\/media\/8557"}],"wp:attachment":[{"href":"https:\/\/sinoextrud.com\/hu\/wp-json\/wp\/v2\/media?parent=8558"}],"wp:term":[{"taxonomy":"category","embeddable":true,"href":"https:\/\/sinoextrud.com\/hu\/wp-json\/wp\/v2\/categories?post=8558"}],"curies":[{"name":"wp","href":"https:\/\/api.w.org\/{rel}","templated":true}]}}