{"id":8556,"date":"2025-06-17T03:04:09","date_gmt":"2025-06-17T03:04:09","guid":{"rendered":"https:\/\/sinoextrud.com\/product\/aluminum-enclosure-housing-and-shell\/"},"modified":"2025-06-24T06:24:21","modified_gmt":"2025-06-24T06:24:21","slug":"aluminium-haz-es-burkolat","status":"publish","type":"product","link":"https:\/\/sinoextrud.com\/hu\/product\/aluminum-enclosure-housing-and-shell\/","title":{"rendered":"Alum\u00ednium h\u00e1z \u00e9s h\u00e9j"},"content":{"rendered":"<h2>Term\u00e9kek r\u00e9szletei<\/h2>\n<table class=\"custom-table\">\n<tr>\n<td class=\"label\">Modell NO.:<\/td>\n<td> OEM alum\u00ednium h\u00e1z \u00e9s burkolat<\/td>\n<\/tr>\n<tr>\n<td class=\"label\">Tan\u00fas\u00edt\u00e1s:<\/td>\n<td> CE, RoHS, SGS, ISO9001<\/td>\n<\/tr>\n<tr>\n<td class=\"label\">Anyag:<\/td>\n<td> F\u00e9m<\/td>\n<\/tr>\n<tr>\n<td class=\"label\">Term\u00e9k neve:<\/td>\n<td> CNC mar\u00e1si feldolgoz\u00e1s<\/td>\n<\/tr>\n<tr>\n<td class=\"label\">Fel\u00fcletkezel\u00e9s:<\/td>\n<td> Fest\u00e9s, homokf\u00fav\u00e1s, elox\u00e1l\u00e1s.stb.<\/td>\n<\/tr>\n<tr>\n<td class=\"label\">MOQ:<\/td>\n<td> 1 darab<\/td>\n<\/tr>\n<tr>\n<td class=\"label\">Min\u0151s\u00e9gellen\u0151rz\u00e9s:<\/td>\n<td> Teljes k\u00f6r\u0171 min\u0151s\u00e9gellen\u0151rz\u00e9s<\/td>\n<\/tr>\n<tr>\n<td class=\"label\">Kulcsfontoss\u00e1g\u00fa jellemz\u0151k:<\/td>\n<td> Prec\u00edzi\u00f3s m\u00e9ret, sz\u00ednes<\/td>\n<\/tr>\n<tr>\n<td class=\"label\">V\u00e9djegy:<\/td>\n<td> OEM<\/td>\n<\/tr>\n<tr>\n<td class=\"label\">Specifik\u00e1ci\u00f3:<\/td>\n<td> OEM<\/td>\n<\/tr>\n<tr>\n<td class=\"label\">Felt\u00e9tel:<\/td>\n<td> \u00daj<\/td>\n<\/tr>\n<tr>\n<td class=\"label\">Testreszabott:<\/td>\n<td> Testreszabott<\/td>\n<\/tr>\n<tr>\n<td class=\"label\">Alkalmaz\u00e1s:<\/td>\n<td> F\u00e9m \u00fajrahasznos\u00edt\u00f3 g\u00e9p, f\u00e9mv\u00e1g\u00f3 g\u00e9p, f\u00e9mfeldolgoz\u00f3 g\u00e9palkatr\u00e9szek, f\u00e9mgrav\u00edroz\u00f3 g\u00e9pek, f\u00e9m\u00f6nt\u0151 g\u00e9pek, f\u00e9m\u00f6nt\u0151 g\u00e9pek<\/td>\n<\/tr>\n<tr>\n<td class=\"label\">Kulcssz\u00f3:<\/td>\n<td> CNC mar\u00e1si feldolgoz\u00e1s<\/td>\n<\/tr>\n<tr>\n<td class=\"label\">Gy\u00e1ri helysz\u00edn:<\/td>\n<td> Shenzhen K\u00edna<\/td>\n<\/tr>\n<tr>\n<td class=\"label\">Minta:<\/td>\n<td> El\u00e9rhet\u0151<\/td>\n<\/tr>\n<tr>\n<td class=\"label\">Munkav\u00e1llal\u00f3i tolerancia:<\/td>\n<td> +\/- 0,02 mm<\/td>\n<\/tr>\n<tr>\n<td class=\"label\">OEM\/ODM:<\/td>\n<td> Elfogadhat\u00f3<\/td>\n<\/tr>\n<tr>\n<td class=\"label\">Sz\u00e1ll\u00edt\u00e1si csomag:<\/td>\n<td> Karton doboz minden egyes darabhoz, az \u00fcgyfelek k\u00e9r\u00e9s\u00e9re<\/td>\n<\/tr>\n<tr>\n<td class=\"label\">Eredet:<\/td>\n<td> Foshan, guangdong, K\u00edna<\/td>\n<\/tr>\n<\/table>\n<h2>Gy\u00e1rt\u00f3 b\u00e1zisunk<\/h2>\n<h3>Gy\u00e1ri panor\u00e1ma<\/h3>\n<p><img decoding=\"async\" src=\"\/wp-content\/uploads\/factory-01.webp\"\/><\/p>\n<h3>Alum\u00ednium r\u00fadgy\u00e1rt\u00f3 m\u0171hely<\/h3>\n<p><img decoding=\"async\" src=\"\/wp-content\/uploads\/factory-02.webp\"\/><\/p>\n<\/p>\n<p><img decoding=\"async\" src=\"\/wp-content\/uploads\/factory-03.webp\"\/><\/p>\n<h3>Pen\u00e9sz rakt\u00e1r<\/h3>\n<p><img decoding=\"async\" src=\"\/wp-content\/uploads\/factory-04.webp\"\/><\/p>\n<h3>43 alum\u00ednium extrud\u00e1l\u00f3 vonal (500-5500 tonna)<\/h3>\n<p><img decoding=\"async\" src=\"\/wp-content\/uploads\/factory-05.webp\"\/><\/p>\n<p><img decoding=\"async\" src=\"\/wp-content\/uploads\/factory-06.webp\"\/><\/p>\n<p><img decoding=\"async\" src=\"\/wp-content\/uploads\/factory-07.webp\"\/><\/p>\n<h3>Porfest\u0151 m\u0171hely<\/h3>\n<p><img decoding=\"async\" src=\"\/wp-content\/uploads\/factory-09.webp\"\/><\/p>\n<h3>Anodiz\u00e1l\u00f3 m\u0171hely<\/h3>\n<p><img decoding=\"async\" src=\"\/wp-content\/uploads\/factory-10.webp\"\/><\/p>\n<h3>M\u00e9ly feldolgoz\u00e1si m\u0171hely<\/h3>\n<p><img decoding=\"async\" src=\"\/wp-content\/uploads\/factory-11.webp\"\/><\/p>\n<h3>CNC prec\u00edzi\u00f3s megmunk\u00e1l\u00f3 m\u0171hely<\/h3>\n<p><img decoding=\"async\" src=\"\/wp-content\/uploads\/factory-11.5.webp\"\/><\/p>\n<h3>K\u00e9szterm\u00e9k \u00e9s export rakt\u00e1r<\/h3>\n<p><img decoding=\"async\" src=\"\/wp-content\/uploads\/factory-12.webp\"\/><\/p>\n<p><img decoding=\"async\" src=\"\/wp-content\/uploads\/factory-13.webp\"\/><\/p>\n<p><img decoding=\"async\" src=\"\/wp-content\/uploads\/factory-14.webp\"\/><\/p>\n<h2>GYIK<\/h2>\n<p><b>1.Alum\u00ednium burkolat h\u00e1z \u00e9s h\u00e9j: Mi teszi az alum\u00edniumot j\u00f3 anyagg\u00e1 a burkolat h\u00e1z\u00e1hoz?<\/b><\/p>\n<p>Az alum\u00ednium a szil\u00e1rds\u00e1g, a k\u00f6nny\u0171s\u00e9g \u00e9s a kiv\u00e1l\u00f3 korr\u00f3zi\u00f3\u00e1ll\u00f3s\u00e1g kombin\u00e1ci\u00f3j\u00e1t k\u00edn\u00e1lja, \u00edgy ide\u00e1lis az elektronikus alkatr\u00e9szek v\u00e9delm\u00e9re.\n<\/p>\n<p><\/p>\n<p><b>2.How az alum\u00ednium korr\u00f3zi\u00f3\u00e1ll\u00f3s\u00e1g el\u0151ny\u00f6s a burkolath\u00e1zak sz\u00e1m\u00e1ra?<\/b><\/p>\n<p>Az alum\u00ednium korr\u00f3zi\u00f3\u00e1ll\u00f3s\u00e1ga biztos\u00edtja, hogy a burkolat h\u00e1za m\u00e9g zord k\u00f6rnyezeti k\u00f6r\u00fclm\u00e9nyek k\u00f6z\u00f6tt is meg\u0151rzi integrit\u00e1s\u00e1t \u00e9s megjelen\u00e9s\u00e9t, meghosszabb\u00edtva ezzel az elektronika \u00e9lettartam\u00e1t.\n<\/p>\n<p><\/p>\n<p><b>3.Lehet-e az alum\u00ednium burkolatokat egyedi ig\u00e9nyekre szabni?<\/b><\/p>\n<p>Igen, az alum\u00ednium burkolatok m\u00e9ret\u00fck, alakjuk \u00e9s kivitel\u00fck tekintet\u00e9ben testre szabhat\u00f3k, hogy megfeleljenek a k\u00fcl\u00f6nb\u00f6z\u0151 ipari alkalmaz\u00e1sok egyedi k\u00f6vetelm\u00e9nyeinek.\n<\/p>\n<p><\/p>\n<p><b>4.Milyen ipar\u00e1gak sz\u00e1m\u00e1ra el\u0151ny\u00f6s az alum\u00ednium h\u00e1zak haszn\u00e1lata?<\/b><\/p>\n<p>Az olyan ipar\u00e1gak, mint az elektronika, a t\u00e1vk\u00f6zl\u00e9s, a rep\u00fcl\u0151g\u00e9pipar \u00e9s az automatiz\u00e1l\u00e1s profit\u00e1lnak az alum\u00ednium burkolatok \u00e1ltal k\u00edn\u00e1lt tart\u00f3ss\u00e1gb\u00f3l, szil\u00e1rds\u00e1gb\u00f3l \u00e9s v\u00e9delemb\u0151l.\n<\/p>\n<p><\/p>\n<p><b>5.Hogyan seg\u00edti az alum\u00ednium a h\u0151elvezet\u00e9st a burkolatokban?<\/b><\/p>\n<p>Az alum\u00ednium kiv\u00e1l\u00f3 h\u0151vezet\u0151 k\u00e9pess\u00e9ge lehet\u0151v\u00e9 teszi, hogy hat\u00e9konyan elvezesse a h\u0151t, megakad\u00e1lyozva a t\u00falmeleged\u00e9st \u00e9s fenntartva a burkolt elektronika optim\u00e1lis teljes\u00edtm\u00e9ny\u00e9t.\n<\/p>\n<p><\/p>\n<p><b>6.K\u00f6nny\u0171-e az alum\u00ednium m\u00e1s burkolatokhoz haszn\u00e1lt anyagokhoz k\u00e9pest?<\/b><\/p>\n<p>Igen, az alum\u00ednium jelent\u0151sen k\u00f6nnyebb, mint sok m\u00e1s anyag, \u00edgy k\u00f6nnyebb kezelni, sz\u00e1ll\u00edtani \u00e9s k\u00fcl\u00f6nb\u00f6z\u0151 rendszerekbe integr\u00e1lni.\n<\/p>\n<p><\/p>\n<p><b>7.Hogyan jav\u00edtja az alum\u00edniumh\u00e1zak testreszabhat\u00f3s\u00e1ga az ipari alkalmaz\u00e1sokban val\u00f3 felhaszn\u00e1l\u00e1sukat?<\/b><\/p>\n<p>A testreszab\u00e1s lehet\u0151v\u00e9 teszi, hogy az alum\u00ednium burkolatokat az adott alkatr\u00e9szekhez igaz\u00edts\u00e1k, \u00edgy biztos\u00edtva a t\u00f6k\u00e9letes illeszked\u00e9st \u00e9s maximaliz\u00e1lva a hat\u00e9konys\u00e1got a k\u00fcl\u00f6nb\u00f6z\u0151 ipari alkalmaz\u00e1sokban.\n<\/p>\n<p><\/p>\n<p><b>8.Mik a f\u0151 el\u0151nyei az alum\u00ednium burkolatok haszn\u00e1lat\u00e1nak a m\u0171anyaggal vagy ac\u00e9llal szemben?<\/b><\/p>\n<p>Az alum\u00ednium a m\u0171anyaghoz \u00e9s az ac\u00e9lhoz k\u00e9pest kiv\u00e1l\u00f3 szil\u00e1rds\u00e1g-t\u00f6meg ar\u00e1nyt, kiv\u00e1l\u00f3 korr\u00f3zi\u00f3\u00e1ll\u00f3s\u00e1got \u00e9s jobb h\u0151elvezet\u00e9si tulajdons\u00e1gokat k\u00edn\u00e1l, \u00edgy sz\u00e1mos alkalmaz\u00e1sban el\u0151ny\u00f6s v\u00e1laszt\u00e1s.\n<\/p>\n<p><\/p>","protected":false},"featured_media":8555,"template":"","categories":[68],"class_list":["post-8556","product","type-product","status-publish","has-post-thumbnail","hentry","category-cnc-machining-aluminum-profile"],"meta_box":{"hilight_text_group":{"product_hilight_text":"<li>Durable aluminum enclosure housing offers strong protection for sensitive electronic components.<\/li>\r\r\n<li>Lightweight yet sturdy, providing a balance of strength and portability for various applications.<\/li>\r\r\n<li>Excellent corrosion resistance, making it suitable for both indoor and outdoor use.<\/li>\r\r\n<li>Customizable sizes and designs to meet specific industrial or application requirements.<\/li>\r\r\n<li>Efficient heat dissipation properties help protect electronics from overheating and damage.<\/li>","product_chanpin_blog":"<ul>\r\r\n<li><a href=\"https:\/\/sinoextrud.com\/t-slot-v-slot-differences\/\" target=\"_blank\">t slot vs v slot<\/a><\/li>\r\r\n<li><a href=\"https:\/\/sinoextrud.com\/what-is-4040-aluminium-extrud\/\" target=\"_blank\">4040 aluminium extrusion<\/a><\/li>\r\r\n<li><a href=\"https:\/\/sinoextrud.com\/what-is-4040-aluminium-extrud\/\" target=\"_blank\">aluminum extrusions for industrial racks<\/a><\/li>\r\r\n<li><a href=\"https:\/\/sinoextrud.com\/powder-coating-aluminium-process\/\" target=\"_blank\">powder coating aluminium<\/a><\/li>\r\r\n<li><a href=\"https:\/\/sinoextrud.com\/what-is-an-aluminium-strip-ceiling\/\" target=\"_blank\">aluminium strip ceiling<\/a><\/li>\r\r\n<li><a href=\"https:\/\/sinoextrud.com\/what-is-a-heat-sink\/\" target=\"_blank\">what is a heat sink<\/a><\/li>\r\r\n<\/ul>","product_chanpin_chanpin":"<li><a href=\"https:\/\/sinoextrud.com\/product\/item-modular-aluminium-profile-system\/\" target=\"_blank\">Item Modular Aluminium Profile System<\/a><\/li>\r\n<li><a href=\"https:\/\/sinoextrud.com\/product\/small-aluminium-extrusions\/\" target=\"_blank\">Small Aluminium Extrusions<\/a><\/li>\r\n<li><a href=\"https:\/\/sinoextrud.com\/product\/cnc-industrial-aluminum-profiler\/\" target=\"_blank\">CNC Industrial Aluminum Profiler<\/a><\/li>\r\n<li><a href=\"https:\/\/sinoextrud.com\/product\/cnc-machine-for-aluminum-profiles\/\" target=\"_blank\">CNC Machine For Aluminum Profiles<\/a><\/li>\r\n<li><a href=\"https:\/\/sinoextrud.com\/product\/aluminum-enclosure-housing-and-shell\/\" target=\"_blank\">Aluminum Enclosure Housing And Shell<\/a><\/li>\r\n<li><a href=\"https:\/\/sinoextrud.com\/product\/custom-finishing-aluminum-extrusion-profile-fabrication-and-cnc-machining\/\" target=\"_blank\">Custom Finishing Aluminum Extrusion Profile Fabrication and CNC Machining<\/a><\/li>\r\n<li><a href=\"https:\/\/sinoextrud.com\/product\/special-aluminium-extrusions\/\" target=\"_blank\">Special Aluminium Extrusions<\/a><\/li>\r\n<li><a href=\"https:\/\/sinoextrud.com\/product\/cutting-aluminium-extrusion\/\" target=\"_blank\">Cutting Aluminium Extrusion<\/a><\/li>\r\n<li><a href=\"https:\/\/sinoextrud.com\/product\/cnc-machining-aluminum-profiles\/\" target=\"_blank\">CNC Machining Aluminum Profiles<\/a><\/li>\r\n<li><a href=\"https:\/\/sinoextrud.com\/product\/2020-aluminum-extrusion-t-slot-aluminum-extrusion\/\" target=\"_blank\">2020 Aluminum Extrusion T Slot Aluminum Extrusion<\/a><\/li>\r\n<li><a href=\"https:\/\/sinoextrud.com\/product\/aluminium-lipped-channel-extrusions\/\" target=\"_blank\">Aluminium Lipped Channel Extrusions<\/a><\/li>"},"feature_list":[]},"_links":{"self":[{"href":"https:\/\/sinoextrud.com\/hu\/wp-json\/wp\/v2\/product\/8556","targetHints":{"allow":["GET"]}}],"collection":[{"href":"https:\/\/sinoextrud.com\/hu\/wp-json\/wp\/v2\/product"}],"about":[{"href":"https:\/\/sinoextrud.com\/hu\/wp-json\/wp\/v2\/types\/product"}],"wp:featuredmedia":[{"embeddable":true,"href":"https:\/\/sinoextrud.com\/hu\/wp-json\/wp\/v2\/media\/8555"}],"wp:attachment":[{"href":"https:\/\/sinoextrud.com\/hu\/wp-json\/wp\/v2\/media?parent=8556"}],"wp:term":[{"taxonomy":"category","embeddable":true,"href":"https:\/\/sinoextrud.com\/hu\/wp-json\/wp\/v2\/categories?post=8556"}],"curies":[{"name":"wp","href":"https:\/\/api.w.org\/{rel}","templated":true}]}}