{"id":8552,"date":"2025-06-17T03:00:09","date_gmt":"2025-06-17T03:00:09","guid":{"rendered":"https:\/\/sinoextrud.com\/product\/cnc-industrial-aluminum-profiler\/"},"modified":"2025-06-24T06:24:17","modified_gmt":"2025-06-24T06:24:17","slug":"cnc-ipari-aluminium-profilozo","status":"publish","type":"product","link":"https:\/\/sinoextrud.com\/hu\/product\/cnc-industrial-aluminum-profiler\/","title":{"rendered":"CNC ipari alum\u00ednium profiloz\u00f3"},"content":{"rendered":"<h2>Term\u00e9kek r\u00e9szletei<\/h2>\n<table class=\"custom-table\">\n<tbody>\n<tr>\n<td> Modell NO.:<\/td>\n<td> Sinoextrud-8007<\/td>\n<\/tr>\n<tr>\n<td> T\u00edpus:<\/td>\n<td> F\u00e9mfeldolgoz\u00f3 g\u00e9pek alkatr\u00e9szei, f\u00e9m kov\u00e1csol\u00f3 g\u00e9pek, f\u00e9m grav\u00edroz\u00f3 g\u00e9pek<\/td>\n<\/tr>\n<tr>\n<td> Testreszabott:<\/td>\n<td> Testreszabott<\/td>\n<\/tr>\n<tr>\n<td> Anyag:<\/td>\n<td> 6063-as \u00f6tv\u00f6zet<\/td>\n<\/tr>\n<tr>\n<td> Tan\u00fas\u00edt\u00e1s:<\/td>\n<td> ISO9001, SGS<\/td>\n<\/tr>\n<tr>\n<td> M\u00e1rka:<\/td>\n<td> Sinoextrud<\/td>\n<\/tr>\n<tr>\n<td> Precizit\u00e1s:<\/td>\n<td> Nemzetk\u00f6zi nagy pontoss\u00e1g\u00fa<\/td>\n<\/tr>\n<tr>\n<td> Eredet:<\/td>\n<td> Foshan, Guangdong<\/td>\n<\/tr>\n<tr>\n<td> Alkalmaz\u00e1s:<\/td>\n<td> CNC megmunk\u00e1l\u00f3 alum\u00ednium profiloz\u00f3<\/td>\n<\/tr>\n<tr>\n<td> Gy\u00e1rt\u00e1si folyamat<\/td>\n<td> Megmunk\u00e1l\u00e1s v\u00e1g\u00e1s\/lyukaszt\u00e1s<\/td>\n<\/tr>\n<tr>\n<td> Fel\u00fcletkezel\u00e9s<\/td>\n<td> Elox\u00e1lt<\/td>\n<\/tr>\n<tr>\n<td> Sz\u00edn:<\/td>\n<td> sliver<\/td>\n<\/tr>\n<tr>\n<td> Sz\u00e9less\u00e9g:<\/td>\n<td> 20mm<\/td>\n<\/tr>\n<tr>\n<td> Hossz\u00fas\u00e1g:<\/td>\n<td> 30 CM<\/td>\n<\/tr>\n<tr>\n<td> HS-k\u00f3d:<\/td>\n<td> 76042100<\/td>\n<\/tr>\n<tr>\n<td> Anyag<\/td>\n<td> 6063-as alum\u00ednium\u00f6tv\u00f6zet<\/td>\n<\/tr>\n<tr>\n<td> Prec\u00edzi\u00f3s<\/td>\n<td> +\/-0.13mm<\/td>\n<\/tr>\n<tr>\n<td> Gy\u00e1rt\u00e1si folyamat<\/td>\n<td> extrud\u00e1l\u00e1s\/megmunk\u00e1l\u00e1s<\/td>\n<\/tr>\n<tr>\n<td> Termel\u00e9si berendez\u00e9sek<\/td>\n<td> \u00f6nt\u0151m\u0171hely: \u00f6nt\u0151g\u00e9p, homokoz\u00f3g\u00e9p, h\u0151kezel\u0151 kemence, l\u00f6ved\u00e9kf\u00fav\u00f3 g\u00e9p<br \/>\nMegmunk\u00e1l\u00f3 m\u0171hely: CNC, NC eszterga<\/td>\n<\/tr>\n<tr>\n<td> Fel\u00fcletkezel\u00e9s<\/td>\n<td> L\u00e9gf\u00fav\u00e1s, homokf\u00fav\u00e1s, csiszol\u00e1s, pol\u00edroz\u00e1s, porfest\u00e9s<\/td>\n<\/tr>\n<tr>\n<td> Vizsg\u00e1l\u00f3berendez\u00e9sek<\/td>\n<td> kem\u00e9nys\u00e9gm\u00e9r\u0151, CMM, \u00e9rdess\u00e9gm\u00e9r\u0151 \u00e9s harmadik f\u00e9l laborat\u00f3riuma m\u00e1s tulajdons\u00e1gokhoz.<\/td>\n<\/tr>\n<tr>\n<td> \u00c9rt\u00e9kes\u00edt\u00e9si pont<\/td>\n<td> OEM szolg\u00e1ltat\u00e1s<br \/>\nVas, nemvas anyag<br \/>\nMegjelen\u00e9s \u00e9s szerkezeti r\u00e9szek<br \/>\nR\u00e9szegys\u00e9g-szolg\u00e1ltat\u00e1s<\/td>\n<\/tr>\n<tr>\n<td> Megmunk\u00e1l\u00e1si k\u00e9pess\u00e9g<\/td>\n<td> CNC megmunk\u00e1l\u00f3 alkatr\u00e9szek, NC esztergapad \u00e9s eszterg\u00e1l\u00e1si alkatr\u00e9szek, megmunk\u00e1lt \u00f6ntv\u00e9nyek \u00e9s kov\u00e1csol\u00e1sok, r\u00e9szegys\u00e9g-szolg\u00e1ltat\u00e1s.<\/td>\n<\/tr>\n<tr>\n<td> Anyag rendelkez\u00e9sre \u00e1ll\u00e1sa<\/td>\n<td> Sz\u00e9nac\u00e9l, rozsdamentes ac\u00e9l, s\u00e1rgar\u00e9z\u00f6tv\u00f6zet, alum\u00ednium\u00f6tv\u00f6zet.<\/td>\n<\/tr>\n<tr>\n<td> Befejez\u00e9s el\u00e9rhet\u0151s\u00e9ge<\/td>\n<td> porfest\u00e9s, pol\u00edroz\u00e1s, kef\u00e9l\u00e9s, homokf\u00fav\u00e1s, elox\u00e1l\u00e1s<\/td>\n<\/tr>\n<tr>\n<td> IPQC<\/td>\n<td> IPQC a teljes megmunk\u00e1l\u00e1si folyamaton kereszt\u00fcl, sz\u00far\u00f3pr\u00f3baszer\u0171 ellen\u0151rz\u00e9s az anyag be\u00e9rkez\u00e9sekor, sz\u00far\u00f3pr\u00f3baszer\u0171 ellen\u0151rz\u00e9s a megmunk\u00e1l\u00e1si folyamathoz \u00e9s v\u00e9gs\u0151 ellen\u0151rz\u00e9s az AQL alapj\u00e1n.<\/td>\n<\/tr>\n<\/tbody>\n<\/table>\n<h2>Gy\u00e1rt\u00f3 b\u00e1zisunk<\/h2>\n<h3>Gy\u00e1ri panor\u00e1ma<\/h3>\n<p><img decoding=\"async\" src=\"\/wp-content\/uploads\/factory-01.webp\"\/><\/p>\n<h3>Alum\u00ednium r\u00fadgy\u00e1rt\u00f3 m\u0171hely<\/h3>\n<p><img decoding=\"async\" src=\"\/wp-content\/uploads\/factory-02.webp\"\/><\/p>\n<p><img decoding=\"async\" src=\"\/wp-content\/uploads\/factory-03.webp\"\/><\/p>\n<h3>Pen\u00e9sz rakt\u00e1r<\/h3>\n<p><img decoding=\"async\" src=\"\/wp-content\/uploads\/factory-04.webp\"\/><\/p>\n<h3>43 alum\u00ednium extrud\u00e1l\u00f3 vonal (500-5500 tonna)<\/h3>\n<p><img decoding=\"async\" src=\"\/wp-content\/uploads\/factory-05.webp\"\/><\/p>\n<p><img decoding=\"async\" src=\"\/wp-content\/uploads\/factory-06.webp\"\/><\/p>\n<p><img decoding=\"async\" src=\"\/wp-content\/uploads\/factory-07.webp\"\/><\/p>\n<h3>Porfest\u0151 m\u0171hely<\/h3>\n<p><img decoding=\"async\" src=\"\/wp-content\/uploads\/factory-09.webp\"\/><\/p>\n<h3>Anodiz\u00e1l\u00f3 m\u0171hely<\/h3>\n<p><img decoding=\"async\" src=\"\/wp-content\/uploads\/factory-10.webp\"\/><\/p>\n<h3>M\u00e9ly feldolgoz\u00e1si m\u0171hely<\/h3>\n<p><img decoding=\"async\" src=\"\/wp-content\/uploads\/factory-11.webp\"\/><\/p>\n<h3>CNC prec\u00edzi\u00f3s megmunk\u00e1l\u00f3 m\u0171hely<\/h3>\n<p><img decoding=\"async\" src=\"\/wp-content\/uploads\/factory-11.5.webp\"\/><\/p>\n<h3>K\u00e9szterm\u00e9k \u00e9s export rakt\u00e1r<\/h3>\n<p><img decoding=\"async\" src=\"\/wp-content\/uploads\/factory-12.webp\"\/><\/p>\n<p><img decoding=\"async\" src=\"\/wp-content\/uploads\/factory-13.webp\"\/><\/p>\n<p><img decoding=\"async\" src=\"\/wp-content\/uploads\/factory-14.webp\"\/><\/p>\n<h2>GYIK<\/h2>\n<p><p><b>1.CNC ipari alum\u00ednium profiloz\u00f3: CNC megmunk\u00e1l\u00e1s alum\u00ednium profilok k\u00e9sz\u00edt\u00e9s\u00e9hez: Melyek a legfontosabb el\u0151nyei a CNC megmunk\u00e1l\u00e1snak?<\/b><\/p>\n<p>A CNC megmunk\u00e1l\u00e1s nagy pontoss\u00e1got biztos\u00edt, lehet\u0151v\u00e9 t\u00e9ve a sz\u0171k t\u0171r\u00e9seket \u00e9s a t\u00f6k\u00e9letes illeszked\u00e9st, \u00edgy az alum\u00ednium profilok ide\u00e1lisak az ig\u00e9nyes ipari alkalmaz\u00e1sokhoz.<br \/>\n<\/p><br \/>\n<br \/>\n<p><b>2.Can CNC ipari alum\u00ednium profilok testre szabhat\u00f3?<\/b><\/p>\n<p>Igen, a CNC ipari alum\u00ednium profilok alakja, m\u00e9rete \u00e9s kivitelez\u00e9se testre szabhat\u00f3, hogy megfeleljen a k\u00fcl\u00f6nb\u00f6z\u0151 ipar\u00e1gak egyedi ig\u00e9nyeinek.<br \/>\n<\/p><br \/>\n<br \/>\n<p><b>3.Milyen ipar\u00e1gak haszn\u00e1lj\u00e1k a CNC ipari alum\u00ednium profilokat?<\/b><\/p>\n<p>Az olyan ipar\u00e1gak, mint az aut\u00f3ipar, a feldolgoz\u00f3ipar, az \u00e9p\u00edt\u0151ipar \u00e9s a rep\u00fcl\u0151g\u00e9pipar profit\u00e1lnak a CNC megmunk\u00e1lt alum\u00edniumprofilok pontoss\u00e1g\u00e1b\u00f3l, tart\u00f3ss\u00e1g\u00e1b\u00f3l \u00e9s rugalmass\u00e1g\u00e1b\u00f3l.<br \/>\n<\/p><br \/>\n<br \/>\n<p><b>4.Hogyan jav\u00edtja az alum\u00edniumprofilok korr\u00f3zi\u00f3\u00e1ll\u00f3s\u00e1ga a teljes\u00edtm\u00e9ny\u00fcket?<\/b><\/p>\n<p>Az alum\u00edniumprofilok korr\u00f3zi\u00f3\u00e1ll\u00f3 tulajdons\u00e1gai biztos\u00edtj\u00e1k, hogy m\u00e9g zord, k\u00fclt\u00e9ri vagy ipari k\u00f6rnyezetben is meg\u0151rzik szil\u00e1rds\u00e1gukat \u00e9s megjelen\u00e9s\u00fcket.<br \/>\n<\/p><br \/>\n<br \/>\n<p><b>5.Mi\u00e9rt v\u00e1lasztj\u00e1k az alum\u00edniumot az ipari profilokhoz m\u00e1s anyagokkal szemben?<\/b><\/p>\n<p>Az alum\u00ednium k\u00f6nny\u0171, er\u0151s \u00e9s korr\u00f3zi\u00f3\u00e1ll\u00f3, \u00edgy ide\u00e1lis v\u00e1laszt\u00e1s olyan szerkezeti \u00e9s ipari alkalmaz\u00e1sokhoz, ahol fontos a tart\u00f3ss\u00e1g \u00e9s a k\u00f6nny\u0171 kezelhet\u0151s\u00e9g.<br \/>\n<\/p><br \/>\n<br \/>\n<p><b>6.Hogyan jav\u00edtja a CNC megmunk\u00e1l\u00e1s az alum\u00ednium profilok min\u0151s\u00e9g\u00e9t?<\/b><\/p>\n<p>A CNC megmunk\u00e1l\u00e1s biztos\u00edtja, hogy minden egyes alum\u00edniumprofil pontos specifik\u00e1ci\u00f3k szerint k\u00e9sz\u00fclj\u00f6n, ami egyenletes min\u0151s\u00e9get, tart\u00f3ss\u00e1got \u00e9s m\u00e1s alkatr\u00e9szekkel val\u00f3 kompatibilit\u00e1st eredm\u00e9nyez.<br \/>\n<\/p><br \/>\n<br \/>\n<p><b>7.Mi az el\u0151nye az ipari alum\u00edniumprofilok haszn\u00e1lat\u00e1nak az \u00e9p\u00edt\u0151iparban \u00e9s a gy\u00e1rt\u00e1sban?<\/b><\/p>\n<p>Az ipari alum\u00edniumprofilok a szil\u00e1rds\u00e1g, a k\u00f6nny\u0171 s\u00faly \u00e9s a rugalmass\u00e1g kombin\u00e1ci\u00f3j\u00e1t k\u00edn\u00e1lj\u00e1k, \u00edgy ide\u00e1lisak az \u00e9p\u00edt\u0151iparban, a gy\u00e1rt\u00e1sban \u00e9s k\u00fcl\u00f6nb\u00f6z\u0151 szerkezeti alkalmaz\u00e1sokban.<br \/>\n<\/p><br \/>\n<br \/>\n<p><b>8.Hogyan hat a CNC alum\u00ednium profilok testreszab\u00e1sa az ipari formatervez\u00e9sre?<\/b><\/p>\n<p>Az egyedi CNC alum\u00edniumprofilok biztos\u00edtj\u00e1k, hogy a formatervez\u00e9s megfeleljen a speci\u00e1lis funkcion\u00e1lis, szerkezeti \u00e9s eszt\u00e9tikai k\u00f6vetelm\u00e9nyeknek, n\u00f6velve az alkalmaz\u00e1s \u00e1ltal\u00e1nos hat\u00e9konys\u00e1g\u00e1t \u00e9s teljes\u00edtm\u00e9ny\u00e9t.<br \/>\n<\/p><br \/><\/p>","protected":false},"featured_media":8551,"template":"","categories":[68],"class_list":["post-8552","product","type-product","status-publish","has-post-thumbnail","hentry","category-cnc-machining-aluminum-profile"],"meta_box":{"hilight_text_group":{"product_hilight_text":"<li>High precision CNC machining for industrial aluminum profiles with tight tolerances.<\/li>\r\r\n<li>Customizable profiles to meet specific industrial and structural application needs.<\/li>\r\r\n<li>Strong and lightweight aluminum material providing durability and ease of use.<\/li>\r\r\n<li>Corrosion-resistant surface, ensuring long-lasting performance in demanding environments.<\/li>\r\r\n<li>Efficient production process, reducing lead times and costs while maintaining high quality.<\/li>","product_chanpin_blog":"<ul>\r\r\n<li><a href=\"https:\/\/sinoextrud.com\/t-slot-v-slot-differences\/\" target=\"_blank\">t slot vs v slot<\/a><\/li>\r\r\n<li><a href=\"https:\/\/sinoextrud.com\/what-is-4040-aluminium-extrud\/\" target=\"_blank\">4040 aluminium extrusion<\/a><\/li>\r\r\n<li><a href=\"https:\/\/sinoextrud.com\/what-is-4040-aluminium-extrud\/\" target=\"_blank\">aluminum extrusions for industrial racks<\/a><\/li>\r\r\n<li><a href=\"https:\/\/sinoextrud.com\/powder-coating-aluminium-process\/\" target=\"_blank\">powder coating aluminium<\/a><\/li>\r\r\n<li><a href=\"https:\/\/sinoextrud.com\/what-is-an-aluminium-strip-ceiling\/\" target=\"_blank\">aluminium strip ceiling<\/a><\/li>\r\r\n<li><a href=\"https:\/\/sinoextrud.com\/what-is-a-heat-sink\/\" target=\"_blank\">what is a heat sink<\/a><\/li>\r\r\n<\/ul>","product_chanpin_chanpin":"<li><a href=\"https:\/\/sinoextrud.com\/product\/aluminum-profile-cnc-machining\/\" target=\"_blank\">Aluminum Profile CNC Machining<\/a><\/li>\r\n<li><a href=\"https:\/\/sinoextrud.com\/product\/extruded-aluminum-cnc-part-with-precision-custom-cnc-machining\/\" target=\"_blank\">Extruded Aluminum CNC Part with Precision Custom CNC Machining<\/a><\/li>\r\n<li><a href=\"https:\/\/sinoextrud.com\/product\/item-modular-aluminium-profile-system\/\" target=\"_blank\">Item Modular Aluminium Profile System<\/a><\/li>\r\n<li><a href=\"https:\/\/sinoextrud.com\/product\/small-aluminium-extrusions\/\" target=\"_blank\">Small Aluminium Extrusions<\/a><\/li>\r\n<li><a href=\"https:\/\/sinoextrud.com\/product\/cnc-industrial-aluminum-profiler\/\" target=\"_blank\">CNC Industrial Aluminum Profiler<\/a><\/li>\r\n<li><a href=\"https:\/\/sinoextrud.com\/product\/cnc-machine-for-aluminum-profiles\/\" target=\"_blank\">CNC Machine For Aluminum Profiles<\/a><\/li>\r\n<li><a href=\"https:\/\/sinoextrud.com\/product\/aluminum-enclosure-housing-and-shell\/\" target=\"_blank\">Aluminum Enclosure Housing And Shell<\/a><\/li>\r\n<li><a href=\"https:\/\/sinoextrud.com\/product\/custom-finishing-aluminum-extrusion-profile-fabrication-and-cnc-machining\/\" target=\"_blank\">Custom Finishing Aluminum Extrusion Profile Fabrication and CNC Machining<\/a><\/li>\r\n<li><a href=\"https:\/\/sinoextrud.com\/product\/special-aluminium-extrusions\/\" target=\"_blank\">Special Aluminium Extrusions<\/a><\/li>\r\n<li><a href=\"https:\/\/sinoextrud.com\/product\/aluminum-profile-wardrobe-hanging-rail\/\" target=\"_blank\">Aluminum Profile Wardrobe Hanging Rail<\/a><\/li>\r\n<li><a href=\"https:\/\/sinoextrud.com\/product\/v-shape-baffle-ceiling-system\/\" target=\"_blank\">V-shape Baffle Ceiling System<\/a><\/li>"},"feature_list":[]},"_links":{"self":[{"href":"https:\/\/sinoextrud.com\/hu\/wp-json\/wp\/v2\/product\/8552","targetHints":{"allow":["GET"]}}],"collection":[{"href":"https:\/\/sinoextrud.com\/hu\/wp-json\/wp\/v2\/product"}],"about":[{"href":"https:\/\/sinoextrud.com\/hu\/wp-json\/wp\/v2\/types\/product"}],"wp:featuredmedia":[{"embeddable":true,"href":"https:\/\/sinoextrud.com\/hu\/wp-json\/wp\/v2\/media\/8551"}],"wp:attachment":[{"href":"https:\/\/sinoextrud.com\/hu\/wp-json\/wp\/v2\/media?parent=8552"}],"wp:term":[{"taxonomy":"category","embeddable":true,"href":"https:\/\/sinoextrud.com\/hu\/wp-json\/wp\/v2\/categories?post=8552"}],"curies":[{"name":"wp","href":"https:\/\/api.w.org\/{rel}","templated":true}]}}