{"id":8550,"date":"2025-06-17T02:58:38","date_gmt":"2025-06-17T02:58:38","guid":{"rendered":"https:\/\/sinoextrud.com\/product\/small-aluminium-extrusions\/"},"modified":"2025-06-24T06:24:15","modified_gmt":"2025-06-24T06:24:15","slug":"kis-aluminium-extrudalt-reszek","status":"publish","type":"product","link":"https:\/\/sinoextrud.com\/hu\/product\/small-aluminium-extrusions\/","title":{"rendered":"Kis alum\u00ednium extrud\u00e1l\u00e1sok"},"content":{"rendered":"<h2>Term\u00e9kek r\u00e9szletei<\/h2>\n<table class=\"custom-table\">\n<tbody>\n<tr>\n<td> N\u00e9v<\/td>\n<td> Kis alum\u00ednium extrud\u00e1lt r\u00e9szek<\/td>\n<\/tr>\n<tr>\n<td> M\u00e1rka<\/td>\n<td> Sinoextrud\/<\/td>\n<\/tr>\n<tr>\n<td> Kateg\u00f3ria<\/td>\n<td> Alum\u00ednium extrud\u00e1l\u00e1s<\/td>\n<\/tr>\n<tr>\n<td> Anyag<\/td>\n<td> Alum\u00ednium \u00f6tv\u00f6zet (6063, 6061, 6464, 6082), 1000 \u00e9s 3000 sorozat \u00e1ll rendelkez\u00e9sre.<\/td>\n<\/tr>\n<tr>\n<td> Temper<\/td>\n<td> T5-T8<\/td>\n<\/tr>\n<tr>\n<td> Hossz\u00fas\u00e1g<\/td>\n<td> A rajz szerint<\/td>\n<\/tr>\n<tr>\n<td> M\u00e9ret (mm)<\/td>\n<td> K\u00fcl\u00f6nb\u00f6z\u0151 m\u00e9ret \u00e1ll rendelkez\u00e9sre, \u00fcgyf\u00e9l rajz \u00e1ll rendelkez\u00e9sre<\/td>\n<\/tr>\n<tr>\n<td> Shape<\/td>\n<td> K\u00fcl\u00f6nb\u00f6z\u0151 kis alak\u00fa az \u00fcgyf\u00e9l ig\u00e9nyei szerint<\/td>\n<\/tr>\n<tr>\n<td> Fel\u00fcletkezel\u00e9s<\/td>\n<td> Er\u0151bevonat; Malom k\u00e9sz, elox\u00e1lt, homokf\u00fav\u00e1s, elektrofor\u00e9zis is rendelkez\u00e9sre \u00e1ll.<\/td>\n<\/tr>\n<tr>\n<td> Sz\u00ednes<\/td>\n<td> Ez\u00fcst, fekete, arany, Champange, bronz, piros. k\u00e9k \u00e9s testre szabhatjuk a sz\u00edneket az \u00fcgyfelek mint\u00e1i alapj\u00e1n.<\/td>\n<\/tr>\n<tr>\n<td> Garancia<\/td>\n<td> BV , TUV ,ISO<\/td>\n<\/tr>\n<tr>\n<td> Standard<\/td>\n<td> K\u00f6zepes \u00e9s magas min\u0151s\u00e9g<\/td>\n<\/tr>\n<tr>\n<td> MOQ<\/td>\n<td> 200KGS minden egyes t\u00e9telre<\/td>\n<\/tr>\n<tr>\n<td> A  c\u00edmr\u0151l<\/td>\n<td> Guangdong, K\u00edna<\/td>\n<\/tr>\n<tr>\n<td> Alkalmaz\u00e1s<\/td>\n<td> Ipar, \u00e9p\u00edt\u0151ipar, h\u00e1ztart\u00e1si dekor\u00e1ci\u00f3<\/td>\n<\/tr>\n<tr>\n<td> M\u00e9lyrehat\u00f3 feldolgoz\u00e1s<\/td>\n<td> V\u00e1g\u00e1s, f\u00far\u00e1s, megmunk\u00e1l\u00e1s, lyukaszt\u00e1s, hajl\u00edt\u00e1s, csapol\u00e1s stb.<\/td>\n<\/tr>\n<tr>\n<td> Csomag<\/td>\n<td> Bel\u00fcl v\u00e9d\u0151f\u00f3li\u00e1val, zsugorf\u00f3li\u00e1val vagy PE-habbal. K\u00edv\u00fcl doboz, karton vagy fakeret, vagy testreszab\u00e1s.<\/td>\n<\/tr>\n<tr>\n<td> Sz\u00e1ll\u00edt\u00e1si id\u0151<\/td>\n<td> A forma fejleszt\u00e9se \u00e9s a minta kialak\u00edt\u00e1sa 12-18 nap, majd a gy\u00e1rt\u00e1s id\u0151tartama 25-30 nap a vev\u0151 let\u00e9tbe helyez\u00e9se ut\u00e1n.<\/td>\n<\/tr>\n<tr>\n<td> Term\u00e9kkapacit\u00e1s<\/td>\n<td> 15,000+ tonna\/h\u00f3<\/td>\n<\/tr>\n<\/tbody>\n<\/table>\n<h2>Gy\u00e1rt\u00f3 b\u00e1zisunk<\/h2>\n<h3>Gy\u00e1ri panor\u00e1ma<\/h3>\n<p><img decoding=\"async\" src=\"\/wp-content\/uploads\/factory-01.webp\"\/><\/p>\n<h3>Alum\u00ednium r\u00fadgy\u00e1rt\u00f3 m\u0171hely<\/h3>\n<p><img decoding=\"async\" src=\"\/wp-content\/uploads\/factory-02.webp\"\/><\/p>\n<p><img decoding=\"async\" src=\"\/wp-content\/uploads\/factory-03.webp\"\/><\/p>\n<h3>Pen\u00e9sz rakt\u00e1r<\/h3>\n<p><img decoding=\"async\" src=\"\/wp-content\/uploads\/factory-04.webp\"\/><\/p>\n<h3>43 alum\u00ednium extrud\u00e1l\u00f3 vonal (500-5500 tonna)<\/h3>\n<p><img decoding=\"async\" src=\"\/wp-content\/uploads\/factory-05.webp\"\/><\/p>\n<p><img decoding=\"async\" src=\"\/wp-content\/uploads\/factory-06.webp\"\/><\/p>\n<p><img decoding=\"async\" src=\"\/wp-content\/uploads\/factory-07.webp\"\/><\/p>\n<h3>Porfest\u0151 m\u0171hely<\/h3>\n<p><img decoding=\"async\" src=\"\/wp-content\/uploads\/factory-09.webp\"\/><\/p>\n<h3>Anodiz\u00e1l\u00f3 m\u0171hely<\/h3>\n<p><img decoding=\"async\" src=\"\/wp-content\/uploads\/factory-10.webp\"\/><\/p>\n<h3>M\u00e9ly feldolgoz\u00e1si m\u0171hely<\/h3>\n<p><img decoding=\"async\" src=\"\/wp-content\/uploads\/factory-11.webp\"\/><\/p>\n<h3>CNC prec\u00edzi\u00f3s megmunk\u00e1l\u00f3 m\u0171hely<\/h3>\n<p><img decoding=\"async\" src=\"\/wp-content\/uploads\/factory-11.5.webp\"\/><\/p>\n<h3>K\u00e9szterm\u00e9k \u00e9s export rakt\u00e1r<\/h3>\n<p><img decoding=\"async\" src=\"\/wp-content\/uploads\/factory-12.webp\"\/><\/p>\n<p><img decoding=\"async\" src=\"\/wp-content\/uploads\/factory-13.webp\"\/><\/p>\n<p><img decoding=\"async\" src=\"\/wp-content\/uploads\/factory-14.webp\"\/><\/p>\n<h2>GYIK<\/h2>\n<p><p><b>1.Small alum\u00ednium extrud\u00e1l\u00e1s: Milyen el\u0151ny\u00f6kkel j\u00e1r a kis alum\u00ednium extrud\u00e1l\u00e1sok haszn\u00e1lata a k\u00fcl\u00f6nb\u00f6z\u0151 projektekben?<\/b><\/p>\n<p>A kism\u00e9ret\u0171 alum\u00ednium extrud\u00e1l\u00e1sok k\u00f6nny\u0171ek, testre szabhat\u00f3k \u00e9s kiv\u00e1l\u00f3 szil\u00e1rds\u00e1got biztos\u00edtanak, \u00edgy ide\u00e1lisak kompakt alkalmaz\u00e1sokhoz olyan ipar\u00e1gakban, mint az aut\u00f3ipar, az \u00e9p\u00edt\u0151ipar \u00e9s az elektronika.<br \/>\n<\/p><br \/>\n<br \/>\n<p><b>2.Hogyan jav\u00edtja az alum\u00ednium korr\u00f3zi\u00f3\u00e1ll\u00f3s\u00e1ga a teljes\u00edtm\u00e9ny\u00e9t?<\/b><\/p>\n<p>Az alum\u00ednium korr\u00f3zi\u00f3\u00e1ll\u00f3s\u00e1ga seg\u00edt a sajtolt term\u00e9keknek meg\u0151rizni integrit\u00e1sukat \u00e9s megjelen\u00e9s\u00fcket az id\u0151k sor\u00e1n, m\u00e9g zord vagy k\u00fclt\u00e9ri k\u00f6rnyezetben is, \u00edgy biztos\u00edtva a tart\u00f3ss\u00e1got.<br \/>\n<\/p><br \/>\n<br \/>\n<p><b>3.Can kis alum\u00ednium extrud\u00e1l\u00e1sok testre szabhat\u00f3, hogy megfeleljen az adott ig\u00e9nyeknek?<\/b><\/p>\n<p>Igen, a kis alum\u00ednium extrud\u00e1l\u00e1sok m\u00e9retben, alakban \u00e9s kivitelben is testre szabhat\u00f3k, hogy megfeleljenek az \u00d6n projektj\u00e9nek vagy alkalmaz\u00e1s\u00e1nak pontos specifik\u00e1ci\u00f3inak.<br \/>\n<\/p><br \/>\n<br \/>\n<p><b>4.Milyen ipar\u00e1gak profit\u00e1lhatnak a kis alum\u00ednium extrud\u00e1l\u00e1sok haszn\u00e1lat\u00e1b\u00f3l?<\/b><\/p>\n<p>Az olyan ipar\u00e1gak, mint az aut\u00f3ipar, a rep\u00fcl\u0151g\u00e9pipar, az elektronika \u00e9s az \u00e9p\u00edt\u0151ipar, profit\u00e1lnak a kis alum\u00ednium extrud\u00e1l\u00e1sok szil\u00e1rds\u00e1g\u00e1b\u00f3l, k\u00f6nny\u0171 tulajdons\u00e1gaib\u00f3l \u00e9s sokoldal\u00fas\u00e1g\u00e1b\u00f3l.<br \/>\n<\/p><br \/>\n<br \/>\n<p><b>5.Hogyan kedvez az alum\u00ednium szil\u00e1rds\u00e1g\/t\u00f6meg ar\u00e1nya a kis extrud\u00e1lt term\u00e9keknek?<\/b><\/p>\n<p>A nagy szil\u00e1rds\u00e1g\/t\u00f6meg ar\u00e1ny lehet\u0151v\u00e9 teszi, hogy a kis alum\u00ednium extrud\u00e1l\u00e1sok szil\u00e1rds\u00e1got \u00e9s tart\u00f3ss\u00e1got biztos\u00edtsanak an\u00e9lk\u00fcl, hogy felesleges s\u00falyt adn\u00e1nak hozz\u00e1, \u00edgy sz\u00e1mos alkalmaz\u00e1shoz alkalmasak.<br \/>\n<\/p><br \/>\n<br \/>\n<p><b>6.Mik a f\u0151 el\u0151nyei a kis alum\u00ednium extrud\u00e1l\u00e1sok haszn\u00e1lat\u00e1nak szerkezeti alkalmaz\u00e1sokban?<\/b><\/p>\n<p>A kism\u00e9ret\u0171 alum\u00edniumprofilok szil\u00e1rds\u00e1got, korr\u00f3zi\u00f3\u00e1ll\u00f3s\u00e1got \u00e9s k\u00f6nny\u0171 \u00f6sszeszerelhet\u0151s\u00e9get k\u00edn\u00e1lnak, \u00edgy ide\u00e1lisak kompakt kialak\u00edt\u00e1s\u00fa szerkezeti v\u00e1zakhoz.<br \/>\n<\/p><br \/>\n<br \/>\n<p><b>7.A kis alum\u00ednium extrud\u00e1l\u00e1sokat k\u00f6nny\u0171 \u00f6sszeszerelni \u00e9s feldolgozni?<\/b><\/p>\n<p>Igen, a kis m\u00e9ret\u0171 alum\u00ednium extrud\u00e1lt r\u00e9szek k\u00f6nnyen megmunk\u00e1lhat\u00f3k, feldolgozhat\u00f3k \u00e9s \u00f6sszeszerelhet\u0151k, ami gyorsabb gy\u00e1rt\u00e1st \u00e9s alacsonyabb munkaer\u0151k\u00f6lts\u00e9get tesz lehet\u0151v\u00e9.<br \/>\n<\/p><br \/>\n<br \/>\n<p><b>8.Hogyan befoly\u00e1solja a kis alum\u00ednium extrud\u00e1l\u00e1sok testreszab\u00e1sa az alkalmaz\u00e1sukat?<\/b><\/p>\n<p>A kis alum\u00ednium extrud\u00e1l\u00e1sok testreszab\u00e1sa biztos\u00edtja, hogy azok megfeleljenek az egyes projektek egyedi k\u00f6vetelm\u00e9nyeinek, jav\u00edtva a teljes\u00edtm\u00e9nyt \u00e9s a hat\u00e9konys\u00e1got a k\u00fcl\u00f6nb\u00f6z\u0151 ipari felhaszn\u00e1l\u00e1sokban.<br \/>\n<\/p><br \/><\/p>","protected":false},"featured_media":8549,"template":"","categories":[68],"class_list":["post-8550","product","type-product","status-publish","has-post-thumbnail","hentry","category-cnc-machining-aluminum-profile"],"meta_box":{"hilight_text_group":{"product_hilight_text":"<li>Compact and lightweight small aluminum extrusions suitable for a variety of applications.<\/li>\r\r\n<li>Customizable sizes and shapes to meet specific industrial and structural requirements.<\/li>\r\r\n<li>Corrosion-resistant, ensuring long-lasting performance in various environments.<\/li>\r\r\n<li>Easy to machine, process, and assemble for quick production and low labor costs.<\/li>\r\r\n<li>High strength-to-weight ratio, providing strength without unnecessary bulk.<\/li>","product_chanpin_blog":"<ul>\r\r\n<li><a href=\"https:\/\/sinoextrud.com\/t-slot-v-slot-differences\/\" target=\"_blank\">t slot vs v slot<\/a><\/li>\r\r\n<li><a href=\"https:\/\/sinoextrud.com\/what-is-4040-aluminium-extrud\/\" target=\"_blank\">4040 aluminium extrusion<\/a><\/li>\r\r\n<li><a href=\"https:\/\/sinoextrud.com\/what-is-4040-aluminium-extrud\/\" target=\"_blank\">aluminum extrusions for industrial racks<\/a><\/li>\r\r\n<li><a href=\"https:\/\/sinoextrud.com\/powder-coating-aluminium-process\/\" target=\"_blank\">powder coating aluminium<\/a><\/li>\r\r\n<li><a href=\"https:\/\/sinoextrud.com\/what-is-an-aluminium-strip-ceiling\/\" target=\"_blank\">aluminium strip ceiling<\/a><\/li>\r\r\n<li><a href=\"https:\/\/sinoextrud.com\/what-is-a-heat-sink\/\" target=\"_blank\">what is a heat sink<\/a><\/li>\r\r\n<\/ul>","product_chanpin_chanpin":"<li><a href=\"https:\/\/sinoextrud.com\/product\/aluminum-cnc-machining\/\" target=\"_blank\">Aluminum cnc machining<\/a><\/li>\r\n<li><a href=\"https:\/\/sinoextrud.com\/product\/aluminum-profile-cnc-machining\/\" target=\"_blank\">Aluminum Profile CNC Machining<\/a><\/li>\r\n<li><a href=\"https:\/\/sinoextrud.com\/product\/extruded-aluminum-cnc-part-with-precision-custom-cnc-machining\/\" target=\"_blank\">Extruded Aluminum CNC Part with Precision Custom CNC Machining<\/a><\/li>\r\n<li><a href=\"https:\/\/sinoextrud.com\/product\/item-modular-aluminium-profile-system\/\" target=\"_blank\">Item Modular Aluminium Profile System<\/a><\/li>\r\n<li><a href=\"https:\/\/sinoextrud.com\/product\/small-aluminium-extrusions\/\" target=\"_blank\">Small Aluminium Extrusions<\/a><\/li>\r\n<li><a href=\"https:\/\/sinoextrud.com\/product\/cnc-industrial-aluminum-profiler\/\" target=\"_blank\">CNC Industrial Aluminum Profiler<\/a><\/li>\r\n<li><a href=\"https:\/\/sinoextrud.com\/product\/cnc-machine-for-aluminum-profiles\/\" target=\"_blank\">CNC Machine For Aluminum Profiles<\/a><\/li>\r\n<li><a href=\"https:\/\/sinoextrud.com\/product\/aluminum-enclosure-housing-and-shell\/\" target=\"_blank\">Aluminum Enclosure Housing And Shell<\/a><\/li>\r\n<li><a href=\"https:\/\/sinoextrud.com\/product\/custom-finishing-aluminum-extrusion-profile-fabrication-and-cnc-machining\/\" target=\"_blank\">Custom Finishing Aluminum Extrusion Profile Fabrication and CNC Machining<\/a><\/li>\r\n<li><a href=\"https:\/\/sinoextrud.com\/product\/large-aluminum-extrud\/\" target=\"_blank\">Large Aluminum Extrud<\/a><\/li>\r\n<li><a href=\"https:\/\/sinoextrud.com\/product\/aluminum-frame\/\" target=\"_blank\">Aluminum Frame<\/a><\/li>"},"feature_list":[]},"_links":{"self":[{"href":"https:\/\/sinoextrud.com\/hu\/wp-json\/wp\/v2\/product\/8550","targetHints":{"allow":["GET"]}}],"collection":[{"href":"https:\/\/sinoextrud.com\/hu\/wp-json\/wp\/v2\/product"}],"about":[{"href":"https:\/\/sinoextrud.com\/hu\/wp-json\/wp\/v2\/types\/product"}],"wp:featuredmedia":[{"embeddable":true,"href":"https:\/\/sinoextrud.com\/hu\/wp-json\/wp\/v2\/media\/8549"}],"wp:attachment":[{"href":"https:\/\/sinoextrud.com\/hu\/wp-json\/wp\/v2\/media?parent=8550"}],"wp:term":[{"taxonomy":"category","embeddable":true,"href":"https:\/\/sinoextrud.com\/hu\/wp-json\/wp\/v2\/categories?post=8550"}],"curies":[{"name":"wp","href":"https:\/\/api.w.org\/{rel}","templated":true}]}}