{"id":8548,"date":"2025-06-17T02:56:13","date_gmt":"2025-06-17T02:56:13","guid":{"rendered":"https:\/\/sinoextrud.com\/product\/item-modular-aluminium-profile-system\/"},"modified":"2025-06-24T06:24:13","modified_gmt":"2025-06-24T06:24:13","slug":"item-modularis-aluminium-profilrendszer","status":"publish","type":"product","link":"https:\/\/sinoextrud.com\/hu\/product\/item-modular-aluminium-profile-system\/","title":{"rendered":"T\u00e9tel Modul\u00e1ris alum\u00ednium profilrendszer"},"content":{"rendered":"<h2>Term\u00e9kek r\u00e9szletei<\/h2>\n<table class=\"custom-table\">\n<tbody>\n<tr>\n<td> Modell NO.:<\/td>\n<td> 6061 6063 6082<\/td>\n<\/tr>\n<tr>\n<td> Lelkiismeretesen:<\/td>\n<td> T3 - T8<\/td>\n<\/tr>\n<tr>\n<td> Fel\u00fcletkezel\u00e9s:<\/td>\n<td> porsz\u00f3r\u00e1s, elox\u00e1l\u00e1s, pol\u00edroz\u00e1s stb.<\/td>\n<\/tr>\n<tr>\n<td> \u00f6tv\u00f6zet:<\/td>\n<td> \u00d6tv\u00f6zet<\/td>\n<\/tr>\n<tr>\n<td> T\u00edpus:<\/td>\n<td> Aut\u00f3 l\u00f3g\u00f3<\/td>\n<\/tr>\n<tr>\n<td> Technika:<\/td>\n<td> Extrud\u00e1lt<\/td>\n<\/tr>\n<tr>\n<td> Eredet:<\/td>\n<td> Guangdong K\u00edna<\/td>\n<\/tr>\n<tr>\n<td> Alkalmaz\u00e1s:<\/td>\n<td> sz\u00e1ll\u00edt\u00e1s alum\u00ednium profil<\/td>\n<\/tr>\n<tr>\n<td> Tan\u00fas\u00edt\u00e1s:<\/td>\n<td> EN, ASTM, GB\/T<\/td>\n<\/tr>\n<tr>\n<td> M\u00e9ret:<\/td>\n<td> 10mm - 300mm<\/td>\n<\/tr>\n<tr>\n<td> HS-k\u00f3d:<\/td>\n<td> 7604299000<\/td>\n<\/tr>\n<tr>\n<td> Falvastags\u00e1g:<\/td>\n<td> 2 mm. Testreszabott el\u00e9rhet\u0151<\/td>\n<\/tr>\n<\/tbody>\n<\/table>\n<h2>Gy\u00e1rt\u00f3 b\u00e1zisunk<\/h2>\n<h3>Gy\u00e1ri panor\u00e1ma<\/h3>\n<p><img decoding=\"async\" src=\"\/wp-content\/uploads\/factory-01.webp\"\/><\/p>\n<h3>Alum\u00ednium r\u00fadgy\u00e1rt\u00f3 m\u0171hely<\/h3>\n<p><img decoding=\"async\" src=\"\/wp-content\/uploads\/factory-02.webp\"\/><\/p>\n<p><img decoding=\"async\" src=\"\/wp-content\/uploads\/factory-03.webp\"\/><\/p>\n<h3>Pen\u00e9sz rakt\u00e1r<\/h3>\n<p><img decoding=\"async\" src=\"\/wp-content\/uploads\/factory-04.webp\"\/><\/p>\n<h3>43 alum\u00ednium extrud\u00e1l\u00f3 vonal (500-5500 tonna)<\/h3>\n<p><img decoding=\"async\" src=\"\/wp-content\/uploads\/factory-05.webp\"\/><\/p>\n<p><img decoding=\"async\" src=\"\/wp-content\/uploads\/factory-06.webp\"\/><\/p>\n<p><img decoding=\"async\" src=\"\/wp-content\/uploads\/factory-07.webp\"\/><\/p>\n<h3>Porfest\u0151 m\u0171hely<\/h3>\n<p><img decoding=\"async\" src=\"\/wp-content\/uploads\/factory-09.webp\"\/><\/p>\n<h3>Anodiz\u00e1l\u00f3 m\u0171hely<\/h3>\n<p><img decoding=\"async\" src=\"\/wp-content\/uploads\/factory-10.webp\"\/><\/p>\n<h3>M\u00e9ly feldolgoz\u00e1si m\u0171hely<\/h3>\n<p><img decoding=\"async\" src=\"\/wp-content\/uploads\/factory-11.webp\"\/><\/p>\n<h3>CNC prec\u00edzi\u00f3s megmunk\u00e1l\u00f3 m\u0171hely<\/h3>\n<p><img decoding=\"async\" src=\"\/wp-content\/uploads\/factory-11.5.webp\"\/><\/p>\n<h3>K\u00e9szterm\u00e9k \u00e9s export rakt\u00e1r<\/h3>\n<p><img decoding=\"async\" src=\"\/wp-content\/uploads\/factory-12.webp\"\/><\/p>\n<p><img decoding=\"async\" src=\"\/wp-content\/uploads\/factory-13.webp\"\/><\/p>\n<p><img decoding=\"async\" src=\"\/wp-content\/uploads\/factory-14.webp\"\/><\/p>\n<h2>GYIK<\/h2>\n<p><p><b>1.Item Modul\u00e1ris alum\u00ednium profilrendszer: Mit\u0151l lesz ez a modul\u00e1ris rendszer ide\u00e1lis a k\u00fcl\u00f6nb\u00f6z\u0151 alkalmaz\u00e1sokhoz?<\/b><\/p>\n<p>A modul\u00e1ris fel\u00e9p\u00edt\u00e9s rugalmas, testre szabhat\u00f3 megold\u00e1sokat tesz lehet\u0151v\u00e9, \u00edgy ide\u00e1lis az ipari, automatiz\u00e1l\u00e1si \u00e9s bark\u00e1csprojektek sz\u00e9les sk\u00e1l\u00e1j\u00e1hoz.<br \/>\n<\/p><br \/>\n<br \/>\n<p><b>2.Mennyire k\u00f6nny\u0171 \u00f6sszeszerelni az Item modul\u00e1ris alum\u00ednium profilrendszert?<\/b><\/p>\n<p>Az \u00f6sszeszerel\u00e9s gyors \u00e9s egyszer\u0171, k\u00f6sz\u00f6nhet\u0151en a kompatibilis alkatr\u00e9szek sz\u00e9les v\u00e1laszt\u00e9k\u00e1nak, amelyek k\u00f6nnyen, speci\u00e1lis szersz\u00e1mok n\u00e9lk\u00fcl illeszkednek egym\u00e1shoz.<br \/>\n<\/p><br \/>\n<br \/>\n<p><b>3.Melyek az alum\u00edniumprofilok modul\u00e1ris rendszerben val\u00f3 haszn\u00e1lat\u00e1nak f\u0151 el\u0151nyei?<\/b><\/p>\n<p>Az alum\u00ednium k\u00f6nny\u0171, tart\u00f3s \u00e9s korr\u00f3zi\u00f3\u00e1ll\u00f3, \u00edgy hossz\u00fa \u00e9lettartam\u00fa \u00e9s alacsony karbantart\u00e1si ig\u00e9ny\u0171 megold\u00e1st k\u00edn\u00e1l projektjeihez.<br \/>\n<\/p><br \/>\n<br \/>\n<p><b>4.Lehet-e az Item modul\u00e1ris alum\u00ednium profilrendszert egyedi ig\u00e9nyekre szabni?<\/b><\/p>\n<p>Igen, a rendszer nagym\u00e9rt\u00e9kben testreszabhat\u00f3, lehet\u0151v\u00e9 t\u00e9ve a k\u00fcl\u00f6nb\u00f6z\u0151 konfigur\u00e1ci\u00f3kat \u00e9s be\u00e1ll\u00edt\u00e1sokat az egyedi projektk\u00f6vetelm\u00e9nyeknek megfelel\u0151en.<br \/>\n<\/p><br \/>\n<br \/>\n<p><b>5.Milyen ipar\u00e1gak profit\u00e1lhatnak az Item modul\u00e1ris alum\u00ednium profilrendszerb\u0151l?<\/b><\/p>\n<p>Az olyan ipar\u00e1gak, mint a gy\u00e1rt\u00e1s, az automatiz\u00e1l\u00e1s \u00e9s az \u00e9p\u00edt\u0151ipar profit\u00e1lnak a rendszer rugalmass\u00e1g\u00e1b\u00f3l, szil\u00e1rds\u00e1g\u00e1b\u00f3l \u00e9s egyszer\u0171 haszn\u00e1lat\u00e1b\u00f3l.<br \/>\n<\/p><br \/>\n<br \/>\n<p><b>6.Hogyan j\u00e1rul hozz\u00e1 az alum\u00ednium korr\u00f3zi\u00f3\u00e1ll\u00f3s\u00e1ga a rendszer hossz\u00fa \u00e9lettartam\u00e1hoz?<\/b><\/p>\n<p>Az alum\u00ednium korr\u00f3zi\u00f3\u00e1ll\u00f3s\u00e1ga biztos\u00edtja, hogy a modul\u00e1ris profilok m\u00e9g zord vagy k\u00fclt\u00e9ri k\u00f6rnyezetben is meg\u0151rzik integrit\u00e1sukat \u00e9s megjelen\u00e9s\u00fcket.<br \/>\n<\/p><br \/>\n<br \/>\n<p><b>7.Milyen t\u00edpus\u00fa projektekhez illik a legjobban az Item modul\u00e1ris alum\u00ednium profilrendszer?<\/b><\/p>\n<p>A rendszer t\u00f6k\u00e9letes ipari berendez\u00e9sekhez, automatiz\u00e1l\u00e1si berendez\u00e9sekhez, munka\u00e1llom\u00e1sokhoz \u00e9s minden olyan projekthez, amely testreszabhat\u00f3 \u00e9s robusztus szerkezeti keretet ig\u00e9nyel.<br \/>\n<\/p><br \/>\n<br \/>\n<p><b>8.Hogyan jav\u00edtja az alum\u00ednium szil\u00e1rds\u00e1g\/t\u00f6meg ar\u00e1nya a teljes\u00edtm\u00e9nyt?<\/b><\/p>\n<p>Az alum\u00ednium kiv\u00e1l\u00f3 szil\u00e1rds\u00e1g\/t\u00f6meg ar\u00e1nya egyszerre k\u00edn\u00e1l szerkezeti integrit\u00e1st \u00e9s cs\u00f6kkentett s\u00falyt, \u00edgy ide\u00e1lis anyag mind a nagy teherb\u00edr\u00e1s\u00fa, mind a k\u00f6nny\u0171 alkalmaz\u00e1sokhoz.<br \/>\n<\/p><br \/><\/p>","protected":false},"featured_media":8547,"template":"","categories":[68],"class_list":["post-8548","product","type-product","status-publish","has-post-thumbnail","hentry","category-cnc-machining-aluminum-profile"],"meta_box":{"hilight_text_group":{"product_hilight_text":"<li>Modular aluminum profile system for flexible and customizable design solutions.<\/li>\r\r\n<li>Quick and easy assembly with a wide range of compatible components.<\/li>\r\r\n<li>Highly durable and corrosion-resistant, ensuring long-term performance in various environments.<\/li>\r\r\n<li>Lightweight, yet strong, offering a high strength-to-weight ratio for structural applications.<\/li>\r\r\n<li>Versatile system suitable for industrial, automation, and DIY projects.<\/li>","product_chanpin_blog":"<ul>\r\r\n<li><a href=\"https:\/\/sinoextrud.com\/t-slot-v-slot-differences\/\" target=\"_blank\">t slot vs v slot<\/a><\/li>\r\r\n<li><a href=\"https:\/\/sinoextrud.com\/what-is-4040-aluminium-extrud\/\" target=\"_blank\">4040 aluminium extrusion<\/a><\/li>\r\r\n<li><a href=\"https:\/\/sinoextrud.com\/what-is-4040-aluminium-extrud\/\" target=\"_blank\">aluminum extrusions for industrial racks<\/a><\/li>\r\r\n<li><a href=\"https:\/\/sinoextrud.com\/powder-coating-aluminium-process\/\" target=\"_blank\">powder coating aluminium<\/a><\/li>\r\r\n<li><a href=\"https:\/\/sinoextrud.com\/what-is-an-aluminium-strip-ceiling\/\" target=\"_blank\">aluminium strip ceiling<\/a><\/li>\r\r\n<li><a href=\"https:\/\/sinoextrud.com\/what-is-a-heat-sink\/\" target=\"_blank\">what is a heat sink<\/a><\/li>\r\r\n<\/ul>","product_chanpin_chanpin":"<li><a href=\"https:\/\/sinoextrud.com\/product\/cnc-machining-aluminum-signal-plate\/\" target=\"_blank\">CNC Machining Aluminum Signal Plate<\/a><\/li>\r\n<li><a href=\"https:\/\/sinoextrud.com\/product\/aluminum-cnc-machining\/\" target=\"_blank\">Aluminum cnc machining<\/a><\/li>\r\n<li><a href=\"https:\/\/sinoextrud.com\/product\/aluminum-profile-cnc-machining\/\" target=\"_blank\">Aluminum Profile CNC Machining<\/a><\/li>\r\n<li><a href=\"https:\/\/sinoextrud.com\/product\/extruded-aluminum-cnc-part-with-precision-custom-cnc-machining\/\" target=\"_blank\">Extruded Aluminum CNC Part with Precision Custom CNC Machining<\/a><\/li>\r\n<li><a href=\"https:\/\/sinoextrud.com\/product\/item-modular-aluminium-profile-system\/\" target=\"_blank\">Item Modular Aluminium Profile System<\/a><\/li>\r\n<li><a href=\"https:\/\/sinoextrud.com\/product\/small-aluminium-extrusions\/\" target=\"_blank\">Small Aluminium Extrusions<\/a><\/li>\r\n<li><a href=\"https:\/\/sinoextrud.com\/product\/cnc-industrial-aluminum-profiler\/\" target=\"_blank\">CNC Industrial Aluminum Profiler<\/a><\/li>\r\n<li><a href=\"https:\/\/sinoextrud.com\/product\/cnc-machine-for-aluminum-profiles\/\" target=\"_blank\">CNC Machine For Aluminum Profiles<\/a><\/li>\r\n<li><a href=\"https:\/\/sinoextrud.com\/product\/aluminum-enclosure-housing-and-shell\/\" target=\"_blank\">Aluminum Enclosure Housing And Shell<\/a><\/li>\r\n<li><a href=\"https:\/\/sinoextrud.com\/product\/extruded-aluminum-tubing-shapes-supplier\/\" target=\"_blank\">Extruded Aluminum Tubing Shapes Supplier<\/a><\/li>\r\n<li><a href=\"https:\/\/sinoextrud.com\/product\/wood-grain-aluminium-extrusion-profile-for-furnitures-decoration\/\" target=\"_blank\">Wood Grain Aluminium Extrusion Profile for Furnitures Decoration<\/a><\/li>"},"feature_list":[]},"_links":{"self":[{"href":"https:\/\/sinoextrud.com\/hu\/wp-json\/wp\/v2\/product\/8548","targetHints":{"allow":["GET"]}}],"collection":[{"href":"https:\/\/sinoextrud.com\/hu\/wp-json\/wp\/v2\/product"}],"about":[{"href":"https:\/\/sinoextrud.com\/hu\/wp-json\/wp\/v2\/types\/product"}],"wp:featuredmedia":[{"embeddable":true,"href":"https:\/\/sinoextrud.com\/hu\/wp-json\/wp\/v2\/media\/8547"}],"wp:attachment":[{"href":"https:\/\/sinoextrud.com\/hu\/wp-json\/wp\/v2\/media?parent=8548"}],"wp:term":[{"taxonomy":"category","embeddable":true,"href":"https:\/\/sinoextrud.com\/hu\/wp-json\/wp\/v2\/categories?post=8548"}],"curies":[{"name":"wp","href":"https:\/\/api.w.org\/{rel}","templated":true}]}}