{"id":8544,"date":"2025-06-17T02:51:46","date_gmt":"2025-06-17T02:51:46","guid":{"rendered":"https:\/\/sinoextrud.com\/product\/aluminum-profile-cnc-machining\/"},"modified":"2025-06-24T06:24:12","modified_gmt":"2025-06-24T06:24:12","slug":"aluminium-profil-cnc-megmunkalas","status":"publish","type":"product","link":"https:\/\/sinoextrud.com\/hu\/product\/aluminum-profile-cnc-machining\/","title":{"rendered":"Alum\u00ednium profil CNC megmunk\u00e1l\u00e1s"},"content":{"rendered":"<h2>Term\u00e9kek r\u00e9szletei<\/h2>\n<table class=\"custom-table\">\n<tbody>\n<tr>\n<td> <\/td>\n<td>Alum\u00ednium profil CNC megmunk\u00e1l\u00e1s<\/td>\n<\/tr>\n<tr>\n<td>Anyag<\/td>\n<td>6063,6463 stb.<\/td>\n<\/tr>\n<tr>\n<td>Alak&amp;m\u00e9ret<\/td>\n<td>Az \u00fcgyf\u00e9l rajza szerint<\/td>\n<\/tr>\n<tr>\n<td>A prec\u00edzi\u00f3s v\u00e1g\u00e1s t\u0171r\u00e9se<\/td>\n<td> \u22641m : \u00b10.25mm<br \/> 1m&lt; : \u22642m, \u00b10.35mm<br \/> \u22652m : \u00b10.50mm<\/td>\n<\/tr>\n<tr>\n<td>A f\u00far\u00e1s toleranci\u00e1ja<\/td>\n<td>\u00b10.15~0.20mm<\/td>\n<\/tr>\n<tr>\n<td>A k\u00f6z\u00f6ns\u00e9ges v\u00e1g\u00e1s t\u0171r\u00e9se<\/td>\n<td>\u00b110 ~ 0mm<\/td>\n<\/tr>\n<tr>\n<td>Tipikus haszn\u00e1lat<\/td>\n<td>Ipari, g\u00e9palkatr\u00e9szek, elektronikus stb.<\/td>\n<\/tr>\n<tr>\n<td>Egy\u00e9ni t\u00edpus<\/td>\n<td>Az \u00fcgyf\u00e9l \u00e1ltal biztos\u00edtott rajz vagy minta<\/td>\n<\/tr>\n<tr>\n<td>CNC folyamat<\/td>\n<td>CNC mar\u00e1s, f\u00far\u00e1s, lyukaszt\u00e1s, f\u00far\u00e1s, csapol\u00e1s, hajl\u00edt\u00e1s, hegeszt\u00e9s stb.<\/td>\n<\/tr>\n<tr>\n<td>M\u00e1rka<\/td>\n<td>Sinoextrud, Sinoextrud,, egyedi v\u00e9djegy avalaible<\/td>\n<\/tr>\n<tr>\n<td>Fel\u00fclet<\/td>\n<td>Malom k\u00e9sz, fa szemcs\u00e9s, elox\u00e1lt, porsz\u00f3rt stb.<\/td>\n<\/tr>\n<tr>\n<td>MOQ<\/td>\n<td>300 kg<\/td>\n<\/tr>\n<tr>\n<td>Min\u0151s\u00e9gi szabv\u00e1ny<\/td>\n<td>Magas min\u0151s\u00e9gi szint<\/td>\n<\/tr>\n<tr>\n<td>Garancia<\/font><\/td>\n<td>ISO9001, ISO4001, CQM, SGS, CE, BV stb.<\/td>\n<\/tr>\n<tr>\n<td>Kapacit\u00e1s<\/td>\n<td>50000 darab havonta<\/td>\n<\/tr>\n<\/tbody>\n<\/table>\n<h2>Gy\u00e1rt\u00f3 b\u00e1zisunk<\/h2>\n<h3>Gy\u00e1ri panor\u00e1ma<\/h3>\n<p><img decoding=\"async\" src=\"\/wp-content\/uploads\/factory-01.webp\"\/><\/p>\n<h3>Alum\u00ednium r\u00fadgy\u00e1rt\u00f3 m\u0171hely<\/h3>\n<p><img decoding=\"async\" src=\"\/wp-content\/uploads\/factory-02.webp\"\/><\/p>\n<p><img decoding=\"async\" src=\"\/wp-content\/uploads\/factory-03.webp\"\/><\/p>\n<h3>Pen\u00e9sz rakt\u00e1r<\/h3>\n<p><img decoding=\"async\" src=\"\/wp-content\/uploads\/factory-04.webp\"\/><\/p>\n<h3>43 alum\u00ednium extrud\u00e1l\u00f3 vonal (500-5500 tonna)<\/h3>\n<p><img decoding=\"async\" src=\"\/wp-content\/uploads\/factory-05.webp\"\/><\/p>\n<p><img decoding=\"async\" src=\"\/wp-content\/uploads\/factory-06.webp\"\/><\/p>\n<p><img decoding=\"async\" src=\"\/wp-content\/uploads\/factory-07.webp\"\/><\/p>\n<h3>Porfest\u0151 m\u0171hely<\/h3>\n<p><img decoding=\"async\" src=\"\/wp-content\/uploads\/factory-09.webp\"\/><\/p>\n<h3>Anodiz\u00e1l\u00f3 m\u0171hely<\/h3>\n<p><img decoding=\"async\" src=\"\/wp-content\/uploads\/factory-10.webp\"\/><\/p>\n<h3>M\u00e9ly feldolgoz\u00e1si m\u0171hely<\/h3>\n<p><img decoding=\"async\" src=\"\/wp-content\/uploads\/factory-11.webp\"\/><\/p>\n<h3>CNC prec\u00edzi\u00f3s megmunk\u00e1l\u00f3 m\u0171hely<\/h3>\n<p><img decoding=\"async\" src=\"\/wp-content\/uploads\/factory-11.5.webp\"\/><\/p>\n<h3>K\u00e9szterm\u00e9k \u00e9s export rakt\u00e1r<\/h3>\n<p><img decoding=\"async\" src=\"\/wp-content\/uploads\/factory-12.webp\"\/><\/p>\n<p><img decoding=\"async\" src=\"\/wp-content\/uploads\/factory-13.webp\"\/><\/p>\n<p><img decoding=\"async\" src=\"\/wp-content\/uploads\/factory-14.webp\"\/><\/p>\n<h2>GYIK<\/h2>\n<p><p><b>1.Aluminum Profile CNC megmunk\u00e1l\u00e1s: CNC megmunk\u00e1l\u00e1s hogyan jav\u00edtja az alum\u00ednium profilok pontoss\u00e1g\u00e1t?<\/b><\/p>\n<p>A CNC megmunk\u00e1l\u00e1s a folyamat automatiz\u00e1l\u00e1s\u00e1val \u00e9s a sz\u0171k t\u0171r\u00e9shat\u00e1rok el\u00e9r\u00e9s\u00e9vel nagy pontoss\u00e1got biztos\u00edt, ami ide\u00e1lis az \u00f6sszetett \u00e9s egyedi alum\u00edniumprofilok eset\u00e9ben.<br \/>\n<\/p><br \/>\n<br \/>\n<p><b>2.Can alum\u00ednium profilok testreszabhat\u00f3 CNC megmunk\u00e1l\u00e1ssal?<\/b><\/p>\n<p>Igen, a CNC megmunk\u00e1l\u00e1s lehet\u0151v\u00e9 teszi az \u00f6sszetett, egyedi form\u00e1k \u00e9s formatervek l\u00e9trehoz\u00e1s\u00e1t, amelyek megfelelnek az egyedi alkalmaz\u00e1si k\u00f6vetelm\u00e9nyeknek.<br \/>\n<\/p><br \/>\n<br \/>\n<p><b>3.Milyen ipar\u00e1gak profit\u00e1lnak legink\u00e1bb az alum\u00ednium profil CNC megmunk\u00e1l\u00e1s\u00e1b\u00f3l?<\/b><\/p>\n<p>Az olyan ipar\u00e1gak, mint a rep\u00fcl\u0151g\u00e9pipar, az aut\u00f3ipar, az elektronika \u00e9s a feldolgoz\u00f3ipar a CNC megmunk\u00e1l\u00e1s el\u0151nyeit \u00e9lvezik a precizit\u00e1s, a rugalmass\u00e1g \u00e9s az \u00f6sszetett alum\u00edniumprofilok kezel\u00e9s\u00e9nek k\u00e9pess\u00e9ge miatt.<br \/>\n<\/p><br \/>\n<br \/>\n<p><b>4.Hogyan befoly\u00e1solja a CNC megmunk\u00e1l\u00e1s az alum\u00ednium profilok gy\u00e1rt\u00e1si sebess\u00e9g\u00e9t?<\/b><\/p>\n<p>A CNC megmunk\u00e1l\u00e1s jav\u00edtja a gy\u00e1rt\u00e1si sebess\u00e9get a folyamatok automatiz\u00e1l\u00e1s\u00e1val, az \u00e1tfut\u00e1si id\u0151 cs\u00f6kkent\u00e9s\u00e9vel \u00e9s a nagy gy\u00e1rt\u00e1si mennyis\u00e9gek egyenletes min\u0151s\u00e9g\u00e9nek biztos\u00edt\u00e1s\u00e1val.<br \/>\n<\/p><br \/>\n<br \/>\n<p><b>5.Is alum\u00ednium profil CNC megmunk\u00e1l\u00e1s k\u00f6lts\u00e9ghat\u00e9kony a nagy volumen\u0171 termel\u00e9s?<\/b><\/p>\n<p>Igen, a CNC megmunk\u00e1l\u00e1s a hat\u00e9konys\u00e1g, a megism\u00e9telhet\u0151s\u00e9g \u00e9s a minim\u00e1lis k\u00e9zi beavatkoz\u00e1s miatt k\u00f6lts\u00e9ghat\u00e9kony a nagy volumen\u0171 gy\u00e1rt\u00e1s sor\u00e1n, ami a munkaer\u0151k\u00f6lts\u00e9gek cs\u00f6kken\u00e9s\u00e9hez \u00e9s a gyorsabb \u00e1tfut\u00e1si id\u0151h\u00f6z vezet.<br \/>\n<\/p><br \/>\n<br \/>\n<p><b>6.Hogyan jav\u00edtja a CNC megmunk\u00e1l\u00e1s az alum\u00edniumprofilok szerkezeti integrit\u00e1s\u00e1t?<\/b><\/p>\n<p>A CNC megmunk\u00e1l\u00e1s pontos v\u00e1g\u00e1sokat \u00e9s form\u00e1kat biztos\u00edt, \u00edgy az alum\u00edniumprofilok er\u0151sebbek \u00e9s megb\u00edzhat\u00f3bbak a tervezett felhaszn\u00e1l\u00e1sukhoz.<br \/>\n<\/p><br \/>\n<br \/>\n<p><b>7.Milyen el\u0151nyei vannak a CNC megmunk\u00e1l\u00e1snak a hagyom\u00e1nyos alum\u00ednium profil megmunk\u00e1l\u00e1si m\u00f3dszerekkel szemben?<\/b><\/p>\n<p>A CNC megmunk\u00e1l\u00e1s nagyobb pontoss\u00e1got, testreszabhat\u00f3s\u00e1got \u00e9s hat\u00e9konys\u00e1got k\u00edn\u00e1l, lehet\u0151v\u00e9 t\u00e9ve az \u00f6sszetett profilok nagy pontoss\u00e1ggal \u00e9s minim\u00e1lis hullad\u00e9kkal t\u00f6rt\u00e9n\u0151 gy\u00e1rt\u00e1s\u00e1t.<br \/>\n<\/p><br \/><\/p>","protected":false},"featured_media":8543,"template":"","categories":[68],"class_list":["post-8544","product","type-product","status-publish","has-post-thumbnail","hentry","category-cnc-machining-aluminum-profile"],"meta_box":{"hilight_text_group":{"product_hilight_text":"<li>Precision CNC machining ensures high accuracy and tight tolerances<\/li>\r\r\n<li>Ability to create complex, customized shapes and designs for aluminum profiles<\/li>\r\r\n<li>Ideal for high-volume production with consistent quality<\/li>\r\r\n<li>Fast turnaround time and reduced production lead times<\/li>\r\r\n<li>Improves the structural integrity and functionality of aluminum profiles<\/li>","product_chanpin_blog":"<ul>\r\r\n<li><a href=\"https:\/\/sinoextrud.com\/t-slot-v-slot-differences\/\" target=\"_blank\">t slot vs v slot<\/a><\/li>\r\r\n<li><a href=\"https:\/\/sinoextrud.com\/what-is-4040-aluminium-extrud\/\" target=\"_blank\">4040 aluminium extrusion<\/a><\/li>\r\r\n<li><a href=\"https:\/\/sinoextrud.com\/what-is-4040-aluminium-extrud\/\" target=\"_blank\">aluminum extrusions for industrial racks<\/a><\/li>\r\r\n<li><a href=\"https:\/\/sinoextrud.com\/powder-coating-aluminium-process\/\" target=\"_blank\">powder coating aluminium<\/a><\/li>\r\r\n<li><a href=\"https:\/\/sinoextrud.com\/what-is-an-aluminium-strip-ceiling\/\" target=\"_blank\">aluminium strip ceiling<\/a><\/li>\r\r\n<li><a href=\"https:\/\/sinoextrud.com\/what-is-a-heat-sink\/\" target=\"_blank\">what is a heat sink<\/a><\/li>\r\r\n<\/ul>","product_chanpin_chanpin":"<li><a href=\"https:\/\/sinoextrud.com\/product\/aluminum-hydraulic-oil-tank\/\" target=\"_blank\">Aluminum Hydraulic Oil Tank<\/a><\/li>\r\n<li><a href=\"https:\/\/sinoextrud.com\/product\/machined-aluminum-rail-extrusion-profile-cnc-aviation-aluminum-gantry\/\" target=\"_blank\">Machined Aluminum Rail Extrusion Profile CNC Aviation Aluminum Gantry<\/a><\/li>\r\n<li><a href=\"https:\/\/sinoextrud.com\/product\/cnc-machining-aluminum-signal-plate\/\" target=\"_blank\">CNC Machining Aluminum Signal Plate<\/a><\/li>\r\n<li><a href=\"https:\/\/sinoextrud.com\/product\/aluminum-cnc-machining\/\" target=\"_blank\">Aluminum cnc machining<\/a><\/li>\r\n<li><a href=\"https:\/\/sinoextrud.com\/product\/aluminum-profile-cnc-machining\/\" target=\"_blank\">Aluminum Profile CNC Machining<\/a><\/li>\r\n<li><a href=\"https:\/\/sinoextrud.com\/product\/extruded-aluminum-cnc-part-with-precision-custom-cnc-machining\/\" target=\"_blank\">Extruded Aluminum CNC Part with Precision Custom CNC Machining<\/a><\/li>\r\n<li><a href=\"https:\/\/sinoextrud.com\/product\/item-modular-aluminium-profile-system\/\" target=\"_blank\">Item Modular Aluminium Profile System<\/a><\/li>\r\n<li><a href=\"https:\/\/sinoextrud.com\/product\/small-aluminium-extrusions\/\" target=\"_blank\">Small Aluminium Extrusions<\/a><\/li>\r\n<li><a href=\"https:\/\/sinoextrud.com\/product\/cnc-industrial-aluminum-profiler\/\" target=\"_blank\">CNC Industrial Aluminum Profiler<\/a><\/li>\r\n<li><a href=\"https:\/\/sinoextrud.com\/product\/large-scale-industrial-aluminum-profile\/\" target=\"_blank\">Large Scale Industrial Aluminum Profile<\/a><\/li>\r\n<li><a href=\"https:\/\/sinoextrud.com\/product\/slotted-aluminum-extrusion\/\" target=\"_blank\">Slotted Aluminum Extrusion<\/a><\/li>"},"feature_list":[]},"_links":{"self":[{"href":"https:\/\/sinoextrud.com\/hu\/wp-json\/wp\/v2\/product\/8544","targetHints":{"allow":["GET"]}}],"collection":[{"href":"https:\/\/sinoextrud.com\/hu\/wp-json\/wp\/v2\/product"}],"about":[{"href":"https:\/\/sinoextrud.com\/hu\/wp-json\/wp\/v2\/types\/product"}],"wp:featuredmedia":[{"embeddable":true,"href":"https:\/\/sinoextrud.com\/hu\/wp-json\/wp\/v2\/media\/8543"}],"wp:attachment":[{"href":"https:\/\/sinoextrud.com\/hu\/wp-json\/wp\/v2\/media?parent=8544"}],"wp:term":[{"taxonomy":"category","embeddable":true,"href":"https:\/\/sinoextrud.com\/hu\/wp-json\/wp\/v2\/categories?post=8544"}],"curies":[{"name":"wp","href":"https:\/\/api.w.org\/{rel}","templated":true}]}}