{"id":8537,"date":"2025-06-17T02:06:11","date_gmt":"2025-06-17T02:06:11","guid":{"rendered":"https:\/\/sinoextrud.com\/product\/machined-aluminum-rail-extrusion-profile-cnc-aviation-aluminum-gantry\/"},"modified":"2025-06-24T06:24:11","modified_gmt":"2025-06-24T06:24:11","slug":"megmunkalt-aluminium-sin-extrudalt-profil-cnc-legi-kozlekedes-aluminium-portal","status":"publish","type":"product","link":"https:\/\/sinoextrud.com\/hu\/product\/machined-aluminum-rail-extrusion-profile-cnc-aviation-aluminum-gantry\/","title":{"rendered":"Megmunk\u00e1lt alum\u00ednium s\u00edn extrud\u00e1lt profil CNC l\u00e9gi k\u00f6zleked\u00e9s alum\u00ednium Gantry"},"content":{"rendered":"<h2>Term\u00e9kek r\u00e9szletei<\/h2>\n<table class=\"custom-table\">\n<tbody>\n<tr>\n<td> A term\u00e9k neve:<\/td>\n<td> Megmunk\u00e1lt alum\u00ednium s\u00edn extrud\u00e1lt profil CNC l\u00e9gi k\u00f6zleked\u00e9s alum\u00ednium Gantry<\/td>\n<td> Sz\u00e1rmaz\u00e1si hely:<\/td>\n<td> Guangdong, K\u00edna<\/td>\n<\/tr>\n<tr>\n<td> Oszt\u00e1ly:<\/td>\n<td> 6000-es sorozat<\/td>\n<td> Lelkiismeretesen:<\/td>\n<td> T3-T8<\/td>\n<\/tr>\n<tr>\n<td> Alkalmaz\u00e1s:<\/td>\n<td> plazmav\u00e1g\u00f3k \u00e9s mar\u00f3g\u00e9pek<\/td>\n<td> Alak:<\/td>\n<td> N\u00e9gyzet, H-profil, U-profil<\/td>\n<\/tr>\n<tr>\n<td> \u00d6tv\u00f6zet vagy sem:<\/td>\n<td> Az \u00f6tv\u00f6zet<\/td>\n<td> M\u00e1rkan\u00e9v:<\/td>\n<td> Sinoextrud<\/td>\n<\/tr>\n<tr>\n<td> Modellsz\u00e1m:<\/td>\n<td> U csatorna bilincs \u00fcveg korl\u00e1t<\/td>\n<td> Tolerancia:<\/td>\n<td> \u00b11%<\/td>\n<\/tr>\n<tr>\n<td> Feldolgoz\u00f3 szolg\u00e1ltat\u00e1s:<\/td>\n<td> Hajl\u00edt\u00e1s, f\u00far\u00e1s, hegeszt\u00e9s, lyukaszt\u00e1s, v\u00e1g\u00e1s<\/td>\n<td> Sz\u00e1ll\u00edt\u00e1si id\u0151:<\/td>\n<td> 22-30 nap<\/td>\n<\/tr>\n<tr>\n<td> Fel\u00fcletkezel\u00e9s:<\/td>\n<td> Egyedi fel\u00fcletkezel\u00e9s<\/td>\n<td> T\u00edpus:<\/td>\n<td> Extrud\u00e1l\u00e1s<\/td>\n<\/tr>\n<tr>\n<td> Tan\u00fas\u00edt\u00e1s:<\/td>\n<td> ISO9001:2008\/ ISO14001:2004\/ OHSAS 18001:1999\/PPG\/TUV<br \/>\nFizet\u00e9si hat\u00e1rid\u0151: T\/T L\/C D\/P stb.<\/td>\n<td> M\u00e9ret:<\/td>\n<td> ig\u00e9ny szerint<\/td>\n<\/tr>\n<tr>\n<td> Anyag:<\/td>\n<td> 6063\/6061\/661\/6005\/6060 T5\/T6 \u00f6tv\u00f6zet<\/td>\n<td> Sz\u00edn:<\/td>\n<td> Testreszabott sz\u00edn<\/td>\n<\/tr>\n<tr>\n<td> Vastags\u00e1g:<\/td>\n<td> 0.8mm ~ testreszabott<\/td>\n<td> MOQ:<\/td>\n<td> 200KG<\/td>\n<\/tr>\n<\/tbody>\n<\/table>\n<h2>Gy\u00e1rt\u00f3 b\u00e1zisunk<\/h2>\n<h3>Gy\u00e1ri panor\u00e1ma<\/h3>\n<p><img decoding=\"async\" src=\"\/wp-content\/uploads\/factory-01.webp\"\/><\/p>\n<h3>Alum\u00ednium r\u00fadgy\u00e1rt\u00f3 m\u0171hely<\/h3>\n<p><img decoding=\"async\" src=\"\/wp-content\/uploads\/factory-02.webp\"\/><\/p>\n<p><img decoding=\"async\" src=\"\/wp-content\/uploads\/factory-03.webp\"\/><\/p>\n<h3>Pen\u00e9sz rakt\u00e1r<\/h3>\n<p><img decoding=\"async\" src=\"\/wp-content\/uploads\/factory-04.webp\"\/><\/p>\n<h3>43 alum\u00ednium extrud\u00e1l\u00f3 vonal (500-5500 tonna)<\/h3>\n<p><img decoding=\"async\" src=\"\/wp-content\/uploads\/factory-05.webp\"\/><\/p>\n<p><img decoding=\"async\" src=\"\/wp-content\/uploads\/factory-06.webp\"\/><\/p>\n<p><img decoding=\"async\" src=\"\/wp-content\/uploads\/factory-07.webp\"\/><\/p>\n<h3>Porfest\u0151 m\u0171hely<\/h3>\n<p><img decoding=\"async\" src=\"\/wp-content\/uploads\/factory-09.webp\"\/><\/p>\n<h3>Anodiz\u00e1l\u00f3 m\u0171hely<\/h3>\n<p><img decoding=\"async\" src=\"\/wp-content\/uploads\/factory-10.webp\"\/><\/p>\n<h3>M\u00e9ly feldolgoz\u00e1si m\u0171hely<\/h3>\n<p><img decoding=\"async\" src=\"\/wp-content\/uploads\/factory-11.webp\"\/><\/p>\n<h3>CNC prec\u00edzi\u00f3s megmunk\u00e1l\u00f3 m\u0171hely<\/h3>\n<p><img decoding=\"async\" src=\"\/wp-content\/uploads\/factory-11.5.webp\"\/><\/p>\n<h3>K\u00e9szterm\u00e9k \u00e9s export rakt\u00e1r<\/h3>\n<p><img decoding=\"async\" src=\"\/wp-content\/uploads\/factory-12.webp\"\/><\/p>\n<p><img decoding=\"async\" src=\"\/wp-content\/uploads\/factory-13.webp\"\/><\/p>\n<p><img decoding=\"async\" src=\"\/wp-content\/uploads\/factory-14.webp\"\/><\/p>\n<h2>GYIK<\/h2>\n<p><p><b>1.Mi az a megmunk\u00e1lt alum\u00ednium s\u00edn extrud\u00e1l\u00e1s profil CNC Aviation alum\u00ednium Gantry?<\/b><\/p>\n<p>A megmunk\u00e1lt alum\u00ednium s\u00edn extrud\u00e1lt profil CNC rep\u00fcl\u0151g\u00e9p-alum\u00ednium port\u00e1l egy egyedi tervez\u00e9s\u0171 alum\u00ednium alkatr\u00e9sz, amelyet port\u00e1lokban \u00e9s automatiz\u00e1l\u00e1si rendszerekben haszn\u00e1lnak, \u00e9s nagy szil\u00e1rds\u00e1g\u00fa, k\u00f6nny\u0171 CNC rep\u00fcl\u0151g\u00e9p-oszt\u00e1ly\u00fa alum\u00edniumb\u00f3l k\u00e9sz\u00fcl.<br \/>\n<\/p><br \/>\n<br \/>\n<p><b>2.Mi\u00e9rt haszn\u00e1lj\u00e1k a CNC rep\u00fcl\u0151g\u00e9p-alum\u00edniumot a port\u00e1lokhoz?<\/b><\/p>\n<p>A CNC rep\u00fcl\u0151g\u00e9p-alum\u00ednium kiv\u00e1l\u00f3 szil\u00e1rds\u00e1g\/t\u00f6meg ar\u00e1nyt, korr\u00f3zi\u00f3\u00e1ll\u00f3s\u00e1got \u00e9s pontoss\u00e1got k\u00edn\u00e1l, \u00edgy ide\u00e1lis a nagy teljes\u00edtm\u00e9ny\u0171 port\u00e1lokhoz \u00e9s automatiz\u00e1l\u00e1si rendszerekhez.<br \/>\n<\/p><br \/>\n<br \/>\n<p><b>3.Mennyire pontosak a megmunk\u00e1lt alum\u00ednium s\u00edn extrud\u00e1lt profilok?<\/b><\/p>\n<p>A megmunk\u00e1lt alum\u00ednium s\u00ednprofilok nagy pontoss\u00e1ggal k\u00e9sz\u00fclnek, sz\u0171k t\u0171r\u00e9seket \u00e9s sima fel\u00fcleteket k\u00edn\u00e1lnak a kritikus alkalmaz\u00e1sok jobb funkcionalit\u00e1sa \u00e9rdek\u00e9ben.<br \/>\n<\/p><br \/>\n<br \/>\n<p><b>4.Can megmunk\u00e1lt alum\u00ednium s\u00edn extrud\u00e1l\u00e1s profilok testreszabhat\u00f3?<\/b><\/p>\n<p>Igen, ezek a profilok egyedi m\u00e9retekre, form\u00e1kra \u00e9s teljes\u00edtm\u00e9nykrit\u00e9riumokra szabhat\u00f3k, hogy megfeleljenek az egyedi alkalmaz\u00e1soknak, \u00edgy biztos\u00edtva a tervez\u00e9s sokoldal\u00fas\u00e1g\u00e1t.<br \/>\n<\/p><br \/>\n<br \/>\n<p><b>5.Milyen ipar\u00e1gak r\u00e9szes\u00fclnek a megmunk\u00e1lt alum\u00ednium s\u00edn extrud\u00e1lt profilokb\u00f3l?<\/b><\/p>\n<p>Az olyan ipar\u00e1gak, mint a rep\u00fcl\u0151g\u00e9pipar, a robotika, az automatiz\u00e1l\u00e1s \u00e9s a gy\u00e1rt\u00e1s a megmunk\u00e1lt alum\u00ednium s\u00ednsodrony profilok el\u0151nyeit \u00e9lvezik szil\u00e1rds\u00e1guk, pontoss\u00e1guk \u00e9s k\u00f6nny\u0171 s\u00falyuk miatt.<br \/>\n<\/p><br \/>\n<br \/>\n<p><b>6.Mennyire tart\u00f3s a CNC rep\u00fcl\u0151g\u00e9p-alum\u00ednium a port\u00e1lokhoz?<\/b><\/p>\n<p>A CNC rep\u00fcl\u0151g\u00e9p-alum\u00ednium rendk\u00edv\u00fcl tart\u00f3s, korr\u00f3zi\u00f3\u00e1ll\u00f3, \u00e9s nagy ig\u00e9nybev\u00e9tel mellett is meg\u0151rzi szerkezeti integrit\u00e1s\u00e1t, \u00edgy ide\u00e1lis a hossz\u00fa \u00e9lettartam\u00fa port\u00e1lokhoz \u00e9s nagy ig\u00e9nybev\u00e9tel\u0171 alkalmaz\u00e1sokhoz.<br \/>\n<\/p><br \/>\n<br \/>\n<p><b>7.Are megmunk\u00e1lt alum\u00ednium s\u00edn extrud\u00e1lt profilok k\u00f6lts\u00e9ghat\u00e9kony?<\/b><\/p>\n<p>Igen, a megmunk\u00e1lt alum\u00ednium s\u00ednprofilok k\u00f6lts\u00e9ghat\u00e9konyak, \u00e9s a teljes\u00edtm\u00e9ny, a testreszabhat\u00f3s\u00e1g \u00e9s a tart\u00f3ss\u00e1g egyens\u00faly\u00e1t k\u00edn\u00e1lj\u00e1k versenyk\u00e9pes \u00e1ron a nagy ig\u00e9ny\u0171 ipar\u00e1gak sz\u00e1m\u00e1ra.<br \/>\n<\/p><br \/><\/p>","protected":false},"featured_media":8536,"template":"","categories":[68],"class_list":["post-8537","product","type-product","status-publish","has-post-thumbnail","hentry","category-cnc-machining-aluminum-profile"],"meta_box":{"hilight_text_group":{"product_hilight_text":"<li>High precision CNC machining for aluminum rail extrusion profiles<\/li>\r\r\n<li>Made from CNC aviation-grade aluminum for superior strength and light weight<\/li>\r\r\n<li>Customizable profiles to meet specific design and performance requirements<\/li>\r\r\n<li>Durable and corrosion-resistant material for reliable long-term use<\/li>\r\r\n<li>Ideal for gantries, automation systems, and other high-performance applications<\/li>\r\r\n<li>Excellent dimensional accuracy and smooth surface finish for optimal performance<\/li>","product_chanpin_blog":"<ul>\r\r\n<li><a href=\"https:\/\/sinoextrud.com\/t-slot-v-slot-differences\/\" target=\"_blank\">t slot vs v slot<\/a><\/li>\r\r\n<li><a href=\"https:\/\/sinoextrud.com\/what-is-4040-aluminium-extrud\/\" target=\"_blank\">4040 aluminium extrusion<\/a><\/li>\r\r\n<li><a href=\"https:\/\/sinoextrud.com\/what-is-4040-aluminium-extrud\/\" target=\"_blank\">aluminum extrusions for industrial racks<\/a><\/li>\r\r\n<li><a href=\"https:\/\/sinoextrud.com\/powder-coating-aluminium-process\/\" target=\"_blank\">powder coating aluminium<\/a><\/li>\r\r\n<li><a href=\"https:\/\/sinoextrud.com\/what-is-an-aluminium-strip-ceiling\/\" target=\"_blank\">aluminium strip ceiling<\/a><\/li>\r\r\n<li><a href=\"https:\/\/sinoextrud.com\/what-is-a-heat-sink\/\" target=\"_blank\">what is a heat sink<\/a><\/li>\r\r\n<\/ul>","product_chanpin_chanpin":"<li><a href=\"https:\/\/sinoextrud.com\/product\/anodized-small-machining-aluminum-parts\/\" target=\"_blank\">Anodized Small Machining Aluminum Parts<\/a><\/li>\r\n<li><a href=\"https:\/\/sinoextrud.com\/product\/extruded-aluminum-heatsink-led-alloy-a6063-t5-extrusion-profiles-cutting-cnc-precision\/\" target=\"_blank\">extruded aluminum heatsink LED alloy a6063 t5 extrusion profiles cutting CNC precision<\/a><\/li>\r\n<li><a href=\"https:\/\/sinoextrud.com\/product\/aluminum-anodized-gold-ashtray\/\" target=\"_blank\">Aluminum Anodized Gold Ashtray<\/a><\/li>\r\n<li><a href=\"https:\/\/sinoextrud.com\/product\/aluminum-hydraulic-oil-tank\/\" target=\"_blank\">Aluminum Hydraulic Oil Tank<\/a><\/li>\r\n<li><a href=\"https:\/\/sinoextrud.com\/product\/machined-aluminum-rail-extrusion-profile-cnc-aviation-aluminum-gantry\/\" target=\"_blank\">Machined Aluminum Rail Extrusion Profile CNC Aviation Aluminum Gantry<\/a><\/li>\r\n<li><a href=\"https:\/\/sinoextrud.com\/product\/cnc-machining-aluminum-signal-plate\/\" target=\"_blank\">CNC Machining Aluminum Signal Plate<\/a><\/li>\r\n<li><a href=\"https:\/\/sinoextrud.com\/product\/aluminum-cnc-machining\/\" target=\"_blank\">Aluminum cnc machining<\/a><\/li>\r\n<li><a href=\"https:\/\/sinoextrud.com\/product\/aluminum-profile-cnc-machining\/\" target=\"_blank\">Aluminum Profile CNC Machining<\/a><\/li>\r\n<li><a href=\"https:\/\/sinoextrud.com\/product\/extruded-aluminum-cnc-part-with-precision-custom-cnc-machining\/\" target=\"_blank\">Extruded Aluminum CNC Part with Precision Custom CNC Machining<\/a><\/li>\r\n<li><a href=\"https:\/\/sinoextrud.com\/product\/cnc-machining-aluminum-signal-plate\/\" target=\"_blank\">CNC Machining Aluminum Signal Plate<\/a><\/li>\r\n<li><a href=\"https:\/\/sinoextrud.com\/product\/china-aluminum-factory-wholesale-residential-aluminum-fence\/\" target=\"_blank\">China Aluminum Factory Wholesale Residential Aluminum Fence<\/a><\/li>"},"feature_list":[]},"_links":{"self":[{"href":"https:\/\/sinoextrud.com\/hu\/wp-json\/wp\/v2\/product\/8537","targetHints":{"allow":["GET"]}}],"collection":[{"href":"https:\/\/sinoextrud.com\/hu\/wp-json\/wp\/v2\/product"}],"about":[{"href":"https:\/\/sinoextrud.com\/hu\/wp-json\/wp\/v2\/types\/product"}],"wp:featuredmedia":[{"embeddable":true,"href":"https:\/\/sinoextrud.com\/hu\/wp-json\/wp\/v2\/media\/8536"}],"wp:attachment":[{"href":"https:\/\/sinoextrud.com\/hu\/wp-json\/wp\/v2\/media?parent=8537"}],"wp:term":[{"taxonomy":"category","embeddable":true,"href":"https:\/\/sinoextrud.com\/hu\/wp-json\/wp\/v2\/categories?post=8537"}],"curies":[{"name":"wp","href":"https:\/\/api.w.org\/{rel}","templated":true}]}}