{"id":8535,"date":"2025-06-17T02:04:01","date_gmt":"2025-06-17T02:04:01","guid":{"rendered":"https:\/\/sinoextrud.com\/product\/aluminum-hydraulic-oil-tank\/"},"modified":"2025-06-24T06:24:10","modified_gmt":"2025-06-24T06:24:10","slug":"aluminium-hidraulikus-olajtartaly","status":"publish","type":"product","link":"https:\/\/sinoextrud.com\/hu\/product\/aluminum-hydraulic-oil-tank\/","title":{"rendered":"Alum\u00ednium hidraulikus olajtart\u00e1ly"},"content":{"rendered":"<h2>Term\u00e9kek r\u00e9szletei<\/h2>\n<table class=\"custom-table\">\n<tbody>\n<tr>\n<td> Term\u00e9k neve<\/td>\n<td> alum\u00ednium hidraulikus olajtart\u00e1ly<\/td>\n<\/tr>\n<tr>\n<td> Alum\u00ednium tartom\u00e1ny<\/td>\n<td> Extrud\u00e1l\u00e1s alum\u00ednium hidraulikus olajtart\u00e1lyhoz, hidraulikus olajtart\u00e1ly, olajtart\u00e1ly, olajfog\u00f3 tart\u00e1ly d\u00edzel, olajt\u00e1rol\u00f3 tart\u00e1ly, olajf\u0171t\u0151 tart\u00e1ly, alum\u00ednium hidraulikus tart\u00e1ly, olajtart\u00e1ly f\u0171t\u00e9s, tart\u00e1ly olajhoz<\/td>\n<\/tr>\n<tr>\n<td> Alum\u00ednium \u00f6tv\u00f6zet<\/td>\n<td> 1000 sorozat, 200 sorozat, 3000 sorozat, 5000 sorozat, 6000 sorozat, 7000 sorozat, 7000 sorozat<\/td>\n<\/tr>\n<tr>\n<td> Temper<\/td>\n<td> T3-T8<\/td>\n<\/tr>\n<tr>\n<td> Shape<\/td>\n<td> testreszab\u00e1s<\/td>\n<\/tr>\n<tr>\n<td> Sz\u00ednes<\/td>\n<td> testreszab\u00e1s<\/td>\n<\/tr>\n<tr>\n<td> Fel\u00fcletkezel\u00e9s<\/td>\n<td> malomra k\u00e9sz, elox\u00e1lt, fa szemcs\u00e9s, er\u0151 bevonat, homokf\u00fav\u00e1s, elektrofor\u00e9zis, csiszolt, pol\u00edroz\u00e1s, stb.<\/td>\n<\/tr>\n<tr>\n<td> CNC m\u00e9lyfeldolgoz\u00e1s<\/td>\n<td> v\u00e1g\u00e1s, f\u00far\u00e1s, megmunk\u00e1l\u00e1s, lyukaszt\u00e1s, hajl\u00edt\u00e1s, csapol\u00e1s stb.<\/td>\n<\/tr>\n<tr>\n<td> Tan\u00fas\u00edtv\u00e1nyok<\/td>\n<td> CE, ISO, SGS, TUV, ROHS<\/td>\n<\/tr>\n<tr>\n<td> Mint\u00e1k<\/td>\n<td> ingyenes minta. 1-3 nap alatt sz\u00e1ll\u00edtjuk \u00d6nnek.<\/td>\n<\/tr>\n<tr>\n<td> MOQ<\/td>\n<td> 200KG minden egyes profilhoz<\/td>\n<\/tr>\n<tr>\n<td> Sz\u00e1ll\u00edt\u00e1si id\u0151<\/td>\n<td> A pen\u00e9sz kifejleszt\u00e9se \u00e9s a minta kialak\u00edt\u00e1sa 12-15 nap, majd a gy\u00e1rt\u00e1s id\u0151tartama 15-25 nap a vev\u0151 let\u00e9tbe helyez\u00e9se ut\u00e1n.<\/td>\n<\/tr>\n<tr>\n<td> Fizet\u00e9si felt\u00e9telek<\/td>\n<td> 30% bet\u00e9t a gy\u00e1rt\u00e1s el\u0151tt, \u00e9s a sz\u00e1ll\u00edt\u00e1s el\u0151tti egyenleg.<\/td>\n<\/tr>\n<tr>\n<td> Port<\/td>\n<td> Foshan, Shenzhen, Guangzhou<\/td>\n<\/tr>\n<\/tbody>\n<\/table>\n<h2>Gy\u00e1rt\u00f3 b\u00e1zisunk<\/h2>\n<h3>Gy\u00e1ri panor\u00e1ma<\/h3>\n<p><img decoding=\"async\" src=\"\/wp-content\/uploads\/factory-01.webp\"\/><\/p>\n<h3>Alum\u00ednium r\u00fadgy\u00e1rt\u00f3 m\u0171hely<\/h3>\n<p><img decoding=\"async\" src=\"\/wp-content\/uploads\/factory-02.webp\"\/><\/p>\n<p><img decoding=\"async\" src=\"\/wp-content\/uploads\/factory-03.webp\"\/><\/p>\n<h3>Pen\u00e9sz rakt\u00e1r<\/h3>\n<p><img decoding=\"async\" src=\"\/wp-content\/uploads\/factory-04.webp\"\/><\/p>\n<h3>43 alum\u00ednium extrud\u00e1l\u00f3 vonal (500-5500 tonna)<\/h3>\n<p><img decoding=\"async\" src=\"\/wp-content\/uploads\/factory-05.webp\"\/><\/p>\n<p><img decoding=\"async\" src=\"\/wp-content\/uploads\/factory-06.webp\"\/><\/p>\n<p><img decoding=\"async\" src=\"\/wp-content\/uploads\/factory-07.webp\"\/><\/p>\n<h3>Porfest\u0151 m\u0171hely<\/h3>\n<p><img decoding=\"async\" src=\"\/wp-content\/uploads\/factory-09.webp\"\/><\/p>\n<h3>Anodiz\u00e1l\u00f3 m\u0171hely<\/h3>\n<p><img decoding=\"async\" src=\"\/wp-content\/uploads\/factory-10.webp\"\/><\/p>\n<h3>M\u00e9ly feldolgoz\u00e1si m\u0171hely<\/h3>\n<p><img decoding=\"async\" src=\"\/wp-content\/uploads\/factory-11.webp\"\/><\/p>\n<h3>CNC prec\u00edzi\u00f3s megmunk\u00e1l\u00f3 m\u0171hely<\/h3>\n<p><img decoding=\"async\" src=\"\/wp-content\/uploads\/factory-11.5.webp\"\/><\/p>\n<h3>K\u00e9szterm\u00e9k \u00e9s export rakt\u00e1r<\/h3>\n<p><img decoding=\"async\" src=\"\/wp-content\/uploads\/factory-12.webp\"\/><\/p>\n<p><img decoding=\"async\" src=\"\/wp-content\/uploads\/factory-13.webp\"\/><\/p>\n<p><img decoding=\"async\" src=\"\/wp-content\/uploads\/factory-14.webp\"\/><\/p>\n<h2>GYIK<\/h2>\n<p><p><b>1.Mi az alum\u00ednium hidraulikus olajtart\u00e1ly?<\/b><\/p>\n<p>Az alum\u00ednium hidraulika olajtart\u00e1ly a hidraulikus rendszerek hidraulikafolyad\u00e9k\u00e1nak t\u00e1rol\u00e1s\u00e1ra tervezett t\u00e1rol\u00f3tart\u00e1ly, amely tart\u00f3s alum\u00edniumb\u00f3l k\u00e9sz\u00fclt a k\u00f6nny\u0171, korr\u00f3zi\u00f3\u00e1ll\u00f3 teljes\u00edtm\u00e9ny \u00e9rdek\u00e9ben.<br \/>\n<\/p><br \/>\n<br \/>\n<p><b>2.Mi\u00e9rt v\u00e1lassza az alum\u00edniumot a hidraulikus olajtart\u00e1lyokhoz?<\/b><\/p>\n<p>Az alum\u00ednium k\u00f6nny\u0171, korr\u00f3zi\u00f3\u00e1ll\u00f3 \u00e9s tart\u00f3s, \u00edgy ide\u00e1lis anyag a hidraulikus olajtart\u00e1lyok sz\u00e1m\u00e1ra, amelyeknek ig\u00e9nyes k\u00f6rnyezetben is szil\u00e1rds\u00e1gra \u00e9s hossz\u00fa \u00e9lettartamra van sz\u00fcks\u00e9g\u00fck.<br \/>\n<\/p><br \/>\n<br \/>\n<p><b>3.Hogyan jav\u00edtja az alum\u00ednium hidraulika olajtart\u00e1ly a hidraulikus rendszer teljes\u00edtm\u00e9ny\u00e9t?<\/b><\/p>\n<p>Az alum\u00ednium hidraulikaolaj-tart\u00e1ly hat\u00e9kony folyad\u00e9kt\u00e1rol\u00e1st biztos\u00edt, seg\u00edt fenntartani a folyad\u00e9k optim\u00e1lis h\u0151m\u00e9rs\u00e9klet\u00e9t, \u00e9s megakad\u00e1lyozza a szennyez\u0151d\u00e9st, hozz\u00e1j\u00e1rulva a hidraulikus rendszer \u00e1ltal\u00e1nos hat\u00e9konys\u00e1g\u00e1hoz.<br \/>\n<\/p><br \/>\n<br \/>\n<p><b>4.Can alum\u00ednium hidraulikus olajtart\u00e1lyok testreszabhat\u00f3?<\/b><\/p>\n<p>Igen, az alum\u00ednium hidraulikus olajtart\u00e1lyok m\u00e9ret\u00fck, kialak\u00edt\u00e1suk \u00e9s konfigur\u00e1ci\u00f3juk tekintet\u00e9ben testre szabhat\u00f3k, hogy megfeleljenek a k\u00fcl\u00f6nb\u00f6z\u0151 hidraulikus alkalmaz\u00e1sok egyedi ig\u00e9nyeinek.<br \/>\n<\/p><br \/>\n<br \/>\n<p><b>5.Milyen ipar\u00e1gak haszn\u00e1lj\u00e1k az alum\u00ednium hidraulikus olajtart\u00e1lyokat?<\/b><\/p>\n<p>Az alum\u00ednium hidraulikus olajtart\u00e1lyokat a hidraulikus rendszerekben val\u00f3 tart\u00f3ss\u00e1guk \u00e9s hat\u00e9konys\u00e1guk miatt sz\u00e9les k\u00f6rben haszn\u00e1lj\u00e1k az olyan ipar\u00e1gakban, mint az \u00e9p\u00edt\u0151ipar, a gy\u00e1rt\u00e1s, az aut\u00f3ipar \u00e9s a mez\u0151gazdas\u00e1g.<br \/>\n<\/p><br \/>\n<br \/>\n<p><b>6.Mennyire hat\u00e9kony az alum\u00ednium hidraulikus olajtart\u00e1lyok h\u0151elvezet\u00e9se?<\/b><\/p>\n<p>Az alum\u00ednium hidraulikaolaj-tart\u00e1lyok kiv\u00e1l\u00f3 h\u0151elvezet\u00e9si tulajdons\u00e1gokkal rendelkeznek, seg\u00edtik a folyad\u00e9k optim\u00e1lis h\u0151m\u00e9rs\u00e9klet\u00e9nek fenntart\u00e1s\u00e1t \u00e9s megakad\u00e1lyozz\u00e1k a t\u00falmeleged\u00e9st, ami n\u00f6veli a hidraulikus alkatr\u00e9szek \u00e9lettartam\u00e1t.<br \/>\n<\/p><br \/>\n<br \/>\n<p><b>7.Are alum\u00ednium hidraulikus olajtart\u00e1lyok k\u00f6lts\u00e9ghat\u00e9konyak?<\/b><\/p>\n<p>Igen, az alum\u00ednium hidraulikus olajtart\u00e1lyok k\u00f6lts\u00e9ghat\u00e9konyak, a megfizethet\u0151s\u00e9g, a tart\u00f3ss\u00e1g \u00e9s a teljes\u00edtm\u00e9ny egyens\u00faly\u00e1t k\u00edn\u00e1lj\u00e1k, \u00edgy a k\u00fcl\u00f6nb\u00f6z\u0151 hidraulikus alkalmaz\u00e1sokhoz el\u0151ny\u00f6s v\u00e1laszt\u00e1snak sz\u00e1m\u00edtanak.<br \/>\n<\/p><br \/><\/p>","protected":false},"featured_media":8534,"template":"","categories":[68],"class_list":["post-8535","product","type-product","status-publish","has-post-thumbnail","hentry","category-cnc-machining-aluminum-profile"],"meta_box":{"hilight_text_group":{"product_hilight_text":"<li>Durable and corrosion-resistant aluminum construction for long-lasting performance<\/li>\r\r\n<li>Lightweight design for easy installation and transportation<\/li>\r\r\n<li>Efficient hydraulic fluid storage with optimized capacity<\/li>\r\r\n<li>Customizable sizes and designs to meet specific hydraulic system requirements<\/li>\r\r\n<li>Superior heat dissipation properties to maintain optimal fluid temperature<\/li>\r\r\n<li>Cost-effective solution with fast production and reliable quality<\/li>","product_chanpin_blog":"<ul>\r\r\n<li><a href=\"https:\/\/sinoextrud.com\/t-slot-v-slot-differences\/\" target=\"_blank\">t slot vs v slot<\/a><\/li>\r\r\n<li><a href=\"https:\/\/sinoextrud.com\/what-is-4040-aluminium-extrud\/\" target=\"_blank\">4040 aluminium extrusion<\/a><\/li>\r\r\n<li><a href=\"https:\/\/sinoextrud.com\/what-is-4040-aluminium-extrud\/\" target=\"_blank\">aluminum extrusions for industrial racks<\/a><\/li>\r\r\n<li><a href=\"https:\/\/sinoextrud.com\/powder-coating-aluminium-process\/\" target=\"_blank\">powder coating aluminium<\/a><\/li>\r\r\n<li><a href=\"https:\/\/sinoextrud.com\/what-is-an-aluminium-strip-ceiling\/\" target=\"_blank\">aluminium strip ceiling<\/a><\/li>\r\r\n<li><a href=\"https:\/\/sinoextrud.com\/what-is-a-heat-sink\/\" target=\"_blank\">what is a heat sink<\/a><\/li>\r\r\n<\/ul>","product_chanpin_chanpin":"<li><a href=\"https:\/\/sinoextrud.com\/product\/aluminum-panel-outlet-socket\/\" target=\"_blank\">Aluminum Panel Outlet Socket<\/a><\/li>\r\n<li><a href=\"https:\/\/sinoextrud.com\/product\/anodized-small-machining-aluminum-parts\/\" target=\"_blank\">Anodized Small Machining Aluminum Parts<\/a><\/li>\r\n<li><a href=\"https:\/\/sinoextrud.com\/product\/extruded-aluminum-heatsink-led-alloy-a6063-t5-extrusion-profiles-cutting-cnc-precision\/\" target=\"_blank\">extruded aluminum heatsink LED alloy a6063 t5 extrusion profiles cutting CNC precision<\/a><\/li>\r\n<li><a href=\"https:\/\/sinoextrud.com\/product\/aluminum-anodized-gold-ashtray\/\" target=\"_blank\">Aluminum Anodized Gold Ashtray<\/a><\/li>\r\n<li><a href=\"https:\/\/sinoextrud.com\/product\/aluminum-hydraulic-oil-tank\/\" target=\"_blank\">Aluminum Hydraulic Oil Tank<\/a><\/li>\r\n<li><a href=\"https:\/\/sinoextrud.com\/product\/machined-aluminum-rail-extrusion-profile-cnc-aviation-aluminum-gantry\/\" target=\"_blank\">Machined Aluminum Rail Extrusion Profile CNC Aviation Aluminum Gantry<\/a><\/li>\r\n<li><a href=\"https:\/\/sinoextrud.com\/product\/cnc-machining-aluminum-signal-plate\/\" target=\"_blank\">CNC Machining Aluminum Signal Plate<\/a><\/li>\r\n<li><a href=\"https:\/\/sinoextrud.com\/product\/aluminum-cnc-machining\/\" target=\"_blank\">Aluminum cnc machining<\/a><\/li>\r\n<li><a href=\"https:\/\/sinoextrud.com\/product\/aluminum-profile-cnc-machining\/\" target=\"_blank\">Aluminum Profile CNC Machining<\/a><\/li>\r\n<li><a href=\"https:\/\/sinoextrud.com\/product\/greenhouse-aluminum-extrusions-blade-window\/\" target=\"_blank\">Greenhouse Aluminum Extrusions Blade Window<\/a><\/li>\r\n<li><a href=\"https:\/\/sinoextrud.com\/product\/extruded-aluminum-brackets\/\" target=\"_blank\">Extruded Aluminum Brackets<\/a><\/li>"},"feature_list":[]},"_links":{"self":[{"href":"https:\/\/sinoextrud.com\/hu\/wp-json\/wp\/v2\/product\/8535","targetHints":{"allow":["GET"]}}],"collection":[{"href":"https:\/\/sinoextrud.com\/hu\/wp-json\/wp\/v2\/product"}],"about":[{"href":"https:\/\/sinoextrud.com\/hu\/wp-json\/wp\/v2\/types\/product"}],"wp:featuredmedia":[{"embeddable":true,"href":"https:\/\/sinoextrud.com\/hu\/wp-json\/wp\/v2\/media\/8534"}],"wp:attachment":[{"href":"https:\/\/sinoextrud.com\/hu\/wp-json\/wp\/v2\/media?parent=8535"}],"wp:term":[{"taxonomy":"category","embeddable":true,"href":"https:\/\/sinoextrud.com\/hu\/wp-json\/wp\/v2\/categories?post=8535"}],"curies":[{"name":"wp","href":"https:\/\/api.w.org\/{rel}","templated":true}]}}