{"id":8531,"date":"2025-06-17T02:01:26","date_gmt":"2025-06-17T02:01:26","guid":{"rendered":"https:\/\/sinoextrud.com\/product\/extruded-aluminum-heatsink-led-alloy-a6063-t5-extrusion-profiles-cutting-cnc-precision\/"},"modified":"2025-06-24T06:24:09","modified_gmt":"2025-06-24T06:24:09","slug":"extrudalt-aluminium-hutoborda-led-otvozet-a6063-t5-extrudalt-profilok-vagasa-cnc-precizitassal","status":"publish","type":"product","link":"https:\/\/sinoextrud.com\/hu\/product\/extruded-aluminum-heatsink-led-alloy-a6063-t5-extrusion-profiles-cutting-cnc-precision\/","title":{"rendered":"extrud\u00e1lt alum\u00ednium h\u0171t\u0151borda LED \u00f6tv\u00f6zet a6063 t5 extrud\u00e1lt profilok CNC pontoss\u00e1g\u00fa CNC v\u00e1g\u00e1sa"},"content":{"rendered":"<h2>Term\u00e9kek r\u00e9szletei<\/h2>\n<table class=\"custom-table\">\n<tr>\n<td class=\"label\">T\u00e9tel:<\/td>\n<td> extrud\u00e1lt alum\u00ednium h\u0171t\u0151borda LED \u00f6tv\u00f6zet a6063 t5 extrud\u00e1lt profilok CNC pontoss\u00e1g\u00fa CNC v\u00e1g\u00e1sa<\/td>\n<\/tr>\n<tr>\n<td class=\"label\">Alkalmaz\u00e1s:<\/td>\n<td> extrud\u00e1lt alum\u00ednium h\u0171t\u0151borda<\/td>\n<\/tr>\n<tr>\n<td class=\"label\">Oszt\u00e1ly:<\/td>\n<td> 6000-es sorozat<\/td>\n<\/tr>\n<tr>\n<td class=\"label\">Technika:<\/td>\n<td> Extrud\u00e1lt<\/td>\n<\/tr>\n<tr>\n<td class=\"label\">Lelkiismeretesen:<\/td>\n<td> T3 - T8<\/td>\n<\/tr>\n<tr>\n<td class=\"label\">M\u00e9retek:<\/td>\n<td> Ez lehet egy\u00e9ni, mint felt\u00e9ve Design<\/td>\n<\/tr>\n<tr>\n<td class=\"label\">Megmunk\u00e1l\u00e1si szolg\u00e1ltat\u00e1sok:<\/td>\n<td> F\u00far\u00e1s, csavaroz\u00e1s, szegecsel\u00e9s, \u00f6sszeszerel\u00e9s stb.<\/td>\n<\/tr>\n<tr>\n<td class=\"label\">V\u00e9djegy:<\/td>\n<td> Sinoextrud<\/td>\n<\/tr>\n<tr>\n<td class=\"label\">Eredet:<\/td>\n<td> Foshan, Guangdong<\/td>\n<\/tr>\n<tr>\n<td class=\"label\">T\u00edpus:<\/td>\n<td> alum\u00ednium h\u0171t\u0151borda<\/td>\n<\/tr>\n<tr>\n<td class=\"label\">Alak:<\/td>\n<td> Made as Clients\u2032 Design<\/td>\n<\/tr>\n<tr>\n<td class=\"label\">Fel\u00fcletkezel\u00e9s:<\/td>\n<td> Elox\u00e1lt, porsz\u00f3rt, stb.<\/td>\n<\/tr>\n<tr>\n<td class=\"label\">\u00f6tv\u00f6zet:<\/td>\n<td> \u00d6tv\u00f6zet<\/td>\n<\/tr>\n<tr>\n<td class=\"label\">Tan\u00fas\u00edt\u00e1s:<\/td>\n<td> ISO, RoHS<\/td>\n<\/tr>\n<tr>\n<td class=\"label\">Hossz\u00fas\u00e1g:<\/td>\n<td> Ez lehet v\u00e1gni, mint a konkr\u00e9t ig\u00e9nyek<\/td>\n<\/tr>\n<tr>\n<td class=\"label\">Sz\u00ednek:<\/td>\n<td> Made as Provided Sz\u00ednsz\u00e1m<\/td>\n<\/tr>\n<tr>\n<td class=\"label\">Specifik\u00e1ci\u00f3:<\/td>\n<td> SGS, Rohs, ISO<\/td>\n<\/tr>\n<tr>\n<td class=\"label\">HS-k\u00f3d:<\/td>\n<td> 76042990<\/td>\n<\/tr>\n<\/table>\n<h2>Gy\u00e1rt\u00f3 b\u00e1zisunk<\/h2>\n<h3>Gy\u00e1ri panor\u00e1ma<\/h3>\n<p><img decoding=\"async\" src=\"\/wp-content\/uploads\/factory-01.webp\"\/><\/p>\n<h3>Alum\u00ednium r\u00fadgy\u00e1rt\u00f3 m\u0171hely<\/h3>\n<p><img decoding=\"async\" src=\"\/wp-content\/uploads\/factory-02.webp\"\/><\/p>\n<p><img decoding=\"async\" src=\"\/wp-content\/uploads\/factory-03.webp\"\/><\/p>\n<h3>Pen\u00e9sz rakt\u00e1r<\/h3>\n<p><img decoding=\"async\" src=\"\/wp-content\/uploads\/factory-04.webp\"\/><\/p>\n<h3>43 alum\u00ednium extrud\u00e1l\u00f3 vonal (500-5500 tonna)<\/h3>\n<p><img decoding=\"async\" src=\"\/wp-content\/uploads\/factory-05.webp\"\/><\/p>\n<p><img decoding=\"async\" src=\"\/wp-content\/uploads\/factory-06.webp\"\/><\/p>\n<p><img decoding=\"async\" src=\"\/wp-content\/uploads\/factory-07.webp\"\/><\/p>\n<h3>Porfest\u0151 m\u0171hely<\/h3>\n<p><img decoding=\"async\" src=\"\/wp-content\/uploads\/factory-09.webp\"\/><\/p>\n<h3>Anodiz\u00e1l\u00f3 m\u0171hely<\/h3>\n<p><img decoding=\"async\" src=\"\/wp-content\/uploads\/factory-10.webp\"\/><\/p>\n<h3>M\u00e9ly feldolgoz\u00e1si m\u0171hely<\/h3>\n<p><img decoding=\"async\" src=\"\/wp-content\/uploads\/factory-11.webp\"\/><\/p>\n<h3>CNC prec\u00edzi\u00f3s megmunk\u00e1l\u00f3 m\u0171hely<\/h3>\n<p><img decoding=\"async\" src=\"\/wp-content\/uploads\/factory-11.5.webp\"\/><\/p>\n<h3>K\u00e9szterm\u00e9k \u00e9s export rakt\u00e1r<\/h3>\n<p><img decoding=\"async\" src=\"\/wp-content\/uploads\/factory-12.webp\"\/><\/p>\n<p><img decoding=\"async\" src=\"\/wp-content\/uploads\/factory-13.webp\"\/><\/p>\n<p><img decoding=\"async\" src=\"\/wp-content\/uploads\/factory-14.webp\"\/><\/p>\n<h2>GYIK<\/h2>\n<p><p><b>1.Mi az extrud\u00e1lt alum\u00ednium h\u0171t\u0151borda?<\/b><\/p>\n<p>Az extrud\u00e1lt alum\u00ednium h\u0171t\u0151borda egy alum\u00ednium\u00f6tv\u00f6zetb\u0151l k\u00e9sz\u00fclt h\u0151elvezet\u0151 alkatr\u00e9sz, amelyet \u00fagy terveztek, hogy hat\u00e9konyan tov\u00e1bb\u00edtsa a h\u0151t az elektronikus eszk\u00f6z\u00f6kb\u0151l a k\u00f6rnyezetbe, n\u00f6velve a teljes\u00edtm\u00e9nyt \u00e9s a hossz\u00fa \u00e9lettartamot.<br \/>\n<\/p><br \/>\n<br \/>\n<p><b>2.Mi\u00e9rt haszn\u00e1lj\u00e1k az A6063 T5 \u00f6tv\u00f6zetet h\u0171t\u0151bord\u00e1khoz?<\/b><\/p>\n<p>Az A6063 T5 \u00f6tv\u00f6zetet h\u0171t\u0151bord\u00e1khoz haszn\u00e1lj\u00e1k, mivel kiv\u00e1l\u00f3 szil\u00e1rds\u00e1got, korr\u00f3zi\u00f3\u00e1ll\u00f3s\u00e1got \u00e9s j\u00f3 h\u0151vezet\u0151 k\u00e9pess\u00e9get biztos\u00edt, \u00edgy ide\u00e1lis a LED alkalmaz\u00e1sokhoz \u00e9s m\u00e1s elektronikus alkatr\u00e9szekhez.<br \/>\n<\/p><br \/>\n<br \/>\n<p><b>3.How a CNC prec\u00edzi\u00f3s v\u00e1g\u00e1s el\u0151ny\u00f6s extrud\u00e1lt alum\u00ednium h\u0171t\u0151bord\u00e1k?<\/b><\/p>\n<p>A CNC prec\u00edzi\u00f3s v\u00e1g\u00e1s sz\u0171k t\u0171r\u00e9seket, pontos m\u00e9reteket \u00e9s sima fel\u00fcletet biztos\u00edt, amelyek elengedhetetlenek a h\u0151elvezet\u00e9s maximaliz\u00e1l\u00e1s\u00e1hoz \u00e9s a nagy teljes\u00edtm\u00e9ny biztos\u00edt\u00e1s\u00e1hoz a LED- \u00e9s elektronikai alkalmaz\u00e1sokban.<br \/>\n<\/p><br \/>\n<br \/>\n<p><b>4.Can extrud\u00e1lt alum\u00ednium h\u0171t\u0151bord\u00e1k testreszabhat\u00f3ak?<\/b><\/p>\n<p>Igen, az extrud\u00e1lt alum\u00ednium h\u0171t\u0151bord\u00e1k m\u00e9ret, alak \u00e9s profil kialak\u00edt\u00e1s tekintet\u00e9ben testre szabhat\u00f3k, hogy megfeleljenek a k\u00fcl\u00f6nb\u00f6z\u0151 alkalmaz\u00e1sok egyedi h\u0151kezel\u00e9si ig\u00e9nyeinek.<br \/>\n<\/p><br \/>\n<br \/>\n<p><b>5.Milyen ipar\u00e1gak haszn\u00e1lnak extrud\u00e1lt alum\u00ednium h\u0171t\u0151bord\u00e1kat?<\/b><\/p>\n<p>Az extrud\u00e1lt alum\u00ednium h\u0171t\u0151bord\u00e1kat sz\u00e9les k\u00f6rben haszn\u00e1lj\u00e1k olyan ipar\u00e1gakban, mint a LED vil\u00e1g\u00edt\u00e1s, az elektronika, az aut\u00f3ipar \u00e9s a meg\u00fajul\u00f3 energia, ahol a hat\u00e9kony h\u0151elvezet\u00e9s kulcsfontoss\u00e1g\u00fa az alkatr\u00e9szek teljes\u00edtm\u00e9nye \u00e9s tart\u00f3ss\u00e1ga szempontj\u00e1b\u00f3l.<br \/>\n<\/p><br \/>\n<br \/>\n<p><b>6.Mennyire hat\u00e9konyak az extrud\u00e1lt alum\u00ednium h\u0171t\u0151bord\u00e1k LED alkalmaz\u00e1sokhoz?<\/b><\/p>\n<p>Az extrud\u00e1lt alum\u00ednium h\u0171t\u0151bord\u00e1k rendk\u00edv\u00fcl hat\u00e9konyak a LED-alkalmaz\u00e1sokban, kiv\u00e1l\u00f3 h\u0151elvezet\u00e9st biztos\u00edtanak az optim\u00e1lis \u00fczemi h\u0151m\u00e9rs\u00e9klet fenntart\u00e1sa \u00e9s a LED-l\u00e1mp\u00e1k \u00e9s m\u00e1s elektronikus eszk\u00f6z\u00f6k \u00e9lettartam\u00e1nak meghosszabb\u00edt\u00e1sa \u00e9rdek\u00e9ben.<br \/>\n<\/p><br \/>\n<br \/>\n<p><b>7.Milyen gyorsan lehet extrud\u00e1lt alum\u00ednium h\u0171t\u0151bord\u00e1kat gy\u00e1rtani?<\/b><\/p>\n<p>Az extrud\u00e1lt alum\u00ednium h\u0171t\u0151bord\u00e1k gyorsan gy\u00e1rthat\u00f3k hat\u00e9kony extrud\u00e1l\u00e1si \u00e9s CNC megmunk\u00e1l\u00e1si elj\u00e1r\u00e1sokkal, amelyek gyors \u00e1tfut\u00e1si id\u0151t biztos\u00edtanak mind a kis-, mind a nagy sorozatgy\u00e1rt\u00e1s sz\u00e1m\u00e1ra.<br \/>\n<\/p><br \/><\/p>","protected":false},"featured_media":8530,"template":"","categories":[68],"class_list":["post-8531","product","type-product","status-publish","has-post-thumbnail","hentry","category-cnc-machining-aluminum-profile"],"meta_box":{"hilight_text_group":{"product_hilight_text":"<li>High-quality extruded aluminum heatsink for efficient thermal management<\/li>\r\r\n<li>Made from LED alloy A6063 T5, offering excellent durability and corrosion resistance<\/li>\r\r\n<li>Precision CNC cutting for tight tolerances and superior finish<\/li>\r\r\n<li>Customizable extrusion profiles to fit specific cooling requirements<\/li>\r\r\n<li>Efficient heat dissipation for LED applications and other electronic devices<\/li>\r\r\n<li>Cost-effective production with fast lead times and excellent quality control<\/li>","product_chanpin_blog":"<ul>\r\r\n<li><a href=\"https:\/\/sinoextrud.com\/t-slot-v-slot-differences\/\" target=\"_blank\">t slot vs v slot<\/a><\/li>\r\r\n<li><a href=\"https:\/\/sinoextrud.com\/what-is-4040-aluminium-extrud\/\" target=\"_blank\">4040 aluminium extrusion<\/a><\/li>\r\r\n<li><a href=\"https:\/\/sinoextrud.com\/what-is-4040-aluminium-extrud\/\" target=\"_blank\">aluminum extrusions for industrial racks<\/a><\/li>\r\r\n<li><a href=\"https:\/\/sinoextrud.com\/powder-coating-aluminium-process\/\" target=\"_blank\">powder coating aluminium<\/a><\/li>\r\r\n<li><a href=\"https:\/\/sinoextrud.com\/what-is-an-aluminium-strip-ceiling\/\" target=\"_blank\">aluminium strip ceiling<\/a><\/li>\r\r\n<li><a href=\"https:\/\/sinoextrud.com\/what-is-a-heat-sink\/\" target=\"_blank\">what is a heat sink<\/a><\/li>\r\r\n<\/ul>","product_chanpin_chanpin":"<li><a href=\"https:\/\/sinoextrud.com\/product\/factory-cnc-precision-aluminum-parts\/\" target=\"_blank\">Factory Cnc Precision Aluminum Parts<\/a><\/li>\r\n<li><a href=\"https:\/\/sinoextrud.com\/product\/extruded-aluminium-housing\/\" target=\"_blank\">Extruded Aluminium Housing<\/a><\/li>\r\n<li><a href=\"https:\/\/sinoextrud.com\/product\/aluminum-panel-outlet-socket\/\" target=\"_blank\">Aluminum Panel Outlet Socket<\/a><\/li>\r\n<li><a href=\"https:\/\/sinoextrud.com\/product\/anodized-small-machining-aluminum-parts\/\" target=\"_blank\">Anodized Small Machining Aluminum Parts<\/a><\/li>\r\n<li><a href=\"https:\/\/sinoextrud.com\/product\/extruded-aluminum-heatsink-led-alloy-a6063-t5-extrusion-profiles-cutting-cnc-precision\/\" target=\"_blank\">extruded aluminum heatsink LED alloy a6063 t5 extrusion profiles cutting CNC precision<\/a><\/li>\r\n<li><a href=\"https:\/\/sinoextrud.com\/product\/aluminum-anodized-gold-ashtray\/\" target=\"_blank\">Aluminum Anodized Gold Ashtray<\/a><\/li>\r\n<li><a href=\"https:\/\/sinoextrud.com\/product\/aluminum-hydraulic-oil-tank\/\" target=\"_blank\">Aluminum Hydraulic Oil Tank<\/a><\/li>\r\n<li><a href=\"https:\/\/sinoextrud.com\/product\/machined-aluminum-rail-extrusion-profile-cnc-aviation-aluminum-gantry\/\" target=\"_blank\">Machined Aluminum Rail Extrusion Profile CNC Aviation Aluminum Gantry<\/a><\/li>\r\n<li><a href=\"https:\/\/sinoextrud.com\/product\/cnc-machining-aluminum-signal-plate\/\" target=\"_blank\">CNC Machining Aluminum Signal Plate<\/a><\/li>\r\n<li><a href=\"https:\/\/sinoextrud.com\/product\/anodized-and-powder-coated-t-slotted-aluminum-extrusion\/\" target=\"_blank\">Anodized and Powder Coated T-Slotted Aluminum Extrusion<\/a><\/li>\r\n<li><a href=\"https:\/\/sinoextrud.com\/product\/oem-aluminum-channel-tube-and-pipe-extrusions-profile-for-constuction\/\" target=\"_blank\">OEM Aluminum Channel Tube And Pipe Extrusions Profile For Constuction<\/a><\/li>"},"feature_list":[]},"_links":{"self":[{"href":"https:\/\/sinoextrud.com\/hu\/wp-json\/wp\/v2\/product\/8531","targetHints":{"allow":["GET"]}}],"collection":[{"href":"https:\/\/sinoextrud.com\/hu\/wp-json\/wp\/v2\/product"}],"about":[{"href":"https:\/\/sinoextrud.com\/hu\/wp-json\/wp\/v2\/types\/product"}],"wp:featuredmedia":[{"embeddable":true,"href":"https:\/\/sinoextrud.com\/hu\/wp-json\/wp\/v2\/media\/8530"}],"wp:attachment":[{"href":"https:\/\/sinoextrud.com\/hu\/wp-json\/wp\/v2\/media?parent=8531"}],"wp:term":[{"taxonomy":"category","embeddable":true,"href":"https:\/\/sinoextrud.com\/hu\/wp-json\/wp\/v2\/categories?post=8531"}],"curies":[{"name":"wp","href":"https:\/\/api.w.org\/{rel}","templated":true}]}}