{"id":8527,"date":"2025-06-17T01:57:39","date_gmt":"2025-06-17T01:57:39","guid":{"rendered":"https:\/\/sinoextrud.com\/product\/aluminum-panel-outlet-socket\/"},"modified":"2025-06-24T06:24:08","modified_gmt":"2025-06-24T06:24:08","slug":"aluminium-panel-kivezeto-aljzat","status":"publish","type":"product","link":"https:\/\/sinoextrud.com\/hu\/product\/aluminum-panel-outlet-socket\/","title":{"rendered":"Alum\u00ednium panel kivezet\u0151 aljzat"},"content":{"rendered":"<h2>Term\u00e9kek r\u00e9szletei<\/h2>\n<table class=\"custom-table\">\n<tbody>\n<tr>\n<td> Term\u00e9k neve<\/td>\n<td> Alum\u00ednium panel kivezet\u0151 aljzat     <\/td>\n<\/tr>\n<tr>\n<td> Anyag<\/td>\n<td> 6063, 6061, 6043, 6082 Alum\u00ednium\u00f6tv\u00f6zet<\/td>\n<\/tr>\n<tr>\n<td> Sz\u00ednes<\/td>\n<td> Testreszabott<\/td>\n<\/tr>\n<tr>\n<td> Standard<\/td>\n<td> GB2008<\/td>\n<\/tr>\n<tr>\n<td> Fokozat<\/td>\n<td> 6000-es sorozat<\/td>\n<\/tr>\n<tr>\n<td> Vastags\u00e1g<\/td>\n<td> Testreszabott<\/td>\n<\/tr>\n<tr>\n<td> Haszn\u00e1lat<\/td>\n<td> Dekor\u00e1ci\u00f3<\/td>\n<\/tr>\n<tr>\n<td> Temper<\/td>\n<td> T3-T8<\/td>\n<\/tr>\n<tr>\n<td> Hossz\u00fas\u00e1g<\/td>\n<td> Testreszabott<\/td>\n<\/tr>\n<tr>\n<td> Fel\u00fcletkezel\u00e9s<\/td>\n<td> Porbevonat, Mill Finish, PVDF, elox\u00e1lt, fa szemcs\u00e9s, pol\u00edrozott, csiszolt, csiszolt, stb.<\/td>\n<\/tr>\n<tr>\n<td> Orgin<\/td>\n<td> K\u00cdNA<\/td>\n<\/tr>\n<tr>\n<td> \u00d6tv\u00f6zet vagy sem<\/td>\n<td> Az \u00f6tv\u00f6zet<\/td>\n<\/tr>\n<tr>\n<td> Port<\/td>\n<td> Guangzhou, Shenzhen, Foshan<\/td>\n<\/tr>\n<\/tbody>\n<\/table>\n<h2>Gy\u00e1rt\u00f3 b\u00e1zisunk<\/h2>\n<h3>Gy\u00e1ri panor\u00e1ma<\/h3>\n<p><img decoding=\"async\" src=\"\/wp-content\/uploads\/factory-01.webp\"\/><\/p>\n<h3>Alum\u00ednium r\u00fadgy\u00e1rt\u00f3 m\u0171hely<\/h3>\n<p><img decoding=\"async\" src=\"\/wp-content\/uploads\/factory-02.webp\"\/><\/p>\n<p><img decoding=\"async\" src=\"\/wp-content\/uploads\/factory-03.webp\"\/><\/p>\n<h3>Pen\u00e9sz rakt\u00e1r<\/h3>\n<p><img decoding=\"async\" src=\"\/wp-content\/uploads\/factory-04.webp\"\/><\/p>\n<h3>43 alum\u00ednium extrud\u00e1l\u00f3 vonal (500-5500 tonna)<\/h3>\n<p><img decoding=\"async\" src=\"\/wp-content\/uploads\/factory-05.webp\"\/><\/p>\n<p><img decoding=\"async\" src=\"\/wp-content\/uploads\/factory-06.webp\"\/><\/p>\n<p><img decoding=\"async\" src=\"\/wp-content\/uploads\/factory-07.webp\"\/><\/p>\n<h3>Porfest\u0151 m\u0171hely<\/h3>\n<p><img decoding=\"async\" src=\"\/wp-content\/uploads\/factory-09.webp\"\/><\/p>\n<h3>Anodiz\u00e1l\u00f3 m\u0171hely<\/h3>\n<p><img decoding=\"async\" src=\"\/wp-content\/uploads\/factory-10.webp\"\/><\/p>\n<h3>M\u00e9ly feldolgoz\u00e1si m\u0171hely<\/h3>\n<p><img decoding=\"async\" src=\"\/wp-content\/uploads\/factory-11.webp\"\/><\/p>\n<h3>CNC prec\u00edzi\u00f3s megmunk\u00e1l\u00f3 m\u0171hely<\/h3>\n<p><img decoding=\"async\" src=\"\/wp-content\/uploads\/factory-11.5.webp\"\/><\/p>\n<h3>K\u00e9szterm\u00e9k \u00e9s export rakt\u00e1r<\/h3>\n<p><img decoding=\"async\" src=\"\/wp-content\/uploads\/factory-12.webp\"\/><\/p>\n<p><img decoding=\"async\" src=\"\/wp-content\/uploads\/factory-13.webp\"\/><\/p>\n<p><img decoding=\"async\" src=\"\/wp-content\/uploads\/factory-14.webp\"\/><\/p>\n<h2>GYIK<\/h2>\n<p><p><b>1.Mi az alum\u00ednium panel aljzat?<\/b><\/p>\n<p>Az alum\u00ednium panel aljzat egy tart\u00f3s \u00e9s k\u00f6nny\u0171 elektromos aljzat, amelyet alum\u00ednium panelekbe val\u00f3 be\u00e9p\u00edt\u00e9sre terveztek, \u00e9s megb\u00edzhat\u00f3 \u00e1ramcsatlakoz\u00e1st biztos\u00edt k\u00fcl\u00f6nb\u00f6z\u0151 alkalmaz\u00e1sokhoz.<br \/>\n<\/p><br \/>\n<br \/>\n<p><b>2.Mi\u00e9rt haszn\u00e1lnak alum\u00edniumot a panel aljzatokhoz?<\/b><\/p>\n<p>Az alum\u00ednium korr\u00f3zi\u00f3\u00e1ll\u00f3, k\u00f6nny\u0171 \u00e9s tart\u00f3s, \u00edgy ide\u00e1lis anyag a panel aljzatokhoz, amelyek hossz\u00fa t\u00e1v\u00fa teljes\u00edtm\u00e9nyt ig\u00e9nyelnek k\u00fcl\u00f6nb\u00f6z\u0151 k\u00f6rnyezetben.<br \/>\n<\/p><br \/>\n<br \/>\n<p><b>3.Mennyire biztons\u00e1gosak az alum\u00ednium panel aljzatok?<\/b><\/p>\n<p>Az alum\u00ednium paneles konnektorokat a biztons\u00e1g szem el\u0151tt tart\u00e1s\u00e1val tervezt\u00e9k, kiv\u00e1l\u00f3 min\u0151s\u00e9g\u0171 elektromos vezet\u0151k\u00e9pess\u00e9get k\u00edn\u00e1lnak, \u00e9s megfelelnek a szigor\u00fa biztons\u00e1gi el\u0151\u00edr\u00e1soknak a megb\u00edzhat\u00f3 \u00e9s biztons\u00e1gos m\u0171k\u00f6d\u00e9s \u00e9rdek\u00e9ben.<br \/>\n<\/p><br \/>\n<br \/>\n<p><b>4.Can alum\u00ednium panel aljzat aljzat testreszabhat\u00f3?<\/b><\/p>\n<p>Igen, az alum\u00ednium panel aljzatok m\u00e9ret\u00fck, kialak\u00edt\u00e1suk \u00e9s konfigur\u00e1ci\u00f3juk tekintet\u00e9ben testre szabhat\u00f3k, hogy megfeleljenek a k\u00fcl\u00f6nb\u00f6z\u0151 projektek vagy berendez\u00e9sek egyedi k\u00f6vetelm\u00e9nyeinek.<br \/>\n<\/p><br \/>\n<br \/>\n<p><b>5.Milyen ipar\u00e1gak haszn\u00e1lj\u00e1k az alum\u00ednium panel aljzatokat?<\/b><\/p>\n<p>Az alum\u00ednium paneles konnektorokat tart\u00f3ss\u00e1guk \u00e9s k\u00f6nny\u0171 telep\u00edthet\u0151s\u00e9g\u00fck miatt sz\u00e9les k\u00f6rben haszn\u00e1lj\u00e1k az olyan ipar\u00e1gakban, mint a lakoss\u00e1gi, kereskedelmi \u00e9s ipari elektromos berendez\u00e9sek.<br \/>\n<\/p><br \/>\n<br \/>\n<p><b>6.Mennyire egyszer\u0171 az alum\u00ednium panel aljzat csatlakoz\u00f3aljzat beszerel\u00e9se?<\/b><\/p>\n<p>Az alum\u00ednium paneles konnektorokat gyors \u00e9s egyszer\u0171 telep\u00edt\u00e9sre tervezt\u00e9k, \u00edgy egyszer\u0171 telep\u00edt\u00e9si folyamatot biztos\u00edtanak, minim\u00e1lis karbantart\u00e1si ig\u00e9ny mellett.<br \/>\n<\/p><br \/>\n<br \/>\n<p><b>7.Are alum\u00ednium panel aljzatok k\u00f6lts\u00e9ghat\u00e9konyak?<\/b><\/p>\n<p>Igen, az alum\u00ednium panel aljzatok k\u00f6lts\u00e9ghat\u00e9konyak, kiv\u00e1l\u00f3 tart\u00f3ss\u00e1got, alacsony karbantart\u00e1st \u00e9s hossz\u00fa t\u00e1v\u00fa teljes\u00edtm\u00e9nyt k\u00edn\u00e1lnak versenyk\u00e9pes \u00e1ron a k\u00fcl\u00f6nb\u00f6z\u0151 alkalmaz\u00e1sokhoz.<br \/>\n<\/p><br \/><\/p>","protected":false},"featured_media":8526,"template":"","categories":[68],"class_list":["post-8527","product","type-product","status-publish","has-post-thumbnail","hentry","category-cnc-machining-aluminum-profile"],"meta_box":{"hilight_text_group":{"product_hilight_text":"<li>Durable and lightweight aluminum panel outlet socket<\/li>\r\r\n<li>Corrosion-resistant and long-lasting material for various environments<\/li>\r\r\n<li>Easy installation and maintenance for quick setup<\/li>\r\r\n<li>Compact design suitable for residential, commercial, and industrial applications<\/li>\r\r\n<li>High-quality electrical conductivity and safe operation<\/li>\r\r\n<li>Customizable sizes and configurations to meet specific needs<\/li>","product_chanpin_blog":"<ul>\r\r\n<li><a href=\"https:\/\/sinoextrud.com\/t-slot-v-slot-differences\/\" target=\"_blank\">t slot vs v slot<\/a><\/li>\r\r\n<li><a href=\"https:\/\/sinoextrud.com\/what-is-4040-aluminium-extrud\/\" target=\"_blank\">4040 aluminium extrusion<\/a><\/li>\r\r\n<li><a href=\"https:\/\/sinoextrud.com\/what-is-4040-aluminium-extrud\/\" target=\"_blank\">aluminum extrusions for industrial racks<\/a><\/li>\r\r\n<li><a href=\"https:\/\/sinoextrud.com\/powder-coating-aluminium-process\/\" target=\"_blank\">powder coating aluminium<\/a><\/li>\r\r\n<li><a href=\"https:\/\/sinoextrud.com\/what-is-an-aluminium-strip-ceiling\/\" target=\"_blank\">aluminium strip ceiling<\/a><\/li>\r\r\n<li><a href=\"https:\/\/sinoextrud.com\/what-is-a-heat-sink\/\" target=\"_blank\">what is a heat sink<\/a><\/li>\r\r\n<\/ul>","product_chanpin_chanpin":"<li><a href=\"https:\/\/sinoextrud.com\/product\/aluminium-extrusion-enclosure\/\" target=\"_blank\">Aluminium Extrusion Enclosure<\/a><\/li>\r\n<li><a href=\"https:\/\/sinoextrud.com\/product\/aluminum-cnc-punching-parts\/\" target=\"_blank\">Aluminum CNC Punching Parts<\/a><\/li>\r\n<li><a href=\"https:\/\/sinoextrud.com\/product\/factory-cnc-precision-aluminum-parts\/\" target=\"_blank\">Factory Cnc Precision Aluminum Parts<\/a><\/li>\r\n<li><a href=\"https:\/\/sinoextrud.com\/product\/extruded-aluminium-housing\/\" target=\"_blank\">Extruded Aluminium Housing<\/a><\/li>\r\n<li><a href=\"https:\/\/sinoextrud.com\/product\/aluminum-panel-outlet-socket\/\" target=\"_blank\">Aluminum Panel Outlet Socket<\/a><\/li>\r\n<li><a href=\"https:\/\/sinoextrud.com\/product\/anodized-small-machining-aluminum-parts\/\" target=\"_blank\">Anodized Small Machining Aluminum Parts<\/a><\/li>\r\n<li><a href=\"https:\/\/sinoextrud.com\/product\/extruded-aluminum-heatsink-led-alloy-a6063-t5-extrusion-profiles-cutting-cnc-precision\/\" target=\"_blank\">extruded aluminum heatsink LED alloy a6063 t5 extrusion profiles cutting CNC precision<\/a><\/li>\r\n<li><a href=\"https:\/\/sinoextrud.com\/product\/aluminum-anodized-gold-ashtray\/\" target=\"_blank\">Aluminum Anodized Gold Ashtray<\/a><\/li>\r\n<li><a href=\"https:\/\/sinoextrud.com\/product\/aluminum-hydraulic-oil-tank\/\" target=\"_blank\">Aluminum Hydraulic Oil Tank<\/a><\/li>\r\n<li><a href=\"https:\/\/sinoextrud.com\/product\/aluminium-tube-suppliers-offer-extruded-aluminium-square-tube-profile-with-anodized-powder-coating-surface-treatment\/\" target=\"_blank\">Aluminium Tube Suppliers Offer Extruded Aluminium Square Tube Profile With Anodized Powder Coating Surface Treatment<\/a><\/li>\r\n<li><a href=\"https:\/\/sinoextrud.com\/product\/aluminum-electronic-enclosure-heatsink\/\" target=\"_blank\">Aluminum Electronic Enclosure heatsink<\/a><\/li>"},"feature_list":[]},"_links":{"self":[{"href":"https:\/\/sinoextrud.com\/hu\/wp-json\/wp\/v2\/product\/8527","targetHints":{"allow":["GET"]}}],"collection":[{"href":"https:\/\/sinoextrud.com\/hu\/wp-json\/wp\/v2\/product"}],"about":[{"href":"https:\/\/sinoextrud.com\/hu\/wp-json\/wp\/v2\/types\/product"}],"wp:featuredmedia":[{"embeddable":true,"href":"https:\/\/sinoextrud.com\/hu\/wp-json\/wp\/v2\/media\/8526"}],"wp:attachment":[{"href":"https:\/\/sinoextrud.com\/hu\/wp-json\/wp\/v2\/media?parent=8527"}],"wp:term":[{"taxonomy":"category","embeddable":true,"href":"https:\/\/sinoextrud.com\/hu\/wp-json\/wp\/v2\/categories?post=8527"}],"curies":[{"name":"wp","href":"https:\/\/api.w.org\/{rel}","templated":true}]}}