{"id":8525,"date":"2025-06-17T01:53:04","date_gmt":"2025-06-17T01:53:04","guid":{"rendered":"https:\/\/sinoextrud.com\/product\/extruded-aluminium-housing\/"},"modified":"2025-06-24T06:24:08","modified_gmt":"2025-06-24T06:24:08","slug":"extrudalt-aluminium-haz-2","status":"publish","type":"product","link":"https:\/\/sinoextrud.com\/hu\/product\/extruded-aluminium-housing\/","title":{"rendered":"Extrud\u00e1lt alum\u00ednium h\u00e1z"},"content":{"rendered":"<h2>Term\u00e9kek r\u00e9szletei<\/h2>\n<table class=\"custom-table\">\n<tbody>\n<tr>\n<td> Term\u00e9k neve<\/td>\n<td> Extrud\u00e1lt alum\u00ednium h\u00e1z<\/td>\n<\/tr>\n<tr>\n<td> Anyag<\/td>\n<td> 6063, 6061 stb.<\/td>\n<\/tr>\n<tr>\n<td> Shape<\/td>\n<td> N\u00e9gyzet vagy m\u00e1s egyedi form\u00e1k<\/td>\n<\/tr>\n<tr>\n<td> Vastags\u00e1g<\/td>\n<td> 0.7mm-10mm<\/td>\n<\/tr>\n<tr>\n<td> M\u00e9ret<\/td>\n<td> Az \u00fcgyf\u00e9l k\u00e9r\u00e9se szerint<\/td>\n<\/tr>\n<tr>\n<td> A prec\u00edzi\u00f3s v\u00e1g\u00e1s t\u0171r\u00e9se<\/td>\n<td> \u22641m : \u00b10.25mm<br \/>\n1m&lt; : \u22642m, \u00b10,35mm<br \/>\n\u22652m : \u00b10.50mm<\/td>\n<\/tr>\n<tr>\n<td> A f\u00far\u00e1s toleranci\u00e1ja<\/td>\n<td> \u00b10.15~0.20mm<\/td>\n<\/tr>\n<tr>\n<td> A k\u00f6z\u00f6ns\u00e9ges v\u00e1g\u00e1s t\u0171r\u00e9se<\/td>\n<td> \u00b110 ~ 0mm<\/td>\n<\/tr>\n<tr>\n<td> Tipikus alkalmaz\u00e1sok<\/td>\n<td> Ipar, elektronika, aut\u00f3k stb.<\/td>\n<\/tr>\n<tr>\n<td> M\u00e9ly folyamat<\/td>\n<td> CNC mar\u00e1s, f\u00far\u00e1s, lyukaszt\u00e1s, f\u00far\u00e1s, csapol\u00e1s, hajl\u00edt\u00e1s<\/td>\n<\/tr>\n<tr>\n<td> M\u00e1rka<\/td>\n<td> Sinoextrud, Sinoextrud,, egyedi v\u00e9djegy avalaible<\/td>\n<\/tr>\n<tr>\n<td> Fel\u00fcletkezel\u00e9s<\/td>\n<td> Malom k\u00e9sz, elox\u00e1lt, porsz\u00f3rt stb.<\/td>\n<\/tr>\n<tr>\n<td> MOQ<\/td>\n<td> 200Kgs<\/td>\n<\/tr>\n<tr>\n<td> Min\u0151s\u00e9gi garancia<\/td>\n<td> 100% ellen\u0151rz\u00e9s a magas min\u0151s\u00e9g biztos\u00edt\u00e1sa \u00e9rdek\u00e9ben<\/td>\n<\/tr>\n<tr>\n<td> Tan\u00fas\u00edtv\u00e1nyok<\/td>\n<td> ISO9001, ISO4001, CQM, SGS, CE, BV stb.<\/td>\n<\/tr>\n<tr>\n<td> Sz\u00e1rmaz\u00e1si hely<\/td>\n<td> Guangdong,K\u00edna<\/td>\n<\/tr>\n<\/tbody>\n<\/table>\n<h2>Gy\u00e1rt\u00f3 b\u00e1zisunk<\/h2>\n<h3>Gy\u00e1ri panor\u00e1ma<\/h3>\n<p><img decoding=\"async\" src=\"\/wp-content\/uploads\/factory-01.webp\"\/><\/p>\n<h3>Alum\u00ednium r\u00fadgy\u00e1rt\u00f3 m\u0171hely<\/h3>\n<p><img decoding=\"async\" src=\"\/wp-content\/uploads\/factory-02.webp\"\/><\/p>\n<\/p>\n<p><img decoding=\"async\" src=\"\/wp-content\/uploads\/factory-03.webp\"\/><\/p>\n<h3>Pen\u00e9sz rakt\u00e1r<\/h3>\n<p><img decoding=\"async\" src=\"\/wp-content\/uploads\/factory-04.webp\"\/><\/p>\n<h3>43 alum\u00ednium extrud\u00e1l\u00f3 vonal (500-5500 tonna)<\/h3>\n<p><img decoding=\"async\" src=\"\/wp-content\/uploads\/factory-05.webp\"\/><\/p>\n<p><img decoding=\"async\" src=\"\/wp-content\/uploads\/factory-06.webp\"\/><\/p>\n<p><img decoding=\"async\" src=\"\/wp-content\/uploads\/factory-07.webp\"\/><\/p>\n<h3>Porfest\u0151 m\u0171hely<\/h3>\n<p><img decoding=\"async\" src=\"\/wp-content\/uploads\/factory-09.webp\"\/><\/p>\n<h3>Anodiz\u00e1l\u00f3 m\u0171hely<\/h3>\n<p><img decoding=\"async\" src=\"\/wp-content\/uploads\/factory-10.webp\"\/><\/p>\n<h3>M\u00e9ly feldolgoz\u00e1si m\u0171hely<\/h3>\n<p><img decoding=\"async\" src=\"\/wp-content\/uploads\/factory-11.webp\"\/><\/p>\n<h3>CNC prec\u00edzi\u00f3s megmunk\u00e1l\u00f3 m\u0171hely<\/h3>\n<p><img decoding=\"async\" src=\"\/wp-content\/uploads\/factory-11.5.webp\"\/><\/p>\n<h3>K\u00e9szterm\u00e9k \u00e9s export rakt\u00e1r<\/h3>\n<p><img decoding=\"async\" src=\"\/wp-content\/uploads\/factory-12.webp\"\/><\/p>\n<p><img decoding=\"async\" src=\"\/wp-content\/uploads\/factory-13.webp\"\/><\/p>\n<p><img decoding=\"async\" src=\"\/wp-content\/uploads\/factory-14.webp\"\/><\/p>\n<h2>GYIK<\/h2>\n<p><b>1.Mi az extrud\u00e1lt alum\u00ednium h\u00e1z?<\/b><\/p>\n<p>Az extrud\u00e1lt alum\u00ednium h\u00e1z egy olyan alum\u00edniumb\u00f3l k\u00e9sz\u00fclt burkolatt\u00edpus, amelyet extrud\u00e1l\u00e1si elj\u00e1r\u00e1ssal alak\u00edtanak ki, \u00e9s amely tart\u00f3ss\u00e1got, k\u00f6nny\u0171 s\u00falyt \u00e9s kiv\u00e1l\u00f3 h\u0151elvezet\u00e9st biztos\u00edt k\u00fcl\u00f6nb\u00f6z\u0151 alkalmaz\u00e1sokhoz.\n<\/p>\n<p><\/p>\n<p><b>2.Mi\u00e9rt haszn\u00e1lj\u00e1k az extrud\u00e1lt alum\u00edniumh\u00e1zat az elektronik\u00e1ban?<\/b><\/p>\n<p>Az extrud\u00e1lt alum\u00ednium h\u00e1z ide\u00e1lis az elektronika sz\u00e1m\u00e1ra, mivel hat\u00e9kony h\u0151elvezet\u00e9st, korr\u00f3zi\u00f3\u00e1ll\u00f3s\u00e1got \u00e9s v\u00e9delmet biztos\u00edt az \u00e9rz\u00e9keny alkatr\u00e9szek sz\u00e1m\u00e1ra, \u00edgy hossz\u00fa \u00e9lettartamot \u00e9s megb\u00edzhat\u00f3s\u00e1got biztos\u00edt.\n<\/p>\n<p><\/p>\n<p><b>3.Mennyire tart\u00f3s az extrud\u00e1lt alum\u00ednium h\u00e1z?<\/b><\/p>\n<p>Az extrud\u00e1lt alum\u00ednium h\u00e1z rendk\u00edv\u00fcl tart\u00f3s, hossz\u00fa \u00e9lettartam\u00fa teljes\u00edtm\u00e9nyt ny\u00fajt, ellen\u00e1ll a korr\u00f3zi\u00f3nak, kop\u00e1snak \u00e9s a k\u00f6rnyezeti t\u00e9nyez\u0151knek, \u00edgy t\u00f6k\u00e9letes a zord k\u00f6r\u00fclm\u00e9nyek k\u00f6z\u00f6tt is.\n<\/p>\n<p><\/p>\n<p><b>4.Can extrud\u00e1lt alum\u00ednium h\u00e1z testre szabhat\u00f3?<\/b><\/p>\n<p>Igen, az extrud\u00e1lt alum\u00ednium h\u00e1z m\u00e9ret, alak \u00e9s kialak\u00edt\u00e1s tekintet\u00e9ben testre szabhat\u00f3, hogy megfeleljen a k\u00fcl\u00f6nb\u00f6z\u0151 ipar\u00e1gak \u00e9s alkalmaz\u00e1sok egyedi ig\u00e9nyeinek.\n<\/p>\n<p><\/p>\n<p><b>5.Milyen ipar\u00e1gak sz\u00e1m\u00e1ra el\u0151ny\u00f6s az extrud\u00e1lt alum\u00ednium h\u00e1z?<\/b><\/p>\n<p>Az olyan ipar\u00e1gak, mint az elektronika, a t\u00e1vk\u00f6zl\u00e9s, az ipari berendez\u00e9sek \u00e9s az aut\u00f3ipar az extrud\u00e1lt alum\u00ednium h\u00e1zak el\u0151nyeit \u00e9lvezik szil\u00e1rds\u00e1ga, k\u00f6nny\u0171s\u00e9ge \u00e9s az alkatr\u00e9szek v\u00e9delm\u00e9re val\u00f3 k\u00e9pess\u00e9ge miatt.\n<\/p>\n<p><\/p>\n<p><b>6.Milyen gyorsan lehet extrud\u00e1lt alum\u00ednium h\u00e1zakat gy\u00e1rtani?<\/b><\/p>\n<p>Az extrud\u00e1lt alum\u00ednium h\u00e1zak gyorsan gy\u00e1rthat\u00f3k, a hat\u00e9kony extrud\u00e1l\u00e1si folyamatnak k\u00f6sz\u00f6nhet\u0151en gyors \u00e1tfut\u00e1si id\u0151vel, ami biztos\u00edtja a szoros hat\u00e1rid\u0151kkel rendelkez\u0151 projektek id\u0151ben t\u00f6rt\u00e9n\u0151 sz\u00e1ll\u00edt\u00e1s\u00e1t.\n<\/p>\n<p><\/p>\n<p><b>7.Is extrud\u00e1lt alum\u00ednium h\u00e1z k\u00f6lts\u00e9ghat\u00e9kony?<\/b><\/p>\n<p>Igen, az extrud\u00e1lt alum\u00ednium h\u00e1z k\u00f6lts\u00e9ghat\u00e9kony megold\u00e1st k\u00edn\u00e1l az egyedi burkolatokhoz, amely a megfizethet\u0151s\u00e9get nagy teljes\u00edtm\u00e9nnyel \u00e9s tart\u00f3ss\u00e1ggal \u00f6tv\u00f6zi a k\u00fcl\u00f6nb\u00f6z\u0151 alkalmaz\u00e1sokhoz.\n<\/p>\n<p><\/p>","protected":false},"featured_media":8524,"template":"","categories":[68],"class_list":["post-8525","product","type-product","status-publish","has-post-thumbnail","hentry","category-cnc-machining-aluminum-profile"],"meta_box":{"hilight_text_group":{"product_hilight_text":"<li>Durable and lightweight extruded aluminum housing<\/li>\r\r\n<li>Excellent heat dissipation properties for electronic components<\/li>\r\r\n<li>Customizable sizes and designs to fit specific applications<\/li>\r\r\n<li>Corrosion-resistant and long-lasting material<\/li>\r\r\n<li>Ideal for use in electronics, telecommunications, and industrial equipment<\/li>\r\r\n<li>Cost-effective manufacturing with quick lead times<\/li>","product_chanpin_blog":"<ul>\r\r\n<li><a href=\"https:\/\/sinoextrud.com\/t-slot-v-slot-differences\/\" target=\"_blank\">t slot vs v slot<\/a><\/li>\r\r\n<li><a href=\"https:\/\/sinoextrud.com\/what-is-4040-aluminium-extrud\/\" target=\"_blank\">4040 aluminium extrusion<\/a><\/li>\r\r\n<li><a href=\"https:\/\/sinoextrud.com\/what-is-4040-aluminium-extrud\/\" target=\"_blank\">aluminum extrusions for industrial racks<\/a><\/li>\r\r\n<li><a href=\"https:\/\/sinoextrud.com\/powder-coating-aluminium-process\/\" target=\"_blank\">powder coating aluminium<\/a><\/li>\r\r\n<li><a href=\"https:\/\/sinoextrud.com\/what-is-an-aluminium-strip-ceiling\/\" target=\"_blank\">aluminium strip ceiling<\/a><\/li>\r\r\n<li><a href=\"https:\/\/sinoextrud.com\/what-is-a-heat-sink\/\" target=\"_blank\">what is a heat sink<\/a><\/li>\r\r\n<\/ul>","product_chanpin_chanpin":"<li><a href=\"https:\/\/sinoextrud.com\/product\/extruded-aluminium-case\/\" target=\"_blank\">Extruded Aluminium Case<\/a><\/li>\r\n<li><a href=\"https:\/\/sinoextrud.com\/product\/aluminium-extrusion-enclosure\/\" target=\"_blank\">Aluminium Extrusion Enclosure<\/a><\/li>\r\n<li><a href=\"https:\/\/sinoextrud.com\/product\/aluminum-cnc-punching-parts\/\" target=\"_blank\">Aluminum CNC Punching Parts<\/a><\/li>\r\n<li><a href=\"https:\/\/sinoextrud.com\/product\/factory-cnc-precision-aluminum-parts\/\" target=\"_blank\">Factory Cnc Precision Aluminum Parts<\/a><\/li>\r\n<li><a href=\"https:\/\/sinoextrud.com\/product\/extruded-aluminium-housing\/\" target=\"_blank\">Extruded Aluminium Housing<\/a><\/li>\r\n<li><a href=\"https:\/\/sinoextrud.com\/product\/aluminum-panel-outlet-socket\/\" target=\"_blank\">Aluminum Panel Outlet Socket<\/a><\/li>\r\n<li><a href=\"https:\/\/sinoextrud.com\/product\/anodized-small-machining-aluminum-parts\/\" target=\"_blank\">Anodized Small Machining Aluminum Parts<\/a><\/li>\r\n<li><a href=\"https:\/\/sinoextrud.com\/product\/extruded-aluminum-heatsink-led-alloy-a6063-t5-extrusion-profiles-cutting-cnc-precision\/\" target=\"_blank\">extruded aluminum heatsink LED alloy a6063 t5 extrusion profiles cutting CNC precision<\/a><\/li>\r\n<li><a href=\"https:\/\/sinoextrud.com\/product\/aluminum-anodized-gold-ashtray\/\" target=\"_blank\">Aluminum Anodized Gold Ashtray<\/a><\/li>\r\n<li><a href=\"https:\/\/sinoextrud.com\/product\/cnc-machine-for-aluminum-profiles\/\" target=\"_blank\">CNC Machine For Aluminum Profiles<\/a><\/li>\r\n<li><a href=\"https:\/\/sinoextrud.com\/product\/modular-extruded-aluminum-framing\/\" target=\"_blank\">Modular Extruded Aluminum Framing<\/a><\/li>"},"feature_list":[]},"_links":{"self":[{"href":"https:\/\/sinoextrud.com\/hu\/wp-json\/wp\/v2\/product\/8525","targetHints":{"allow":["GET"]}}],"collection":[{"href":"https:\/\/sinoextrud.com\/hu\/wp-json\/wp\/v2\/product"}],"about":[{"href":"https:\/\/sinoextrud.com\/hu\/wp-json\/wp\/v2\/types\/product"}],"wp:featuredmedia":[{"embeddable":true,"href":"https:\/\/sinoextrud.com\/hu\/wp-json\/wp\/v2\/media\/8524"}],"wp:attachment":[{"href":"https:\/\/sinoextrud.com\/hu\/wp-json\/wp\/v2\/media?parent=8525"}],"wp:term":[{"taxonomy":"category","embeddable":true,"href":"https:\/\/sinoextrud.com\/hu\/wp-json\/wp\/v2\/categories?post=8525"}],"curies":[{"name":"wp","href":"https:\/\/api.w.org\/{rel}","templated":true}]}}